{"id":52464,"date":"2024-10-24T14:46:11","date_gmt":"2024-10-24T18:46:11","guid":{"rendered":"https:\/\/www.canadahelps.org\/?page_id=52464"},"modified":"2026-03-03T12:52:33","modified_gmt":"2026-03-03T17:52:33","slug":"fonds-pour-la-resurgence-de-la-culture-et-des-langues-autochtones","status":"publish","type":"page","link":"https:\/\/www.canadahelps.org\/fr\/fonds-pour-la-resurgence-de-la-culture-et-des-langues-autochtones\/","title":{"rendered":"Faites un don au Fonds pour la r\u00e9surgence de la culture et des langues autochtones"},"content":{"rendered":"<style>.cf-indigenous-header{display:flex;justify-content:space-between;gap:20px;align-items:center}.cf-indigenous-header-text{max-width:506px}.cf-form.container{display:flex;justify-content:space-between;align-items:center;gap:20px;margin:0 auto;padding:64px 20px}.cf-form-text{max-width:612px}.cf-embed-form{width:506px}.cf-stats{text-align:center;padding:64px 0}.cf-stats .container{margin:0 auto}.cf-stats-amount .cf-stat strong,.cf-stats-supporters .cf-stat strong{font-size:136px;line-height:156px;font-family:PT Serif,ui-sans-serif,system-ui,-apple-system,BlinkMacSystemFont,\"Segoe UI\",Roboto,\"Helvetica Neue\",Arial,\"Noto Sans\",sans-serif,\"Apple Color Emoji\",\"Segoe UI Emoji\",\"Segoe UI Symbol\",\"Noto Color Emoji\"}.cf-amount strong{color:#bfefff}.cf-supporters strong{color:#ebcfff}.cf-stats-supporters .text-white{margin-bottom:0}.about-curator-container,.fight-climate-change,.indigenous-sustainability{display:flex;justify-content:space-between;gap:20px}.about-curator-container,.fight-climate-change{align-items:center}.indigenous-sustainability-text{max-width:612px}.fight-cc-text{max-width:506px}.about-curator-container.container{padding:64px 20px}.about-curator-text{max-width:506px}.cc-references ul{list-style:auto;margin-left:20px}.cc-references ul li{color:#0070af}.cf-stats {text-align: center;  padding: 64px 0;}.cf-stats .container {margin: 0 auto;}.fundTotals p {color:white;} .fundTotals h2 {color: #BFEFFF;} h3.fundTotalsDonors {color: #EBCFFF;} h2.fundTotalsAmount, h3.fundTotalsDonors {font-size: 136px;  line-height: 156px;  font-family: PT Serif,ui-sans-serif,system-ui,-apple-system,BlinkMacSystemFont,\"Segoe UI\",Roboto,\"Helvetica Neue\",Arial,\"Noto Sans\",sans-serif,\"Apple Color Emoji\",\"Segoe UI Emoji\",\"Segoe UI Symbol\",\"Noto Color Emoji\";  font-weight:bold;}@media screen and (max-width:1200px){.cf-indigenous-header-img,.cf-indigenous-header-text{width:50%}.cf-form-text{width:50%}}@media screen and (max-width:768px){.cf-indigenous-header{flex-direction:column;gap:0;justify-content:normal}.cf-indigenous-header-img,.cf-indigenous-header-text{width:100%;max-width:100%}.cf-indigenous-header-img{margin-bottom:20px;width:272px}.cf-indigenous-header-img img{margin:0 auto}.cf-stats-amount .cf-stat strong,.cf-stats-supporters .cf-stat strong{font-size:34px;line-height:40px}h2.fundTotalsAmount, h3.fundTotalsDonors {font-size: 34px;  line-height: 40px;}.cf-stats{padding:40px 0}.cf-stats-amount .text-white{margin-bottom:40px}.indigenous-sustainability{flex-direction:column;gap:0}.fight-climate-change{flex-direction:column-reverse;gap:0}.fight-climate-change .fight-cc-img,.indigenous-sustainability .indigenous-sustainability-img{margin-bottom:20px}.fight-cc-img img,.indigenous-sustainability-img img{width:272px;margin:0 auto}.fight-cc-text,.indigenous-sustainability-text{max-width:100%}.about-curator-container.container{padding:20px 20px 40px;flex-direction:column-reverse;gap:0}.about-curator-text{max-width:100%;margin-bottom:20px}.about-curator-img img{width:198px}.cf-form.container{display:block;padding:40px 20px}.cf-form-text{max-width:100%;width:100%;margin-bottom:20px}.cf-embed-form{margin:0 auto;width:auto}}<\/style>\n<div class=\"cf-indigenous\">\n<div class=\"cf-indigenous-header container\">\n<div class=\"cf-indigenous-header-img\"><img decoding=\"async\" src=\"https:\/\/www.canadahelps.org\/media\/20251202_mkt_631_003.png\" alt=\"\" width=\"612\" \/><\/div>\n<div class=\"cf-indigenous-header-text\">\n<h1 class=\"header-display\">Faites un don au <span class=\"ch-underline-gradient\">Fonds pour la r\u00e9surgence de la culture et des langues autochtones dans le Nord canadien<\/span><\/h1>\n<\/p><\/div>\n<\/p><\/div>\n<div class=\"ch-gray-section\">\n<div class=\"container cf-form\">\n<div class=\"cf-form-text\">\n<h2 class=\"header-primary\">Les communaut\u00e9s autochtones du Nord vivent une r\u00e9surgence extraordinaire \u2014 elles reprennent possession de leur identit\u00e9, revitalisent leurs cultures et nourrissent l\u2019espoir pour la prochaine g\u00e9n\u00e9ration.<\/h2>\n<p>es modes de vie du Nord sont profond\u00e9ment ancr\u00e9s dans la langue, la culture et les liens avec la terre. Depuis des g\u00e9n\u00e9rations, les cultures du Nord s\u2019\u00e9panouissent en harmonie avec leur environnement. Elles sont le vecteur de savoirs, d\u2019histoires et de traditions qui soutiennent les communaut\u00e9s et guident la vie quotidienne. Malgr\u00e9 les efforts d\u2019hier et d\u2019aujourd\u2019hui pour supprimer ces modes de vie, les peuples autochtones du Nord continuent de pratiquer leurs langues et de faire vivre leurs cultures. Dans de nombreuses communaut\u00e9s, des leaders, des a\u00een\u00e9s et des jeunes revitalisent activement leurs langues et c\u00e9l\u00e8brent les pratiques qui renforcent et dynamisent leurs cultures.<\/p>\n<\/p><\/div>\n<div class=\"cf-embed-form\"><script id=\"ch_cdn_embed\" type=\"text\/javascript\" src=\"https:\/\/www.canadahelps.org\/secure\/js\/cdf_embed.2.js\" charset=\"utf-8\" data-language=\"fr\" data-page-id=\"46996\" data-root-url=\"https:\/\/www.canadahelps.org\" data-formtype=\"5\" data-cfasync=\"false\"><\/script><\/div>\n<\/p><\/div>\n<\/p><\/div>\n<div class=\"cf-stats ch-purple-section\">\n<div class=\"container\">\n             <div class=\"fundTotals\" id=\"fundTotals_67ec7203da\">\n        <h2 class=\"fundTotalsAmount\"><\/h2>\n        <p class=\"fundTotalsAmountLabel\"><\/p>\n        <h3 class=\"fundTotalsDonors\"><\/h3>\n        <p class=\"fundTotalsDonorsLabel\"><\/p>\n<\/div>\n\n<script>\n(function(){\n  var targetFundName = \"The Indigenous Culture and Language Resurgence Fund\";\n  var lang = \"fr\";\n  var apiUrl = \"\\\/site\\\/api\\\/reports\\\/stats\\\/CausefundsStatsBreakdown\";\n\n  var locale = (lang === 'fr') ? 'fr-CA' : 'en-CA';\n\n  var currencyFormatter = new Intl.NumberFormat(locale, {\n    style: 'currency',\n    currency: 'CAD',\n    minimumFractionDigits: 0,\n    maximumFractionDigits: 0\n  });\n\n  var numberFormatter = new Intl.NumberFormat(locale);\n\n  function norm(s) { return String(s || '').trim().toLowerCase(); }\n\n  var labels = (lang === 'fr') ? {\n    amount: '$ Montant amass\u00e9',\n    donors: '# de donateurs'\n  } : {\n    amount: '$ Amount raised',\n    donors: '# of supporters'\n  };\n\n  fetch(apiUrl, { credentials: 'same-origin' })\n    .then(function(resp){\n      if (!resp.ok) throw new Error('HTTP ' + resp.status);\n      return resp.json();\n    })\n    .then(function(rows){\n      if (!Array.isArray(rows)) return;\n\n      var row = rows.find(function(r){\n        return r && norm(r.fundName) === norm(targetFundName);\n      });\n\n      if (!row) return;\n\n      var container = document.getElementById('fundTotals_67ec7203da');\n      if (!container) return;\n\n      var amountEl = container.querySelector('.fundTotalsAmount');\n      var donorsEl = container.querySelector('.fundTotalsDonors');\n      var amountLabelEl = container.querySelector('.fundTotalsAmountLabel');\n      var donorsLabelEl = container.querySelector('.fundTotalsDonorsLabel');\n\n      if (amountEl) {\n        amountEl.textContent = currencyFormatter.format(Number(row.totalDonationsAmount) || 0);\n      }\n      if (donorsEl) {\n        donorsEl.textContent = numberFormatter.format(Number(row.numberOfDonors) || 0);\n      }\n      \n      if (amountLabelEl) amountLabelEl.textContent = labels.amount;\n      if (donorsLabelEl) donorsLabelEl.textContent = labels.donors;\n    })\n    .catch(function(err){\n      console.error('FundTotals error:', err);\n    });\n})();\n<\/script>\n    <\/div>\n<\/p><\/div>\n<div class=\"indigenous-sustainability container\">\n<div class=\"indigenous-sustainability-img\"><img decoding=\"async\" src=\"https:\/\/www.canadahelps.org\/media\/20251202_mkt_631_002.jpg\" alt=\"\" width=\"506\" \/>Photographies de Pat Kane<\/div>\n<div class=\"indigenous-sustainability-text\">\n<h2>Assurez la p\u00e9rennit\u00e9 d&#8217;une partie critique de la culture autochtone : les langues autochtones<\/h2>\n<p>La vitalit\u00e9 des langues et des cultures autochtones est essentielle \u00e0 la sant\u00e9 et au bien-\u00eatre des communaut\u00e9s et des \u00e9cosyst\u00e8mes. Plus de 60 langues autochtones sont parl\u00e9es au Canada.<sup>1<\/sup> Toutes sauf une sont jug\u00e9es en grave danger.<\/p>\n<p>Heureusement, le Nord traverse une forte p\u00e9riode de r\u00e9surgence culturelle. Heureusement, le Nord traverse une forte p\u00e9riode de r\u00e9surgence culturelle.<\/p>\n<ul class=\"list-disc\">\n<li>Des programmes d\u2019immersion linguistique pour la petite enfance qui font la promotion de la culture, de la langue et du d\u00e9veloppement de la litt\u00e9ratie.<\/li>\n<li>La c\u00e9l\u00e9bration et la transmission des langues et des cultures par la musique, l\u2019art et le r\u00e9cit.<\/li>\n<li>Des occasions d\u2019apprentissage ax\u00e9es sur le territoire et la culture pour les jeunes qui renforcent l\u2019identit\u00e9 et approfondissent les liens avec la terre.<\/li>\n<li>La promotion de la responsabilit\u00e9 environnementale et de moyens \u00e9conomiques locaux qui valorisent la culture, la cr\u00e9ativit\u00e9 et les savoirs autochtones.<\/li>\n<li>Le renforcement du bien-\u00eatre par l\u2019approfondissement des relations avec les territoires ancestraux, la langue et la culture.<\/li>\n<\/ul><\/div>\n<\/p><\/div>\n<div class=\"fight-climate-change container\">\n<div class=\"fight-cc-text\">\n<h2 class=\"header-primary\">Soutenez la r\u00e9surgence des langues et des cultures dans le nord du Canada<\/h2>\n<p>On ne peut pas changer le pass\u00e9. Mais, nous pouvons assurer un meilleur avenir pour tous. Faites un don aujourd\u2019hui au Fonds pour la r\u00e9surgence de la culture et des langues autochtones dans le Nord canadien.Votre don soutient le travail essentiel men\u00e9 par les communaut\u00e9s autochtones du Nord; il vise \u00e0 r\u00e9tablir les cultures, revitaliser les langues et d\u00e9velopper des solutions innovantes ancr\u00e9es dans la culture du Nord pour aborder des enjeux propres \u00e0 cette r\u00e9gion.<\/p>\n<p>Voici quelques exemples de projets qui ont \u00e9t\u00e9 soutenus gr\u00e2ce aux dons vers\u00e9s \u00e0 ce Fonds :<\/p>\n<ul class=\"list-disc\">\n<li>Festival culturel Yukon Ad\u00e4ka visant \u00e0 c\u00e9l\u00e9brer les chants et la langue<\/li>\n<li>Programme d\u2019immersion linguistique Ling\u00edt yoo x\u2019at\u00e1ngi aan eet\u00ed, organis\u00e9 par la Yukon Children of the Taku Society<\/li>\n<li>Programme linguistique chez les jeunes enfants de la Garderie Yellowknives Dene First Nation des T. N.-O.<\/li>\n<li>Camp de p\u00eache pour les jeunes de la T. N.-O. Rainbow Coalition<\/li>\n<li>Semaine de la musique de la Nunavut Music Week<\/li>\n<li>Programme pour la petite enfance du Nunavut Tumikuluit Saipaaqivik<\/li>\n<li>Programmes linguistiques et culturels, Nunavut Pitquhirnikkut Ilihautiniq, de la Kitikmeot Heritage Society<\/li>\n<li>\u00c9ducation pour adultes, Nunavut Pirurvik<\/li>\n<li>Programmes de litt\u00e9ratie, Nunavut Ilitaqsiniq<\/li>\n<\/ul><\/div>\n<div class=\"fight-cc-img\"><img decoding=\"async\" src=\"https:\/\/www.canadahelps.org\/media\/Image-Culture-3.png\" alt=\"\" width=\"718\" \/><\/div>\n<\/p><\/div>\n<div class=\"about-indigenous-fund container\">\n<h2 class=\"header-label\">Au sujet du fonds pour la r\u00e9surgence de la culture et des langues autochtones<\/h2>\n<p class=\"header-primary font-bold\">Le Fonds pour la r\u00e9surgence de la culture et des langues autochtones appuiera de nombreuses initiatives communautaires dans le Nord canadien, par l\u2019entremise de notre partenaire MakeWay.<\/p>\n<p>Le fonds est administr\u00e9 par l\u2019\u00e9quipe de sp\u00e9cialistes de la culture du Nord de MakeWay. C\u2019est l\u00e0 que vivent ces personnes qui entretiennent des relations de confiance avec les communaut\u00e9s et les organismes de la r\u00e9gion. Cette \u00e9quipe comprend bien les besoins et les aspirations des peuples autochtones du Nord et alloue les fonds \u00e0 l\u2019aide de processus simples et ax\u00e9s sur la communaut\u00e9. Le financement est octroy\u00e9 en fonction des priorit\u00e9s \u00e9tablies, notamment l\u2019immersion linguistique des jeunes enfants, l\u2019\u00e9ducation des adultes ax\u00e9e sur la langue et la culture, les festivals culturels et artistiques, les programmes de litt\u00e9ratie en langues autochtones, et les camps de jeunes consacr\u00e9s \u00e0 des activit\u00e9s traditionnelles.<\/p>\n<\/p><\/div>\n<div class=\"about-curator ch-gray-section\">\n<div class=\"container about-curator-container\">\n<div class=\"about-curator-img\"><img decoding=\"async\" src=\"https:\/\/www.canadahelps.org\/media\/20241029_MKT_200_007.png\" alt=\"MakeWay\" width=\"400\" \/><\/div>\n<div class=\"about-curator-text\">\n<h2 class=\"header-primary\">Au sujet de MakeWay<\/h2>\n<p>Chez MakeWay, nous \u00e9tablissons des partenariats et offrons des outils qui permettent une transformation dirig\u00e9e par la communaut\u00e9. Le programme MakeWay Northern est compos\u00e9 de membres du personnel exp\u00e9riment\u00e9s originaires du Nord, ayant des relations \u00e9troites avec les communaut\u00e9s dans lesquelles ils vivent et travaillent partout dans le Nord.<\/p>\n<\/p><\/div>\n<\/p><\/div>\n<\/p><\/div>\n<div class=\"container cc-references\">\n<h2 class=\"header-primary\">R\u00e9f\u00e9rences<\/h2>\n<ul>\n<li><a href=\"https:\/\/afn.ca\/fr\/services-communautaires\/langues-et-culture\/\" target=\"_blank\" rel=\"noopener\">Nous aidons les Premi\u00e8res Nations \u00e0 exercer leurs droits inh\u00e9rents et issus de trait\u00e9s en ce qui a trait \u00e0 leurs priorit\u00e9s uniques en mati\u00e8re de langues et d\u2019\u00e9ducation.<\/a><\/li>\n<\/ul><\/div>\n<\/div>\n","protected":false},"excerpt":{"rendered":"<p>Faites un don au Fonds pour la r\u00e9surgence de la culture et des langues autochtones dans le Nord canadien Les communaut\u00e9s autochtones du Nord vivent &#8230; <a href=\"https:\/\/www.canadahelps.org\/fr\/fonds-pour-la-resurgence-de-la-culture-et-des-langues-autochtones\/\" id=\"canadahelp-blog-meta\">Voir plus<\/a><\/p>\n","protected":false},"author":30,"featured_media":0,"parent":0,"menu_order":0,"comment_status":"closed","ping_status":"closed","template":"template-ch20-full-width.php","meta":{"footnotes":""},"class_list":["post-52464","page","type-page","status-publish","hentry"],"acf":{"meta_description":"","use_toc_layout":false,"additional_body_css_classes":"","row_settings":false,"hide_page_title":false,"insert_spotlight_boxes":false,"use_biography_grid":false,"blogs_posts_item":false},"yoast_head":"<!-- This site is optimized with the Yoast SEO plugin v26.0 - https:\/\/yoast.com\/wordpress\/plugins\/seo\/ -->\n<title>Faites un don au Fonds pour la r\u00e9surgence de la culture et des langues autochtones | CanaDon<\/title>\n<meta name=\"robots\" content=\"index, follow, max-snippet:-1, max-image-preview:large, max-video-preview:-1\" \/>\n<link rel=\"canonical\" href=\"https:\/\/www.canadahelps.org\/fr\/fonds-pour-la-resurgence-de-la-culture-et-des-langues-autochtones\/\" \/>\n<meta property=\"og:locale\" content=\"fr_FR\" \/>\n<meta property=\"og:type\" content=\"article\" \/>\n<meta property=\"og:title\" content=\"Doublez votre impact \u00e0 l\u2019occasion de la Journ\u00e9e internationale des peuples autochtones\" \/>\n<meta property=\"og:description\" content=\"En l\u2019honneur de la Journ\u00e9e internationale des peuples autochtones, nous jumelons les dons pour la r\u00e9surgence de la culture et des langues autochtones!*\" \/>\n<meta property=\"og:url\" content=\"https:\/\/www.canadahelps.org\/fr\/fonds-pour-la-resurgence-de-la-culture-et-des-langues-autochtones\/\" \/>\n<meta property=\"og:site_name\" content=\"CanaDon - Faites des dons \u00e0 un organisme de bienfaisance au Canada\" \/>\n<meta property=\"article:modified_time\" content=\"2026-03-03T17:52:33+00:00\" \/>\n<meta property=\"og:image\" content=\"https:\/\/www.canadahelps.org\/media\/20241022_MKT_200_003.jpg\" \/>\n\t<meta property=\"og:image:width\" content=\"1500\" \/>\n\t<meta property=\"og:image:height\" content=\"1500\" \/>\n\t<meta property=\"og:image:type\" content=\"image\/jpeg\" \/>\n<meta name=\"twitter:card\" content=\"summary_large_image\" \/>\n<meta name=\"twitter:title\" content=\"En l\u2019honneur de la Journ\u00e9e internationale des peuples autochtones, nous jumelons les dons pour la r\u00e9surgence de la culture et des langues autochtones!*\" \/>\n<meta name=\"twitter:description\" content=\"Soutenez la r\u00e9surgence des langues et des cultures autochtones. Faites un don au Fonds pour la r\u00e9surgence de la culture et des langues autochtones\" \/>\n<meta name=\"twitter:image\" content=\"https:\/\/www.canadahelps.org\/media\/20241022_MKT_200_003.jpg\" \/>\n<meta name=\"twitter:label1\" content=\"Est. reading time\" \/>\n\t<meta name=\"twitter:data1\" content=\"5 minutes\" \/>\n<script type=\"application\/ld+json\" class=\"yoast-schema-graph\">{\"@context\":\"https:\/\/schema.org\",\"@graph\":[{\"@type\":\"WebPage\",\"@id\":\"https:\/\/www.canadahelps.org\/fr\/fonds-pour-la-resurgence-de-la-culture-et-des-langues-autochtones\/\",\"url\":\"https:\/\/www.canadahelps.org\/fr\/fonds-pour-la-resurgence-de-la-culture-et-des-langues-autochtones\/\",\"name\":\"Faites un don au Fonds pour la r\u00e9surgence de la culture et des langues autochtones | CanaDon\",\"isPartOf\":{\"@id\":\"https:\/\/www.canadahelps.org\/fr\/#website\"},\"primaryImageOfPage\":{\"@id\":\"https:\/\/www.canadahelps.org\/fr\/fonds-pour-la-resurgence-de-la-culture-et-des-langues-autochtones\/#primaryimage\"},\"image\":{\"@id\":\"https:\/\/www.canadahelps.org\/fr\/fonds-pour-la-resurgence-de-la-culture-et-des-langues-autochtones\/#primaryimage\"},\"thumbnailUrl\":\"https:\/\/www.canadahelps.org\/media\/20251202_mkt_631_003.png\",\"datePublished\":\"2024-10-24T18:46:11+00:00\",\"dateModified\":\"2026-03-03T17:52:33+00:00\",\"breadcrumb\":{\"@id\":\"https:\/\/www.canadahelps.org\/fr\/fonds-pour-la-resurgence-de-la-culture-et-des-langues-autochtones\/#breadcrumb\"},\"inLanguage\":\"fr\",\"potentialAction\":[{\"@type\":\"ReadAction\",\"target\":[\"https:\/\/www.canadahelps.org\/fr\/fonds-pour-la-resurgence-de-la-culture-et-des-langues-autochtones\/\"]}]},{\"@type\":\"ImageObject\",\"inLanguage\":\"fr\",\"@id\":\"https:\/\/www.canadahelps.org\/fr\/fonds-pour-la-resurgence-de-la-culture-et-des-langues-autochtones\/#primaryimage\",\"url\":\"https:\/\/www.canadahelps.org\/media\/20251202_mkt_631_003.png\",\"contentUrl\":\"https:\/\/www.canadahelps.org\/media\/20251202_mkt_631_003.png\"},{\"@type\":\"BreadcrumbList\",\"@id\":\"https:\/\/www.canadahelps.org\/fr\/fonds-pour-la-resurgence-de-la-culture-et-des-langues-autochtones\/#breadcrumb\",\"itemListElement\":[{\"@type\":\"ListItem\",\"position\":1,\"name\":\"Home\",\"item\":\"https:\/\/www.canadahelps.org\/fr\/\"},{\"@type\":\"ListItem\",\"position\":2,\"name\":\"Faites un don au Fonds pour la r\u00e9surgence de la culture et des langues autochtones\"}]},{\"@type\":\"WebSite\",\"@id\":\"https:\/\/www.canadahelps.org\/fr\/#website\",\"url\":\"https:\/\/www.canadahelps.org\/fr\/\",\"name\":\"CanadaHelps - Donate to any charity in Canada\",\"description\":\"Le don en toute simplicit\u00e9\",\"publisher\":{\"@id\":\"https:\/\/www.canadahelps.org\/fr\/#organization\"},\"potentialAction\":[{\"@type\":\"SearchAction\",\"target\":{\"@type\":\"EntryPoint\",\"urlTemplate\":\"https:\/\/www.canadahelps.org\/fr\/?s={search_term_string}\"},\"query-input\":{\"@type\":\"PropertyValueSpecification\",\"valueRequired\":true,\"valueName\":\"search_term_string\"}}],\"inLanguage\":\"fr\"},{\"@type\":\"Organization\",\"@id\":\"https:\/\/www.canadahelps.org\/fr\/#organization\",\"name\":\"CanadaHelps\",\"url\":\"https:\/\/www.canadahelps.org\/fr\/\",\"logo\":{\"@type\":\"ImageObject\",\"inLanguage\":\"fr\",\"@id\":\"https:\/\/www.canadahelps.org\/fr\/#\/schema\/logo\/image\/\",\"url\":\"https:\/\/www.canadahelps.org\/media\/canadahelps-en.jpg\",\"contentUrl\":\"https:\/\/www.canadahelps.org\/media\/canadahelps-en.jpg\",\"width\":131,\"height\":72,\"caption\":\"CanadaHelps\"},\"image\":{\"@id\":\"https:\/\/www.canadahelps.org\/fr\/#\/schema\/logo\/image\/\"}}]}<\/script>\n<!-- \/ Yoast SEO plugin. -->","yoast_head_json":{"title":"Faites un don au Fonds pour la r\u00e9surgence de la culture et des langues autochtones | CanaDon","robots":{"index":"index","follow":"follow","max-snippet":"max-snippet:-1","max-image-preview":"max-image-preview:large","max-video-preview":"max-video-preview:-1"},"canonical":"https:\/\/www.canadahelps.org\/fr\/fonds-pour-la-resurgence-de-la-culture-et-des-langues-autochtones\/","og_locale":"fr_FR","og_type":"article","og_title":"Doublez votre impact \u00e0 l\u2019occasion de la Journ\u00e9e internationale des peuples autochtones","og_description":"En l\u2019honneur de la Journ\u00e9e internationale des peuples autochtones, nous jumelons les dons pour la r\u00e9surgence de la culture et des langues autochtones!*","og_url":"https:\/\/www.canadahelps.org\/fr\/fonds-pour-la-resurgence-de-la-culture-et-des-langues-autochtones\/","og_site_name":"CanaDon - Faites des dons \u00e0 un organisme de bienfaisance au Canada","article_modified_time":"2026-03-03T17:52:33+00:00","og_image":[{"width":1500,"height":1500,"url":"https:\/\/www.canadahelps.org\/media\/20241022_MKT_200_003.jpg","type":"image\/jpeg"}],"twitter_card":"summary_large_image","twitter_title":"En l\u2019honneur de la Journ\u00e9e internationale des peuples autochtones, nous jumelons les dons pour la r\u00e9surgence de la culture et des langues autochtones!*","twitter_description":"Soutenez la r\u00e9surgence des langues et des cultures autochtones. Faites un don au Fonds pour la r\u00e9surgence de la culture et des langues autochtones","twitter_image":"https:\/\/www.canadahelps.org\/media\/20241022_MKT_200_003.jpg","twitter_misc":{"Est. reading time":"5 minutes"},"schema":{"@context":"https:\/\/schema.org","@graph":[{"@type":"WebPage","@id":"https:\/\/www.canadahelps.org\/fr\/fonds-pour-la-resurgence-de-la-culture-et-des-langues-autochtones\/","url":"https:\/\/www.canadahelps.org\/fr\/fonds-pour-la-resurgence-de-la-culture-et-des-langues-autochtones\/","name":"Faites un don au Fonds pour la r\u00e9surgence de la culture et des langues autochtones | CanaDon","isPartOf":{"@id":"https:\/\/www.canadahelps.org\/fr\/#website"},"primaryImageOfPage":{"@id":"https:\/\/www.canadahelps.org\/fr\/fonds-pour-la-resurgence-de-la-culture-et-des-langues-autochtones\/#primaryimage"},"image":{"@id":"https:\/\/www.canadahelps.org\/fr\/fonds-pour-la-resurgence-de-la-culture-et-des-langues-autochtones\/#primaryimage"},"thumbnailUrl":"https:\/\/www.canadahelps.org\/media\/20251202_mkt_631_003.png","datePublished":"2024-10-24T18:46:11+00:00","dateModified":"2026-03-03T17:52:33+00:00","breadcrumb":{"@id":"https:\/\/www.canadahelps.org\/fr\/fonds-pour-la-resurgence-de-la-culture-et-des-langues-autochtones\/#breadcrumb"},"inLanguage":"fr","potentialAction":[{"@type":"ReadAction","target":["https:\/\/www.canadahelps.org\/fr\/fonds-pour-la-resurgence-de-la-culture-et-des-langues-autochtones\/"]}]},{"@type":"ImageObject","inLanguage":"fr","@id":"https:\/\/www.canadahelps.org\/fr\/fonds-pour-la-resurgence-de-la-culture-et-des-langues-autochtones\/#primaryimage","url":"https:\/\/www.canadahelps.org\/media\/20251202_mkt_631_003.png","contentUrl":"https:\/\/www.canadahelps.org\/media\/20251202_mkt_631_003.png"},{"@type":"BreadcrumbList","@id":"https:\/\/www.canadahelps.org\/fr\/fonds-pour-la-resurgence-de-la-culture-et-des-langues-autochtones\/#breadcrumb","itemListElement":[{"@type":"ListItem","position":1,"name":"Home","item":"https:\/\/www.canadahelps.org\/fr\/"},{"@type":"ListItem","position":2,"name":"Faites un don au Fonds pour la r\u00e9surgence de la culture et des langues autochtones"}]},{"@type":"WebSite","@id":"https:\/\/www.canadahelps.org\/fr\/#website","url":"https:\/\/www.canadahelps.org\/fr\/","name":"CanadaHelps - Donate to any charity in Canada","description":"Le don en toute simplicit\u00e9","publisher":{"@id":"https:\/\/www.canadahelps.org\/fr\/#organization"},"potentialAction":[{"@type":"SearchAction","target":{"@type":"EntryPoint","urlTemplate":"https:\/\/www.canadahelps.org\/fr\/?s={search_term_string}"},"query-input":{"@type":"PropertyValueSpecification","valueRequired":true,"valueName":"search_term_string"}}],"inLanguage":"fr"},{"@type":"Organization","@id":"https:\/\/www.canadahelps.org\/fr\/#organization","name":"CanadaHelps","url":"https:\/\/www.canadahelps.org\/fr\/","logo":{"@type":"ImageObject","inLanguage":"fr","@id":"https:\/\/www.canadahelps.org\/fr\/#\/schema\/logo\/image\/","url":"https:\/\/www.canadahelps.org\/media\/canadahelps-en.jpg","contentUrl":"https:\/\/www.canadahelps.org\/media\/canadahelps-en.jpg","width":131,"height":72,"caption":"CanadaHelps"},"image":{"@id":"https:\/\/www.canadahelps.org\/fr\/#\/schema\/logo\/image\/"}}]}},"_links":{"self":[{"href":"https:\/\/www.canadahelps.org\/fr\/wp-json\/wp\/v2\/pages\/52464","targetHints":{"allow":["GET"]}}],"collection":[{"href":"https:\/\/www.canadahelps.org\/fr\/wp-json\/wp\/v2\/pages"}],"about":[{"href":"https:\/\/www.canadahelps.org\/fr\/wp-json\/wp\/v2\/types\/page"}],"author":[{"embeddable":true,"href":"https:\/\/www.canadahelps.org\/fr\/wp-json\/wp\/v2\/users\/30"}],"replies":[{"embeddable":true,"href":"https:\/\/www.canadahelps.org\/fr\/wp-json\/wp\/v2\/comments?post=52464"}],"version-history":[{"count":16,"href":"https:\/\/www.canadahelps.org\/fr\/wp-json\/wp\/v2\/pages\/52464\/revisions"}],"predecessor-version":[{"id":57839,"href":"https:\/\/www.canadahelps.org\/fr\/wp-json\/wp\/v2\/pages\/52464\/revisions\/57839"}],"wp:attachment":[{"href":"https:\/\/www.canadahelps.org\/fr\/wp-json\/wp\/v2\/media?parent=52464"}],"curies":[{"name":"wp","href":"https:\/\/api.w.org\/{rel}","templated":true}]}}