{"id":53697,"date":"2025-04-21T09:25:58","date_gmt":"2025-04-21T13:25:58","guid":{"rendered":"https:\/\/www.canadahelps.org\/?page_id=53697"},"modified":"2025-04-21T10:37:25","modified_gmt":"2025-04-21T14:37:25","slug":"jour-de-la-terre-2025-offre-de-jumelage-de-don","status":"publish","type":"page","link":"https:\/\/www.canadahelps.org\/fr\/jour-de-la-terre-2025-offre-de-jumelage-de-don\/","title":{"rendered":"Jour de la Terre 2025 : Offre de jumelage de don"},"content":{"rendered":"<p>*Le jumelage de don est valable pour les dons d\u2019au moins 3 $ vers\u00e9s par l\u2019interm\u00e9diaire de CanadaHelps.org \u00e0 un ou plusieurs organismes de bienfaisance figurant dans <a href=\"https:\/\/www.canadahelps.org\/fr\/global-disaster-relief-appeal\">l\u2019Appel de secours en cas de catastrophe mondiale<\/a> et<a href=\"https:\/\/www.canadahelps.org\/fr\/fonds-pour-combattre-les-changements-climatiques-avec-la-politique\/\"> au Fonds pour combattre les changements climatiques avec la politique<\/a>, \u00e0 compter du mardi 22 avril 2025 \u00e0 minuit (HNE) jusqu\u2019\u00e0 23 h 59 (HNP).<\/p>\n<p>Les dons vers\u00e9s au <strong>l\u2019Appel de secours en cas de catastrophe mondiale<\/strong> seront jumel\u00e9s jusqu\u2019\u00e0 un montant total maximal de 15\u2009000 $ CA.<\/p>\n<p>Les dons vers\u00e9s au<strong> Fonds pour combattre les changements climatiques avec la politique<\/strong> seront jumel\u00e9s jusqu\u2019\u00e0 un montant total maximal de 10\u2009000 $ CA.<\/p>\n<p>CanaDon remettra un re\u00e7u fiscal aux donateurs qui correspond \u00e0 la valeur de leur don par l\u2019interm\u00e9diaire de CanaDon.<\/p>\n<p>L\u2019offre est valable uniquement pour les dons uniques vers\u00e9s et n\u2019inclut pas les dons de titres, les \u00e9v\u00e9nements entre pairs ou tiers, les dons par API, les nouveaux dons mensuels ou ceux d\u00e9j\u00e0 programm\u00e9s, ainsi que l\u2019achat ou l\u2019\u00e9change de cartes-cadeaux de bienfaisance. Jusqu\u2019\u00e0 \u00e9puisement des stocks. CanaDon se r\u00e9serve le droit de mettre fin \u00e0 la promotion \u00e0 tout moment.<\/p>\n<p>&nbsp;<\/p>\n","protected":false},"excerpt":{"rendered":"<p>*Le jumelage de don est valable pour les dons d\u2019au moins 3 $ vers\u00e9s par l\u2019interm\u00e9diaire de CanadaHelps.org \u00e0 un ou plusieurs organismes de bienfaisance &#8230; <a href=\"https:\/\/www.canadahelps.org\/fr\/jour-de-la-terre-2025-offre-de-jumelage-de-don\/\" id=\"canadahelp-blog-meta\">Voir plus<\/a><\/p>\n","protected":false},"author":67,"featured_media":0,"parent":0,"menu_order":0,"comment_status":"closed","ping_status":"closed","template":"template-custom.php","meta":{"footnotes":""},"class_list":["post-53697","page","type-page","status-publish","hentry"],"acf":{"meta_description":"","use_toc_layout":false,"additional_body_css_classes":"","hide_page_title":false,"row_settings":false,"insert_spotlight_boxes":false,"use_biography_grid":false,"footer_panels":false,"header_banner_colour":"#2c65a5"},"yoast_head":"<!-- This site is optimized with the Yoast SEO plugin v26.0 - https:\/\/yoast.com\/wordpress\/plugins\/seo\/ -->\n<title>Jour de la Terre 2025 : Offre de jumelage de don | CanadaHelps - Donate to any charity in Canada<\/title>\n<meta name=\"robots\" content=\"index, follow, max-snippet:-1, max-image-preview:large, max-video-preview:-1\" \/>\n<link rel=\"canonical\" href=\"https:\/\/www.canadahelps.org\/fr\/jour-de-la-terre-2025-offre-de-jumelage-de-don\/\" \/>\n<meta property=\"og:locale\" content=\"fr_FR\" \/>\n<meta property=\"og:type\" content=\"article\" \/>\n<meta property=\"og:title\" content=\"Jour de la Terre 2025 : Offre de jumelage de don | CanadaHelps - Donate to any charity in Canada\" \/>\n<meta property=\"og:description\" content=\"*Le jumelage de don est valable pour les dons d\u2019au moins 3 $ vers\u00e9s par l\u2019interm\u00e9diaire de CanadaHelps.org \u00e0 un ou plusieurs organismes de bienfaisance ... Voir plus\" \/>\n<meta property=\"og:url\" content=\"https:\/\/www.canadahelps.org\/fr\/jour-de-la-terre-2025-offre-de-jumelage-de-don\/\" \/>\n<meta property=\"og:site_name\" content=\"CanadaHelps - Donate to any charity in Canada\" \/>\n<meta property=\"article:modified_time\" content=\"2025-04-21T14:37:25+00:00\" \/>\n<meta name=\"twitter:card\" content=\"summary_large_image\" \/>\n<meta name=\"twitter:label1\" content=\"Est. reading time\" \/>\n\t<meta name=\"twitter:data1\" content=\"1 minute\" \/>\n<script type=\"application\/ld+json\" class=\"yoast-schema-graph\">{\"@context\":\"https:\/\/schema.org\",\"@graph\":[{\"@type\":\"WebPage\",\"@id\":\"https:\/\/www.canadahelps.org\/fr\/jour-de-la-terre-2025-offre-de-jumelage-de-don\/\",\"url\":\"https:\/\/www.canadahelps.org\/fr\/jour-de-la-terre-2025-offre-de-jumelage-de-don\/\",\"name\":\"Jour de la Terre 2025 : Offre de jumelage de don | CanadaHelps - Donate to any charity in Canada\",\"isPartOf\":{\"@id\":\"https:\/\/www.canadahelps.org\/fr\/#website\"},\"datePublished\":\"2025-04-21T13:25:58+00:00\",\"dateModified\":\"2025-04-21T14:37:25+00:00\",\"breadcrumb\":{\"@id\":\"https:\/\/www.canadahelps.org\/fr\/jour-de-la-terre-2025-offre-de-jumelage-de-don\/#breadcrumb\"},\"inLanguage\":\"fr\",\"potentialAction\":[{\"@type\":\"ReadAction\",\"target\":[\"https:\/\/www.canadahelps.org\/fr\/jour-de-la-terre-2025-offre-de-jumelage-de-don\/\"]}]},{\"@type\":\"BreadcrumbList\",\"@id\":\"https:\/\/www.canadahelps.org\/fr\/jour-de-la-terre-2025-offre-de-jumelage-de-don\/#breadcrumb\",\"itemListElement\":[{\"@type\":\"ListItem\",\"position\":1,\"name\":\"Home\",\"item\":\"https:\/\/www.canadahelps.org\/fr\/\"},{\"@type\":\"ListItem\",\"position\":2,\"name\":\"Jour de la Terre 2025 : Offre de jumelage de don\"}]},{\"@type\":\"WebSite\",\"@id\":\"https:\/\/www.canadahelps.org\/fr\/#website\",\"url\":\"https:\/\/www.canadahelps.org\/fr\/\",\"name\":\"CanadaHelps - Donate to any charity in Canada\",\"description\":\"Giving Made Simple\",\"publisher\":{\"@id\":\"https:\/\/www.canadahelps.org\/fr\/#organization\"},\"potentialAction\":[{\"@type\":\"SearchAction\",\"target\":{\"@type\":\"EntryPoint\",\"urlTemplate\":\"https:\/\/www.canadahelps.org\/fr\/?s={search_term_string}\"},\"query-input\":{\"@type\":\"PropertyValueSpecification\",\"valueRequired\":true,\"valueName\":\"search_term_string\"}}],\"inLanguage\":\"fr\"},{\"@type\":\"Organization\",\"@id\":\"https:\/\/www.canadahelps.org\/fr\/#organization\",\"name\":\"CanadaHelps\",\"url\":\"https:\/\/www.canadahelps.org\/fr\/\",\"logo\":{\"@type\":\"ImageObject\",\"inLanguage\":\"fr\",\"@id\":\"https:\/\/www.canadahelps.org\/fr\/#\/schema\/logo\/image\/\",\"url\":\"https:\/\/www.canadahelps.org\/media\/canadahelps-en.jpg\",\"contentUrl\":\"https:\/\/www.canadahelps.org\/media\/canadahelps-en.jpg\",\"width\":131,\"height\":72,\"caption\":\"CanadaHelps\"},\"image\":{\"@id\":\"https:\/\/www.canadahelps.org\/fr\/#\/schema\/logo\/image\/\"}}]}<\/script>\n<!-- \/ Yoast SEO plugin. -->","yoast_head_json":{"title":"Jour de la Terre 2025 : Offre de jumelage de don | CanadaHelps - Donate to any charity in Canada","robots":{"index":"index","follow":"follow","max-snippet":"max-snippet:-1","max-image-preview":"max-image-preview:large","max-video-preview":"max-video-preview:-1"},"canonical":"https:\/\/www.canadahelps.org\/fr\/jour-de-la-terre-2025-offre-de-jumelage-de-don\/","og_locale":"fr_FR","og_type":"article","og_title":"Jour de la Terre 2025 : Offre de jumelage de don | CanadaHelps - Donate to any charity in Canada","og_description":"*Le jumelage de don est valable pour les dons d\u2019au moins 3 $ vers\u00e9s par l\u2019interm\u00e9diaire de CanadaHelps.org \u00e0 un ou plusieurs organismes de bienfaisance ... Voir plus","og_url":"https:\/\/www.canadahelps.org\/fr\/jour-de-la-terre-2025-offre-de-jumelage-de-don\/","og_site_name":"CanadaHelps - Donate to any charity in Canada","article_modified_time":"2025-04-21T14:37:25+00:00","twitter_card":"summary_large_image","twitter_misc":{"Est. reading time":"1 minute"},"schema":{"@context":"https:\/\/schema.org","@graph":[{"@type":"WebPage","@id":"https:\/\/www.canadahelps.org\/fr\/jour-de-la-terre-2025-offre-de-jumelage-de-don\/","url":"https:\/\/www.canadahelps.org\/fr\/jour-de-la-terre-2025-offre-de-jumelage-de-don\/","name":"Jour de la Terre 2025 : Offre de jumelage de don | CanadaHelps - Donate to any charity in Canada","isPartOf":{"@id":"https:\/\/www.canadahelps.org\/fr\/#website"},"datePublished":"2025-04-21T13:25:58+00:00","dateModified":"2025-04-21T14:37:25+00:00","breadcrumb":{"@id":"https:\/\/www.canadahelps.org\/fr\/jour-de-la-terre-2025-offre-de-jumelage-de-don\/#breadcrumb"},"inLanguage":"fr","potentialAction":[{"@type":"ReadAction","target":["https:\/\/www.canadahelps.org\/fr\/jour-de-la-terre-2025-offre-de-jumelage-de-don\/"]}]},{"@type":"BreadcrumbList","@id":"https:\/\/www.canadahelps.org\/fr\/jour-de-la-terre-2025-offre-de-jumelage-de-don\/#breadcrumb","itemListElement":[{"@type":"ListItem","position":1,"name":"Home","item":"https:\/\/www.canadahelps.org\/fr\/"},{"@type":"ListItem","position":2,"name":"Jour de la Terre 2025 : Offre de jumelage de don"}]},{"@type":"WebSite","@id":"https:\/\/www.canadahelps.org\/fr\/#website","url":"https:\/\/www.canadahelps.org\/fr\/","name":"CanadaHelps - Donate to any charity in Canada","description":"Giving Made Simple","publisher":{"@id":"https:\/\/www.canadahelps.org\/fr\/#organization"},"potentialAction":[{"@type":"SearchAction","target":{"@type":"EntryPoint","urlTemplate":"https:\/\/www.canadahelps.org\/fr\/?s={search_term_string}"},"query-input":{"@type":"PropertyValueSpecification","valueRequired":true,"valueName":"search_term_string"}}],"inLanguage":"fr"},{"@type":"Organization","@id":"https:\/\/www.canadahelps.org\/fr\/#organization","name":"CanadaHelps","url":"https:\/\/www.canadahelps.org\/fr\/","logo":{"@type":"ImageObject","inLanguage":"fr","@id":"https:\/\/www.canadahelps.org\/fr\/#\/schema\/logo\/image\/","url":"https:\/\/www.canadahelps.org\/media\/canadahelps-en.jpg","contentUrl":"https:\/\/www.canadahelps.org\/media\/canadahelps-en.jpg","width":131,"height":72,"caption":"CanadaHelps"},"image":{"@id":"https:\/\/www.canadahelps.org\/fr\/#\/schema\/logo\/image\/"}}]}},"_links":{"self":[{"href":"https:\/\/www.canadahelps.org\/fr\/wp-json\/wp\/v2\/pages\/53697","targetHints":{"allow":["GET"]}}],"collection":[{"href":"https:\/\/www.canadahelps.org\/fr\/wp-json\/wp\/v2\/pages"}],"about":[{"href":"https:\/\/www.canadahelps.org\/fr\/wp-json\/wp\/v2\/types\/page"}],"author":[{"embeddable":true,"href":"https:\/\/www.canadahelps.org\/fr\/wp-json\/wp\/v2\/users\/67"}],"replies":[{"embeddable":true,"href":"https:\/\/www.canadahelps.org\/fr\/wp-json\/wp\/v2\/comments?post=53697"}],"version-history":[{"count":3,"href":"https:\/\/www.canadahelps.org\/fr\/wp-json\/wp\/v2\/pages\/53697\/revisions"}],"predecessor-version":[{"id":53747,"href":"https:\/\/www.canadahelps.org\/fr\/wp-json\/wp\/v2\/pages\/53697\/revisions\/53747"}],"wp:attachment":[{"href":"https:\/\/www.canadahelps.org\/fr\/wp-json\/wp\/v2\/media?parent=53697"}],"curies":[{"name":"wp","href":"https:\/\/api.w.org\/{rel}","templated":true}]}}