{"id":54481,"date":"2025-06-03T12:35:20","date_gmt":"2025-06-03T16:35:20","guid":{"rendered":"https:\/\/www.canadahelps.org\/?page_id=54481"},"modified":"2025-06-20T10:53:08","modified_gmt":"2025-06-20T14:53:08","slug":"consultation-en-levee-de-fonds","status":"publish","type":"page","link":"https:\/\/www.canadahelps.org\/fr\/pour-les-organismes-de-bienfaisance\/levee-de-fonds\/consultation-en-levee-de-fonds\/","title":{"rendered":"Consultation en Lev\u00e9e de Fonds"},"content":{"rendered":"<style>\n.demo-title {\n  width: 70%;\n}\n.demo-header {\n  display: flex;\n  justify-content: space-between;\n  align-items: center;\n}\n.demo-header-text {\n  width: 506px;\n}\n.calendly-inline-widget {\n  width: 50%;\n}\n.demo-card-top {\n    height: 12px;\n    border-radius-top: 12px;\n    border-top-left-radius: 12px;\n    border-top-right-radius: 12px;\n}\n.demo-card-top.primary {\n  background: linear-gradient(90deg, #BFEFFF 0%, #EBCFFF 100%);\n}\n.demo-card-top.secondary {\n  background: linear-gradient(90deg, #FFFAAE 0%, #FFD2AD 100%);\n}\n.demo-card-top.tertiary {\n  background: linear-gradient(90deg, #BFEFFF 0%, #BFFFDE 100%);\n}\n.card-top-big {\n  max-width: 1288px;\n  margin: 0 auto;\n  background: linear-gradient(90deg, #BFFFDE 0%, #FFFAAE 100%);\n}\n.ch20-full-width-page .container.demo-cards-container {\n  display: flex;\n  flex-wrap: wrap;\n  justify-content: space-between;\n}\n.demo-small-card {\n  width: 31%;\n  margin-top: 24px;\n  display: flex;\n  flex-direction: column;\n}\n.small-card-text {\n  padding: 40px;\n  height: inherit;\n  flex-grow: 1;\n  border-radius: 0 0 12px 12px;\n}\n.ch20-full-width-page .demo-full-card {\n  padding: 90px;\n  position: relative;\n  margin-top: 0;\n}\n.demo-full-card img{\n    position: absolute;\n    bottom: 0;\n    left: 50%;\n    max-height: 524px;\n    width: 356px;\n}\n.demo-card-text {\n  width: 50%;\n}\n.ch20-full-width-page .container.demo-footer {\n  padding: 5%;\n  position: relative;\n  margin-top: 64px;\n}\ni.quote {\n  font-size: 144px;\n  height: 144px;\n  width: 144px;\n  display: flex;\n  align-items: center;\n  position: absolute;\n  background: linear-gradient(90deg, #BFFFDE 0%, #BFEFFF 100%);\n  -webkit-background-clip: text;\n  -webkit-text-fill-color: transparent;\n}\n.ch20-full-width-page i.fa-quote-left {\n  left: 5%;\n  top: 0;\n  transform: translateY(-50%);\n}\n.ch20-full-width-page i.fa-quote-right {\n  right: 5%;\n  bottom: 0;\n  transform: translateY(50%);\n}\n@media screen and (max-width: 992px) {\n  .ch20-full-width-page .demo-full-card {\n    padding: 24px 24px 530px;\n  }\n  .demo-full-card .demo-card-text {\n    width: 90%;\n  }\n  .demo-full-card img {\n    position: absolute;\n    bottom: 0;\n    left: 24px;\n  }\n}\n@media screen and (max-width: 768px) {\n  .demo-title {\n    width: 100%;\n  }\n  .demo-header {\n    display: block;\n  }\n  .demo-header-text, .demo-card-text, .calendly-inline-widget, .demo-small-card {\n    width: 100%;\n  }\n  .ch20-full-width-page .container.demo-cards-container {\n    padding: 0 20px;\n  }\n}\n@media screen and (max-width: 356px) {\n  .demo-full-card img{\n    width: calc(100% - 24px);\n  }\n}\n<\/style>\n<section class=\"container\">\n<h1 class=\"header-display demo-title\">D\u00e9couvrons ensemble comment CanaDon <span class=\"header-primary ch-underline-gradient\">peut mieux soutenir votre organisme de bienfaisance<\/span><\/h1>\n<\/section>\n<section class=\"container demo-header\">\n<div class=\"calendly-inline-widget\" data-url=\"https:\/\/calendly.com\/d\/2dm-cxt-qd3\/let-s-talk-fundraising?primary_color=1B1750\" style=\"position: relative;min-width:320px;height:800px;\" data-porcessed=\"true\">\n  <iframe loading=\"lazy\" src=\"https:\/\/calendly.com\/d\/2dm-cxt-qd3\/let-s-talk-fundraising?embed_domain=canadahelps.org&embed_type=Inline&primary_color=1466a9\" width=\"100%\" height=\"100%\" frameborder=\"0\" title=\"Select a Date & Time - Calendly\"><\/iframe>\n  <\/div>\n<div class=\"demo-header-text\">\n<h2 class=\"header-display\">CanaDon, c\u2019est nouveau pour vous?<\/h2>\n<p>Discutez avec nos sp\u00e9cialistes de l&#8217;engagement caritatif et laissez nos experts vous pr\u00e9senter les outils de CanaDon qui correspondent \u00e0 votre organisme.<\/p>\n<ul class=\"list-disc\">\n<li>Des formulaires de don personnalisables, aux \u00e9v\u00e9nements payants, d\u00e9couvrez les outils \u00e0 votre disposition<\/li>\n<li>D\u00e9couvrez comment les re\u00e7us fiscaux et les remerciements pour les dons fonctionnent avec vos couleurs, vos images et vos messages<\/li>\n<li>Explorez diff\u00e9rents types de formulaires de don pour savoir lequel vous permettra de collecter le plus de dons<\/li>\n<\/ul><\/div>\n<\/section>\n<section class=\"container\">\n<div class=\"demo-card-top card-top-big\"><\/div>\n<div class=\"ch-purple-section demo-full-card\">\n<div class=\"demo-card-text\">\n<h2 class=\"header-primary text-white\">Comment CanaDon peut profiter \u00e0 votre organisme de bienfaisance<\/h2>\n<p class=\"text-white\">Nous offrons une solution de collecte de fonds en ligne tout-en-un, facile \u00e0 utiliser, con\u00e7ue exclusivement pour les organismes de bienfaisance canadiens.<\/p>\n<\/div>\n<p><img decoding=\"async\" src=\"https:\/\/www.canadahelps.org\/media\/woman-how-canadahelps-can-support-your-charity-2x.png\" alt=\"Man smiling\" \/>\n  <\/div>\n<\/section>\n<section class=\"container demo-cards-container\">\n<div class=\"demo-small-card\">\n<div class=\"demo-card-top primary\"><\/div>\n<div class=\"small-card-text ch-purple-section\">\n<h3 class=\"header-secondary text-white\">Logiciel num\u00e9rique de premier plan<\/h3>\n<p class=\"text-white\">Obtenez rapidement vos dons gr\u00e2ce \u00e0 notre gamme efficace d&#8217;outils de collecte de fonds, qui int\u00e8gre les meilleures pratiques du commerce \u00e9lectronique.<\/p>\n<\/p><\/div>\n<\/p><\/div>\n<div class=\"demo-small-card\">\n<div class=\"demo-card-top secondary\"><\/div>\n<div class=\"small-card-text ch-purple-section\">\n<h3 class=\"header-secondary text-white\">Service exceptionnel<\/h3>\n<p class=\"text-white\">\u00c9conomisez du temps et de l&#8217;argent gr\u00e2ce aux re\u00e7us fiscaux automatiques conformes \u00e0 l&#8217;ARC, aux d\u00e9p\u00f4ts directs hebdomadaires sur votre compte en banque et \u00e0 un service \u00e0 la client\u00e8le accueillant et bilingue.<\/p>\n<\/p><\/div>\n<\/p><\/div>\n<div class=\"demo-small-card\">\n<div class=\"demo-card-top tertiary\"><\/div>\n<div class=\"small-card-text ch-purple-section\">\n<h3 class=\"header-secondary text-white\">Facilit\u00e9 d&#8217;utilisation<\/h3>\n<p class=\"text-white\">Con\u00e7u pour de petits et moyens organismes de bienfaisance, nous facilitons le lancement de campagnes de marque qui portent leurs fruits en quelques minutes. Aucune comp\u00e9tence en mati\u00e8re de codage ou de conception n&#8217;est requise.<\/p>\n<\/p><\/div>\n<\/p><\/div>\n<div class=\"demo-small-card\">\n<div class=\"demo-card-top primary\"><\/div>\n<div class=\"small-card-text ch-purple-section\">\n<h3 class=\"header-secondary text-white\">\u00c9prouv\u00e9<\/h3>\n<p class=\"text-white\">21 ans d&#8217;exp\u00e9rience \u00e9prouv\u00e9e en mati\u00e8re de conformit\u00e9 et de traitement s\u00e9curis\u00e9 et fiable.<\/p>\n<\/p><\/div>\n<\/p><\/div>\n<div class=\"demo-small-card\">\n<div class=\"demo-card-top secondary\"><\/div>\n<div class=\"small-card-text ch-purple-section\">\n<h3 class=\"header-secondary text-white\">Fiabilit\u00e9<\/h3>\n<p class=\"text-white\">Plus de 26 000 organismes de bienfaisance \u00e0 travers le pays font confiance \u00e0 CanaDon pour recueillir des fonds en ligne.\n<\/p>\n<\/p><\/div>\n<\/p><\/div>\n<div class=\"demo-small-card\">\n<div class=\"demo-card-top tertiary\"><\/div>\n<div class=\"small-card-text ch-purple-section\">\n<h3 class=\"header-secondary text-white\">S\u00e9curit\u00e9<\/h3>\n<p class=\"text-white\">Conformit\u00e9 aux plus hautes normes PCI, puissante protection contre la fraude afin de prot\u00e9ger votre organisme de bienfaisance.\n<\/p>\n<\/p><\/div>\n<\/p><\/div>\n<\/section>\n<section class=\"ch-purple-section demo-footer-container\">\n<div class=\"container demo-footer\">\n   <i class=\"fa-solid quote fa-quote-left\"><\/i><\/p>\n<h2 class=\"header-primary text-white\">Nous avons choisi CanaDon, car ils offraient la possibilit\u00e9 de mettre au point un formulaire de don qui serait clairement identifiable comme \u00e9tant le n\u00f4tre, mais qui nous permettrait aussi d\u2019offrir (et d\u2019adapter facilement) des montants de don qui s\u2019alignent avec les besoins de nos projets et les pr\u00e9f\u00e9rences de nos donateurs.<\/h2>\n<p>    <strong class=\"text-white\">Jeff A<\/strong><\/p>\n<p class=\"text-white\">Lifewater Canada<\/p>\n<p>  <i class=\"fa-solid quote fa-quote-right\"><\/i>\n  <\/div>\n<\/section>\n","protected":false},"excerpt":{"rendered":"<p>D\u00e9couvrons ensemble comment CanaDon peut mieux soutenir votre organisme de bienfaisance CanaDon, c\u2019est nouveau pour vous? Discutez avec nos sp\u00e9cialistes de l&#8217;engagement caritatif et laissez &#8230; <a href=\"https:\/\/www.canadahelps.org\/fr\/pour-les-organismes-de-bienfaisance\/levee-de-fonds\/consultation-en-levee-de-fonds\/\" id=\"canadahelp-blog-meta\">Voir plus<\/a><\/p>\n","protected":false},"author":30,"featured_media":0,"parent":54468,"menu_order":0,"comment_status":"closed","ping_status":"closed","template":"template-ch20-full-width-b2b.php","meta":{"footnotes":""},"class_list":["post-54481","page","type-page","status-publish","hentry"],"acf":{"meta_description":"","use_toc_layout":false,"additional_body_css_classes":"","row_settings":false,"hide_page_title":false,"insert_spotlight_boxes":false,"use_biography_grid":false,"blogs_posts_item":false},"yoast_head":"<!-- This site is optimized with the Yoast SEO plugin v26.0 - https:\/\/yoast.com\/wordpress\/plugins\/seo\/ -->\n<title>Consultation en Lev\u00e9e de Fonds | CanaDon - Faites des dons \u00e0 un organisme de bienfaisance au Canada<\/title>\n<meta name=\"robots\" content=\"index, follow, max-snippet:-1, max-image-preview:large, max-video-preview:-1\" \/>\n<link rel=\"canonical\" href=\"https:\/\/www.canadahelps.org\/fr\/pour-les-organismes-de-bienfaisance\/levee-de-fonds\/consultation-en-levee-de-fonds\/\" \/>\n<meta property=\"og:locale\" content=\"fr_FR\" \/>\n<meta property=\"og:type\" content=\"article\" \/>\n<meta property=\"og:title\" content=\"Consultation en Lev\u00e9e de Fonds | CanaDon - Faites des dons \u00e0 un organisme de bienfaisance au Canada\" \/>\n<meta property=\"og:description\" content=\"D\u00e9couvrons ensemble comment CanaDon peut mieux soutenir votre organisme de bienfaisance CanaDon, c\u2019est nouveau pour vous? Discutez avec nos sp\u00e9cialistes de l&#8217;engagement caritatif et laissez ... Voir plus\" \/>\n<meta property=\"og:url\" content=\"https:\/\/www.canadahelps.org\/fr\/pour-les-organismes-de-bienfaisance\/levee-de-fonds\/consultation-en-levee-de-fonds\/\" \/>\n<meta property=\"og:site_name\" content=\"CanaDon - Faites des dons \u00e0 un organisme de bienfaisance au Canada\" \/>\n<meta property=\"article:modified_time\" content=\"2025-06-20T14:53:08+00:00\" \/>\n<meta property=\"og:image\" content=\"https:\/\/www.canadahelps.org\/media\/woman-how-canadahelps-can-support-your-charity-2x.png\" \/>\n<meta name=\"twitter:card\" content=\"summary_large_image\" \/>\n<meta name=\"twitter:label1\" content=\"Est. reading time\" \/>\n\t<meta name=\"twitter:data1\" content=\"2 minutes\" \/>\n<script type=\"application\/ld+json\" class=\"yoast-schema-graph\">{\"@context\":\"https:\/\/schema.org\",\"@graph\":[{\"@type\":\"WebPage\",\"@id\":\"https:\/\/www.canadahelps.org\/fr\/pour-les-organismes-de-bienfaisance\/levee-de-fonds\/consultation-en-levee-de-fonds\/\",\"url\":\"https:\/\/www.canadahelps.org\/fr\/pour-les-organismes-de-bienfaisance\/levee-de-fonds\/consultation-en-levee-de-fonds\/\",\"name\":\"Consultation en Lev\u00e9e de Fonds | CanaDon - Faites des dons \u00e0 un organisme de bienfaisance au Canada\",\"isPartOf\":{\"@id\":\"https:\/\/www.canadahelps.org\/fr\/#website\"},\"primaryImageOfPage\":{\"@id\":\"https:\/\/www.canadahelps.org\/fr\/pour-les-organismes-de-bienfaisance\/levee-de-fonds\/consultation-en-levee-de-fonds\/#primaryimage\"},\"image\":{\"@id\":\"https:\/\/www.canadahelps.org\/fr\/pour-les-organismes-de-bienfaisance\/levee-de-fonds\/consultation-en-levee-de-fonds\/#primaryimage\"},\"thumbnailUrl\":\"https:\/\/www.canadahelps.org\/media\/woman-how-canadahelps-can-support-your-charity-2x.png\",\"datePublished\":\"2025-06-03T16:35:20+00:00\",\"dateModified\":\"2025-06-20T14:53:08+00:00\",\"breadcrumb\":{\"@id\":\"https:\/\/www.canadahelps.org\/fr\/pour-les-organismes-de-bienfaisance\/levee-de-fonds\/consultation-en-levee-de-fonds\/#breadcrumb\"},\"inLanguage\":\"fr\",\"potentialAction\":[{\"@type\":\"ReadAction\",\"target\":[\"https:\/\/www.canadahelps.org\/fr\/pour-les-organismes-de-bienfaisance\/levee-de-fonds\/consultation-en-levee-de-fonds\/\"]}]},{\"@type\":\"ImageObject\",\"inLanguage\":\"fr\",\"@id\":\"https:\/\/www.canadahelps.org\/fr\/pour-les-organismes-de-bienfaisance\/levee-de-fonds\/consultation-en-levee-de-fonds\/#primaryimage\",\"url\":\"https:\/\/www.canadahelps.org\/media\/woman-how-canadahelps-can-support-your-charity-2x.png\",\"contentUrl\":\"https:\/\/www.canadahelps.org\/media\/woman-how-canadahelps-can-support-your-charity-2x.png\"},{\"@type\":\"BreadcrumbList\",\"@id\":\"https:\/\/www.canadahelps.org\/fr\/pour-les-organismes-de-bienfaisance\/levee-de-fonds\/consultation-en-levee-de-fonds\/#breadcrumb\",\"itemListElement\":[{\"@type\":\"ListItem\",\"position\":1,\"name\":\"Home\",\"item\":\"https:\/\/www.canadahelps.org\/fr\/\"},{\"@type\":\"ListItem\",\"position\":2,\"name\":\"Pour les Organismes de Bienfaisance\",\"item\":\"https:\/\/www.canadahelps.org\/fr\/pour-les-organismes-de-bienfaisance\/\"},{\"@type\":\"ListItem\",\"position\":3,\"name\":\"Levee de fonds\",\"item\":\"https:\/\/www.canadahelps.org\/fr\/pour-les-organismes-de-bienfaisance\/levee-de-fonds\/\"},{\"@type\":\"ListItem\",\"position\":4,\"name\":\"Consultation en Lev\u00e9e de Fonds\"}]},{\"@type\":\"WebSite\",\"@id\":\"https:\/\/www.canadahelps.org\/fr\/#website\",\"url\":\"https:\/\/www.canadahelps.org\/fr\/\",\"name\":\"CanadaHelps - Donate to any charity in Canada\",\"description\":\"Le don en toute simplicit\u00e9\",\"publisher\":{\"@id\":\"https:\/\/www.canadahelps.org\/fr\/#organization\"},\"potentialAction\":[{\"@type\":\"SearchAction\",\"target\":{\"@type\":\"EntryPoint\",\"urlTemplate\":\"https:\/\/www.canadahelps.org\/fr\/?s={search_term_string}\"},\"query-input\":{\"@type\":\"PropertyValueSpecification\",\"valueRequired\":true,\"valueName\":\"search_term_string\"}}],\"inLanguage\":\"fr\"},{\"@type\":\"Organization\",\"@id\":\"https:\/\/www.canadahelps.org\/fr\/#organization\",\"name\":\"CanadaHelps\",\"url\":\"https:\/\/www.canadahelps.org\/fr\/\",\"logo\":{\"@type\":\"ImageObject\",\"inLanguage\":\"fr\",\"@id\":\"https:\/\/www.canadahelps.org\/fr\/#\/schema\/logo\/image\/\",\"url\":\"https:\/\/www.canadahelps.org\/media\/canadahelps-en.jpg\",\"contentUrl\":\"https:\/\/www.canadahelps.org\/media\/canadahelps-en.jpg\",\"width\":131,\"height\":72,\"caption\":\"CanadaHelps\"},\"image\":{\"@id\":\"https:\/\/www.canadahelps.org\/fr\/#\/schema\/logo\/image\/\"}}]}<\/script>\n<!-- \/ Yoast SEO plugin. -->","yoast_head_json":{"title":"Consultation en Lev\u00e9e de Fonds | CanaDon - Faites des dons \u00e0 un organisme de bienfaisance au Canada","robots":{"index":"index","follow":"follow","max-snippet":"max-snippet:-1","max-image-preview":"max-image-preview:large","max-video-preview":"max-video-preview:-1"},"canonical":"https:\/\/www.canadahelps.org\/fr\/pour-les-organismes-de-bienfaisance\/levee-de-fonds\/consultation-en-levee-de-fonds\/","og_locale":"fr_FR","og_type":"article","og_title":"Consultation en Lev\u00e9e de Fonds | CanaDon - Faites des dons \u00e0 un organisme de bienfaisance au Canada","og_description":"D\u00e9couvrons ensemble comment CanaDon peut mieux soutenir votre organisme de bienfaisance CanaDon, c\u2019est nouveau pour vous? Discutez avec nos sp\u00e9cialistes de l&#8217;engagement caritatif et laissez ... Voir plus","og_url":"https:\/\/www.canadahelps.org\/fr\/pour-les-organismes-de-bienfaisance\/levee-de-fonds\/consultation-en-levee-de-fonds\/","og_site_name":"CanaDon - Faites des dons \u00e0 un organisme de bienfaisance au Canada","article_modified_time":"2025-06-20T14:53:08+00:00","og_image":[{"url":"https:\/\/www.canadahelps.org\/media\/woman-how-canadahelps-can-support-your-charity-2x.png","type":"","width":"","height":""}],"twitter_card":"summary_large_image","twitter_misc":{"Est. reading time":"2 minutes"},"schema":{"@context":"https:\/\/schema.org","@graph":[{"@type":"WebPage","@id":"https:\/\/www.canadahelps.org\/fr\/pour-les-organismes-de-bienfaisance\/levee-de-fonds\/consultation-en-levee-de-fonds\/","url":"https:\/\/www.canadahelps.org\/fr\/pour-les-organismes-de-bienfaisance\/levee-de-fonds\/consultation-en-levee-de-fonds\/","name":"Consultation en Lev\u00e9e de Fonds | CanaDon - Faites des dons \u00e0 un organisme de bienfaisance au Canada","isPartOf":{"@id":"https:\/\/www.canadahelps.org\/fr\/#website"},"primaryImageOfPage":{"@id":"https:\/\/www.canadahelps.org\/fr\/pour-les-organismes-de-bienfaisance\/levee-de-fonds\/consultation-en-levee-de-fonds\/#primaryimage"},"image":{"@id":"https:\/\/www.canadahelps.org\/fr\/pour-les-organismes-de-bienfaisance\/levee-de-fonds\/consultation-en-levee-de-fonds\/#primaryimage"},"thumbnailUrl":"https:\/\/www.canadahelps.org\/media\/woman-how-canadahelps-can-support-your-charity-2x.png","datePublished":"2025-06-03T16:35:20+00:00","dateModified":"2025-06-20T14:53:08+00:00","breadcrumb":{"@id":"https:\/\/www.canadahelps.org\/fr\/pour-les-organismes-de-bienfaisance\/levee-de-fonds\/consultation-en-levee-de-fonds\/#breadcrumb"},"inLanguage":"fr","potentialAction":[{"@type":"ReadAction","target":["https:\/\/www.canadahelps.org\/fr\/pour-les-organismes-de-bienfaisance\/levee-de-fonds\/consultation-en-levee-de-fonds\/"]}]},{"@type":"ImageObject","inLanguage":"fr","@id":"https:\/\/www.canadahelps.org\/fr\/pour-les-organismes-de-bienfaisance\/levee-de-fonds\/consultation-en-levee-de-fonds\/#primaryimage","url":"https:\/\/www.canadahelps.org\/media\/woman-how-canadahelps-can-support-your-charity-2x.png","contentUrl":"https:\/\/www.canadahelps.org\/media\/woman-how-canadahelps-can-support-your-charity-2x.png"},{"@type":"BreadcrumbList","@id":"https:\/\/www.canadahelps.org\/fr\/pour-les-organismes-de-bienfaisance\/levee-de-fonds\/consultation-en-levee-de-fonds\/#breadcrumb","itemListElement":[{"@type":"ListItem","position":1,"name":"Home","item":"https:\/\/www.canadahelps.org\/fr\/"},{"@type":"ListItem","position":2,"name":"Pour les Organismes de Bienfaisance","item":"https:\/\/www.canadahelps.org\/fr\/pour-les-organismes-de-bienfaisance\/"},{"@type":"ListItem","position":3,"name":"Levee de fonds","item":"https:\/\/www.canadahelps.org\/fr\/pour-les-organismes-de-bienfaisance\/levee-de-fonds\/"},{"@type":"ListItem","position":4,"name":"Consultation en Lev\u00e9e de Fonds"}]},{"@type":"WebSite","@id":"https:\/\/www.canadahelps.org\/fr\/#website","url":"https:\/\/www.canadahelps.org\/fr\/","name":"CanadaHelps - Donate to any charity in Canada","description":"Le don en toute simplicit\u00e9","publisher":{"@id":"https:\/\/www.canadahelps.org\/fr\/#organization"},"potentialAction":[{"@type":"SearchAction","target":{"@type":"EntryPoint","urlTemplate":"https:\/\/www.canadahelps.org\/fr\/?s={search_term_string}"},"query-input":{"@type":"PropertyValueSpecification","valueRequired":true,"valueName":"search_term_string"}}],"inLanguage":"fr"},{"@type":"Organization","@id":"https:\/\/www.canadahelps.org\/fr\/#organization","name":"CanadaHelps","url":"https:\/\/www.canadahelps.org\/fr\/","logo":{"@type":"ImageObject","inLanguage":"fr","@id":"https:\/\/www.canadahelps.org\/fr\/#\/schema\/logo\/image\/","url":"https:\/\/www.canadahelps.org\/media\/canadahelps-en.jpg","contentUrl":"https:\/\/www.canadahelps.org\/media\/canadahelps-en.jpg","width":131,"height":72,"caption":"CanadaHelps"},"image":{"@id":"https:\/\/www.canadahelps.org\/fr\/#\/schema\/logo\/image\/"}}]}},"_links":{"self":[{"href":"https:\/\/www.canadahelps.org\/fr\/wp-json\/wp\/v2\/pages\/54481","targetHints":{"allow":["GET"]}}],"collection":[{"href":"https:\/\/www.canadahelps.org\/fr\/wp-json\/wp\/v2\/pages"}],"about":[{"href":"https:\/\/www.canadahelps.org\/fr\/wp-json\/wp\/v2\/types\/page"}],"author":[{"embeddable":true,"href":"https:\/\/www.canadahelps.org\/fr\/wp-json\/wp\/v2\/users\/30"}],"replies":[{"embeddable":true,"href":"https:\/\/www.canadahelps.org\/fr\/wp-json\/wp\/v2\/comments?post=54481"}],"version-history":[{"count":4,"href":"https:\/\/www.canadahelps.org\/fr\/wp-json\/wp\/v2\/pages\/54481\/revisions"}],"predecessor-version":[{"id":55272,"href":"https:\/\/www.canadahelps.org\/fr\/wp-json\/wp\/v2\/pages\/54481\/revisions\/55272"}],"up":[{"embeddable":true,"href":"https:\/\/www.canadahelps.org\/fr\/wp-json\/wp\/v2\/pages\/54468"}],"wp:attachment":[{"href":"https:\/\/www.canadahelps.org\/fr\/wp-json\/wp\/v2\/media?parent=54481"}],"curies":[{"name":"wp","href":"https:\/\/api.w.org\/{rel}","templated":true}]}}