{"id":54488,"date":"2025-06-03T12:38:24","date_gmt":"2025-06-03T16:38:24","guid":{"rendered":"https:\/\/www.canadahelps.org\/?page_id=54488"},"modified":"2025-06-03T12:39:24","modified_gmt":"2025-06-03T16:39:24","slug":"evenements-entre-pairs","status":"publish","type":"page","link":"https:\/\/www.canadahelps.org\/fr\/pour-les-organismes-de-bienfaisance\/levee-de-fonds\/evenements-entre-pairs\/","title":{"rendered":"Evenements Entre Pairs"},"content":{"rendered":"<style>#b2bpeertopeer-turn{width:90%;max-width:1288px;margin:0 auto}#b2bpeertopeer-platform,#b2bpeertopeer-set{width:90%;max-width:1288px;margin:96px auto}.b2bpeertopeer-side-by-side{display:flex}.b2b-left,.b2b-right{width:50%;padding:50px 50px 0 50px}.b2b-left img,.b2b-righ img{width:100%}#b2bpeertopeer-platform-btns{display:flex;gap:10px}.b2b-half-gray{background:linear-gradient(to right,#f4f3f6 60%,transparent 40%)}.ch-quote-top{display:flex;justify-content:flex-start;margin:200px auto 0 auto}img.top-quote-mark{margin:-100px 0 0 30px}img.bottom-quote-mark{transform:rotate(180deg);margin:0 30px -150px 0}.ch-quote-body{padding:0 200px;margin:0 auto;color:#fff}.ch-quote-body p.header-primary{font-weight:700}.ch-quote-bottom{padding-bottom:50px;display:flex;justify-content:end;margin-bottom:150px}.b2b-person{display:flex;justify-content:flex-end}.b2b-person p{margin:0}body p{font-family:Inter,arial,sans-serif;font-size:16px;line-height:24px;color:#1b1750}@media screen and (max-width:640px){.b2bpeertopeer-side-by-side{flex-direction:column}.b2b-left,.b2b-right{width:100%;padding:0 50px 0 50px}.mbl-order-1{order:1}.mbl-order-2{order:2}#b2bpeertopeer-platform-btns{flex-direction:column;gap:0}.b2b-half-gray{background:linear-gradient(to left,#f4f3f6 60%,transparent 40%)}img.top-quote-mark{margin:-50px 0 0 30px;height:80px}img.bottom-quote-mark{transform:rotate(180deg);margin:10px 30px -96px 0;height:80px}.blue-banner-quote-body{padding:50px}.blue-banner-quote-body p.header-primary{font-size:25px;line-height:30px}}.ch20-full-width-page .online-container{margin-bottom: 0;}<\/style>\n<section id=\"b2bpeertopeer-turn\">\n<div class=\"b2bpeertopeer-side-by-side\">\n<div class=\"b2b-left b2b-half-gray\">\n    <img decoding=\"async\" src=\"https:\/\/www.canadahelps.org\/media\/20250423_mkt-346_002.png\" alt=\"\">\n<\/div>\n<div class=\"b2b-right header-display\">\n<h1 class=\"sixty-eight header-display\">Transformez vos sympathisants <span class=\"header-primary ch-underline-gradient\">en champions de la collecte de fonds<\/span><\/h1>\n<p>La plateforme de financement participatif entre particuliers de CanaDon facilite la collecte de fonds par le biais d&#8217;\u00e9v\u00e9nements de bienfaisance en \u00e9quipe. Peu importe si l&#8217;\u00e9v\u00e9nement est en ligne, hors ligne, ou s&#8217;il s&#8217;agit d&#8217;une campagne hybride.<\/p>\n<div id=\"b2bpeertopeer-platform-btns\">\n<a class=\"btn-primary\" href=\"https:\/\/www.canadahelps.org\/fr\/compte-collecte-de-fonds\/#\/\">Commencez d\u00e8s aujourd&#8217;hui<\/a><br \/>\n<a class=\"btn-secondary\" href=\"..\/..\/..\/pour-les-organismes\/consultation-en-levee-de-fonds\/\">R\u00e9servez une d\u00e9monstration<\/a><\/div>\n<\/div>\n<\/section>\n<section id=\"b2bpeertopeer-platform\">\n<div class=\"b2bpeertopeer-side-by-side\">\n<div class=\"b2b-left\">\n<h2 class=\"header-primary\">Une plateforme qui s&#8217;occupe des t\u00e2ches les plus difficiles<\/h2>\n<p><strong>Encouragez l&#8217;organisation de concours amusants, le partage sur les r\u00e9seaux sociaux et les dons avec la plateforme efficace de financement participatif qui simplifie vos \u00e9v\u00e9nements entre particuliers.<\/strong><\/p>\n<p>Lancez votre campagne personnalis\u00e9e en quelques minutes. Profitez d&#8217;un contenu dynamique int\u00e9gr\u00e9, tel que des barres de progression de la collecte de fonds, des murs des sympathisants, des listes d&#8217;\u00e9quipes et un partage sur les r\u00e9seaux sociaux int\u00e9gr\u00e9. De plus, gr\u00e2ce \u00e0 des formulaires exploitant les meilleures pratiques du commerce \u00e9lectronique, vous convertirez davantage de visiteurs en donateurs.<\/p><\/div>\n<div class=\"b2b-right\">\n    <img decoding=\"async\" src=\"https:\/\/www.canadahelps.org\/media\/20250423_mkt-346_003.png\" alt=\"\">\n<\/div>\n<\/div>\n<\/div>\n<\/section>\n<section id=\"b2bpeertopeer-set\">\n<div class=\"b2bpeertopeer-side-by-side\">\n<div class=\"b2b-left mbl-order-2\">\n    <img decoding=\"async\" src=\"https:\/\/www.canadahelps.org\/media\/20250423_mkt-346_001.png\" alt=\"\">\n<\/div>\n<div class=\"b2b-right mbl-order-1\">\n<h2 class=\"header-primary\">Impliquez vos sympathisants dans la r\u00e9ussite de votre collecte de fonds<\/h2>\n<p><strong>Faites monter d&#8217;un cran votre collecte de fonds gr\u00e2ce \u00e0 des pages d&#8217;inscription simples et transparentes et \u00e0 des pages par d\u00e9faut ayant un fort impact.<\/strong><\/p>\n<p>Donnez \u00e0 vos sympathisants les outils dont ils ont besoin pour r\u00e9ussir gr\u00e2ce \u00e0 des conseils et des messages pour la collecte de fonds pr\u00eats \u00e0 l&#8217;emploi, directement disponibles dans leur compte. De plus, gr\u00e2ce aux outils d&#8217;engagement int\u00e9gr\u00e9s, les capitaines d&#8217;\u00e9quipe peuvent ais\u00e9ment motiver leur \u00e9quipe et toutes les campagnes de collecte peuvent facilement faire parvenir des messages de remerciement et des mises \u00e0 jour aux donateurs.<\/p>\n<\/div>\n<\/div>\n<\/section>\n<section id=\"b2bpeertopeer-quote\" class=\"ch-purple-section\">\n<div class=\"container\">\n<div class=\"ch-quote-top\">\n        <img decoding=\"async\" class=\"top-quote-mark\" src=\"https:\/\/www.canadahelps.org\/media\/20250314_mkt307_quote.png\" alt=\"\">\n    <\/div>\n<div class=\"ch-quote-body\">\n<p class=\"header-primary text-white\">L&#8217;outil P2P de CanaDon est polyvalent et robuste. Il est facile \u00e0 utiliser et est livr\u00e9 avec toutes les options dont nous avons besoin.<\/p>\n<p class=\"text-white\"><strong class=\"text-white\">Isabel B.<\/strong>, \u00c9cole Sacr\u00e9-C\u0153ur de Montr\u00e9al<\/p>\n<\/p><\/div>\n<div class=\"ch-quote-bottom\">\n        <img decoding=\"async\" class=\"bottom-quote-mark\" src=\"https:\/\/www.canadahelps.org\/media\/20250314_mkt307_quote.png\" alt=\"\">\n    <\/div>\n<\/p><\/div>\n<\/section>\n<section id=\"b2bpeertopeer-online\">\n<div class=\"b2bpeertopeer-side-by-side container online-container\">\n<div class=\"b2b-left b2b-person mbl-order-2\">\n<p><img decoding=\"async\" src=\"https:\/\/www.canadahelps.org\/media\/20250423_mkt-346_004.png\" alt=\"\"><\/p>\n<\/div>\n<div class=\"b2b-right mbl-order-1\">\n<h2 class=\"header-primary\">En ligne comme hors ligne, nous avons ce qu&#8217;il vous faut<\/h2>\n<p>Faites le suivi de la progression de votre collecte de fonds et de tous les participants \u00e0 un seul endroit, gr\u00e2ce \u00e0 l&#8217;option vous permettant d&#8217;ajouter des achats de billets hors ligne \u00e0 votre \u00e9v\u00e9nement CanaDon. Et comme les re\u00e7us fiscaux sont envoy\u00e9s automatiquement (le cas \u00e9ch\u00e9ant), vous n&#8217;avez plus rien \u00e0 faire.<\/p>\n<p><a class=\"btn-primary\" href=\"\/fr\/pour-les-organismes-de-bienfaisance\/consultation-en-levee-de-fonds\/\">Commencez d\u00e8s aujourd&#8217;hui<\/a><\/p>\n<\/div>\n<\/div>\n<\/section>\n","protected":false},"excerpt":{"rendered":"<p>Transformez vos sympathisants en champions de la collecte de fonds La plateforme de financement participatif entre particuliers de CanaDon facilite la collecte de fonds par &#8230; <a href=\"https:\/\/www.canadahelps.org\/fr\/pour-les-organismes-de-bienfaisance\/levee-de-fonds\/evenements-entre-pairs\/\" id=\"canadahelp-blog-meta\">Voir plus<\/a><\/p>\n","protected":false},"author":30,"featured_media":0,"parent":54468,"menu_order":0,"comment_status":"closed","ping_status":"closed","template":"template-ch20-full-width-b2b.php","meta":{"footnotes":""},"class_list":["post-54488","page","type-page","status-publish","hentry"],"acf":{"meta_description":"","use_toc_layout":false,"additional_body_css_classes":"","row_settings":false,"hide_page_title":false,"insert_spotlight_boxes":false,"use_biography_grid":false,"blogs_posts_item":false},"yoast_head":"<!-- This site is optimized with the Yoast SEO plugin v26.0 - https:\/\/yoast.com\/wordpress\/plugins\/seo\/ -->\n<title>Evenements Entre Pairs | CanaDon - Faites des dons \u00e0 un organisme de bienfaisance au Canada<\/title>\n<meta name=\"robots\" content=\"index, follow, max-snippet:-1, max-image-preview:large, max-video-preview:-1\" \/>\n<link rel=\"canonical\" href=\"https:\/\/www.canadahelps.org\/fr\/pour-les-organismes-de-bienfaisance\/levee-de-fonds\/evenements-entre-pairs\/\" \/>\n<meta property=\"og:locale\" content=\"fr_FR\" \/>\n<meta property=\"og:type\" content=\"article\" \/>\n<meta property=\"og:title\" content=\"Evenements Entre Pairs | CanaDon - Faites des dons \u00e0 un organisme de bienfaisance au Canada\" \/>\n<meta property=\"og:description\" content=\"Transformez vos sympathisants en champions de la collecte de fonds La plateforme de financement participatif entre particuliers de CanaDon facilite la collecte de fonds par ... Voir plus\" \/>\n<meta property=\"og:url\" content=\"https:\/\/www.canadahelps.org\/fr\/pour-les-organismes-de-bienfaisance\/levee-de-fonds\/evenements-entre-pairs\/\" \/>\n<meta property=\"og:site_name\" content=\"CanaDon - Faites des dons \u00e0 un organisme de bienfaisance au Canada\" \/>\n<meta property=\"article:modified_time\" content=\"2025-06-03T16:39:24+00:00\" \/>\n<meta property=\"og:image\" content=\"https:\/\/www.canadahelps.org\/media\/20250423_mkt-346_002.png\" \/>\n<meta name=\"twitter:card\" content=\"summary_large_image\" \/>\n<script type=\"application\/ld+json\" class=\"yoast-schema-graph\">{\"@context\":\"https:\/\/schema.org\",\"@graph\":[{\"@type\":\"WebPage\",\"@id\":\"https:\/\/www.canadahelps.org\/fr\/pour-les-organismes-de-bienfaisance\/levee-de-fonds\/evenements-entre-pairs\/\",\"url\":\"https:\/\/www.canadahelps.org\/fr\/pour-les-organismes-de-bienfaisance\/levee-de-fonds\/evenements-entre-pairs\/\",\"name\":\"Evenements Entre Pairs | CanaDon - Faites des dons \u00e0 un organisme de bienfaisance au Canada\",\"isPartOf\":{\"@id\":\"https:\/\/www.canadahelps.org\/fr\/#website\"},\"primaryImageOfPage\":{\"@id\":\"https:\/\/www.canadahelps.org\/fr\/pour-les-organismes-de-bienfaisance\/levee-de-fonds\/evenements-entre-pairs\/#primaryimage\"},\"image\":{\"@id\":\"https:\/\/www.canadahelps.org\/fr\/pour-les-organismes-de-bienfaisance\/levee-de-fonds\/evenements-entre-pairs\/#primaryimage\"},\"thumbnailUrl\":\"https:\/\/www.canadahelps.org\/media\/20250423_mkt-346_002.png\",\"datePublished\":\"2025-06-03T16:38:24+00:00\",\"dateModified\":\"2025-06-03T16:39:24+00:00\",\"breadcrumb\":{\"@id\":\"https:\/\/www.canadahelps.org\/fr\/pour-les-organismes-de-bienfaisance\/levee-de-fonds\/evenements-entre-pairs\/#breadcrumb\"},\"inLanguage\":\"fr\",\"potentialAction\":[{\"@type\":\"ReadAction\",\"target\":[\"https:\/\/www.canadahelps.org\/fr\/pour-les-organismes-de-bienfaisance\/levee-de-fonds\/evenements-entre-pairs\/\"]}]},{\"@type\":\"ImageObject\",\"inLanguage\":\"fr\",\"@id\":\"https:\/\/www.canadahelps.org\/fr\/pour-les-organismes-de-bienfaisance\/levee-de-fonds\/evenements-entre-pairs\/#primaryimage\",\"url\":\"https:\/\/www.canadahelps.org\/media\/20250423_mkt-346_002.png\",\"contentUrl\":\"https:\/\/www.canadahelps.org\/media\/20250423_mkt-346_002.png\"},{\"@type\":\"BreadcrumbList\",\"@id\":\"https:\/\/www.canadahelps.org\/fr\/pour-les-organismes-de-bienfaisance\/levee-de-fonds\/evenements-entre-pairs\/#breadcrumb\",\"itemListElement\":[{\"@type\":\"ListItem\",\"position\":1,\"name\":\"Home\",\"item\":\"https:\/\/www.canadahelps.org\/fr\/\"},{\"@type\":\"ListItem\",\"position\":2,\"name\":\"Pour les Organismes de Bienfaisance\",\"item\":\"https:\/\/www.canadahelps.org\/fr\/pour-les-organismes-de-bienfaisance\/\"},{\"@type\":\"ListItem\",\"position\":3,\"name\":\"Levee de fonds\",\"item\":\"https:\/\/www.canadahelps.org\/fr\/pour-les-organismes-de-bienfaisance\/levee-de-fonds\/\"},{\"@type\":\"ListItem\",\"position\":4,\"name\":\"Evenements Entre Pairs\"}]},{\"@type\":\"WebSite\",\"@id\":\"https:\/\/www.canadahelps.org\/fr\/#website\",\"url\":\"https:\/\/www.canadahelps.org\/fr\/\",\"name\":\"CanadaHelps - Donate to any charity in Canada\",\"description\":\"Le don en toute simplicit\u00e9\",\"publisher\":{\"@id\":\"https:\/\/www.canadahelps.org\/fr\/#organization\"},\"potentialAction\":[{\"@type\":\"SearchAction\",\"target\":{\"@type\":\"EntryPoint\",\"urlTemplate\":\"https:\/\/www.canadahelps.org\/fr\/?s={search_term_string}\"},\"query-input\":{\"@type\":\"PropertyValueSpecification\",\"valueRequired\":true,\"valueName\":\"search_term_string\"}}],\"inLanguage\":\"fr\"},{\"@type\":\"Organization\",\"@id\":\"https:\/\/www.canadahelps.org\/fr\/#organization\",\"name\":\"CanadaHelps\",\"url\":\"https:\/\/www.canadahelps.org\/fr\/\",\"logo\":{\"@type\":\"ImageObject\",\"inLanguage\":\"fr\",\"@id\":\"https:\/\/www.canadahelps.org\/fr\/#\/schema\/logo\/image\/\",\"url\":\"https:\/\/www.canadahelps.org\/media\/canadahelps-en.jpg\",\"contentUrl\":\"https:\/\/www.canadahelps.org\/media\/canadahelps-en.jpg\",\"width\":131,\"height\":72,\"caption\":\"CanadaHelps\"},\"image\":{\"@id\":\"https:\/\/www.canadahelps.org\/fr\/#\/schema\/logo\/image\/\"}}]}<\/script>\n<!-- \/ Yoast SEO plugin. -->","yoast_head_json":{"title":"Evenements Entre Pairs | CanaDon - Faites des dons \u00e0 un organisme de bienfaisance au Canada","robots":{"index":"index","follow":"follow","max-snippet":"max-snippet:-1","max-image-preview":"max-image-preview:large","max-video-preview":"max-video-preview:-1"},"canonical":"https:\/\/www.canadahelps.org\/fr\/pour-les-organismes-de-bienfaisance\/levee-de-fonds\/evenements-entre-pairs\/","og_locale":"fr_FR","og_type":"article","og_title":"Evenements Entre Pairs | CanaDon - Faites des dons \u00e0 un organisme de bienfaisance au Canada","og_description":"Transformez vos sympathisants en champions de la collecte de fonds La plateforme de financement participatif entre particuliers de CanaDon facilite la collecte de fonds par ... Voir plus","og_url":"https:\/\/www.canadahelps.org\/fr\/pour-les-organismes-de-bienfaisance\/levee-de-fonds\/evenements-entre-pairs\/","og_site_name":"CanaDon - Faites des dons \u00e0 un organisme de bienfaisance au Canada","article_modified_time":"2025-06-03T16:39:24+00:00","og_image":[{"url":"https:\/\/www.canadahelps.org\/media\/20250423_mkt-346_002.png","type":"","width":"","height":""}],"twitter_card":"summary_large_image","schema":{"@context":"https:\/\/schema.org","@graph":[{"@type":"WebPage","@id":"https:\/\/www.canadahelps.org\/fr\/pour-les-organismes-de-bienfaisance\/levee-de-fonds\/evenements-entre-pairs\/","url":"https:\/\/www.canadahelps.org\/fr\/pour-les-organismes-de-bienfaisance\/levee-de-fonds\/evenements-entre-pairs\/","name":"Evenements Entre Pairs | CanaDon - Faites des dons \u00e0 un organisme de bienfaisance au Canada","isPartOf":{"@id":"https:\/\/www.canadahelps.org\/fr\/#website"},"primaryImageOfPage":{"@id":"https:\/\/www.canadahelps.org\/fr\/pour-les-organismes-de-bienfaisance\/levee-de-fonds\/evenements-entre-pairs\/#primaryimage"},"image":{"@id":"https:\/\/www.canadahelps.org\/fr\/pour-les-organismes-de-bienfaisance\/levee-de-fonds\/evenements-entre-pairs\/#primaryimage"},"thumbnailUrl":"https:\/\/www.canadahelps.org\/media\/20250423_mkt-346_002.png","datePublished":"2025-06-03T16:38:24+00:00","dateModified":"2025-06-03T16:39:24+00:00","breadcrumb":{"@id":"https:\/\/www.canadahelps.org\/fr\/pour-les-organismes-de-bienfaisance\/levee-de-fonds\/evenements-entre-pairs\/#breadcrumb"},"inLanguage":"fr","potentialAction":[{"@type":"ReadAction","target":["https:\/\/www.canadahelps.org\/fr\/pour-les-organismes-de-bienfaisance\/levee-de-fonds\/evenements-entre-pairs\/"]}]},{"@type":"ImageObject","inLanguage":"fr","@id":"https:\/\/www.canadahelps.org\/fr\/pour-les-organismes-de-bienfaisance\/levee-de-fonds\/evenements-entre-pairs\/#primaryimage","url":"https:\/\/www.canadahelps.org\/media\/20250423_mkt-346_002.png","contentUrl":"https:\/\/www.canadahelps.org\/media\/20250423_mkt-346_002.png"},{"@type":"BreadcrumbList","@id":"https:\/\/www.canadahelps.org\/fr\/pour-les-organismes-de-bienfaisance\/levee-de-fonds\/evenements-entre-pairs\/#breadcrumb","itemListElement":[{"@type":"ListItem","position":1,"name":"Home","item":"https:\/\/www.canadahelps.org\/fr\/"},{"@type":"ListItem","position":2,"name":"Pour les Organismes de Bienfaisance","item":"https:\/\/www.canadahelps.org\/fr\/pour-les-organismes-de-bienfaisance\/"},{"@type":"ListItem","position":3,"name":"Levee de fonds","item":"https:\/\/www.canadahelps.org\/fr\/pour-les-organismes-de-bienfaisance\/levee-de-fonds\/"},{"@type":"ListItem","position":4,"name":"Evenements Entre Pairs"}]},{"@type":"WebSite","@id":"https:\/\/www.canadahelps.org\/fr\/#website","url":"https:\/\/www.canadahelps.org\/fr\/","name":"CanadaHelps - Donate to any charity in Canada","description":"Le don en toute simplicit\u00e9","publisher":{"@id":"https:\/\/www.canadahelps.org\/fr\/#organization"},"potentialAction":[{"@type":"SearchAction","target":{"@type":"EntryPoint","urlTemplate":"https:\/\/www.canadahelps.org\/fr\/?s={search_term_string}"},"query-input":{"@type":"PropertyValueSpecification","valueRequired":true,"valueName":"search_term_string"}}],"inLanguage":"fr"},{"@type":"Organization","@id":"https:\/\/www.canadahelps.org\/fr\/#organization","name":"CanadaHelps","url":"https:\/\/www.canadahelps.org\/fr\/","logo":{"@type":"ImageObject","inLanguage":"fr","@id":"https:\/\/www.canadahelps.org\/fr\/#\/schema\/logo\/image\/","url":"https:\/\/www.canadahelps.org\/media\/canadahelps-en.jpg","contentUrl":"https:\/\/www.canadahelps.org\/media\/canadahelps-en.jpg","width":131,"height":72,"caption":"CanadaHelps"},"image":{"@id":"https:\/\/www.canadahelps.org\/fr\/#\/schema\/logo\/image\/"}}]}},"_links":{"self":[{"href":"https:\/\/www.canadahelps.org\/fr\/wp-json\/wp\/v2\/pages\/54488","targetHints":{"allow":["GET"]}}],"collection":[{"href":"https:\/\/www.canadahelps.org\/fr\/wp-json\/wp\/v2\/pages"}],"about":[{"href":"https:\/\/www.canadahelps.org\/fr\/wp-json\/wp\/v2\/types\/page"}],"author":[{"embeddable":true,"href":"https:\/\/www.canadahelps.org\/fr\/wp-json\/wp\/v2\/users\/30"}],"replies":[{"embeddable":true,"href":"https:\/\/www.canadahelps.org\/fr\/wp-json\/wp\/v2\/comments?post=54488"}],"version-history":[{"count":2,"href":"https:\/\/www.canadahelps.org\/fr\/wp-json\/wp\/v2\/pages\/54488\/revisions"}],"predecessor-version":[{"id":54490,"href":"https:\/\/www.canadahelps.org\/fr\/wp-json\/wp\/v2\/pages\/54488\/revisions\/54490"}],"up":[{"embeddable":true,"href":"https:\/\/www.canadahelps.org\/fr\/wp-json\/wp\/v2\/pages\/54468"}],"wp:attachment":[{"href":"https:\/\/www.canadahelps.org\/fr\/wp-json\/wp\/v2\/media?parent=54488"}],"curies":[{"name":"wp","href":"https:\/\/api.w.org\/{rel}","templated":true}]}}