{"id":54497,"date":"2025-06-03T12:59:40","date_gmt":"2025-06-03T16:59:40","guid":{"rendered":"https:\/\/www.canadahelps.org\/?page_id=54497"},"modified":"2025-11-24T10:45:02","modified_gmt":"2025-11-24T15:45:02","slug":"tarification","status":"publish","type":"page","link":"https:\/\/www.canadahelps.org\/fr\/pour-les-organismes-de-bienfaisance\/tarification\/","title":{"rendered":"Tarification"},"content":{"rendered":"<style>\n.pricing-header, .why-ch-footer {\n  display: flex;\n  justify-content: space-between;\n  align-items: center;\n  gap: 20px;\n}\n.container.why-ch-footer {\n  align-items: flex-start;\n}\n.pricing-header-text {\n  max-width: 506px;\n}\n.pricing-tiles {\n  display: flex;\n  justify-content: space-between;\n  gap: 20px;\n  flex-wrap: wrap;\n}\n.pricing-tile {\n  width: 32%;\n  border-radius: 12px;\n  max-width: 400px;\n}\n.pricing-tile-text {\n  padding: 40px 40px 32px;\n  display: flex;\n  flex-direction: column;\n  justify-content: space-between;\n  height: 100%;\n}\n.pricing-tile .border-gradient {\n  border-radius: 12px 12px 0 0;\n}\n.border-gradient {\n  height: 12px;\n}\n.border-gradient-one {\n  background: linear-gradient(90deg, #BFEFFF 0%, #EBCFFF 100%);\n}\n.border-gradient-two {\n  background: linear-gradient(90deg, #FFFAAE 0%, #FFD2AD 100%);\n}\n.border-gradient-three {\n  background: linear-gradient(90deg, #BFEFFF 0%, #BFFFDE 100%);\n}\n.container.why-ch-footer {\n  padding: 64px 20px;\n  margin: 0 auto -16px;\n}\n@media screen and (max-width: 1200px) {\n  .why-ch-footer, .pricing-header-text, .pricing-header-img {\n    width: 50%;\n  }\n  .pricing-tile {\n    width: 31%;\n  }\n}\n@media screen and (max-width: 992px) {\n  .showcase-charity-wide-tile-img img {\n    width: 300px;\n  }\n  .pricing-tile {\n    width: 48%;\n  }\n}\n@media screen and (max-width: 768px) {\n  .why-ch-footer, .pricing-header {\n    flex-direction: column;\n  }\n  .pricing-header-text {\n    width: 100%;\n    max-width: 100%;\n  }\n  .pricing-header-img {\n    width: 272px;\n  }\n  .pricing-tiles {\n    justify-content: center;\n  }\n  .pricing-tile {\n    width: 100%;\n    max-width: 400px;\n  }\n  .pricing-tile-text {\n    padding: 20px 20px 16px;\n  }\n  .container.why-ch-footer {\n    padding: 40px 20px 0;\n  }\n  .why-ch-footer-col {\n    width: 100%;\n    max-width: 100%;\n  }\n}\n<\/style>\n<div class=\"pricing-header container\">\n<div class=\"pricing-header-img\"><img decoding=\"async\" src=\"https:\/\/www.canadahelps.org\/media\/11cde61a2dd0c2ff60c4965988043ba8769f4e12.jpg\" alt=\"\" width=\"612\" \/><\/div>\n<div class=\"pricing-header-text\">\n<h1 class=\"header-label\">Tarification<\/h1>\n<h2 class=\"header-display\">Outils de <span class=\"ch-underline-gradient\">collecte de fonds<\/span><\/h2>\n<p>Les frais de transaction ci-dessous comprennent tous les services et frais associ\u00e9s, y compris les frais de carte de cr\u00e9dit, de banque et de courtage.<\/p>\n<\/p><\/div>\n<\/div>\n<div class=\"container pricing-tiles\">\n<div class=\"ch-purple-section pricing-tile\">\n<div class=\"border-gradient border-gradient-one\"><\/div>\n<div class=\"pricing-tile-text\">\n<div>\n<h3 class=\"text-white header-secondary\">Formulaires de don<\/h3>\n<p class=\"text-white\">Pas de frais initiaux. Pas de minimums mensuels. Frais de carte de cr\u00e9dit inclus. <\/p>\n<p class=\"text-white\">Les donateurs peuvent choisir de prendre en charge les frais de traitement qui s&#8217;ajoutent au montant total du don, permettant ainsi aux organismes de bienfaisance de recevoir l&#8217;int\u00e9gralit\u00e9 du don pr\u00e9vu.<\/p>\n<\/p><\/div>\n<p><strong class=\"header-display text-white\">3.75%<\/strong><\/p>\n<\/div>\n<\/div>\n<div class=\"ch-purple-section pricing-tile\">\n<div class=\"border-gradient border-gradient-two\"><\/div>\n<div class=\"pricing-tile-text\">\n<div>\n<h3 class=\"text-white header-secondary\">\u00c9v\u00e9nements<\/h3>\n<p class=\"text-white\">Pas de frais initiaux. Pas de minimums mensuels. Frais de carte de cr\u00e9dit inclus.<\/p>\n<\/p><\/div>\n<p><strong class=\"header-display text-white\">5.0%<\/strong><\/p>\n<\/div>\n<\/div>\n<div class=\"ch-purple-section pricing-tile\">\n<div class=\"border-gradient border-gradient-three\"><\/div>\n<div class=\"pricing-tile-text\">\n<div>\n<h3 class=\"text-white header-secondary\">Entre particuliers (P2P)<\/h3>\n<p class=\"text-white\">Pas de frais initiaux. Pas de minimums mensuels. Frais de carte de cr\u00e9dit inclus.<\/p>\n<\/p><\/div>\n<p><strong class=\"header-display text-white\">5.5%<\/strong><\/p>\n<\/div>\n<\/div>\n<div class=\"ch-purple-section pricing-tile\">\n<div class=\"border-gradient border-gradient-one\"><\/div>\n<div class=\"pricing-tile-text\">\n<div>\n<h3 class=\"text-white header-secondary\">Dons de titre<\/h3>\n<p class=\"text-white\"><strong class=\"text-white\">2,5&nbsp;%<\/strong> pour les dons compris entre 10 000 $ et 49 000 $<br \/>\n<strong class=\"text-white\">2,25&nbsp;%<\/strong> pour les dons compris entre 50&nbsp;000&nbsp;$ et 99&nbsp;900&nbsp;$<br \/>\n<strong class=\"text-white\">2&nbsp;%<\/strong> pour les dons compris entre 100&nbsp;000&nbsp;$ et 249&nbsp;000&nbsp;$<br \/>\nForfait de <strong class=\"text-white\">5&nbsp;000&nbsp;$<\/strong> pour les dons compris entre 250&nbsp;000&nbsp;$ et 499&nbsp;900&nbsp;$<br \/>\nForfait de <strong class=\"text-white\">7&nbsp;500&nbsp;$<\/strong> pour les dons compris entre 500&nbsp;000&nbsp;$ et 999&nbsp;900&nbsp;$<br \/>\nForfait de <strong class=\"text-white\">10&nbsp;000&nbsp;$<\/strong> pour les dons compris entre 1&nbsp;M$ et 1,5&nbsp;M$<br \/>\nPour les dons sup\u00e9rieurs \u00e0 1,5&nbsp;M$, veuillez <a href=\"mailto:securities@canadahelp.org\" rel=\"noopener\" target=\"_blank\" style=\"color:#fff\">nous contacter<\/a>.<\/p>\n<\/p><\/div>\n<p><strong class=\"header-display text-white\">2.0\u20133.0%<\/strong><\/p>\n<\/div>\n<\/div>\n<div class=\"ch-purple-section pricing-tile\">\n<div class=\"border-gradient border-gradient-two\"><\/div>\n<div class=\"pricing-tile-text\">\n<div>\n<h3 class=\"text-white header-secondary\">Dons uniques depuis votre profil de l&#8217;organisme<\/h3>\n<p class=\"text-white\">Pas de frais initiaux. Pas de minimums mensuels. Frais de carte de cr\u00e9dit inclus.<\/p>\n<\/p><\/div>\n<p><strong class=\"header-display text-white\">4.5%<\/strong><\/p>\n<\/div>\n<\/div>\n<div class=\"ch-purple-section pricing-tile\">\n<div class=\"border-gradient border-gradient-three\"><\/div>\n<div class=\"pricing-tile-text\">\n<div>\n<h3 class=\"text-white header-secondary\">Dons mensuels<\/h3>\n<p class=\"text-white\">Compris formulaire de dons, entre particuliers. 4% s&#8217;appliquent au profil d\u2019organisme<\/p>\n<\/p><\/div>\n<p><strong class=\"header-display text-white\">3.5%<\/strong><\/p>\n<\/div>\n<\/div>\n<\/div>\n<div class=\"ch-purple-section\">\n<div class=\"border-gradient border-gradient-three\"><\/div>\n<div class=\"container why-ch-footer\">\n<div class=\"why-ch-footer-col\">\n<h3 class=\"header-primary text-white\">Besoin d&#8217;une d\u00e9monstration personnalis\u00e9e ?<\/h3>\n<p>      <a href=\"https:\/\/forcharities.canadahelps.org\/fr\/consultation-en-collecte-de-fonds\" class=\"btn-tertiary\">R\u00e9server un d\u00e9monstration<\/a>\n    <\/div>\n<div class=\"why-ch-footer-col\">\n<h3 class=\"header-primary text-white\">Collectez des fonds en ligne avec CanaDon<\/h3>\n<p>      <a href=\"https:\/\/www.canadahelps.org\/fr\/compte-collecte-de-fonds\/#\/\" class=\"btn-tertiary\">Commencer<\/a>\n    <\/div>\n<\/p><\/div>\n<\/p><\/div>\n<\/div>\n","protected":false},"excerpt":{"rendered":"<p>Tarification Outils de collecte de fonds Les frais de transaction ci-dessous comprennent tous les services et frais associ\u00e9s, y compris les frais de carte de &#8230; <a href=\"https:\/\/www.canadahelps.org\/fr\/pour-les-organismes-de-bienfaisance\/tarification\/\" id=\"canadahelp-blog-meta\">Voir plus<\/a><\/p>\n","protected":false},"author":30,"featured_media":0,"parent":54462,"menu_order":0,"comment_status":"closed","ping_status":"closed","template":"template-ch20-full-width-b2b.php","meta":{"footnotes":""},"class_list":["post-54497","page","type-page","status-publish","hentry"],"acf":{"meta_description":"","use_toc_layout":false,"additional_body_css_classes":"","row_settings":false,"hide_page_title":false,"insert_spotlight_boxes":false,"use_biography_grid":false,"blogs_posts_item":false},"yoast_head":"<!-- This site is optimized with the Yoast SEO plugin v26.0 - https:\/\/yoast.com\/wordpress\/plugins\/seo\/ -->\n<title>Tarification | CanaDon - Faites des dons \u00e0 un organisme de bienfaisance au Canada<\/title>\n<meta name=\"robots\" content=\"index, follow, max-snippet:-1, max-image-preview:large, max-video-preview:-1\" \/>\n<link rel=\"canonical\" href=\"https:\/\/www.canadahelps.org\/fr\/pour-les-organismes-de-bienfaisance\/tarification\/\" \/>\n<meta property=\"og:locale\" content=\"fr_FR\" \/>\n<meta property=\"og:type\" content=\"article\" \/>\n<meta property=\"og:title\" content=\"Tarification | CanaDon - Faites des dons \u00e0 un organisme de bienfaisance au Canada\" \/>\n<meta property=\"og:description\" content=\"Tarification Outils de collecte de fonds Les frais de transaction ci-dessous comprennent tous les services et frais associ\u00e9s, y compris les frais de carte de ... Voir plus\" \/>\n<meta property=\"og:url\" content=\"https:\/\/www.canadahelps.org\/fr\/pour-les-organismes-de-bienfaisance\/tarification\/\" \/>\n<meta property=\"og:site_name\" content=\"CanaDon - Faites des dons \u00e0 un organisme de bienfaisance au Canada\" \/>\n<meta property=\"article:modified_time\" content=\"2025-11-24T15:45:02+00:00\" \/>\n<meta property=\"og:image\" content=\"https:\/\/www.canadahelps.org\/media\/11cde61a2dd0c2ff60c4965988043ba8769f4e12.jpg\" \/>\n<meta name=\"twitter:card\" content=\"summary_large_image\" \/>\n<meta name=\"twitter:label1\" content=\"Est. reading time\" \/>\n\t<meta name=\"twitter:data1\" content=\"2 minutes\" \/>\n<script type=\"application\/ld+json\" class=\"yoast-schema-graph\">{\"@context\":\"https:\/\/schema.org\",\"@graph\":[{\"@type\":\"WebPage\",\"@id\":\"https:\/\/www.canadahelps.org\/fr\/pour-les-organismes-de-bienfaisance\/tarification\/\",\"url\":\"https:\/\/www.canadahelps.org\/fr\/pour-les-organismes-de-bienfaisance\/tarification\/\",\"name\":\"Tarification | CanaDon - Faites des dons \u00e0 un organisme de bienfaisance au Canada\",\"isPartOf\":{\"@id\":\"https:\/\/www.canadahelps.org\/fr\/#website\"},\"primaryImageOfPage\":{\"@id\":\"https:\/\/www.canadahelps.org\/fr\/pour-les-organismes-de-bienfaisance\/tarification\/#primaryimage\"},\"image\":{\"@id\":\"https:\/\/www.canadahelps.org\/fr\/pour-les-organismes-de-bienfaisance\/tarification\/#primaryimage\"},\"thumbnailUrl\":\"https:\/\/www.canadahelps.org\/media\/11cde61a2dd0c2ff60c4965988043ba8769f4e12.jpg\",\"datePublished\":\"2025-06-03T16:59:40+00:00\",\"dateModified\":\"2025-11-24T15:45:02+00:00\",\"breadcrumb\":{\"@id\":\"https:\/\/www.canadahelps.org\/fr\/pour-les-organismes-de-bienfaisance\/tarification\/#breadcrumb\"},\"inLanguage\":\"fr\",\"potentialAction\":[{\"@type\":\"ReadAction\",\"target\":[\"https:\/\/www.canadahelps.org\/fr\/pour-les-organismes-de-bienfaisance\/tarification\/\"]}]},{\"@type\":\"ImageObject\",\"inLanguage\":\"fr\",\"@id\":\"https:\/\/www.canadahelps.org\/fr\/pour-les-organismes-de-bienfaisance\/tarification\/#primaryimage\",\"url\":\"https:\/\/www.canadahelps.org\/media\/11cde61a2dd0c2ff60c4965988043ba8769f4e12.jpg\",\"contentUrl\":\"https:\/\/www.canadahelps.org\/media\/11cde61a2dd0c2ff60c4965988043ba8769f4e12.jpg\"},{\"@type\":\"BreadcrumbList\",\"@id\":\"https:\/\/www.canadahelps.org\/fr\/pour-les-organismes-de-bienfaisance\/tarification\/#breadcrumb\",\"itemListElement\":[{\"@type\":\"ListItem\",\"position\":1,\"name\":\"Home\",\"item\":\"https:\/\/www.canadahelps.org\/fr\/\"},{\"@type\":\"ListItem\",\"position\":2,\"name\":\"Pour les Organismes de Bienfaisance\",\"item\":\"https:\/\/www.canadahelps.org\/fr\/pour-les-organismes-de-bienfaisance\/\"},{\"@type\":\"ListItem\",\"position\":3,\"name\":\"Tarification\"}]},{\"@type\":\"WebSite\",\"@id\":\"https:\/\/www.canadahelps.org\/fr\/#website\",\"url\":\"https:\/\/www.canadahelps.org\/fr\/\",\"name\":\"CanadaHelps - Donate to any charity in Canada\",\"description\":\"Le don en toute simplicit\u00e9\",\"publisher\":{\"@id\":\"https:\/\/www.canadahelps.org\/fr\/#organization\"},\"potentialAction\":[{\"@type\":\"SearchAction\",\"target\":{\"@type\":\"EntryPoint\",\"urlTemplate\":\"https:\/\/www.canadahelps.org\/fr\/?s={search_term_string}\"},\"query-input\":{\"@type\":\"PropertyValueSpecification\",\"valueRequired\":true,\"valueName\":\"search_term_string\"}}],\"inLanguage\":\"fr\"},{\"@type\":\"Organization\",\"@id\":\"https:\/\/www.canadahelps.org\/fr\/#organization\",\"name\":\"CanadaHelps\",\"url\":\"https:\/\/www.canadahelps.org\/fr\/\",\"logo\":{\"@type\":\"ImageObject\",\"inLanguage\":\"fr\",\"@id\":\"https:\/\/www.canadahelps.org\/fr\/#\/schema\/logo\/image\/\",\"url\":\"https:\/\/www.canadahelps.org\/media\/canadahelps-en.jpg\",\"contentUrl\":\"https:\/\/www.canadahelps.org\/media\/canadahelps-en.jpg\",\"width\":131,\"height\":72,\"caption\":\"CanadaHelps\"},\"image\":{\"@id\":\"https:\/\/www.canadahelps.org\/fr\/#\/schema\/logo\/image\/\"}}]}<\/script>\n<!-- \/ Yoast SEO plugin. -->","yoast_head_json":{"title":"Tarification | CanaDon - Faites des dons \u00e0 un organisme de bienfaisance au Canada","robots":{"index":"index","follow":"follow","max-snippet":"max-snippet:-1","max-image-preview":"max-image-preview:large","max-video-preview":"max-video-preview:-1"},"canonical":"https:\/\/www.canadahelps.org\/fr\/pour-les-organismes-de-bienfaisance\/tarification\/","og_locale":"fr_FR","og_type":"article","og_title":"Tarification | CanaDon - Faites des dons \u00e0 un organisme de bienfaisance au Canada","og_description":"Tarification Outils de collecte de fonds Les frais de transaction ci-dessous comprennent tous les services et frais associ\u00e9s, y compris les frais de carte de ... Voir plus","og_url":"https:\/\/www.canadahelps.org\/fr\/pour-les-organismes-de-bienfaisance\/tarification\/","og_site_name":"CanaDon - Faites des dons \u00e0 un organisme de bienfaisance au Canada","article_modified_time":"2025-11-24T15:45:02+00:00","og_image":[{"url":"https:\/\/www.canadahelps.org\/media\/11cde61a2dd0c2ff60c4965988043ba8769f4e12.jpg","type":"","width":"","height":""}],"twitter_card":"summary_large_image","twitter_misc":{"Est. reading time":"2 minutes"},"schema":{"@context":"https:\/\/schema.org","@graph":[{"@type":"WebPage","@id":"https:\/\/www.canadahelps.org\/fr\/pour-les-organismes-de-bienfaisance\/tarification\/","url":"https:\/\/www.canadahelps.org\/fr\/pour-les-organismes-de-bienfaisance\/tarification\/","name":"Tarification | CanaDon - Faites des dons \u00e0 un organisme de bienfaisance au Canada","isPartOf":{"@id":"https:\/\/www.canadahelps.org\/fr\/#website"},"primaryImageOfPage":{"@id":"https:\/\/www.canadahelps.org\/fr\/pour-les-organismes-de-bienfaisance\/tarification\/#primaryimage"},"image":{"@id":"https:\/\/www.canadahelps.org\/fr\/pour-les-organismes-de-bienfaisance\/tarification\/#primaryimage"},"thumbnailUrl":"https:\/\/www.canadahelps.org\/media\/11cde61a2dd0c2ff60c4965988043ba8769f4e12.jpg","datePublished":"2025-06-03T16:59:40+00:00","dateModified":"2025-11-24T15:45:02+00:00","breadcrumb":{"@id":"https:\/\/www.canadahelps.org\/fr\/pour-les-organismes-de-bienfaisance\/tarification\/#breadcrumb"},"inLanguage":"fr","potentialAction":[{"@type":"ReadAction","target":["https:\/\/www.canadahelps.org\/fr\/pour-les-organismes-de-bienfaisance\/tarification\/"]}]},{"@type":"ImageObject","inLanguage":"fr","@id":"https:\/\/www.canadahelps.org\/fr\/pour-les-organismes-de-bienfaisance\/tarification\/#primaryimage","url":"https:\/\/www.canadahelps.org\/media\/11cde61a2dd0c2ff60c4965988043ba8769f4e12.jpg","contentUrl":"https:\/\/www.canadahelps.org\/media\/11cde61a2dd0c2ff60c4965988043ba8769f4e12.jpg"},{"@type":"BreadcrumbList","@id":"https:\/\/www.canadahelps.org\/fr\/pour-les-organismes-de-bienfaisance\/tarification\/#breadcrumb","itemListElement":[{"@type":"ListItem","position":1,"name":"Home","item":"https:\/\/www.canadahelps.org\/fr\/"},{"@type":"ListItem","position":2,"name":"Pour les Organismes de Bienfaisance","item":"https:\/\/www.canadahelps.org\/fr\/pour-les-organismes-de-bienfaisance\/"},{"@type":"ListItem","position":3,"name":"Tarification"}]},{"@type":"WebSite","@id":"https:\/\/www.canadahelps.org\/fr\/#website","url":"https:\/\/www.canadahelps.org\/fr\/","name":"CanadaHelps - Donate to any charity in Canada","description":"Le don en toute simplicit\u00e9","publisher":{"@id":"https:\/\/www.canadahelps.org\/fr\/#organization"},"potentialAction":[{"@type":"SearchAction","target":{"@type":"EntryPoint","urlTemplate":"https:\/\/www.canadahelps.org\/fr\/?s={search_term_string}"},"query-input":{"@type":"PropertyValueSpecification","valueRequired":true,"valueName":"search_term_string"}}],"inLanguage":"fr"},{"@type":"Organization","@id":"https:\/\/www.canadahelps.org\/fr\/#organization","name":"CanadaHelps","url":"https:\/\/www.canadahelps.org\/fr\/","logo":{"@type":"ImageObject","inLanguage":"fr","@id":"https:\/\/www.canadahelps.org\/fr\/#\/schema\/logo\/image\/","url":"https:\/\/www.canadahelps.org\/media\/canadahelps-en.jpg","contentUrl":"https:\/\/www.canadahelps.org\/media\/canadahelps-en.jpg","width":131,"height":72,"caption":"CanadaHelps"},"image":{"@id":"https:\/\/www.canadahelps.org\/fr\/#\/schema\/logo\/image\/"}}]}},"_links":{"self":[{"href":"https:\/\/www.canadahelps.org\/fr\/wp-json\/wp\/v2\/pages\/54497","targetHints":{"allow":["GET"]}}],"collection":[{"href":"https:\/\/www.canadahelps.org\/fr\/wp-json\/wp\/v2\/pages"}],"about":[{"href":"https:\/\/www.canadahelps.org\/fr\/wp-json\/wp\/v2\/types\/page"}],"author":[{"embeddable":true,"href":"https:\/\/www.canadahelps.org\/fr\/wp-json\/wp\/v2\/users\/30"}],"replies":[{"embeddable":true,"href":"https:\/\/www.canadahelps.org\/fr\/wp-json\/wp\/v2\/comments?post=54497"}],"version-history":[{"count":7,"href":"https:\/\/www.canadahelps.org\/fr\/wp-json\/wp\/v2\/pages\/54497\/revisions"}],"predecessor-version":[{"id":57025,"href":"https:\/\/www.canadahelps.org\/fr\/wp-json\/wp\/v2\/pages\/54497\/revisions\/57025"}],"up":[{"embeddable":true,"href":"https:\/\/www.canadahelps.org\/fr\/wp-json\/wp\/v2\/pages\/54462"}],"wp:attachment":[{"href":"https:\/\/www.canadahelps.org\/fr\/wp-json\/wp\/v2\/media?parent=54497"}],"curies":[{"name":"wp","href":"https:\/\/api.w.org\/{rel}","templated":true}]}}