{"id":54503,"date":"2025-06-03T13:04:36","date_gmt":"2025-06-03T17:04:36","guid":{"rendered":"https:\/\/www.canadahelps.org\/?page_id=54503"},"modified":"2025-06-11T12:36:13","modified_gmt":"2025-06-11T16:36:13","slug":"valeurs-mobilieres","status":"publish","type":"page","link":"https:\/\/www.canadahelps.org\/fr\/pour-les-organismes-de-bienfaisance\/levee-de-fonds\/valeurs-mobilieres\/","title":{"rendered":"Valeurs Mobilieres"},"content":{"rendered":"<style>#b2b-securities-get-information,#b2b-securities-how{width:90%;margin:96px auto;max-width:1288px}#b2b-securities-one-to-four{background-color:#f4f3f6;padding:70px 100px}.b2b-securities-side-by-side{display:flex;max-width:1288px;margin:0 auto}.b2b-left,.b2b-right{width:50%;padding:50px 50px 0 50px}.b2b-left img,.b2b-righ img{width:100%}#b2b-securities-one-to-four-flex{display:flex;justify-content:space-evenly;max-width:1288px;margin:0 auto}.b2b-securities-one-to-four-flex-item{width:25%;padding:20px}.b2b-securities-one-to-four-flex-item h2{font-size:103px}ul.b2b-securities-get-information-list{padding:0 20px;margin:20px 0}.b2b-securities-get-information-list>li{list-style:disc;padding:10px}#b2b-securities-blue-banner-gradient{height:12px}#b2b-securities-blue-banner{background-color:#1b1750;color:#fff}#b2b-securities-blue-banner-container{width:90%;margin:0 auto}.b2b-securities-blue-banner-item{padding:50px}.b2b-securities-blue-banner-item .header-primary{color:#fff}.b2b-securities-blue-banner-item .btn-secondary{background-color:#fff}.ch-divider-gradient{height:12px;background:linear-gradient(90deg,#bfffde 0,#bfefff 100%)}@media screen and (max-width:640px){.b2b-securities-side-by-side{flex-direction:column}.b2b-left,.b2b-right{width:100%;padding:0 50px 0 50px}#b2b-securities-one-to-four{background-color:#f4f3f6;padding:30px}#b2b-securities-one-to-four-flex{flex-direction:column}.b2b-securities-one-to-four-flex-item{width:100%}.b2b-securities-one-to-four-flex-item h2{font-size:50px}}<\/style>\n<section id=\"b2b-securities-how\">\n<div class=\"b2b-securities-side-by-side\">\n<div class=\"b2b-left\">\n<p class=\"header-label\">DONS DE VALEURS MOBILI\u00c8RES<\/p>\n<h1 class=\"header-display\">Fonctionnement des <span class=\"ch-underline-gradient\">dons de valeurs mobili\u00e8res<\/span><br \/>\n            avec CanaDon<\/h1>\n<\/p><\/div>\n<div class=\"b2b-right\">\n        <img decoding=\"async\" src=\"https:\/\/www.canadahelps.org\/media\/20250428_mkt347_001.png\" alt=\"\">\n        <\/div>\n<\/p><\/div>\n<\/section>\n<section id=\"b2b-securities-one-to-four\">\n<div class=\"container\">\n<div id=\"b2b-securities-one-to-four-flex\">\n<div class=\"b2b-securities-one-to-four-flex-item\">\n<h2>1<\/h2>\n<p>    Les donateurs seront invit\u00e9s \u00e0 fournir quelques informations de base. L&#8217;outil en ligne produira automatiquement une lettre d&#8217;instructions.\n    <\/p><\/div>\n<div class=\"b2b-securities-one-to-four-flex-item\">\n<h2>2<\/h2>\n<p>Le donateur signe la lettre d&#8217;instructions et l&#8217;envoie \u00e0 son courtier\/institution financi\u00e8re.\n<\/p><\/div>\n<div class=\"b2b-securities-one-to-four-flex-item\">\n<h2>3<\/h2>\n<p>Le courtier\/l&#8217;institution financi\u00e8re transf\u00e8re les actions du compte d&#8217;investissement du donateur \u00e0 CanaDon.\n<\/p><\/div>\n<div class=\"b2b-securities-one-to-four-flex-item\">\n<h2>4<\/h2>\n<p>CanaDon facilite la vente des valeurs mobili\u00e8res, \u00e9met le re\u00e7u fiscal, tient le donateur inform\u00e9 \u00e0 chaque \u00e9tape du processus et transf\u00e8re le produit de la vente sur le compte bancaire de l&#8217;organisme de bienfaisance.<\/p><\/div>\n<\/div>\n<p><a class=\"btn-primary\" href=\"https:\/\/www.canadahelps.org\/fr\/sign-in?ReturnUrl=%2fen%2fAdmin%2fDonationForms%2f%3fpendo%3dJy5qeSRc1uuzrCeuOzWS-w9JbxI%26step%3d3aS4BjEh6IlTBtXt0ba2zVgLQ_A&pendo=Jy5qeSRc1uuzrCeuOzWS-w9JbxI&step=3aS4BjEh6IlTBtXt0ba2zVgLQ_A\">Accepter les dons de valeurs mobili\u00e8res<\/a>\n<\/div>\n<\/section>\n<section id=\"b2b-securities-get-information\">\n<div class=\"b2b-securities-side-by-side\">\n<div class=\"b2b-left\">\n        <img decoding=\"async\" src=\"https:\/\/www.canadahelps.org\/media\/2021085949.png\" alt=\"\"><\/p>\n<\/div>\n<div class=\"b2b-right\">\n<h2 class=\"header-primary\">Obtenez les informations dont vous avez besoin pour commencer \u00e0 \u00e9laborer une strat\u00e9gie d&#8217;acceptation des dons de valeurs mobili\u00e8res<\/h2>\n<p>Dans ce livre blanc complet r\u00e9dig\u00e9 par CanaDon et des experts du secteur, vous trouverez tout ce dont vous avez besoin pour commencer \u00e0 accepter ce type de don.<\/p>\n<p><strong>Vous y apprendrez ce qui suit:<\/strong><\/p>\n<ul class=\"b2b-securities-get-information-list\">\n<li>Ce que sont les valeurs mobili\u00e8res et pourquoi ils sont importants pour les organismes de bienfaisance et les donateurs;<\/li>\n<li>Comment \u00e9laborer une strat\u00e9gie et tirer parti des principales tactiques;<\/li>\n<li>Les avantages pour vos donateurs;<\/li>\n<li>Des ressources pour aider vos efforts de sensibilisation;<\/li>\n<li>Comment CanaDon simplifie les dons de valeurs mobili\u00e8res<\/li>\n<\/ul>\n<p><a href=\"https:\/\/forcharities.canadahelps.org\/whitepapers\/donations-of-securities\" class=\"btn-primary\">T\u00e9l\u00e9charger maintenant<\/a>\n<\/div>\n<\/p><\/div>\n<\/section>\n<div id=\"b2b-securities-blue-banner-gradient\" class=\"gradient-primary\"><\/div>\n<section id=\"b2b-securities-blue-banner\">\n<div id=\"b2b-securities-blue-banner-container\">\n<div class=\"b2b-securities-side-by-side\">\n<div class=\"b2b-securities-blue-banner-item\">\n<h2 class=\"header-primary\">Besoin d\u2019une visite personnalis\u00e9e\u202f?<\/h2>\n<p>            <a class=\"btn-secondary\" href=\"https:\/\/www.canadahelps.org\/fr\/pour-les-organismes-de-bienfaisance\/levee-de-fonds\/consultation-en-levee-de-fonds\/\">R\u00e9servez une d\u00e9monstration<\/a><\/p><\/div>\n<div class=\"b2b-securities-blue-banner-item\">\n<h2 class=\"header-primary\">Faites une collecte de fonds en ligne avec CanaDon<\/h2>\n<p>            <a class=\"btn-secondary\" href=\"https:\/\/www.canadahelps.org\/fr\/compte-collecte-de-fonds\/#\/\">Commencer<\/a><\/p><\/div>\n<\/p><\/div>\n<\/p><\/div>\n<\/section>\n","protected":false},"excerpt":{"rendered":"<p>DONS DE VALEURS MOBILI\u00c8RES Fonctionnement des dons de valeurs mobili\u00e8res avec CanaDon 1 Les donateurs seront invit\u00e9s \u00e0 fournir quelques informations de base. L&#8217;outil en &#8230; <a href=\"https:\/\/www.canadahelps.org\/fr\/pour-les-organismes-de-bienfaisance\/levee-de-fonds\/valeurs-mobilieres\/\" id=\"canadahelp-blog-meta\">Voir plus<\/a><\/p>\n","protected":false},"author":30,"featured_media":0,"parent":54468,"menu_order":0,"comment_status":"closed","ping_status":"closed","template":"template-ch20-full-width-b2b.php","meta":{"footnotes":""},"class_list":["post-54503","page","type-page","status-publish","hentry"],"acf":{"meta_description":"","use_toc_layout":false,"additional_body_css_classes":"","row_settings":false,"hide_page_title":false,"insert_spotlight_boxes":false,"use_biography_grid":false,"blogs_posts_item":false},"yoast_head":"<!-- This site is optimized with the Yoast SEO plugin v26.0 - https:\/\/yoast.com\/wordpress\/plugins\/seo\/ -->\n<title>Valeurs Mobilieres | CanaDon - Faites des dons \u00e0 un organisme de bienfaisance au Canada<\/title>\n<meta name=\"robots\" content=\"index, follow, max-snippet:-1, max-image-preview:large, max-video-preview:-1\" \/>\n<link rel=\"canonical\" href=\"https:\/\/www.canadahelps.org\/fr\/pour-les-organismes-de-bienfaisance\/levee-de-fonds\/valeurs-mobilieres\/\" \/>\n<meta property=\"og:locale\" content=\"fr_FR\" \/>\n<meta property=\"og:type\" content=\"article\" \/>\n<meta property=\"og:title\" content=\"Valeurs Mobilieres | CanaDon - Faites des dons \u00e0 un organisme de bienfaisance au Canada\" \/>\n<meta property=\"og:description\" content=\"DONS DE VALEURS MOBILI\u00c8RES Fonctionnement des dons de valeurs mobili\u00e8res avec CanaDon 1 Les donateurs seront invit\u00e9s \u00e0 fournir quelques informations de base. L&#8217;outil en ... Voir plus\" \/>\n<meta property=\"og:url\" content=\"https:\/\/www.canadahelps.org\/fr\/pour-les-organismes-de-bienfaisance\/levee-de-fonds\/valeurs-mobilieres\/\" \/>\n<meta property=\"og:site_name\" content=\"CanaDon - Faites des dons \u00e0 un organisme de bienfaisance au Canada\" \/>\n<meta property=\"article:modified_time\" content=\"2025-06-11T16:36:13+00:00\" \/>\n<meta property=\"og:image\" content=\"https:\/\/www.canadahelps.org\/media\/20250428_mkt347_001.png\" \/>\n<meta name=\"twitter:card\" content=\"summary_large_image\" \/>\n<meta name=\"twitter:label1\" content=\"Est. reading time\" \/>\n\t<meta name=\"twitter:data1\" content=\"2 minutes\" \/>\n<script type=\"application\/ld+json\" class=\"yoast-schema-graph\">{\"@context\":\"https:\/\/schema.org\",\"@graph\":[{\"@type\":\"WebPage\",\"@id\":\"https:\/\/www.canadahelps.org\/fr\/pour-les-organismes-de-bienfaisance\/levee-de-fonds\/valeurs-mobilieres\/\",\"url\":\"https:\/\/www.canadahelps.org\/fr\/pour-les-organismes-de-bienfaisance\/levee-de-fonds\/valeurs-mobilieres\/\",\"name\":\"Valeurs Mobilieres | CanaDon - Faites des dons \u00e0 un organisme de bienfaisance au Canada\",\"isPartOf\":{\"@id\":\"https:\/\/www.canadahelps.org\/fr\/#website\"},\"primaryImageOfPage\":{\"@id\":\"https:\/\/www.canadahelps.org\/fr\/pour-les-organismes-de-bienfaisance\/levee-de-fonds\/valeurs-mobilieres\/#primaryimage\"},\"image\":{\"@id\":\"https:\/\/www.canadahelps.org\/fr\/pour-les-organismes-de-bienfaisance\/levee-de-fonds\/valeurs-mobilieres\/#primaryimage\"},\"thumbnailUrl\":\"https:\/\/www.canadahelps.org\/media\/20250428_mkt347_001.png\",\"datePublished\":\"2025-06-03T17:04:36+00:00\",\"dateModified\":\"2025-06-11T16:36:13+00:00\",\"breadcrumb\":{\"@id\":\"https:\/\/www.canadahelps.org\/fr\/pour-les-organismes-de-bienfaisance\/levee-de-fonds\/valeurs-mobilieres\/#breadcrumb\"},\"inLanguage\":\"fr\",\"potentialAction\":[{\"@type\":\"ReadAction\",\"target\":[\"https:\/\/www.canadahelps.org\/fr\/pour-les-organismes-de-bienfaisance\/levee-de-fonds\/valeurs-mobilieres\/\"]}]},{\"@type\":\"ImageObject\",\"inLanguage\":\"fr\",\"@id\":\"https:\/\/www.canadahelps.org\/fr\/pour-les-organismes-de-bienfaisance\/levee-de-fonds\/valeurs-mobilieres\/#primaryimage\",\"url\":\"https:\/\/www.canadahelps.org\/media\/20250428_mkt347_001.png\",\"contentUrl\":\"https:\/\/www.canadahelps.org\/media\/20250428_mkt347_001.png\"},{\"@type\":\"BreadcrumbList\",\"@id\":\"https:\/\/www.canadahelps.org\/fr\/pour-les-organismes-de-bienfaisance\/levee-de-fonds\/valeurs-mobilieres\/#breadcrumb\",\"itemListElement\":[{\"@type\":\"ListItem\",\"position\":1,\"name\":\"Home\",\"item\":\"https:\/\/www.canadahelps.org\/fr\/\"},{\"@type\":\"ListItem\",\"position\":2,\"name\":\"Pour les Organismes de Bienfaisance\",\"item\":\"https:\/\/www.canadahelps.org\/fr\/pour-les-organismes-de-bienfaisance\/\"},{\"@type\":\"ListItem\",\"position\":3,\"name\":\"Levee de fonds\",\"item\":\"https:\/\/www.canadahelps.org\/fr\/pour-les-organismes-de-bienfaisance\/levee-de-fonds\/\"},{\"@type\":\"ListItem\",\"position\":4,\"name\":\"Valeurs Mobilieres\"}]},{\"@type\":\"WebSite\",\"@id\":\"https:\/\/www.canadahelps.org\/fr\/#website\",\"url\":\"https:\/\/www.canadahelps.org\/fr\/\",\"name\":\"CanadaHelps - Donate to any charity in Canada\",\"description\":\"Le don en toute simplicit\u00e9\",\"publisher\":{\"@id\":\"https:\/\/www.canadahelps.org\/fr\/#organization\"},\"potentialAction\":[{\"@type\":\"SearchAction\",\"target\":{\"@type\":\"EntryPoint\",\"urlTemplate\":\"https:\/\/www.canadahelps.org\/fr\/?s={search_term_string}\"},\"query-input\":{\"@type\":\"PropertyValueSpecification\",\"valueRequired\":true,\"valueName\":\"search_term_string\"}}],\"inLanguage\":\"fr\"},{\"@type\":\"Organization\",\"@id\":\"https:\/\/www.canadahelps.org\/fr\/#organization\",\"name\":\"CanadaHelps\",\"url\":\"https:\/\/www.canadahelps.org\/fr\/\",\"logo\":{\"@type\":\"ImageObject\",\"inLanguage\":\"fr\",\"@id\":\"https:\/\/www.canadahelps.org\/fr\/#\/schema\/logo\/image\/\",\"url\":\"https:\/\/www.canadahelps.org\/media\/canadahelps-en.jpg\",\"contentUrl\":\"https:\/\/www.canadahelps.org\/media\/canadahelps-en.jpg\",\"width\":131,\"height\":72,\"caption\":\"CanadaHelps\"},\"image\":{\"@id\":\"https:\/\/www.canadahelps.org\/fr\/#\/schema\/logo\/image\/\"}}]}<\/script>\n<!-- \/ Yoast SEO plugin. -->","yoast_head_json":{"title":"Valeurs Mobilieres | CanaDon - Faites des dons \u00e0 un organisme de bienfaisance au Canada","robots":{"index":"index","follow":"follow","max-snippet":"max-snippet:-1","max-image-preview":"max-image-preview:large","max-video-preview":"max-video-preview:-1"},"canonical":"https:\/\/www.canadahelps.org\/fr\/pour-les-organismes-de-bienfaisance\/levee-de-fonds\/valeurs-mobilieres\/","og_locale":"fr_FR","og_type":"article","og_title":"Valeurs Mobilieres | CanaDon - Faites des dons \u00e0 un organisme de bienfaisance au Canada","og_description":"DONS DE VALEURS MOBILI\u00c8RES Fonctionnement des dons de valeurs mobili\u00e8res avec CanaDon 1 Les donateurs seront invit\u00e9s \u00e0 fournir quelques informations de base. L&#8217;outil en ... Voir plus","og_url":"https:\/\/www.canadahelps.org\/fr\/pour-les-organismes-de-bienfaisance\/levee-de-fonds\/valeurs-mobilieres\/","og_site_name":"CanaDon - Faites des dons \u00e0 un organisme de bienfaisance au Canada","article_modified_time":"2025-06-11T16:36:13+00:00","og_image":[{"url":"https:\/\/www.canadahelps.org\/media\/20250428_mkt347_001.png","type":"","width":"","height":""}],"twitter_card":"summary_large_image","twitter_misc":{"Est. reading time":"2 minutes"},"schema":{"@context":"https:\/\/schema.org","@graph":[{"@type":"WebPage","@id":"https:\/\/www.canadahelps.org\/fr\/pour-les-organismes-de-bienfaisance\/levee-de-fonds\/valeurs-mobilieres\/","url":"https:\/\/www.canadahelps.org\/fr\/pour-les-organismes-de-bienfaisance\/levee-de-fonds\/valeurs-mobilieres\/","name":"Valeurs Mobilieres | CanaDon - Faites des dons \u00e0 un organisme de bienfaisance au Canada","isPartOf":{"@id":"https:\/\/www.canadahelps.org\/fr\/#website"},"primaryImageOfPage":{"@id":"https:\/\/www.canadahelps.org\/fr\/pour-les-organismes-de-bienfaisance\/levee-de-fonds\/valeurs-mobilieres\/#primaryimage"},"image":{"@id":"https:\/\/www.canadahelps.org\/fr\/pour-les-organismes-de-bienfaisance\/levee-de-fonds\/valeurs-mobilieres\/#primaryimage"},"thumbnailUrl":"https:\/\/www.canadahelps.org\/media\/20250428_mkt347_001.png","datePublished":"2025-06-03T17:04:36+00:00","dateModified":"2025-06-11T16:36:13+00:00","breadcrumb":{"@id":"https:\/\/www.canadahelps.org\/fr\/pour-les-organismes-de-bienfaisance\/levee-de-fonds\/valeurs-mobilieres\/#breadcrumb"},"inLanguage":"fr","potentialAction":[{"@type":"ReadAction","target":["https:\/\/www.canadahelps.org\/fr\/pour-les-organismes-de-bienfaisance\/levee-de-fonds\/valeurs-mobilieres\/"]}]},{"@type":"ImageObject","inLanguage":"fr","@id":"https:\/\/www.canadahelps.org\/fr\/pour-les-organismes-de-bienfaisance\/levee-de-fonds\/valeurs-mobilieres\/#primaryimage","url":"https:\/\/www.canadahelps.org\/media\/20250428_mkt347_001.png","contentUrl":"https:\/\/www.canadahelps.org\/media\/20250428_mkt347_001.png"},{"@type":"BreadcrumbList","@id":"https:\/\/www.canadahelps.org\/fr\/pour-les-organismes-de-bienfaisance\/levee-de-fonds\/valeurs-mobilieres\/#breadcrumb","itemListElement":[{"@type":"ListItem","position":1,"name":"Home","item":"https:\/\/www.canadahelps.org\/fr\/"},{"@type":"ListItem","position":2,"name":"Pour les Organismes de Bienfaisance","item":"https:\/\/www.canadahelps.org\/fr\/pour-les-organismes-de-bienfaisance\/"},{"@type":"ListItem","position":3,"name":"Levee de fonds","item":"https:\/\/www.canadahelps.org\/fr\/pour-les-organismes-de-bienfaisance\/levee-de-fonds\/"},{"@type":"ListItem","position":4,"name":"Valeurs Mobilieres"}]},{"@type":"WebSite","@id":"https:\/\/www.canadahelps.org\/fr\/#website","url":"https:\/\/www.canadahelps.org\/fr\/","name":"CanadaHelps - Donate to any charity in Canada","description":"Le don en toute simplicit\u00e9","publisher":{"@id":"https:\/\/www.canadahelps.org\/fr\/#organization"},"potentialAction":[{"@type":"SearchAction","target":{"@type":"EntryPoint","urlTemplate":"https:\/\/www.canadahelps.org\/fr\/?s={search_term_string}"},"query-input":{"@type":"PropertyValueSpecification","valueRequired":true,"valueName":"search_term_string"}}],"inLanguage":"fr"},{"@type":"Organization","@id":"https:\/\/www.canadahelps.org\/fr\/#organization","name":"CanadaHelps","url":"https:\/\/www.canadahelps.org\/fr\/","logo":{"@type":"ImageObject","inLanguage":"fr","@id":"https:\/\/www.canadahelps.org\/fr\/#\/schema\/logo\/image\/","url":"https:\/\/www.canadahelps.org\/media\/canadahelps-en.jpg","contentUrl":"https:\/\/www.canadahelps.org\/media\/canadahelps-en.jpg","width":131,"height":72,"caption":"CanadaHelps"},"image":{"@id":"https:\/\/www.canadahelps.org\/fr\/#\/schema\/logo\/image\/"}}]}},"_links":{"self":[{"href":"https:\/\/www.canadahelps.org\/fr\/wp-json\/wp\/v2\/pages\/54503","targetHints":{"allow":["GET"]}}],"collection":[{"href":"https:\/\/www.canadahelps.org\/fr\/wp-json\/wp\/v2\/pages"}],"about":[{"href":"https:\/\/www.canadahelps.org\/fr\/wp-json\/wp\/v2\/types\/page"}],"author":[{"embeddable":true,"href":"https:\/\/www.canadahelps.org\/fr\/wp-json\/wp\/v2\/users\/30"}],"replies":[{"embeddable":true,"href":"https:\/\/www.canadahelps.org\/fr\/wp-json\/wp\/v2\/comments?post=54503"}],"version-history":[{"count":4,"href":"https:\/\/www.canadahelps.org\/fr\/wp-json\/wp\/v2\/pages\/54503\/revisions"}],"predecessor-version":[{"id":54743,"href":"https:\/\/www.canadahelps.org\/fr\/wp-json\/wp\/v2\/pages\/54503\/revisions\/54743"}],"up":[{"embeddable":true,"href":"https:\/\/www.canadahelps.org\/fr\/wp-json\/wp\/v2\/pages\/54468"}],"wp:attachment":[{"href":"https:\/\/www.canadahelps.org\/fr\/wp-json\/wp\/v2\/media?parent=54503"}],"curies":[{"name":"wp","href":"https:\/\/api.w.org\/{rel}","templated":true}]}}