{"id":54512,"date":"2025-06-03T13:10:43","date_gmt":"2025-06-03T17:10:43","guid":{"rendered":"https:\/\/www.canadahelps.org\/?page_id=54512"},"modified":"2025-06-03T13:11:25","modified_gmt":"2025-06-03T17:11:25","slug":"evenements-avec-vente-de-billets","status":"publish","type":"page","link":"https:\/\/www.canadahelps.org\/fr\/pour-les-organismes-de-bienfaisance\/levee-de-fonds\/evenements-avec-vente-de-billets\/","title":{"rendered":"Evenements avec vente de billets"},"content":{"rendered":"<style>#b2b-events-easiest,#b2b-events-manage,#b2b-events-maximize,#b2b-events-online{width:90%;margin:96px auto;max-width:1288px}.b2bevents-side-by-side{display:flex;max-width:1288px;margin:0 auto}.b2b-left,.b2b-right{width:50%;padding:50px 50px 0 50px}.b2b-left img,.b2b-righ img{width:100%}.b2bevents-platform-btns{display:flex;gap:10px}.ch-quote-top{display:flex;justify-content:flex-start;margin:200px auto 0 auto}img.top-quote-mark{margin:-100px 0 0 30px}img.bottom-quote-mark{transform:rotate(180deg);margin:0 30px -150px 0}.ch-quote-body{padding:0 200px;margin:0 auto;color:#fff}.ch-quote-body p.header-primary{font-weight:700}.ch-quote-bottom{padding-bottom:50px;display:flex;justify-content:end;margin-bottom:150px}#b2b-events-savetime{width:90%;margin:0 auto}.b2b-person{display:flex;justify-content:flex-end;margin:0}.b2b-person p{margin:0}#b2b-events-need-fundraise-gradient{height:12px}#b2b-events-need-fundraise{background-color:#1b1750;color:#fff}#b2b-events-need-fundraise-container{width:90%;margin:0 auto}.b2b-events-need-fundraise-item{padding:50px}.b2b-events-need-fundraise-item .header-primary{color:#fff}.b2b-events-need-fundraise-item .btn-secondary{background-color:#fff}body p{font-family:Inter,arial,sans-serif;font-size:16px;line-height:24px;color:#1b1750}@media screen and (max-width:640px){.b2bevents-side-by-side{flex-direction:column}.b2b-left,.b2b-right{width:100%;padding:00px 50px 0 50px}.b2bevents-platform-btns{gap:0}img.top-quote-mark{margin:-50px 0 0 30px;height:80px}img.bottom-quote-mark{transform:rotate(180deg);margin:10px 30px -96px 0;height:80px}.blue-banner-quote-body{padding:50px}.blue-banner-quote-body p.header-primary{font-size:25px;line-height:30px}.b2b-events-need-fundraise-item{padding:25px 25px 0 25px}.mbl-order-1{order:1}.mbl-order-2{order:2}}<\/style>\n<section id=\"b2b-events-easiest\">\n<div class=\"b2bevents-side-by-side\">\n<div class=\"b2b-left mbl-order-2\">\n<p class=\"header-label\">\u00c9v\u00e9nements avec Billetterie<\/p>\n<h1 class=\"header-display\">La fa\u00e7on la plus simple de <span class=\"ch-underline-gradient\">g\u00e9rer vos \u00e9v\u00e9nements caritatifs<\/span><\/h1>\n<p>Profitez des avantages de notre puissante plateforme de gestion d\u2019\u00e9v\u00e9nements tout-en-un, qui vous permet de cr\u00e9er facilement de magnifiques pages d\u2019\u00e9v\u00e9nements \u00e0 l\u2019image de votre marque, de vendre des billets et de g\u00e9rer les participants, quel que soit le format de votre \u00e9v\u00e9nement.<\/p>\n<div class=\"b2bevents-platform-btns\">\n<a class=\"btn-primary\" href=\"\/fr\/enregistrer\/compte-collecte-de-fonds\/#\/\">Commencez \u00e0 recueillir des fonds d\u00e8s aujourd\u2019hui<\/a><br \/>\n<a class=\"btn-secondary\" href=\"\/fr\/pour-les-organismes-de-bienfaisance\/consultation-en-levee-de-fonds\/\">R\u00e9servez une d\u00e9monstration<\/a><\/div>\n<\/div>\n<div clas=\"b2b-right mbl-order-1\">\n<img decoding=\"async\" src=\"https:\/\/www.canadahelps.org\/media\/20250423_mkt_347_004.png\" alt=\"\">\n<\/div>\n<\/section>\n<section id=\"b2b-events-maximize\">\n<div class=\"b2bevents-side-by-side\">\n<div class=\"b2b-left\">\n<img decoding=\"async\" src=\"https:\/\/www.canadahelps.org\/media\/20250423_mkt_347_003.png\" alt=\"\">\n<\/div>\n<div class=\"b2b-right\">\n<h2 class=\"header-primary\">Maximisez les ventes de billets, la fr\u00e9quentation et les dons<\/h2>\n<p>Cr\u00e9ez des pages d&#8217;\u00e9v\u00e9nements \u00e0 fort impact et optimis\u00e9es pour les mobiles en quelques minutes. Augmentez la participation aux \u00e9v\u00e9nements gratuits et payants en facilitant le paiement, en envoyant des courriels de rappel automatiques personnalis\u00e9s et en int\u00e9grant des messages. De plus, int\u00e9grez votre page d&#8217;\u00e9v\u00e9nement directement sur votre site Web afin que les donateurs n&#8217;aient jamais \u00e0 quitter votre site.<\/p>\n<\/div>\n<\/div>\n<\/section>\n<section id=\"b2b-events-quote\"  class=\"ch-purple-section\">\n<div class=\"container\">\n<div class=\"ch-quote-top\">\n        <img decoding=\"async\" class=\"top-quote-mark\" src=\"https:\/\/www.canadahelps.org\/media\/20250314_mkt307_quote.png\" alt=\"\">\n    <\/div>\n<div class=\"ch-quote-body\">\n<p class=\"header-primary text-white\">Les \u00e9v\u00e9nements sont si simples \u00e0 configurer et \u00e0 personnaliser pour correspondre \u00e0 l\u2019image de marque de votre entreprise.<\/p>\n<p class=\"text-white\"><strong class=\"text-white\">Kim<\/strong>, ABRI<\/p>\n<\/p><\/div>\n<div class=\"ch-quote-bottom\">\n        <img decoding=\"async\" class=\"bottom-quote-mark\" src=\"https:\/\/www.canadahelps.org\/media\/20250314_mkt307_quote.png\" alt=\"\">\n    <\/div>\n<\/p><\/div>\n<\/section>\n<section id=\"b2b-events-manage\">\n<div class=\"b2bevents-side-by-side\">\n<div class=\"b2b-left\">\n<img decoding=\"async\" src=\"https:\/\/www.canadahelps.org\/media\/20250423_mkt_347_001.png\" alt=\"\">\n<\/div>\n<div class=\"b2b-right\">\n<h2 class=\"header-primary\">G\u00e9rez votre \u00e9v\u00e9nement en temps r\u00e9el<\/h2>\n<p>Profitez de la praticit\u00e9 du suivi num\u00e9rique des \u00e9v\u00e9nements en utilisant notre tableau de bord de rapports en temps r\u00e9el pour suivre les ventes, g\u00e9rez les participants et acc\u00e9dez \u00e0 tous les rapports de donn\u00e9es. Suivez facilement les ventes de billets et les recettes. Toutes les informations dont vous avez besoin sont \u00e0 port\u00e9e de main.<\/p>\n<p><a class=\"btn-primary\" href=\"\/fr\/enregistrer\/compte-collecte-de-fonds\/#\/\">Commencer<\/a><\/p>\n<\/div>\n<\/div>\n<\/section>\n<section id=\"b2b-events-online\">\n<div class=\"b2bevents-side-by-side\">\n<div class=\"b2b-left mbl-order-2\">\n<h2 class=\"header-primary\">En ligne et hors ligne, nous avons ce qu&#8217;il vous faut<\/h2>\n<p>Faites le suivi de la progression de votre collecte de fonds et de tous les participants \u00e0 un seul endroit, gr\u00e2ce \u00e0 l&#8217;option vous permettant d&#8217;ajouter des achats de billets hors ligne \u00e0 votre \u00e9v\u00e9nement CanaDon. Ensuite, laissez-nous nous occuper de l&#8217;envoi des billets \u00e9lectroniques, des courriels de rappel de l&#8217;\u00e9v\u00e9nement et des re\u00e7us fiscaux (le cas \u00e9ch\u00e9ant).\n<\/p><\/div>\n<div class=\"b2b-right mbl-order-1\">\n<p><img decoding=\"async\" src=\"https:\/\/www.canadahelps.org\/media\/20250423_mkt_347_002.png\" alt=\"\">\n<\/div>\n<\/div>\n<\/section>\n<section id=\"b2b-events-savetime\">\n<div class=\"b2bevents-side-by-side\">\n<div class=\"b2b-left b2b-person mbl-order-2\">\n        <img decoding=\"async\" src=\"https:\/\/www.canadahelps.org\/media\/20250423_mkt_347_005.png\" alt=\"\">\n    <\/div>\n<div class=\"b2b-right mbl-order-1\">\n<h2 class=\"header-primary\">Gagnez du temps avec une gestion des \u00e9v\u00e9nements facilit\u00e9e<\/h2>\n<p>       Ne perdez pas de temps sur des t\u00e2ches qui peuvent \u00eatre automatis\u00e9es. Nous facilitons la d\u00e9livrance de re\u00e7us fractionn\u00e9s, de re\u00e7us apr\u00e8s l&#8217;\u00e9v\u00e9nement, des rappels d&#8217;\u00e9v\u00e9nements et l&#8217;enregistrement des participants. Les billets perdus ne sont plus un probl\u00e8me: r\u00e9\u00e9ditez-les en un clic.<\/p>\n<p>        <a class=\"btn-primary\" href=\"\/fr\/enregistrer\/compte-collecte-de-fonds\/#\/\">Commencer<\/a>\n    <\/div>\n<\/div>\n<\/section>\n<div id=\"b2b-events-need-fundraise-gradient\" class=\"gradient-primary\"><\/div>\n<section id=\"b2b-events-need-fundraise\">\n<div id=\"b2b-events-need-fundraise-container\">\n<div class=\"b2bevents-side-by-side\">\n<div class=\"b2b-events-need-fundraise-item\">\n<h2 class=\"header-primary\">Besoin d\u2019une visite personnalis\u00e9e\u202f?<\/h2>\n<p>            <a href=\"\/fr\/pour-les-organismes-de-bienfaisance\/consultation-en-levee-de-fonds\/\" class=\"btn-secondary\">R\u00e9servez une d\u00e9monstration<\/a><\/p><\/div>\n<div class=\"b2b-events-need-fundraise-item\">\n<h2 class=\"header-primary\">Faites une collecte de fonds en ligne avec CanaDon<\/h2>\n<p>            <a href=\"\/fr\/enregistrer\/compte-collecte-de-fonds\/#\/\" class=\"btn-secondary\">Commencer<\/a><\/p><\/div>\n<\/p><\/div>\n<\/p><\/div>\n<\/section>\n","protected":false},"excerpt":{"rendered":"<p>\u00c9v\u00e9nements avec Billetterie La fa\u00e7on la plus simple de g\u00e9rer vos \u00e9v\u00e9nements caritatifs Profitez des avantages de notre puissante plateforme de gestion d\u2019\u00e9v\u00e9nements tout-en-un, qui &#8230; <a href=\"https:\/\/www.canadahelps.org\/fr\/pour-les-organismes-de-bienfaisance\/levee-de-fonds\/evenements-avec-vente-de-billets\/\" id=\"canadahelp-blog-meta\">Voir plus<\/a><\/p>\n","protected":false},"author":30,"featured_media":0,"parent":54468,"menu_order":0,"comment_status":"closed","ping_status":"closed","template":"template-ch20-full-width-b2b.php","meta":{"footnotes":""},"class_list":["post-54512","page","type-page","status-publish","hentry"],"acf":{"meta_description":"","use_toc_layout":false,"additional_body_css_classes":"","row_settings":false,"hide_page_title":false,"insert_spotlight_boxes":false,"use_biography_grid":false,"blogs_posts_item":false},"yoast_head":"<!-- This site is optimized with the Yoast SEO plugin v26.0 - https:\/\/yoast.com\/wordpress\/plugins\/seo\/ -->\n<title>Evenements avec vente de billets | CanaDon - Faites des dons \u00e0 un organisme de bienfaisance au Canada<\/title>\n<meta name=\"robots\" content=\"index, follow, max-snippet:-1, max-image-preview:large, max-video-preview:-1\" \/>\n<link rel=\"canonical\" href=\"https:\/\/www.canadahelps.org\/fr\/pour-les-organismes-de-bienfaisance\/levee-de-fonds\/evenements-avec-vente-de-billets\/\" \/>\n<meta property=\"og:locale\" content=\"fr_FR\" \/>\n<meta property=\"og:type\" content=\"article\" \/>\n<meta property=\"og:title\" content=\"Evenements avec vente de billets | CanaDon - Faites des dons \u00e0 un organisme de bienfaisance au Canada\" \/>\n<meta property=\"og:description\" content=\"\u00c9v\u00e9nements avec Billetterie La fa\u00e7on la plus simple de g\u00e9rer vos \u00e9v\u00e9nements caritatifs Profitez des avantages de notre puissante plateforme de gestion d\u2019\u00e9v\u00e9nements tout-en-un, qui ... Voir plus\" \/>\n<meta property=\"og:url\" content=\"https:\/\/www.canadahelps.org\/fr\/pour-les-organismes-de-bienfaisance\/levee-de-fonds\/evenements-avec-vente-de-billets\/\" \/>\n<meta property=\"og:site_name\" content=\"CanaDon - Faites des dons \u00e0 un organisme de bienfaisance au Canada\" \/>\n<meta property=\"article:modified_time\" content=\"2025-06-03T17:11:25+00:00\" \/>\n<meta property=\"og:image\" content=\"https:\/\/www.canadahelps.org\/media\/20250423_mkt_347_004.png\" \/>\n<meta name=\"twitter:card\" content=\"summary_large_image\" \/>\n<script type=\"application\/ld+json\" class=\"yoast-schema-graph\">{\"@context\":\"https:\/\/schema.org\",\"@graph\":[{\"@type\":\"WebPage\",\"@id\":\"https:\/\/www.canadahelps.org\/fr\/pour-les-organismes-de-bienfaisance\/levee-de-fonds\/evenements-avec-vente-de-billets\/\",\"url\":\"https:\/\/www.canadahelps.org\/fr\/pour-les-organismes-de-bienfaisance\/levee-de-fonds\/evenements-avec-vente-de-billets\/\",\"name\":\"Evenements avec vente de billets | CanaDon - Faites des dons \u00e0 un organisme de bienfaisance au Canada\",\"isPartOf\":{\"@id\":\"https:\/\/www.canadahelps.org\/fr\/#website\"},\"primaryImageOfPage\":{\"@id\":\"https:\/\/www.canadahelps.org\/fr\/pour-les-organismes-de-bienfaisance\/levee-de-fonds\/evenements-avec-vente-de-billets\/#primaryimage\"},\"image\":{\"@id\":\"https:\/\/www.canadahelps.org\/fr\/pour-les-organismes-de-bienfaisance\/levee-de-fonds\/evenements-avec-vente-de-billets\/#primaryimage\"},\"thumbnailUrl\":\"https:\/\/www.canadahelps.org\/media\/20250423_mkt_347_004.png\",\"datePublished\":\"2025-06-03T17:10:43+00:00\",\"dateModified\":\"2025-06-03T17:11:25+00:00\",\"breadcrumb\":{\"@id\":\"https:\/\/www.canadahelps.org\/fr\/pour-les-organismes-de-bienfaisance\/levee-de-fonds\/evenements-avec-vente-de-billets\/#breadcrumb\"},\"inLanguage\":\"fr\",\"potentialAction\":[{\"@type\":\"ReadAction\",\"target\":[\"https:\/\/www.canadahelps.org\/fr\/pour-les-organismes-de-bienfaisance\/levee-de-fonds\/evenements-avec-vente-de-billets\/\"]}]},{\"@type\":\"ImageObject\",\"inLanguage\":\"fr\",\"@id\":\"https:\/\/www.canadahelps.org\/fr\/pour-les-organismes-de-bienfaisance\/levee-de-fonds\/evenements-avec-vente-de-billets\/#primaryimage\",\"url\":\"https:\/\/www.canadahelps.org\/media\/20250423_mkt_347_004.png\",\"contentUrl\":\"https:\/\/www.canadahelps.org\/media\/20250423_mkt_347_004.png\"},{\"@type\":\"BreadcrumbList\",\"@id\":\"https:\/\/www.canadahelps.org\/fr\/pour-les-organismes-de-bienfaisance\/levee-de-fonds\/evenements-avec-vente-de-billets\/#breadcrumb\",\"itemListElement\":[{\"@type\":\"ListItem\",\"position\":1,\"name\":\"Home\",\"item\":\"https:\/\/www.canadahelps.org\/fr\/\"},{\"@type\":\"ListItem\",\"position\":2,\"name\":\"Pour les Organismes de Bienfaisance\",\"item\":\"https:\/\/www.canadahelps.org\/fr\/pour-les-organismes-de-bienfaisance\/\"},{\"@type\":\"ListItem\",\"position\":3,\"name\":\"Levee de fonds\",\"item\":\"https:\/\/www.canadahelps.org\/fr\/pour-les-organismes-de-bienfaisance\/levee-de-fonds\/\"},{\"@type\":\"ListItem\",\"position\":4,\"name\":\"Evenements avec vente de billets\"}]},{\"@type\":\"WebSite\",\"@id\":\"https:\/\/www.canadahelps.org\/fr\/#website\",\"url\":\"https:\/\/www.canadahelps.org\/fr\/\",\"name\":\"CanadaHelps - Donate to any charity in Canada\",\"description\":\"Le don en toute simplicit\u00e9\",\"publisher\":{\"@id\":\"https:\/\/www.canadahelps.org\/fr\/#organization\"},\"potentialAction\":[{\"@type\":\"SearchAction\",\"target\":{\"@type\":\"EntryPoint\",\"urlTemplate\":\"https:\/\/www.canadahelps.org\/fr\/?s={search_term_string}\"},\"query-input\":{\"@type\":\"PropertyValueSpecification\",\"valueRequired\":true,\"valueName\":\"search_term_string\"}}],\"inLanguage\":\"fr\"},{\"@type\":\"Organization\",\"@id\":\"https:\/\/www.canadahelps.org\/fr\/#organization\",\"name\":\"CanadaHelps\",\"url\":\"https:\/\/www.canadahelps.org\/fr\/\",\"logo\":{\"@type\":\"ImageObject\",\"inLanguage\":\"fr\",\"@id\":\"https:\/\/www.canadahelps.org\/fr\/#\/schema\/logo\/image\/\",\"url\":\"https:\/\/www.canadahelps.org\/media\/canadahelps-en.jpg\",\"contentUrl\":\"https:\/\/www.canadahelps.org\/media\/canadahelps-en.jpg\",\"width\":131,\"height\":72,\"caption\":\"CanadaHelps\"},\"image\":{\"@id\":\"https:\/\/www.canadahelps.org\/fr\/#\/schema\/logo\/image\/\"}}]}<\/script>\n<!-- \/ Yoast SEO plugin. -->","yoast_head_json":{"title":"Evenements avec vente de billets | CanaDon - Faites des dons \u00e0 un organisme de bienfaisance au Canada","robots":{"index":"index","follow":"follow","max-snippet":"max-snippet:-1","max-image-preview":"max-image-preview:large","max-video-preview":"max-video-preview:-1"},"canonical":"https:\/\/www.canadahelps.org\/fr\/pour-les-organismes-de-bienfaisance\/levee-de-fonds\/evenements-avec-vente-de-billets\/","og_locale":"fr_FR","og_type":"article","og_title":"Evenements avec vente de billets | CanaDon - Faites des dons \u00e0 un organisme de bienfaisance au Canada","og_description":"\u00c9v\u00e9nements avec Billetterie La fa\u00e7on la plus simple de g\u00e9rer vos \u00e9v\u00e9nements caritatifs Profitez des avantages de notre puissante plateforme de gestion d\u2019\u00e9v\u00e9nements tout-en-un, qui ... Voir plus","og_url":"https:\/\/www.canadahelps.org\/fr\/pour-les-organismes-de-bienfaisance\/levee-de-fonds\/evenements-avec-vente-de-billets\/","og_site_name":"CanaDon - Faites des dons \u00e0 un organisme de bienfaisance au Canada","article_modified_time":"2025-06-03T17:11:25+00:00","og_image":[{"url":"https:\/\/www.canadahelps.org\/media\/20250423_mkt_347_004.png","type":"","width":"","height":""}],"twitter_card":"summary_large_image","schema":{"@context":"https:\/\/schema.org","@graph":[{"@type":"WebPage","@id":"https:\/\/www.canadahelps.org\/fr\/pour-les-organismes-de-bienfaisance\/levee-de-fonds\/evenements-avec-vente-de-billets\/","url":"https:\/\/www.canadahelps.org\/fr\/pour-les-organismes-de-bienfaisance\/levee-de-fonds\/evenements-avec-vente-de-billets\/","name":"Evenements avec vente de billets | CanaDon - Faites des dons \u00e0 un organisme de bienfaisance au Canada","isPartOf":{"@id":"https:\/\/www.canadahelps.org\/fr\/#website"},"primaryImageOfPage":{"@id":"https:\/\/www.canadahelps.org\/fr\/pour-les-organismes-de-bienfaisance\/levee-de-fonds\/evenements-avec-vente-de-billets\/#primaryimage"},"image":{"@id":"https:\/\/www.canadahelps.org\/fr\/pour-les-organismes-de-bienfaisance\/levee-de-fonds\/evenements-avec-vente-de-billets\/#primaryimage"},"thumbnailUrl":"https:\/\/www.canadahelps.org\/media\/20250423_mkt_347_004.png","datePublished":"2025-06-03T17:10:43+00:00","dateModified":"2025-06-03T17:11:25+00:00","breadcrumb":{"@id":"https:\/\/www.canadahelps.org\/fr\/pour-les-organismes-de-bienfaisance\/levee-de-fonds\/evenements-avec-vente-de-billets\/#breadcrumb"},"inLanguage":"fr","potentialAction":[{"@type":"ReadAction","target":["https:\/\/www.canadahelps.org\/fr\/pour-les-organismes-de-bienfaisance\/levee-de-fonds\/evenements-avec-vente-de-billets\/"]}]},{"@type":"ImageObject","inLanguage":"fr","@id":"https:\/\/www.canadahelps.org\/fr\/pour-les-organismes-de-bienfaisance\/levee-de-fonds\/evenements-avec-vente-de-billets\/#primaryimage","url":"https:\/\/www.canadahelps.org\/media\/20250423_mkt_347_004.png","contentUrl":"https:\/\/www.canadahelps.org\/media\/20250423_mkt_347_004.png"},{"@type":"BreadcrumbList","@id":"https:\/\/www.canadahelps.org\/fr\/pour-les-organismes-de-bienfaisance\/levee-de-fonds\/evenements-avec-vente-de-billets\/#breadcrumb","itemListElement":[{"@type":"ListItem","position":1,"name":"Home","item":"https:\/\/www.canadahelps.org\/fr\/"},{"@type":"ListItem","position":2,"name":"Pour les Organismes de Bienfaisance","item":"https:\/\/www.canadahelps.org\/fr\/pour-les-organismes-de-bienfaisance\/"},{"@type":"ListItem","position":3,"name":"Levee de fonds","item":"https:\/\/www.canadahelps.org\/fr\/pour-les-organismes-de-bienfaisance\/levee-de-fonds\/"},{"@type":"ListItem","position":4,"name":"Evenements avec vente de billets"}]},{"@type":"WebSite","@id":"https:\/\/www.canadahelps.org\/fr\/#website","url":"https:\/\/www.canadahelps.org\/fr\/","name":"CanadaHelps - Donate to any charity in Canada","description":"Le don en toute simplicit\u00e9","publisher":{"@id":"https:\/\/www.canadahelps.org\/fr\/#organization"},"potentialAction":[{"@type":"SearchAction","target":{"@type":"EntryPoint","urlTemplate":"https:\/\/www.canadahelps.org\/fr\/?s={search_term_string}"},"query-input":{"@type":"PropertyValueSpecification","valueRequired":true,"valueName":"search_term_string"}}],"inLanguage":"fr"},{"@type":"Organization","@id":"https:\/\/www.canadahelps.org\/fr\/#organization","name":"CanadaHelps","url":"https:\/\/www.canadahelps.org\/fr\/","logo":{"@type":"ImageObject","inLanguage":"fr","@id":"https:\/\/www.canadahelps.org\/fr\/#\/schema\/logo\/image\/","url":"https:\/\/www.canadahelps.org\/media\/canadahelps-en.jpg","contentUrl":"https:\/\/www.canadahelps.org\/media\/canadahelps-en.jpg","width":131,"height":72,"caption":"CanadaHelps"},"image":{"@id":"https:\/\/www.canadahelps.org\/fr\/#\/schema\/logo\/image\/"}}]}},"_links":{"self":[{"href":"https:\/\/www.canadahelps.org\/fr\/wp-json\/wp\/v2\/pages\/54512","targetHints":{"allow":["GET"]}}],"collection":[{"href":"https:\/\/www.canadahelps.org\/fr\/wp-json\/wp\/v2\/pages"}],"about":[{"href":"https:\/\/www.canadahelps.org\/fr\/wp-json\/wp\/v2\/types\/page"}],"author":[{"embeddable":true,"href":"https:\/\/www.canadahelps.org\/fr\/wp-json\/wp\/v2\/users\/30"}],"replies":[{"embeddable":true,"href":"https:\/\/www.canadahelps.org\/fr\/wp-json\/wp\/v2\/comments?post=54512"}],"version-history":[{"count":2,"href":"https:\/\/www.canadahelps.org\/fr\/wp-json\/wp\/v2\/pages\/54512\/revisions"}],"predecessor-version":[{"id":54514,"href":"https:\/\/www.canadahelps.org\/fr\/wp-json\/wp\/v2\/pages\/54512\/revisions\/54514"}],"up":[{"embeddable":true,"href":"https:\/\/www.canadahelps.org\/fr\/wp-json\/wp\/v2\/pages\/54468"}],"wp:attachment":[{"href":"https:\/\/www.canadahelps.org\/fr\/wp-json\/wp\/v2\/media?parent=54512"}],"curies":[{"name":"wp","href":"https:\/\/api.w.org\/{rel}","templated":true}]}}