{"id":54518,"date":"2025-06-03T13:14:54","date_gmt":"2025-06-03T17:14:54","guid":{"rendered":"https:\/\/www.canadahelps.org\/?page_id=54518"},"modified":"2025-06-03T13:15:37","modified_gmt":"2025-06-03T17:15:37","slug":"profil-de-lorganisme-de-collecte-de-fonds","status":"publish","type":"page","link":"https:\/\/www.canadahelps.org\/fr\/pour-les-organismes-de-bienfaisance\/levee-de-fonds\/profil-de-lorganisme-de-collecte-de-fonds\/","title":{"rendered":"Profil de l&#8217;organisme de collecte de fonds"},"content":{"rendered":"<style>\n  .charity-profile-header, .why-ch-footer {\n    display: flex;\n    justify-content: space-between;\n    align-items: center;\n    gap: 20px;\n  }\n  .charity-profile-header-text {\n    max-width: 493px;\n  }\n  ul.list-disc {\n    list-style: disc;\n    margin-left: 20px;\n  }\n  ul.list-disc li {\n    margin-bottom: 16px;\n  }\n  .ch-quote {\n    margin: 180px auto 240px;\n  }\n  .ch-quote .container {\n    padding: 180px 20px 128px;\n    position: relative;\n  }\n  .ch-quote-img {\n    position: absolute;\n    top: -90px;\n  }\n  .ch-quote-img-reversed {\n    position: absolute;\n    transform: rotate(180deg);\n    bottom: -90px;\n    right: 20px;\n  }\n  .showcase-charity-wide-tile {\n    position: relative;\n    padding: 64px;\n    border-radius: 0 0 12px 12px;\n    margin-bottom: 20px;\n    display: flex;\n    justify-content: space-between;\n  }\n  .showcase-charity-wide-tile-text {\n    max-width: 480px;\n  }\n  .showcase-charity-wide-tile-img {\n    position: absolute;\n    bottom: 0;\n    right: 64px;\n  }\n  .showcase-charity-tiles {\n    display: flex;\n    justify-content: space-between;\n    gap: 20px;\n  }\n  .showcase-charity-tile {\n    width: 400px;\n    border-radius: 12px;\n  }\n  .showcase-charity-tile-text {\n    padding: 40px 40px 24px;\n  }\n  .border-gradient {\n    height: 12px;\n  }\n  .border-gradient-one {\n    background: linear-gradient(90deg, #BFFFDE 100%, #BFEFFF 0%);\n    border-radius: 12px 12px 0 0;\n  }\n  .border-gradient-two {\n    background: linear-gradient(90deg, #BFEFFF 0%, #EBCFFF 100%);\n    border-radius: 12px 12px 0 0;\n  }\n  .border-gradient-three {\n    background: linear-gradient(90deg, #FFFAAE 0%, #FFD2AD 100%);\n    border-radius: 12px 12px 0 0;\n  }\n  .border-gradient-four {\n    background: linear-gradient(90deg, #BFEFFF 0%, #BFFFDE 100%);\n    border-radius: 12px 12px 0 0;\n  }\n  .border-gradient-five {\n    background: linear-gradient(90deg, #BFFFDE 100%, #BFEFFF 0%);\n  }\n  .container.why-ch-footer {\n    padding: 64px 20px;\n    margin: 0 auto -16px;\n  }\n@media screen and (max-width: 1200px) {\n  .charity-profile-header, .why-ch-footer, .showcase-charity-wide-tile-text {\n    width: 50%;\n  }\n}\n@media screen and (max-width: 992px) {\n  .showcase-charity-wide-tile-img img {\n    width: 300px;\n  }\n}\n@media screen and (max-width: 768px) {\n  .charity-profile-header, .why-ch-footer {\n    flex-direction: column;\n  }\n  .charity-profile-header-text, .why-ch-footer-col, .showcase-charity-wide-tile-text {\n    width: 100%;\n    max-width: 100%;\n  }\n  .charity-profile-header-img {\n    max-width: 272px;\n  }\n  .container.why-ch-footer {\n    padding: 40px 20px 0;\n  }\n  .ch-quote {\n    margin: 80px auto 100px;\n  }\n  .ch-quote .container {\n    padding: 40px 20px 28px;\n  }\n  .ch-quote-img img, .ch-quote-img-reversed img {\n    width: 96px;\n  }\n  .ch-quote-img {\n    top: -50px;\n  }\n  .ch-quote-img-reversed {\n    bottom: -50px;\n  }\n  .showcase-charity-tiles {\n    align-items: center;\n    flex-direction: column;\n  }\n  .showcase-charity-tile {\n    max-width: 400px;\n    width: 100%;\n  }\n  .showcase-charity-wide-tile {\n    display: block;\n    padding: 40px 20px 0;\n  }\n  .showcase-charity-tile-text {\n    padding: 40px 20px 24px;\n  }\n  .showcase-charity-wide-tile-img {\n    position: static;\n    margin-top: 32px;\n  }\n  .showcase-charity-wide-tile-img img {\n    width: 178px;\n  }\n}\n<\/style>\n<div class=\"charity-profile-header container\">\n<div class=\"charity-profile-header-img\"><img decoding=\"async\" src=\"https:\/\/www.canadahelps.org\/media\/14bdb21cd69770f98151b97a6f46bd13401e8938.jpg\" alt=\"\" width=\"612\" \/><\/div>\n<div class=\"charity-profile-header-text\">\n<h1 class=\"header-display\">Personnalisez votre profil et <span class=\"ch-underline-gradient\">attirez de nouveaux donateurs<\/span><\/h1>\n<p>Faites en sorte que les millions de Canadiens qui consultent CanaDon.org puissent facilement trouver, conna\u00eetre et soutenir votre organisme de bienfaisance sur CanaDon.org.<\/p>\n<ul class=\"list-disc\">\n<li>T\u00e9l\u00e9chargez le logo de votre organisme de bienfaisance pour qu&#8217;il apparaisse sur votre page de profil, dans les courriels de confirmation de don et dans les r\u00e9sultats de recherche sur CanaDon.org.<\/li>\n<li>Partagez votre mission, vos photos et vos vid\u00e9os pour g\u00e9n\u00e9rer des dons.<\/li>\n<li>Faites en sorte que votre organisme de bienfaisance se distingue en s\u00e9lectionnant les cat\u00e9gories les plus appropri\u00e9es et la port\u00e9e g\u00e9ographique de votre travail.<\/li>\n<li>Faites conna\u00eetre votre histoire d&#8217;impact, vos r\u00e9sultats et vos informations sur les programmes aux donateurs potentiels. De plus, acc\u00e9dez \u00e0 des ressources gratuites pour vous aider \u00e0 mesurer et \u00e0 partager votre impact.<\/li>\n<\/ul><\/div>\n<\/div>\n<div class=\"ch-purple-section ch-quote\">\n<div class=\"container\">\n<div class=\"ch-quote-img\"><img decoding=\"async\" src=\"https:\/\/www.canadahelps.org\/media\/Path-1.png\" alt=\"\" \/><\/div>\n<h2 class=\"header-primary text-white\">J&#8217;aime pouvoir tout apprendre rapidement sur un organisme de bienfaisance sur CanaDon.org &#8211; y compris tout sur ses r\u00e9sultats et ses programmes!<\/h2>\n<p class=\"text-white\"><strong class=\"text-white\">Madison M<\/strong><\/br>Sharon, Ontario<\/p>\n<div class=\"ch-quote-img-reversed\"><img decoding=\"async\" src=\"https:\/\/www.canadahelps.org\/media\/Path-1.png\" alt=\"\" \/><\/div>\n<\/p><\/div>\n<\/div>\n<div class=\"container showcase-charity\">\n<div>\n<div class=\"border-gradient border-gradient-one\"><\/div>\n<div class=\"ch-purple-section showcase-charity-wide-tile\">\n<div class=\"showcase-charity-wide-tile-text\">\n<h2 class=\"header-primary text-white\">Pr\u00e9sentez votre organisme de bienfaisance<\/h2>\n<p class=\"text-white\">Cr\u00e9ez un compte gratuit sur CanaDon pour commencer \u00e0 personnaliser votre profil et augmenter l&#8217;impact de votre collecte de fonds. La gestion de votre profil est gratuite et vous b\u00e9n\u00e9ficierez d&#8217;avantages suppl\u00e9mentaires li\u00e9s \u00e0 la gestion des dons sur CanaDon.<\/p>\n<p>        <a href=\"https:\/\/www.canadahelps.org\/fr\/compte-collecte-de-fonds\/#\/\" class=\"btn-tertiary\">R\u00e9clamez votre profil d&#8217;organisme de bienfaisance<\/a>\n      <\/div>\n<div class=\"showcase-charity-wide-tile-img\"><img decoding=\"async\" src=\"https:\/\/www.canadahelps.org\/media\/f5c7e507f7dda720c002545d5e2b9474496a3dc8.png\" alt=\"\" width=\"400\" \/><\/div>\n<\/p><\/div>\n<div class=\"showcase-charity-tiles\">\n<div class=\"ch-purple-section showcase-charity-tile\">\n<div class=\"border-gradient border-gradient-two\"><\/div>\n<div class=\"showcase-charity-tile-text\">\n<h3 class=\"text-white header-secondary\">Apprenez \u00e0 conna\u00eetre vos donateurs<\/h3>\n<p class=\"text-white\">Favorisez de meilleures relations avec vos donateurs en leur donnant un acc\u00e8s complet \u00e0 toutes les informations que vos donateurs CanaDon ont accept\u00e9 de partager avec vous. Obtenez des informations pr\u00e9cieuses sur les personnes qui font des dons et \u00e0 quel moment, afin d&#8217;accro\u00eetre l&#8217;impact de votre collecte de fonds.<\/p>\n<\/p><\/div>\n<\/p><\/div>\n<div class=\"ch-purple-section showcase-charity-tile\">\n<div class=\"border-gradient border-gradient-three\"><\/div>\n<div class=\"showcase-charity-tile-text\">\n<h3 class=\"text-white header-secondary\">Remerciez facilement vos donateurs<\/h3>\n<p class=\"text-white\">Remercier vos donateurs fait partie int\u00e9grante de l&#8217;acceptation de dons, et avec les outils de profil de CanaDon, vous pouvez communiquer automatiquement avec vos donateurs. Utilisez les outils de remerciement int\u00e9gr\u00e9s pour expliquer en toute simplicit\u00e9 \u00e0 vos donateurs l&#8217;impact de leur don, le travail important r\u00e9alis\u00e9 par votre organisme de bienfaisance et la fa\u00e7on dont ils peuvent rejoindre votre cause.<\/p>\n<\/p><\/div>\n<\/p><\/div>\n<div class=\"ch-purple-section showcase-charity-tile\">\n<div class=\"border-gradient border-gradient-four\"><\/div>\n<div class=\"showcase-charity-tile-text\">\n<h3 class=\"text-white header-secondary\">Nous sommes l\u00e0 pour vous aider<\/h3>\n<p class=\"text-white\">Profitez des ressources de collecte de fonds du site CanaDon, notamment des vid\u00e9os pratiques sur l&#8217;utilisation de nos outils et des livres blancs \u00e9ducatifs t\u00e9l\u00e9chargeables gratuitement. Et si vous avez besoin d&#8217;aide, vous pouvez contacter notre \u00e9quipe par courriel ou par t\u00e9l\u00e9phone, en anglais ou en fran\u00e7ais.<\/p>\n<\/p><\/div>\n<\/p><\/div>\n<\/div><\/div>\n<\/div>\n<div class=\"ch-purple-section\">\n<div class=\"border-gradient\"><\/div>\n<div class=\"container why-ch-footer\">\n<div class=\"why-ch-footer-col\">\n<h3 class=\"header-primary text-white\">Besoin d&#8217;une d\u00e9monstration personnalis\u00e9e ?<\/h3>\n<p>      <a href=\"https:\/\/forcharities.canadahelps.org\/fr\/consultation-en-collecte-de-fonds\" class=\"btn-tertiary\">R\u00e9server un d\u00e9monstration<\/a>\n    <\/div>\n<div class=\"why-ch-footer-col\">\n<h3 class=\"header-primary text-white\">Collectez des fonds en ligne avec CanaDon<\/h3>\n<p>      <a href=\"https:\/\/www.canadahelps.org\/fr\/compte-collecte-de-fonds\/#\/\" class=\"btn-tertiary\">Commencer<\/a>\n    <\/div>\n<\/p><\/div>\n<\/p><\/div>\n<\/div>\n","protected":false},"excerpt":{"rendered":"<p>Personnalisez votre profil et attirez de nouveaux donateurs Faites en sorte que les millions de Canadiens qui consultent CanaDon.org puissent facilement trouver, conna\u00eetre et soutenir &#8230; <a href=\"https:\/\/www.canadahelps.org\/fr\/pour-les-organismes-de-bienfaisance\/levee-de-fonds\/profil-de-lorganisme-de-collecte-de-fonds\/\" id=\"canadahelp-blog-meta\">Voir plus<\/a><\/p>\n","protected":false},"author":30,"featured_media":0,"parent":54468,"menu_order":0,"comment_status":"closed","ping_status":"closed","template":"template-ch20-full-width-b2b.php","meta":{"footnotes":""},"class_list":["post-54518","page","type-page","status-publish","hentry"],"acf":{"meta_description":"","use_toc_layout":false,"additional_body_css_classes":"","row_settings":false,"hide_page_title":false,"insert_spotlight_boxes":false,"use_biography_grid":false},"yoast_head":"<!-- This site is optimized with the Yoast SEO plugin v26.0 - https:\/\/yoast.com\/wordpress\/plugins\/seo\/ -->\n<title>Profil de l&#039;organisme de collecte de fonds | CanaDon - Faites des dons \u00e0 un organisme de bienfaisance au Canada<\/title>\n<meta name=\"robots\" content=\"index, follow, max-snippet:-1, max-image-preview:large, max-video-preview:-1\" \/>\n<link rel=\"canonical\" href=\"https:\/\/www.canadahelps.org\/fr\/pour-les-organismes-de-bienfaisance\/levee-de-fonds\/profil-de-lorganisme-de-collecte-de-fonds\/\" \/>\n<meta property=\"og:locale\" content=\"fr_FR\" \/>\n<meta property=\"og:type\" content=\"article\" \/>\n<meta property=\"og:title\" content=\"Profil de l&#039;organisme de collecte de fonds | CanaDon - Faites des dons \u00e0 un organisme de bienfaisance au Canada\" \/>\n<meta property=\"og:description\" content=\"Personnalisez votre profil et attirez de nouveaux donateurs Faites en sorte que les millions de Canadiens qui consultent CanaDon.org puissent facilement trouver, conna\u00eetre et soutenir ... Voir plus\" \/>\n<meta property=\"og:url\" content=\"https:\/\/www.canadahelps.org\/fr\/pour-les-organismes-de-bienfaisance\/levee-de-fonds\/profil-de-lorganisme-de-collecte-de-fonds\/\" \/>\n<meta property=\"og:site_name\" content=\"CanaDon - Faites des dons \u00e0 un organisme de bienfaisance au Canada\" \/>\n<meta property=\"article:modified_time\" content=\"2025-06-03T17:15:37+00:00\" \/>\n<meta property=\"og:image\" content=\"https:\/\/www.canadahelps.org\/media\/14bdb21cd69770f98151b97a6f46bd13401e8938.jpg\" \/>\n<meta name=\"twitter:card\" content=\"summary_large_image\" \/>\n<script type=\"application\/ld+json\" class=\"yoast-schema-graph\">{\"@context\":\"https:\/\/schema.org\",\"@graph\":[{\"@type\":\"WebPage\",\"@id\":\"https:\/\/www.canadahelps.org\/fr\/pour-les-organismes-de-bienfaisance\/levee-de-fonds\/profil-de-lorganisme-de-collecte-de-fonds\/\",\"url\":\"https:\/\/www.canadahelps.org\/fr\/pour-les-organismes-de-bienfaisance\/levee-de-fonds\/profil-de-lorganisme-de-collecte-de-fonds\/\",\"name\":\"Profil de l'organisme de collecte de fonds | CanaDon - Faites des dons \u00e0 un organisme de bienfaisance au Canada\",\"isPartOf\":{\"@id\":\"https:\/\/www.canadahelps.org\/fr\/#website\"},\"primaryImageOfPage\":{\"@id\":\"https:\/\/www.canadahelps.org\/fr\/pour-les-organismes-de-bienfaisance\/levee-de-fonds\/profil-de-lorganisme-de-collecte-de-fonds\/#primaryimage\"},\"image\":{\"@id\":\"https:\/\/www.canadahelps.org\/fr\/pour-les-organismes-de-bienfaisance\/levee-de-fonds\/profil-de-lorganisme-de-collecte-de-fonds\/#primaryimage\"},\"thumbnailUrl\":\"https:\/\/www.canadahelps.org\/media\/14bdb21cd69770f98151b97a6f46bd13401e8938.jpg\",\"datePublished\":\"2025-06-03T17:14:54+00:00\",\"dateModified\":\"2025-06-03T17:15:37+00:00\",\"breadcrumb\":{\"@id\":\"https:\/\/www.canadahelps.org\/fr\/pour-les-organismes-de-bienfaisance\/levee-de-fonds\/profil-de-lorganisme-de-collecte-de-fonds\/#breadcrumb\"},\"inLanguage\":\"fr\",\"potentialAction\":[{\"@type\":\"ReadAction\",\"target\":[\"https:\/\/www.canadahelps.org\/fr\/pour-les-organismes-de-bienfaisance\/levee-de-fonds\/profil-de-lorganisme-de-collecte-de-fonds\/\"]}]},{\"@type\":\"ImageObject\",\"inLanguage\":\"fr\",\"@id\":\"https:\/\/www.canadahelps.org\/fr\/pour-les-organismes-de-bienfaisance\/levee-de-fonds\/profil-de-lorganisme-de-collecte-de-fonds\/#primaryimage\",\"url\":\"https:\/\/www.canadahelps.org\/media\/14bdb21cd69770f98151b97a6f46bd13401e8938.jpg\",\"contentUrl\":\"https:\/\/www.canadahelps.org\/media\/14bdb21cd69770f98151b97a6f46bd13401e8938.jpg\"},{\"@type\":\"BreadcrumbList\",\"@id\":\"https:\/\/www.canadahelps.org\/fr\/pour-les-organismes-de-bienfaisance\/levee-de-fonds\/profil-de-lorganisme-de-collecte-de-fonds\/#breadcrumb\",\"itemListElement\":[{\"@type\":\"ListItem\",\"position\":1,\"name\":\"Home\",\"item\":\"https:\/\/www.canadahelps.org\/fr\/\"},{\"@type\":\"ListItem\",\"position\":2,\"name\":\"Pour les Organismes de Bienfaisance\",\"item\":\"https:\/\/www.canadahelps.org\/fr\/pour-les-organismes-de-bienfaisance\/\"},{\"@type\":\"ListItem\",\"position\":3,\"name\":\"Levee de fonds\",\"item\":\"https:\/\/www.canadahelps.org\/fr\/pour-les-organismes-de-bienfaisance\/levee-de-fonds\/\"},{\"@type\":\"ListItem\",\"position\":4,\"name\":\"Profil de l&#8217;organisme de collecte de fonds\"}]},{\"@type\":\"WebSite\",\"@id\":\"https:\/\/www.canadahelps.org\/fr\/#website\",\"url\":\"https:\/\/www.canadahelps.org\/fr\/\",\"name\":\"CanadaHelps - Donate to any charity in Canada\",\"description\":\"Le don en toute simplicit\u00e9\",\"publisher\":{\"@id\":\"https:\/\/www.canadahelps.org\/fr\/#organization\"},\"potentialAction\":[{\"@type\":\"SearchAction\",\"target\":{\"@type\":\"EntryPoint\",\"urlTemplate\":\"https:\/\/www.canadahelps.org\/fr\/?s={search_term_string}\"},\"query-input\":{\"@type\":\"PropertyValueSpecification\",\"valueRequired\":true,\"valueName\":\"search_term_string\"}}],\"inLanguage\":\"fr\"},{\"@type\":\"Organization\",\"@id\":\"https:\/\/www.canadahelps.org\/fr\/#organization\",\"name\":\"CanadaHelps\",\"url\":\"https:\/\/www.canadahelps.org\/fr\/\",\"logo\":{\"@type\":\"ImageObject\",\"inLanguage\":\"fr\",\"@id\":\"https:\/\/www.canadahelps.org\/fr\/#\/schema\/logo\/image\/\",\"url\":\"https:\/\/www.canadahelps.org\/media\/canadahelps-en.jpg\",\"contentUrl\":\"https:\/\/www.canadahelps.org\/media\/canadahelps-en.jpg\",\"width\":131,\"height\":72,\"caption\":\"CanadaHelps\"},\"image\":{\"@id\":\"https:\/\/www.canadahelps.org\/fr\/#\/schema\/logo\/image\/\"}}]}<\/script>\n<!-- \/ Yoast SEO plugin. -->","yoast_head_json":{"title":"Profil de l'organisme de collecte de fonds | CanaDon - Faites des dons \u00e0 un organisme de bienfaisance au Canada","robots":{"index":"index","follow":"follow","max-snippet":"max-snippet:-1","max-image-preview":"max-image-preview:large","max-video-preview":"max-video-preview:-1"},"canonical":"https:\/\/www.canadahelps.org\/fr\/pour-les-organismes-de-bienfaisance\/levee-de-fonds\/profil-de-lorganisme-de-collecte-de-fonds\/","og_locale":"fr_FR","og_type":"article","og_title":"Profil de l'organisme de collecte de fonds | CanaDon - Faites des dons \u00e0 un organisme de bienfaisance au Canada","og_description":"Personnalisez votre profil et attirez de nouveaux donateurs Faites en sorte que les millions de Canadiens qui consultent CanaDon.org puissent facilement trouver, conna\u00eetre et soutenir ... Voir plus","og_url":"https:\/\/www.canadahelps.org\/fr\/pour-les-organismes-de-bienfaisance\/levee-de-fonds\/profil-de-lorganisme-de-collecte-de-fonds\/","og_site_name":"CanaDon - Faites des dons \u00e0 un organisme de bienfaisance au Canada","article_modified_time":"2025-06-03T17:15:37+00:00","og_image":[{"url":"https:\/\/www.canadahelps.org\/media\/14bdb21cd69770f98151b97a6f46bd13401e8938.jpg","type":"","width":"","height":""}],"twitter_card":"summary_large_image","schema":{"@context":"https:\/\/schema.org","@graph":[{"@type":"WebPage","@id":"https:\/\/www.canadahelps.org\/fr\/pour-les-organismes-de-bienfaisance\/levee-de-fonds\/profil-de-lorganisme-de-collecte-de-fonds\/","url":"https:\/\/www.canadahelps.org\/fr\/pour-les-organismes-de-bienfaisance\/levee-de-fonds\/profil-de-lorganisme-de-collecte-de-fonds\/","name":"Profil de l'organisme de collecte de fonds | CanaDon - Faites des dons \u00e0 un organisme de bienfaisance au Canada","isPartOf":{"@id":"https:\/\/www.canadahelps.org\/fr\/#website"},"primaryImageOfPage":{"@id":"https:\/\/www.canadahelps.org\/fr\/pour-les-organismes-de-bienfaisance\/levee-de-fonds\/profil-de-lorganisme-de-collecte-de-fonds\/#primaryimage"},"image":{"@id":"https:\/\/www.canadahelps.org\/fr\/pour-les-organismes-de-bienfaisance\/levee-de-fonds\/profil-de-lorganisme-de-collecte-de-fonds\/#primaryimage"},"thumbnailUrl":"https:\/\/www.canadahelps.org\/media\/14bdb21cd69770f98151b97a6f46bd13401e8938.jpg","datePublished":"2025-06-03T17:14:54+00:00","dateModified":"2025-06-03T17:15:37+00:00","breadcrumb":{"@id":"https:\/\/www.canadahelps.org\/fr\/pour-les-organismes-de-bienfaisance\/levee-de-fonds\/profil-de-lorganisme-de-collecte-de-fonds\/#breadcrumb"},"inLanguage":"fr","potentialAction":[{"@type":"ReadAction","target":["https:\/\/www.canadahelps.org\/fr\/pour-les-organismes-de-bienfaisance\/levee-de-fonds\/profil-de-lorganisme-de-collecte-de-fonds\/"]}]},{"@type":"ImageObject","inLanguage":"fr","@id":"https:\/\/www.canadahelps.org\/fr\/pour-les-organismes-de-bienfaisance\/levee-de-fonds\/profil-de-lorganisme-de-collecte-de-fonds\/#primaryimage","url":"https:\/\/www.canadahelps.org\/media\/14bdb21cd69770f98151b97a6f46bd13401e8938.jpg","contentUrl":"https:\/\/www.canadahelps.org\/media\/14bdb21cd69770f98151b97a6f46bd13401e8938.jpg"},{"@type":"BreadcrumbList","@id":"https:\/\/www.canadahelps.org\/fr\/pour-les-organismes-de-bienfaisance\/levee-de-fonds\/profil-de-lorganisme-de-collecte-de-fonds\/#breadcrumb","itemListElement":[{"@type":"ListItem","position":1,"name":"Home","item":"https:\/\/www.canadahelps.org\/fr\/"},{"@type":"ListItem","position":2,"name":"Pour les Organismes de Bienfaisance","item":"https:\/\/www.canadahelps.org\/fr\/pour-les-organismes-de-bienfaisance\/"},{"@type":"ListItem","position":3,"name":"Levee de fonds","item":"https:\/\/www.canadahelps.org\/fr\/pour-les-organismes-de-bienfaisance\/levee-de-fonds\/"},{"@type":"ListItem","position":4,"name":"Profil de l&#8217;organisme de collecte de fonds"}]},{"@type":"WebSite","@id":"https:\/\/www.canadahelps.org\/fr\/#website","url":"https:\/\/www.canadahelps.org\/fr\/","name":"CanadaHelps - Donate to any charity in Canada","description":"Le don en toute simplicit\u00e9","publisher":{"@id":"https:\/\/www.canadahelps.org\/fr\/#organization"},"potentialAction":[{"@type":"SearchAction","target":{"@type":"EntryPoint","urlTemplate":"https:\/\/www.canadahelps.org\/fr\/?s={search_term_string}"},"query-input":{"@type":"PropertyValueSpecification","valueRequired":true,"valueName":"search_term_string"}}],"inLanguage":"fr"},{"@type":"Organization","@id":"https:\/\/www.canadahelps.org\/fr\/#organization","name":"CanadaHelps","url":"https:\/\/www.canadahelps.org\/fr\/","logo":{"@type":"ImageObject","inLanguage":"fr","@id":"https:\/\/www.canadahelps.org\/fr\/#\/schema\/logo\/image\/","url":"https:\/\/www.canadahelps.org\/media\/canadahelps-en.jpg","contentUrl":"https:\/\/www.canadahelps.org\/media\/canadahelps-en.jpg","width":131,"height":72,"caption":"CanadaHelps"},"image":{"@id":"https:\/\/www.canadahelps.org\/fr\/#\/schema\/logo\/image\/"}}]}},"_links":{"self":[{"href":"https:\/\/www.canadahelps.org\/fr\/wp-json\/wp\/v2\/pages\/54518","targetHints":{"allow":["GET"]}}],"collection":[{"href":"https:\/\/www.canadahelps.org\/fr\/wp-json\/wp\/v2\/pages"}],"about":[{"href":"https:\/\/www.canadahelps.org\/fr\/wp-json\/wp\/v2\/types\/page"}],"author":[{"embeddable":true,"href":"https:\/\/www.canadahelps.org\/fr\/wp-json\/wp\/v2\/users\/30"}],"replies":[{"embeddable":true,"href":"https:\/\/www.canadahelps.org\/fr\/wp-json\/wp\/v2\/comments?post=54518"}],"version-history":[{"count":1,"href":"https:\/\/www.canadahelps.org\/fr\/wp-json\/wp\/v2\/pages\/54518\/revisions"}],"predecessor-version":[{"id":54519,"href":"https:\/\/www.canadahelps.org\/fr\/wp-json\/wp\/v2\/pages\/54518\/revisions\/54519"}],"up":[{"embeddable":true,"href":"https:\/\/www.canadahelps.org\/fr\/wp-json\/wp\/v2\/pages\/54468"}],"wp:attachment":[{"href":"https:\/\/www.canadahelps.org\/fr\/wp-json\/wp\/v2\/media?parent=54518"}],"curies":[{"name":"wp","href":"https:\/\/api.w.org\/{rel}","templated":true}]}}