{"id":54577,"date":"2025-06-10T10:58:01","date_gmt":"2025-06-10T14:58:01","guid":{"rendered":"https:\/\/www.canadahelps.org\/?page_id=54577"},"modified":"2025-06-16T16:03:24","modified_gmt":"2025-06-16T20:03:24","slug":"mise-a-jour-de-notre-marque","status":"publish","type":"page","link":"https:\/\/www.canadahelps.org\/fr\/mise-a-jour-de-notre-marque\/","title":{"rendered":"Mise a jour de notre marque"},"content":{"rendered":"<style>#brandingupdate-canadasbest{width:90%;margin:0 auto 96px auto;max-width:1288px}#brandingupdate-about-ch,#brandingupdate-acharity,#brandingupdate-built-on,#brandingupdate-freeallinone,#brandingupdate-securities{width:90%;margin:96px auto;max-width:1288px}.ch-rounded-bottom-corners{border-bottom-left-radius:12px;border-bottom-right-radius:12px}.brandingupdate-side-by-side{display:flex;max-width:1288px;margin:0 auto}.brandingupdate-sbs-left,.brandingupdate-sbs-right{width:50%;padding:50px 50px 0 50px}.brandingupdate-sbs-left img,.brandingupdate-sbs-right img{width:100%}.ch-divider-gradient{height:12px;background:linear-gradient(90deg,#bfffde 0,#fffaae 100%);border-top-left-radius:12px;border-top-right-radius:12px}.gradient{background:linear-gradient(to right,#ffd2ad,#ebcfff);height:7px}.green-gradient{position:relative;display:inline-block}.green-gradient::after{content:\"\";position:absolute;left:0;bottom:0;width:100%;height:2px;background:linear-gradient(to right,#00e676,#00a0e6)}.brandingupdate-sbs-right ul{padding-left:20px}.brandingupdate-sbs-right li{list-style-type:disc}@media screen and (max-width:640px){.brandingupdate-side-by-side{flex-direction:column}.brandingupdate-sbs-left,.brandingupdate-sbs-right{width:100%}.order-one{order:1}.order-two{order:2}}<\/style>\n<section id=\"brandingupdate-canadasbest\">\n<div class=\"brandingupdate-side-by-side\">\n<div class=\"brandingupdate-sbs-left\">\n    <img decoding=\"async\" src=\"https:\/\/www.canadahelps.org\/media\/20250605_mkt395_001.png\" alt=\"\">\n    <\/div>\n<div class=\"brandingupdate-sbs-right\">\n<p class=\"header-label\">Nous \u00e9voluons! D\u00e9couvrez les nouveaut\u00e9s!<\/p>\n<h1 class=\"header-display\">Aspect diff\u00e9rent\u2026 mais toujours le m\u00eame CanaDon en qui vous avez confiance<\/h1>\n<\/p><\/div>\n<\/div>\n<\/section>\n<section id=\"brandingupdate-built-on\">\n<div class=\"ch-divider-gradient\"><\/div>\n<div id=\"brandingupdate-built-on-content\" class=\"ch-purple-section\">\n<div class=\"brandingupdate-side-by-side\">\n<div class=\"brandingupdate-sbs-left order-two\">\n<h2 class=\"header-primary text-white\">Vous avez peut-\u00eatre remarqu\u00e9 le nouvel aspect et la nouvelle convivialit\u00e9 de CanaDon.<\/h2>\n<p class=\"text-white\">Cela inclut les changements apport\u00e9s \u00e0 notre site Web, le rafra\u00eechissement de notre logo, l\u2019actualisation de nos couleurs ainsi que notre mani\u00e8re de communiquer. Ces changements visent \u00e0 mieux refl\u00e9ter notre identit\u00e9 aujourd\u2019hui et \u00e0 orienter les Canadiens vers les causes qui leur tiennent \u00e0 c\u0153ur.<\/p>\n<p class=\"text-white\">Notre nouveau logo incarne l\u2019esprit de g\u00e9n\u00e9rosit\u00e9 et l\u2019interconnexion entre les donateurs et les organismes de bienfaisance, tant dans nos affaires que dans la soci\u00e9t\u00e9 au sens large.<\/p>\n<p class=\"text-white\">Nous conservons le bleu de notre identit\u00e9 pass\u00e9e, tout en c\u00e9l\u00e9brant la diversit\u00e9 et le dynamisme du secteur sans but lucratif en \u00e9largissant notre palette chromatique. Ce qui reste immuable, c\u2019est notre mission in\u00e9branlable&nbsp;: inspirer la g\u00e9n\u00e9rosit\u00e9 qui alimente le changement positif.<\/p>\n<p class=\"text-white\">Depuis 26 ans, CanaDon est un partenaire de confiance vers lequel se tournent les organismes de bienfaisance et les donateurs. Ces mises \u00e0 jour s\u2019inscrivent dans notre engagement continu envers l\u2019innovation et l\u2019impact communautaire.<\/p>\n<p>&nbsp;\n<\/p><\/div>\n<div class=\"brandingupdate-sbs-right order-one\">\n    <img decoding=\"async\" src=\"https:\/\/cdn-ch-prod-bqhwa0ewbpg6eyc2.z01.azurefd.net\/prod-static\/img\/2025\/ch-logo-fr-horizontal-rgb.png\" alt=\"CanaDon\" style=\"width:90%;margin:0 auto;padding: 5px;background:#fff;border-radius:10px;\">\n    <\/div>\n<\/div>\n<\/div>\n<\/section>\n<section id=\"brandingupdate-freeallinone\">\n<div class=\"brandingupdate-side-by-side\">\n<div class=\"brandingupdate-sbs-left\">\n    <img decoding=\"async\" src=\"https:\/\/www.canadahelps.org\/media\/20250605_mkt395_002.png\" alt=\"\">\n    <\/div>\n<div class=\"brandingupdate-sbs-right\">\n<h2 class=\"header-primary\">Pourquoi avons-nous chang\u00e9 notre apparence?<\/h2>\n<p>Au cours du dernier exercice, nous avons d\u00e9cid\u00e9 de r\u00e9investir dans la marque CanaDon et de la revitaliser pour la premi\u00e8re fois en plus de 10 ans. Nous amor\u00e7ons notre ann\u00e9e 2025-2026 avec une identit\u00e9 visuelle plus \u00e9pur\u00e9e, coh\u00e9rente et tourn\u00e9e vers l\u2019avenir, afin de tirer parti de nos 25 ann\u00e9es de confiance et de notori\u00e9t\u00e9, tout en nous pr\u00e9parant \u00e0 r\u00e9ussir les 25 prochaines ann\u00e9es de CanaDon.<\/p>\n<p>Notre objectif est simple&nbsp;: nous assurer que notre marque soit aussi connect\u00e9e, inspirante et percutante que le travail que nous accomplissons ensemble pour soutenir les communaut\u00e9s du Canada.<\/p><\/div>\n<\/div>\n<\/section>\n<section id=\"brandingupdate-acharity\">\n<div class=\"brandingupdate-side-by-side\">\n<div class=\"brandingupdate-sbs-left\">\n<h2 class=\"header-primary\">\u00c0 quoi s\u2019attendre&nbsp;: outils am\u00e9lior\u00e9s, m\u00eame soutien de confiance<\/h2>\n<p>   Le site Web, les m\u00e9dias et les communications de CanaDon font aussi peau neuve. En plus de cette nouvelle identit\u00e9 visuelle, nous avons am\u00e9lior\u00e9 l\u2019exp\u00e9rience de l\u2019utilisation de nos outils et services pour qu\u2019il soit encore plus facile d\u2019\u00eatre g\u00e9n\u00e9reux :<\/p>\n<p><strong>Vous donnez \u00e0 un organisme de bienfaisance?<\/strong> La nouvelle image de marque ne change rien \u00e0 votre mani\u00e8re de faire un don \u2014 il s\u2019agit simplement d\u2019un nouveau look rafra\u00eechi qui refl\u00e8te mieux notre identit\u00e9 et l\u2019impact que nous souhaitons cr\u00e9er ensemble. Vous continuerez \u00e0 tirer parti de votre compte CanaDon, d\u2019un processus de don simplifi\u00e9, d\u2019options personnalis\u00e9es pour verser vos dons et d\u2019un acc\u00e8s \u00e0 vos re\u00e7us pour dons de bienfaisance en toute simplicit\u00e9.<\/p>\n<p><strong>Vous g\u00e9rez un organisme de bienfaisance?<\/strong> Notre plateforme est aussi puissante que jamais \u2014 tous les outils, les fonctionnalit\u00e9s et les services sur lesquels vous comptez restent identiques. Notre nouvelle image vise \u00e0 mieux refl\u00e9ter le travail que nous accomplissons ensemble et \u00e0 renforcer l\u2019engagement au sein de votre communaut\u00e9.<\/p><\/div>\n<div class=\"brandingupdate-sbs-right\">\n    <img decoding=\"async\" src=\"https:\/\/www.canadahelps.org\/media\/20250605_mkt395_003.png\" alt=\"\"><\/p><\/div>\n<\/div>\n<\/section>\n<section id=\"brandingupdate-securities\">\n<div class=\"brandingupdate-side-by-side\">\n<div class=\"brandingupdate-sbs-left\">\n<h2 class=\"header-primary\">Que faire si quelque chose ne semble pas \u00e0 sa place?<\/h2>\n<\/div>\n<div class=\"brandingupdate-sbs-right\">\nNous avons adopt\u00e9 une approche r\u00e9fl\u00e9chie pour actualiser la marque. En raison de l\u2019ampleur des changements, il se peut que certaines communications et sections de notre site ne refl\u00e8tent pas encore enti\u00e8rement la nouvelle identit\u00e9. Vous pourriez donc voir cohabiter l\u2019image de marque pr\u00e9c\u00e9dente avec la nouvelle pendant un certain temps. Pas de panique : il s\u2019agit toujours de CanaDon \u2014   l\u2019organisme en qui vous avez confiance.<\/p>\n<p>Si vous avez des doutes quant \u00e0 la l\u00e9gitimit\u00e9 d\u2019une de nos communications, voici quelques mani\u00e8res d\u2019en v\u00e9rifier la v\u00e9racit\u00e9.<\/p>\n<p>\u00c0 quoi vous attendre dans nos courriels&nbsp;:<\/p>\n<ul>\n<li>notre programme de courriels est enti\u00e8rement conforme \u00e0 la Loi canadienne anti-pourriel (LCAP);<\/li>\n<li> nous incluons parfois des liens menant \u00e0 des appels de certains organismes de bienfaisance lors de situations de crise ou de besoins urgents.<\/li>\n<\/ul>\n<p>&nbsp;<\/p>\n<p>Nous&nbsp;:<\/p>\n<ul>\n<li>ne vous contacterons jamais pour vous demander votre mot de passe CanaDon, ni votre num\u00e9ro de carte de cr\u00e9dit ou de d\u00e9bit;<\/li>\n<li> ne vous enverrons jamais de textos;<\/li>\n<li>ne vous demanderons jamais, en tant qu\u2019administrateur d\u2019organisme de bienfaisance, de fournir vos informations bancaires, \u00e0 moins que vous n\u2019ayez amorc\u00e9 la d\u00e9marche par l\u2019interm\u00e9diaire de Flinks en premier. <a href=\"en\/forcharities\/resources\/flinks-faq\">Apprenez-en plus<\/a>  au sujet de Flinks et de CanaDon.<\/li>\n<\/ul>\n<p>&nbsp;<\/p>\n<p>Si vous n&#8217;\u00eates pas certain qu&#8217;un courriel provient de nous&nbsp;:<\/p>\n<p>Ne cliquez sur aucun lien ni sur aucune pi\u00e8ce jointe.<\/p>\n<p>Transf\u00e9rez-le \u00e0 <a href=\"mailto:info@canadon.org\">info@canadon.org<\/a> et indiquez dans l&#8217;objet \u00ab&nbsp;Signaler un courriel suspect&nbsp;\u00bb.<\/p>\n<p>Vous pouvez \u00e9galement consulter la page consacr\u00e9e aux <a href=\"https:\/\/www.cyber.gc.ca\/fr\/orientation\/reconnaitre-les-courriels-malveillants-itsap00100\" target=\"_blank\" rel=\"noopener\">ressources de sensibilisation \u00e0 la fraude<\/a> du gouvernement du Canada pour obtenir des conseils simples afin de prot\u00e9ger vos renseignements personnels. Nous nous engageons \u00e0 assurer votre s\u00e9curit\u00e9 et votre tranquillit\u00e9 d\u2019esprit.<\/p>\n<\/div>\n<\/div>\n<\/section>\n<section id=\"brandingupdate\" class=\"container-sm gift-guid-faq\">\n<h2 class=\"header-primary\">Autres questions fr\u00e9quemment pos\u00e9es<\/h2>\n<section id=\"brandingupdate-accordion\">\n<details class=\"faq-accordion ch-gray-section\">\n<summary><strong>Qui s\u2019est impliqu\u00e9 dans le processus de refonte de la marque?<\/strong><i class=\"fa-solid\"><\/i><\/summary>\n<div class=\"faq-accordion-content\">\n         Ce processus a \u00e9t\u00e9 \u00e9clair\u00e9 par les commentaires de divers intervenants, notamment des donateurs, des organismes de bienfaisance, des partenaires, notre \u00e9quipe interne ainsi qu\u2019une agence externe. Le r\u00e9sultat est une fra\u00eeche identit\u00e9 visuelle, fid\u00e8le \u00e0 notre mission, qui refl\u00e8te les diverses perspectives des personnes et des organismes que nous soutenons.\n         <\/div>\n<\/details>\n<details class=\"faq-accordion ch-gray-section\">\n<summary><strong>Combien d\u2019argent avez-vous d\u00e9pens\u00e9 pour cette refonte?<\/strong><i class=\"fa-solid\"><\/i><\/summary>\n<div class=\"faq-accordion-content\">\n        L\u2019investissement dans cette refonte de l\u2019image de marque de CanaDon s\u2019inscrit dans la lign\u00e9e d\u2019initiatives similaires dans le secteur de la bienfaisance et sans but lucratif. Nous avons adopt\u00e9 un processus concurrentiel rigoureux et choisi des partenaires qui comprenaient vraiment notre mission et nos objectifs.<\/p>\n<p>        Une refonte, c\u2019est bien plus qu\u2019une nouvelle apparence \u2014 c\u2019est un moyen de renforcer la perception d\u2019un organisme, d\u2019approfondir ses relations avec ses sympathisants et de pr\u00e9parer le terrain pour avoir un impact encore plus important. Nous estimons que cette nouvelle identit\u00e9 nous permettra de mieux mobiliser les Canadiens, de soutenir nos partenaires caritatifs et de continuer \u00e0 inspirer la g\u00e9n\u00e9rosit\u00e9 de fa\u00e7on significative.\n        <\/p><\/div>\n<\/details>\n<details class=\"faq-accordion ch-gray-section\">\n<summary><strong>Que signifie le nouveau slogan?<\/strong><i class=\"fa-solid\"><\/i><\/summary>\n<div class=\"faq-accordion-content\">\n       \u00ab&nbsp;La g\u00e9n\u00e9rosit\u00e9 est ici&nbsp;\u00bb \u00e9voque \u00e0 la fois la force et la pr\u00e9sence de la g\u00e9n\u00e9rosit\u00e9 dans notre quotidien. Ce slogan vise \u00e0 mettre en valeur l\u2019id\u00e9e selon laquelle la g\u00e9n\u00e9rosit\u00e9 est non seulement bonne d\u2019un point de vue moral, mais qu\u2019elle est bel et bien pr\u00e9sente, ici \u2014 chez CanaDon, dans le travail des organismes que nous soutenons et en chaque donateur et chaque personne au Canada qui s\u2019efforce d\u2019am\u00e9liorer sa communaut\u00e9.\n        <\/div>\n<\/details>\n<\/section>\n<\/section>\n<section id=\"brandingupdate-about-ch\">\n<div class=\"brandingupdate-side-by-side\">\n<div class=\"brandingupdate-sbs-left\">\n<img decoding=\"async\" src=\"https:\/\/www.canadahelps.org\/media\/20250605_mkt395_004.png\" alt=\"\">\n<\/div>\n<div class=\"brandingupdate-sbs-right\">\n<h2 class=\"header-primary\">Au sujet de CanaDon<\/h2>\n<p>Depuis l\u2019an 2000, CanaDon s\u2019engage \u00e0 orienter les gens vers les causes qui leur tiennent le plus \u00e0 c\u0153ur. En simplifiant le processus de versement des dons et en outillant les organismes de bienfaisance avec des technologies de pointe, nous nous effor\u00e7ons de b\u00e2tir un avenir o\u00f9 donner devient une deuxi\u00e8me nature et o\u00f9 chaque organisme peut s\u2019\u00e9panouir.<\/p>\n<p>D\u00e9couvrez-en plus sur ce qui nous anime, notre histoire et notre vision pour le secteur caritatif ci-dessous. Merci de vous associer \u00e0 nous pour ce parcours extraordinaire vers un Canada plus g\u00e9n\u00e9reux.<\/p>\n<p>Nous sommes ravis d\u2019\u00e9crire ce nouveau chapitre et avons h\u00e2te de le partager avec vous! Restez \u00e0 l\u2019aff\u00fbt des prochaines mises \u00e0 jour et des am\u00e9liorations dans les semaines \u00e0 venir.<\/p>\n<p><a href=\"\/fr\/pourquoi-canadon\/\" class=\"btn-primary\">\u00c0 notre sujet<\/a><\/p>\n<\/div>\n<\/div>\n","protected":false},"excerpt":{"rendered":"<p>Nous \u00e9voluons! D\u00e9couvrez les nouveaut\u00e9s! Aspect diff\u00e9rent\u2026 mais toujours le m\u00eame CanaDon en qui vous avez confiance Vous avez peut-\u00eatre remarqu\u00e9 le nouvel aspect et &#8230; <a href=\"https:\/\/www.canadahelps.org\/fr\/mise-a-jour-de-notre-marque\/\" id=\"canadahelp-blog-meta\">Voir plus<\/a><\/p>\n","protected":false},"author":30,"featured_media":0,"parent":0,"menu_order":0,"comment_status":"closed","ping_status":"closed","template":"template-ch20-full-width.php","meta":{"footnotes":""},"class_list":["post-54577","page","type-page","status-publish","hentry"],"acf":{"meta_description":"","use_toc_layout":false,"additional_body_css_classes":"","row_settings":false,"hide_page_title":false,"insert_spotlight_boxes":false,"use_biography_grid":false,"blogs_posts_item":false},"yoast_head":"<!-- This site is optimized with the Yoast SEO plugin v26.0 - https:\/\/yoast.com\/wordpress\/plugins\/seo\/ -->\n<title>Mise a jour de notre marque | CanaDon - Faites des dons \u00e0 un organisme de bienfaisance au Canada<\/title>\n<meta name=\"robots\" content=\"index, follow, max-snippet:-1, max-image-preview:large, max-video-preview:-1\" \/>\n<link rel=\"canonical\" href=\"https:\/\/www.canadahelps.org\/fr\/mise-a-jour-de-notre-marque\/\" \/>\n<meta property=\"og:locale\" content=\"fr_FR\" \/>\n<meta property=\"og:type\" content=\"article\" \/>\n<meta property=\"og:title\" content=\"Mise a jour de notre marque | CanaDon - Faites des dons \u00e0 un organisme de bienfaisance au Canada\" \/>\n<meta property=\"og:description\" content=\"Nous \u00e9voluons! D\u00e9couvrez les nouveaut\u00e9s! Aspect diff\u00e9rent\u2026 mais toujours le m\u00eame CanaDon en qui vous avez confiance Vous avez peut-\u00eatre remarqu\u00e9 le nouvel aspect et ... Voir plus\" \/>\n<meta property=\"og:url\" content=\"https:\/\/www.canadahelps.org\/fr\/mise-a-jour-de-notre-marque\/\" \/>\n<meta property=\"og:site_name\" content=\"CanaDon - Faites des dons \u00e0 un organisme de bienfaisance au Canada\" \/>\n<meta property=\"article:modified_time\" content=\"2025-06-16T20:03:24+00:00\" \/>\n<meta property=\"og:image\" content=\"https:\/\/www.canadahelps.org\/media\/20250605_mkt395_001.png\" \/>\n<meta name=\"twitter:card\" content=\"summary_large_image\" \/>\n<meta name=\"twitter:label1\" content=\"Est. reading time\" \/>\n\t<meta name=\"twitter:data1\" content=\"7 minutes\" \/>\n<script type=\"application\/ld+json\" class=\"yoast-schema-graph\">{\"@context\":\"https:\/\/schema.org\",\"@graph\":[{\"@type\":\"WebPage\",\"@id\":\"https:\/\/www.canadahelps.org\/fr\/mise-a-jour-de-notre-marque\/\",\"url\":\"https:\/\/www.canadahelps.org\/fr\/mise-a-jour-de-notre-marque\/\",\"name\":\"Mise a jour de notre marque | CanaDon - Faites des dons \u00e0 un organisme de bienfaisance au Canada\",\"isPartOf\":{\"@id\":\"https:\/\/www.canadahelps.org\/fr\/#website\"},\"primaryImageOfPage\":{\"@id\":\"https:\/\/www.canadahelps.org\/fr\/mise-a-jour-de-notre-marque\/#primaryimage\"},\"image\":{\"@id\":\"https:\/\/www.canadahelps.org\/fr\/mise-a-jour-de-notre-marque\/#primaryimage\"},\"thumbnailUrl\":\"https:\/\/www.canadahelps.org\/media\/20250605_mkt395_001.png\",\"datePublished\":\"2025-06-10T14:58:01+00:00\",\"dateModified\":\"2025-06-16T20:03:24+00:00\",\"breadcrumb\":{\"@id\":\"https:\/\/www.canadahelps.org\/fr\/mise-a-jour-de-notre-marque\/#breadcrumb\"},\"inLanguage\":\"fr\",\"potentialAction\":[{\"@type\":\"ReadAction\",\"target\":[\"https:\/\/www.canadahelps.org\/fr\/mise-a-jour-de-notre-marque\/\"]}]},{\"@type\":\"ImageObject\",\"inLanguage\":\"fr\",\"@id\":\"https:\/\/www.canadahelps.org\/fr\/mise-a-jour-de-notre-marque\/#primaryimage\",\"url\":\"https:\/\/www.canadahelps.org\/media\/20250605_mkt395_001.png\",\"contentUrl\":\"https:\/\/www.canadahelps.org\/media\/20250605_mkt395_001.png\"},{\"@type\":\"BreadcrumbList\",\"@id\":\"https:\/\/www.canadahelps.org\/fr\/mise-a-jour-de-notre-marque\/#breadcrumb\",\"itemListElement\":[{\"@type\":\"ListItem\",\"position\":1,\"name\":\"Home\",\"item\":\"https:\/\/www.canadahelps.org\/fr\/\"},{\"@type\":\"ListItem\",\"position\":2,\"name\":\"Mise a jour de notre marque\"}]},{\"@type\":\"WebSite\",\"@id\":\"https:\/\/www.canadahelps.org\/fr\/#website\",\"url\":\"https:\/\/www.canadahelps.org\/fr\/\",\"name\":\"CanadaHelps - Donate to any charity in Canada\",\"description\":\"Le don en toute simplicit\u00e9\",\"publisher\":{\"@id\":\"https:\/\/www.canadahelps.org\/fr\/#organization\"},\"potentialAction\":[{\"@type\":\"SearchAction\",\"target\":{\"@type\":\"EntryPoint\",\"urlTemplate\":\"https:\/\/www.canadahelps.org\/fr\/?s={search_term_string}\"},\"query-input\":{\"@type\":\"PropertyValueSpecification\",\"valueRequired\":true,\"valueName\":\"search_term_string\"}}],\"inLanguage\":\"fr\"},{\"@type\":\"Organization\",\"@id\":\"https:\/\/www.canadahelps.org\/fr\/#organization\",\"name\":\"CanadaHelps\",\"url\":\"https:\/\/www.canadahelps.org\/fr\/\",\"logo\":{\"@type\":\"ImageObject\",\"inLanguage\":\"fr\",\"@id\":\"https:\/\/www.canadahelps.org\/fr\/#\/schema\/logo\/image\/\",\"url\":\"https:\/\/www.canadahelps.org\/media\/canadahelps-en.jpg\",\"contentUrl\":\"https:\/\/www.canadahelps.org\/media\/canadahelps-en.jpg\",\"width\":131,\"height\":72,\"caption\":\"CanadaHelps\"},\"image\":{\"@id\":\"https:\/\/www.canadahelps.org\/fr\/#\/schema\/logo\/image\/\"}}]}<\/script>\n<!-- \/ Yoast SEO plugin. -->","yoast_head_json":{"title":"Mise a jour de notre marque | CanaDon - Faites des dons \u00e0 un organisme de bienfaisance au Canada","robots":{"index":"index","follow":"follow","max-snippet":"max-snippet:-1","max-image-preview":"max-image-preview:large","max-video-preview":"max-video-preview:-1"},"canonical":"https:\/\/www.canadahelps.org\/fr\/mise-a-jour-de-notre-marque\/","og_locale":"fr_FR","og_type":"article","og_title":"Mise a jour de notre marque | CanaDon - Faites des dons \u00e0 un organisme de bienfaisance au Canada","og_description":"Nous \u00e9voluons! D\u00e9couvrez les nouveaut\u00e9s! Aspect diff\u00e9rent\u2026 mais toujours le m\u00eame CanaDon en qui vous avez confiance Vous avez peut-\u00eatre remarqu\u00e9 le nouvel aspect et ... Voir plus","og_url":"https:\/\/www.canadahelps.org\/fr\/mise-a-jour-de-notre-marque\/","og_site_name":"CanaDon - Faites des dons \u00e0 un organisme de bienfaisance au Canada","article_modified_time":"2025-06-16T20:03:24+00:00","og_image":[{"url":"https:\/\/www.canadahelps.org\/media\/20250605_mkt395_001.png","type":"","width":"","height":""}],"twitter_card":"summary_large_image","twitter_misc":{"Est. reading time":"7 minutes"},"schema":{"@context":"https:\/\/schema.org","@graph":[{"@type":"WebPage","@id":"https:\/\/www.canadahelps.org\/fr\/mise-a-jour-de-notre-marque\/","url":"https:\/\/www.canadahelps.org\/fr\/mise-a-jour-de-notre-marque\/","name":"Mise a jour de notre marque | CanaDon - Faites des dons \u00e0 un organisme de bienfaisance au Canada","isPartOf":{"@id":"https:\/\/www.canadahelps.org\/fr\/#website"},"primaryImageOfPage":{"@id":"https:\/\/www.canadahelps.org\/fr\/mise-a-jour-de-notre-marque\/#primaryimage"},"image":{"@id":"https:\/\/www.canadahelps.org\/fr\/mise-a-jour-de-notre-marque\/#primaryimage"},"thumbnailUrl":"https:\/\/www.canadahelps.org\/media\/20250605_mkt395_001.png","datePublished":"2025-06-10T14:58:01+00:00","dateModified":"2025-06-16T20:03:24+00:00","breadcrumb":{"@id":"https:\/\/www.canadahelps.org\/fr\/mise-a-jour-de-notre-marque\/#breadcrumb"},"inLanguage":"fr","potentialAction":[{"@type":"ReadAction","target":["https:\/\/www.canadahelps.org\/fr\/mise-a-jour-de-notre-marque\/"]}]},{"@type":"ImageObject","inLanguage":"fr","@id":"https:\/\/www.canadahelps.org\/fr\/mise-a-jour-de-notre-marque\/#primaryimage","url":"https:\/\/www.canadahelps.org\/media\/20250605_mkt395_001.png","contentUrl":"https:\/\/www.canadahelps.org\/media\/20250605_mkt395_001.png"},{"@type":"BreadcrumbList","@id":"https:\/\/www.canadahelps.org\/fr\/mise-a-jour-de-notre-marque\/#breadcrumb","itemListElement":[{"@type":"ListItem","position":1,"name":"Home","item":"https:\/\/www.canadahelps.org\/fr\/"},{"@type":"ListItem","position":2,"name":"Mise a jour de notre marque"}]},{"@type":"WebSite","@id":"https:\/\/www.canadahelps.org\/fr\/#website","url":"https:\/\/www.canadahelps.org\/fr\/","name":"CanadaHelps - Donate to any charity in Canada","description":"Le don en toute simplicit\u00e9","publisher":{"@id":"https:\/\/www.canadahelps.org\/fr\/#organization"},"potentialAction":[{"@type":"SearchAction","target":{"@type":"EntryPoint","urlTemplate":"https:\/\/www.canadahelps.org\/fr\/?s={search_term_string}"},"query-input":{"@type":"PropertyValueSpecification","valueRequired":true,"valueName":"search_term_string"}}],"inLanguage":"fr"},{"@type":"Organization","@id":"https:\/\/www.canadahelps.org\/fr\/#organization","name":"CanadaHelps","url":"https:\/\/www.canadahelps.org\/fr\/","logo":{"@type":"ImageObject","inLanguage":"fr","@id":"https:\/\/www.canadahelps.org\/fr\/#\/schema\/logo\/image\/","url":"https:\/\/www.canadahelps.org\/media\/canadahelps-en.jpg","contentUrl":"https:\/\/www.canadahelps.org\/media\/canadahelps-en.jpg","width":131,"height":72,"caption":"CanadaHelps"},"image":{"@id":"https:\/\/www.canadahelps.org\/fr\/#\/schema\/logo\/image\/"}}]}},"_links":{"self":[{"href":"https:\/\/www.canadahelps.org\/fr\/wp-json\/wp\/v2\/pages\/54577","targetHints":{"allow":["GET"]}}],"collection":[{"href":"https:\/\/www.canadahelps.org\/fr\/wp-json\/wp\/v2\/pages"}],"about":[{"href":"https:\/\/www.canadahelps.org\/fr\/wp-json\/wp\/v2\/types\/page"}],"author":[{"embeddable":true,"href":"https:\/\/www.canadahelps.org\/fr\/wp-json\/wp\/v2\/users\/30"}],"replies":[{"embeddable":true,"href":"https:\/\/www.canadahelps.org\/fr\/wp-json\/wp\/v2\/comments?post=54577"}],"version-history":[{"count":5,"href":"https:\/\/www.canadahelps.org\/fr\/wp-json\/wp\/v2\/pages\/54577\/revisions"}],"predecessor-version":[{"id":55111,"href":"https:\/\/www.canadahelps.org\/fr\/wp-json\/wp\/v2\/pages\/54577\/revisions\/55111"}],"wp:attachment":[{"href":"https:\/\/www.canadahelps.org\/fr\/wp-json\/wp\/v2\/media?parent=54577"}],"curies":[{"name":"wp","href":"https:\/\/api.w.org\/{rel}","templated":true}]}}