{"id":54748,"date":"2025-06-03T12:30:15","date_gmt":"2025-06-03T16:30:15","guid":{"rendered":"https:\/\/www.canadahelps.org\/?page_id=54748"},"modified":"2025-07-29T16:18:07","modified_gmt":"2025-07-29T20:18:07","slug":"pourquoi-canadon","status":"publish","type":"page","link":"https:\/\/www.canadahelps.org\/fr\/pour-les-organismes-de-bienfaisance\/pourquoi-canadon\/","title":{"rendered":"Pourquoi Canadon"},"content":{"rendered":"<style>\n.why-ch-header, .support-charities-container, .our-leaders, .why-ch-footer {\n  display: flex;\n  justify-content: space-between;\n  align-items: center;\n  gap: 20px;\n}\n.container.why-ch-footer {\n  align-items: flex-start;\n}\n.support-charities-video {\n  width: 560px;\n}\n.why-ch-header-text {\n  max-width: 506px;\n}\n.ch-stats {\n  padding: 64px 0;\n  display: flex;\n  justify-content: space-between;\n  gap: 20px;\n}\n.stat-tile {\n  max-width: 294px;\n  width: 32%;\n}\nh3.stat-header {\n  font-size: 103px;\n  line-height: 100%;\n  margin-bottom: 20px;\n}\n.support-charities-text {\n  max-width: 400px;\n}\n.support-charities-video iframe {\n  width: 100%;\n}\n.what-we-offer-text {\n  max-width: 824px;\n  margin-left: auto;\n}\n.what-we-offer-tiles {\n  display: flex;\n  gap: 20px;\n  justify-content: space-between;\n  margin-top: 28px;\n}\n.what-we-offer-tile {\n  max-width: 294px;\n  width: 32%;\n}\n.our-leaders-text {\n  max-width: 612px;\n}\n.lets-talk.container {\n  display: flex;\n  justify-content: space-around;\n  padding: 64px 20px 0;\n  margin: 64px auto 0;\n}\n.lets-talk-text {\n  width: 400px;\n}\n.lets-talk-img {\n  align-self: self-end;\n}\n.container.why-ch-footer {\n  padding: 64px 20px;\n  margin: 0 auto -16px;\n}\n.border-gradient {\n  height: 12px;\n  background: linear-gradient(90deg, #BFFFDE 100%, #BFEFFF 0%);\n}\n@media screen and (max-width: 1200px) {\n  .why-ch-header-text, .why-ch-header-img, .support-charities-text, .support-charities-video, .our-leaders-img, .our-leaders-text, .why-ch-footer-col {\n    width: 50%;\n  }\n}\n@media screen and (max-width: 992px) {\n  .ch-stats, .what-we-offer-tiles {\n    flex-wrap: wrap;\n    justify-content: center;\n  }\n  .stat-tile, .what-we-offer-tile {\n    width: 294px;\n  }\n}\n@media screen and (max-width: 768px) {\n  .why-ch-header, .support-charities-container, .our-leaders, .why-ch-footer, .lets-talk.container {\n    flex-direction: column;\n  }\n  .why-ch-header-text, .why-ch-header-img, .support-charities-text, .support-charities-video, .our-leaders-img, .our-leaders-text, .why-ch-footer-col {\n    width: 100%;\n    max-width: 100%;\n  }\n  .ch-stats {\n    padding: 40px 0;\n    justify-content: flex-start;\n  }\n  h3.stat-header {\n    font-size: 69px;\n    line-height: 76px;\n  }\n  .lets-talk.container {\n    padding-top: 40px;\n    margin-top: 0;\n  }\n  .container.why-ch-footer {\n    padding: 40px 20px 0;\n  }\n}\n@media screen and (max-width: 480px) {\n  .lets-talk.container {\n    flex-direction: column;\n  }\n  .lets-talk-img {\n    max-width: 198px;\n    margin-bottom: -20px;\n    align-self: flex-start;\n  }\n}\n<\/style>\n<div class=\"why-ch-header container\">\n<div class=\"why-ch-header-img\"><img decoding=\"async\" src=\"https:\/\/www.canadahelps.org\/media\/96e6f967ad6d31648c80aae3b8642264c89fc387.jpg\" alt=\"\" width=\"612\" \/><\/div>\n<div class=\"why-ch-header-text\">\n<h1 class=\"header-label\">Pourquoi CanaDon<\/h1>\n<h2 class=\"header-display\">Notre cause : <span class=\"ch-underline-gradient\">toutes les causes<\/span><\/h2>\n<p class=\"text-ch-large\">En tant que plus grande entreprise sociale de bienfaisance au Canada, notre mission est d&#8217;informer, d&#8217;inspirer et de mettre en lien les donateurs et les organismes de bienfaisance, et de d\u00e9mocratiser l&#8217;acc\u00e8s \u00e0 une technologie et \u00e0 une \u00e9ducation efficace dans le secteur de la bienfaisance.<\/p>\n<p class=\"text-ch-large\">Nous envisageons une soci\u00e9t\u00e9 dans laquelle tous les Canadiens sont engag\u00e9s \u00e0 donner et \u00e0 participer au secteur de la bienfaisance, et dans laquelle tous les organismes de bienfaisance, quelle que soit leur taille, ont la capacit\u00e9 d&#8217;accro\u00eetre leur impact.<\/p>\n<\/p><\/div>\n<\/div>\n<div class=\"ch-gray-section\">\n<div class=\"container\">\n<div class=\"ch-stats\">\n<div class=\"stat-tile\">\n<h3 class=\"stat-header\">$3B<\/h3>\n<h4 class=\"header-tertiary\">Un impact croissant<\/h4>\n<p>Plus de 4.7 millions de personnes ont donn\u00e9 pr\u00e8s de 3 milliards de dollars canadiens.<\/p>\n<\/p><\/div>\n<div class=\"stat-tile\">\n<h3 class=\"stat-header\">30K<\/h3>\n<h4 class=\"header-tertiary\">Confiance des organismes<\/h4>\n<p>Plus de 30 000 organismes de bienfaisance d\u00e9pendent de la technologie de collecte de fonds de CanaDon.<\/p>\n<\/p><\/div>\n<div class=\"stat-tile\">\n<h3 class=\"stat-header\">86K<\/h3>\n<h4 class=\"header-tertiary\">Cible principale<\/h4>\n<p>Les Canadiens peuvent faire des dons \u00e0 tous les organismes de bienfaisance du Canada, soit 86 000 organismes.<\/p>\n<\/p><\/div>\n<div class=\"stat-tile\">\n<h3 class=\"stat-header\">23+<\/h3>\n<h4 class=\"header-tertiary\">Efficacit\u00e9 prouv\u00e9e<\/h4>\n<p>Les Canadiens nous font confiance depuis plus de 21 ans.<\/p>\n<\/p><\/div>\n<\/p><\/div>\n<\/p><\/div>\n<\/div>\n<div class=\"support-charities\">\n<div class=\"container support-charities-container\">\n<div class=\"support-charities-text\">\n<h3 class=\"header-primary\">Un organisme de bienfaisance qui soutient tous les organismes de bienfaisance canadiens<\/h3>\n<p>Nous soutenons tous les organismes de bienfaisance canadiens, quelle que soit leur taille. Nous offrons bien plus que le simple traitement des dons, nous assurons la plus grande rapidit\u00e9 de d\u00e9boursements, nous r\u00e9alisons des rapports tr\u00e8s d\u00e9taill\u00e9s et la meilleure technologie de collecte de fonds aux organismes de bienfaisance du pays.<\/p>\n<\/p><\/div>\n<div class=\"support-charities-video\"><iframe loading=\"lazy\" width=\"560\" height=\"315\" src=\"https:\/\/www.youtube.com\/embed\/bI5SHGufoHs?si=7J67Yz-NQ_nxH_7x\" title=\"YouTube video player\" frameborder=\"0\" allow=\"accelerometer; autoplay; clipboard-write; encrypted-media; gyroscope; picture-in-picture; web-share\" allowfullscreen><\/iframe><\/div>\n<\/p><\/div>\n<\/div>\n<div class=\"what-we-offer container\">\n<h3 class=\"header-primary\">Ce que nous offrons aux organismes de bienfaisance<\/h3>\n<div class=\"what-we-offer-text\">\n<p class=\"text-ch-large\">Petits ou grands, nous nous effor\u00e7ons d&#8217;att\u00e9nuer les difficult\u00e9s que rencontrent les organismes caritatifs. Notre mission est de vous aider \u00e0 vous concentrer sur la v\u00f4tre.<\/p>\n<p class=\"text-ch-large\">Depuis plus de 21 ans, nous conservons une r\u00e9putation irr\u00e9prochable en mati\u00e8re de traitement s\u00e9curis\u00e9 des dons et de d\u00e9livrance de re\u00e7us fiscaux, tout en innovant de nouvelles solutions pour aider les organismes caritatifs \u00e0 collecter davantage de fonds.<\/p>\n<\/p><\/div>\n<div class=\"what-we-offer-tiles\">\n<div class=\"what-we-offer-tile\">\n      <img decoding=\"async\" src=\"https:\/\/www.canadahelps.org\/media\/524cf6f55f071afc8f9fa52136e2772e2a5f321b-scaled-e1746129622440.jpg\" alt=\"\" width=\"294\" \/><\/p>\n<h4 class=\"header-tertiary\">Un soutien et un service de premier ordre<\/h4>\n<p>Nous nous engageons \u00e0 accro\u00eetre la capacit\u00e9 du secteur et \u00e0 fournir le meilleur service possible aux organismes de bienfaisance de toute taille. Une assistance en direct est disponible par t\u00e9l\u00e9phone et par courriel.<\/p>\n<\/p><\/div>\n<div class=\"what-we-offer-tile\">\n      <img decoding=\"async\" src=\"https:\/\/www.canadahelps.org\/media\/4122f64233f2711c1639a19d5f7bcc04a3a7a3a3-scaled-e1746129592906.jpg\" alt=\"\" width=\"294\" \/><\/p>\n<h4 class=\"header-tertiary\">Administration dorsale<\/h4>\n<p>Nous offrons des d\u00e9boursements rapides, avec des d\u00e9p\u00f4ts directs hebdomadaires sur le compte bancaire de votre organisme de bienfaisance. De plus, nous nous chargeons de la d\u00e9livrance des re\u00e7us et fournissons des rapports d\u00e9taill\u00e9s, vous permettant de r\u00e9duire le temps consacr\u00e9 \u00e0 l&#8217;administration.<\/p>\n<\/p><\/div>\n<div class=\"what-we-offer-tile\">\n      <img decoding=\"async\" src=\"https:\/\/www.canadahelps.org\/media\/6587332470003fb9824ba5ce1a2ef37f1f48acad-scaled-e1746129656831.jpg\" alt=\"\" width=\"294\" \/><\/p>\n<h4 class=\"header-tertiary\">Possibilit\u00e9 d&#8217;augmenter le nombre de vos sympathisants<\/h4>\n<p>Acc\u00e8s au niveau des donateurs, \u00e0 tous ceux qui ont fait des dons, pour permettre \u00e0 votre organisme de bienfaisance de communiquer et de g\u00e9rer ses dons \u00e0 l&#8217;avenir.<\/p>\n<\/p><\/div>\n<div class=\"what-we-offer-tile\">\n      <img decoding=\"async\" src=\"https:\/\/www.canadahelps.org\/media\/67798a845373064ec4a26c589232cafa86abd587-scaled-e1746129686352.jpg\" alt=\"\" width=\"294\" \/><\/p>\n<h4 class=\"header-tertiary\">Technologie de collecte de fonds<\/h4>\n<p>Plus qu&#8217;un simple traitement des dons, nous fournissons des formulaires de dons faciles \u00e0 utiliser, optimis\u00e9s et personnalisables, des outils de collecte de fonds entre particuliers et des outils pour les \u00e9v\u00e9nements: de qualit\u00e9 et sans frais.<\/p>\n<\/p><\/div>\n<\/p><\/div>\n<\/div>\n<div class=\"container\">\n<h3 class=\"header-primary\">Rencontrez nos dirigeants<\/h3>\n<div class=\"our-leaders\">\n<div class=\"our-leaders-img\"><img decoding=\"async\" src=\"https:\/\/www.canadahelps.org\/media\/52ddaa6d15f487b8f7a783cf50f88037b93c5157.jpg\" alt=\"\" width=\"506\" \/><\/div>\n<div class=\"our-leaders-text\">\n<h4 class=\"header-secondary\">Duke Chang<\/h4>\n<p>Pr\u00e9sident-Directeur-G\u00e9n\u00e9ral, CanaDon<\/p>\n<p>Duke Chang est un dirigeant accompli avec plus de 25 ans d\u2019exp\u00e9rience en direction dans les services financiers et la technologie, transformant les entreprises gr\u00e2ce \u00e0 l\u2019innovation et \u00e0 la croissance ax\u00e9e sur les produits. Plus r\u00e9cemment, Duke a occup\u00e9 le poste de responsable au niveau mondial des produits, du d\u00e9veloppement commercial et de l\u2019exp\u00e9rience client pour Lenovo Solutions and Services Group, o\u00f9 il a construit et d\u00e9velopp\u00e9 le vaste portefeuille de solutions pour soutenir l\u2019activit\u00e9 de 3 milliards de dollars de Lenovo.<\/p>\n<p>      <a class=\"btn-primary\" href=\"https:\/\/www.canadahelps.org\/fr\/notre-equipe\/\">Lire la suite<\/a>\n    <\/div>\n<\/p><\/div>\n<\/div>\n<div class=\"ch-gray-section\">\n<div class=\"container lets-talk\">\n<div class=\"lets-talk-text\">\n<h3 class=\"header-primary\">Parlons-en<\/h3>\n<p class=\"text-large\">Nous sommes l\u00e0 pour vous aider.<\/p>\n<p><strong>Adresse postale<\/strong><\/br>30 Rue Adelaide Est 12\u00e8me \u00c9tage<<\/br>Toronto, ON<\/br>M5C 3G8<\/br><a href=\"https:\/\/www.google.com\/maps\/place\/30+Adelaide+St+E+12th+Floor,+Toronto,+ON+M5C+2C5\/@[\u2026]1kpkc445p?entry=ttu&g_ep=EgoyMDI1MDQyOS4wIKXMDSoASAFQAw%3D%3D\" target=\"_blank\" rel=\"noopener\">Visualiser sur Google Maps \u2197<\/a><\/p>\n<p><strong>R\u00e9gion de Toronto<\/strong><\/br>416.628.6948<\/p>\n<p><strong>Sans frais en Am\u00e9rique du Nord<\/strong><\/br>877.755.1595<\/p>\n<p>      <a class=\"btn-primary\" href=\"https:\/\/www.canadahelps.org\/fr\/contactez-nous\/\">Contactez-nous<\/a>\n    <\/div>\n<div class=\"lets-talk-img\"><img decoding=\"async\" src=\"https:\/\/www.canadahelps.org\/media\/eda84318f36903cf5be406dd4653b41054e23ed4.png\" alt=\"\" width=\"506\" \/><\/div>\n<\/p><\/div>\n<\/div>\n<div class=\"ch-purple-section\">\n<div class=\"border-gradient\"><\/div>\n<div class=\"container why-ch-footer\">\n<div class=\"why-ch-footer-col\">\n<h3 class=\"header-primary text-white\">Besoin d&#8217;une d\u00e9monstration personnalis\u00e9e ?<\/h3>\n<p>      <a href=\"https:\/\/www.canadahelps.org\/en\/forcharities\/fundraising-consultation\/\" class=\"btn-tertiary\">R\u00e9server un d\u00e9monstration<\/a>\n    <\/div>\n<div class=\"why-ch-footer-col\">\n<h3 class=\"header-primary text-white\">Collectez des fonds en ligne avec CanaDon<\/h3>\n<p>      <a href=\"https:\/\/www.canadahelps.org\/fr\/compte-collecte-de-fonds\/#\/\" class=\"btn-tertiary\">Commencer<\/a>\n    <\/div>\n<\/p><\/div>\n<\/p><\/div>\n<\/div>\n","protected":false},"excerpt":{"rendered":"<p>Pourquoi CanaDon Notre cause : toutes les causes En tant que plus grande entreprise sociale de bienfaisance au Canada, notre mission est d&#8217;informer, d&#8217;inspirer et &#8230; <a href=\"https:\/\/www.canadahelps.org\/fr\/pour-les-organismes-de-bienfaisance\/pourquoi-canadon\/\" id=\"canadahelp-blog-meta\">Voir plus<\/a><\/p>\n","protected":false},"author":41,"featured_media":0,"parent":54462,"menu_order":0,"comment_status":"closed","ping_status":"closed","template":"template-ch20-full-width-b2b.php","meta":{"footnotes":""},"class_list":["post-54748","page","type-page","status-publish","hentry"],"acf":{"meta_description":"","use_toc_layout":false,"additional_body_css_classes":"","hide_page_title":false,"row_settings":false,"insert_spotlight_boxes":false,"use_biography_grid":false,"blogs_posts_item":false},"yoast_head":"<!-- This site is optimized with the Yoast SEO plugin v26.0 - https:\/\/yoast.com\/wordpress\/plugins\/seo\/ -->\n<title>Pourquoi Canadon | CanaDon - Faites des dons \u00e0 un organisme de bienfaisance au Canada<\/title>\n<meta name=\"robots\" content=\"index, follow, max-snippet:-1, max-image-preview:large, max-video-preview:-1\" \/>\n<link rel=\"canonical\" href=\"https:\/\/www.canadahelps.org\/fr\/pour-les-organismes-de-bienfaisance\/pourquoi-canadon\/\" \/>\n<meta property=\"og:locale\" content=\"fr_FR\" \/>\n<meta property=\"og:type\" content=\"article\" \/>\n<meta property=\"og:title\" content=\"Pourquoi Canadon | CanaDon - Faites des dons \u00e0 un organisme de bienfaisance au Canada\" \/>\n<meta property=\"og:description\" content=\"Pourquoi CanaDon Notre cause : toutes les causes En tant que plus grande entreprise sociale de bienfaisance au Canada, notre mission est d&#8217;informer, d&#8217;inspirer et ... Voir plus\" \/>\n<meta property=\"og:url\" content=\"https:\/\/www.canadahelps.org\/fr\/pour-les-organismes-de-bienfaisance\/pourquoi-canadon\/\" \/>\n<meta property=\"og:site_name\" content=\"CanaDon - Faites des dons \u00e0 un organisme de bienfaisance au Canada\" \/>\n<meta property=\"article:modified_time\" content=\"2025-07-29T20:18:07+00:00\" \/>\n<meta property=\"og:image\" content=\"https:\/\/www.canadahelps.org\/media\/96e6f967ad6d31648c80aae3b8642264c89fc387.jpg\" \/>\n<meta name=\"twitter:card\" content=\"summary_large_image\" \/>\n<meta name=\"twitter:label1\" content=\"Est. reading time\" \/>\n\t<meta name=\"twitter:data1\" content=\"5 minutes\" \/>\n<script type=\"application\/ld+json\" class=\"yoast-schema-graph\">{\"@context\":\"https:\/\/schema.org\",\"@graph\":[{\"@type\":\"WebPage\",\"@id\":\"https:\/\/www.canadahelps.org\/fr\/pour-les-organismes-de-bienfaisance\/pourquoi-canadon\/\",\"url\":\"https:\/\/www.canadahelps.org\/fr\/pour-les-organismes-de-bienfaisance\/pourquoi-canadon\/\",\"name\":\"Pourquoi Canadon | CanaDon - Faites des dons \u00e0 un organisme de bienfaisance au Canada\",\"isPartOf\":{\"@id\":\"https:\/\/www.canadahelps.org\/fr\/#website\"},\"primaryImageOfPage\":{\"@id\":\"https:\/\/www.canadahelps.org\/fr\/pour-les-organismes-de-bienfaisance\/pourquoi-canadon\/#primaryimage\"},\"image\":{\"@id\":\"https:\/\/www.canadahelps.org\/fr\/pour-les-organismes-de-bienfaisance\/pourquoi-canadon\/#primaryimage\"},\"thumbnailUrl\":\"https:\/\/www.canadahelps.org\/media\/96e6f967ad6d31648c80aae3b8642264c89fc387.jpg\",\"datePublished\":\"2025-06-03T16:30:15+00:00\",\"dateModified\":\"2025-07-29T20:18:07+00:00\",\"breadcrumb\":{\"@id\":\"https:\/\/www.canadahelps.org\/fr\/pour-les-organismes-de-bienfaisance\/pourquoi-canadon\/#breadcrumb\"},\"inLanguage\":\"fr\",\"potentialAction\":[{\"@type\":\"ReadAction\",\"target\":[\"https:\/\/www.canadahelps.org\/fr\/pour-les-organismes-de-bienfaisance\/pourquoi-canadon\/\"]}]},{\"@type\":\"ImageObject\",\"inLanguage\":\"fr\",\"@id\":\"https:\/\/www.canadahelps.org\/fr\/pour-les-organismes-de-bienfaisance\/pourquoi-canadon\/#primaryimage\",\"url\":\"https:\/\/www.canadahelps.org\/media\/96e6f967ad6d31648c80aae3b8642264c89fc387.jpg\",\"contentUrl\":\"https:\/\/www.canadahelps.org\/media\/96e6f967ad6d31648c80aae3b8642264c89fc387.jpg\"},{\"@type\":\"BreadcrumbList\",\"@id\":\"https:\/\/www.canadahelps.org\/fr\/pour-les-organismes-de-bienfaisance\/pourquoi-canadon\/#breadcrumb\",\"itemListElement\":[{\"@type\":\"ListItem\",\"position\":1,\"name\":\"Home\",\"item\":\"https:\/\/www.canadahelps.org\/fr\/\"},{\"@type\":\"ListItem\",\"position\":2,\"name\":\"Pour les Organismes de Bienfaisance\",\"item\":\"https:\/\/www.canadahelps.org\/fr\/pour-les-organismes-de-bienfaisance\/\"},{\"@type\":\"ListItem\",\"position\":3,\"name\":\"Pourquoi Canadon\"}]},{\"@type\":\"WebSite\",\"@id\":\"https:\/\/www.canadahelps.org\/fr\/#website\",\"url\":\"https:\/\/www.canadahelps.org\/fr\/\",\"name\":\"CanadaHelps - Donate to any charity in Canada\",\"description\":\"Le don en toute simplicit\u00e9\",\"publisher\":{\"@id\":\"https:\/\/www.canadahelps.org\/fr\/#organization\"},\"potentialAction\":[{\"@type\":\"SearchAction\",\"target\":{\"@type\":\"EntryPoint\",\"urlTemplate\":\"https:\/\/www.canadahelps.org\/fr\/?s={search_term_string}\"},\"query-input\":{\"@type\":\"PropertyValueSpecification\",\"valueRequired\":true,\"valueName\":\"search_term_string\"}}],\"inLanguage\":\"fr\"},{\"@type\":\"Organization\",\"@id\":\"https:\/\/www.canadahelps.org\/fr\/#organization\",\"name\":\"CanadaHelps\",\"url\":\"https:\/\/www.canadahelps.org\/fr\/\",\"logo\":{\"@type\":\"ImageObject\",\"inLanguage\":\"fr\",\"@id\":\"https:\/\/www.canadahelps.org\/fr\/#\/schema\/logo\/image\/\",\"url\":\"https:\/\/www.canadahelps.org\/media\/canadahelps-en.jpg\",\"contentUrl\":\"https:\/\/www.canadahelps.org\/media\/canadahelps-en.jpg\",\"width\":131,\"height\":72,\"caption\":\"CanadaHelps\"},\"image\":{\"@id\":\"https:\/\/www.canadahelps.org\/fr\/#\/schema\/logo\/image\/\"}}]}<\/script>\n<!-- \/ Yoast SEO plugin. -->","yoast_head_json":{"title":"Pourquoi Canadon | CanaDon - Faites des dons \u00e0 un organisme de bienfaisance au Canada","robots":{"index":"index","follow":"follow","max-snippet":"max-snippet:-1","max-image-preview":"max-image-preview:large","max-video-preview":"max-video-preview:-1"},"canonical":"https:\/\/www.canadahelps.org\/fr\/pour-les-organismes-de-bienfaisance\/pourquoi-canadon\/","og_locale":"fr_FR","og_type":"article","og_title":"Pourquoi Canadon | CanaDon - Faites des dons \u00e0 un organisme de bienfaisance au Canada","og_description":"Pourquoi CanaDon Notre cause : toutes les causes En tant que plus grande entreprise sociale de bienfaisance au Canada, notre mission est d&#8217;informer, d&#8217;inspirer et ... Voir plus","og_url":"https:\/\/www.canadahelps.org\/fr\/pour-les-organismes-de-bienfaisance\/pourquoi-canadon\/","og_site_name":"CanaDon - Faites des dons \u00e0 un organisme de bienfaisance au Canada","article_modified_time":"2025-07-29T20:18:07+00:00","og_image":[{"url":"https:\/\/www.canadahelps.org\/media\/96e6f967ad6d31648c80aae3b8642264c89fc387.jpg","type":"","width":"","height":""}],"twitter_card":"summary_large_image","twitter_misc":{"Est. reading time":"5 minutes"},"schema":{"@context":"https:\/\/schema.org","@graph":[{"@type":"WebPage","@id":"https:\/\/www.canadahelps.org\/fr\/pour-les-organismes-de-bienfaisance\/pourquoi-canadon\/","url":"https:\/\/www.canadahelps.org\/fr\/pour-les-organismes-de-bienfaisance\/pourquoi-canadon\/","name":"Pourquoi Canadon | CanaDon - Faites des dons \u00e0 un organisme de bienfaisance au Canada","isPartOf":{"@id":"https:\/\/www.canadahelps.org\/fr\/#website"},"primaryImageOfPage":{"@id":"https:\/\/www.canadahelps.org\/fr\/pour-les-organismes-de-bienfaisance\/pourquoi-canadon\/#primaryimage"},"image":{"@id":"https:\/\/www.canadahelps.org\/fr\/pour-les-organismes-de-bienfaisance\/pourquoi-canadon\/#primaryimage"},"thumbnailUrl":"https:\/\/www.canadahelps.org\/media\/96e6f967ad6d31648c80aae3b8642264c89fc387.jpg","datePublished":"2025-06-03T16:30:15+00:00","dateModified":"2025-07-29T20:18:07+00:00","breadcrumb":{"@id":"https:\/\/www.canadahelps.org\/fr\/pour-les-organismes-de-bienfaisance\/pourquoi-canadon\/#breadcrumb"},"inLanguage":"fr","potentialAction":[{"@type":"ReadAction","target":["https:\/\/www.canadahelps.org\/fr\/pour-les-organismes-de-bienfaisance\/pourquoi-canadon\/"]}]},{"@type":"ImageObject","inLanguage":"fr","@id":"https:\/\/www.canadahelps.org\/fr\/pour-les-organismes-de-bienfaisance\/pourquoi-canadon\/#primaryimage","url":"https:\/\/www.canadahelps.org\/media\/96e6f967ad6d31648c80aae3b8642264c89fc387.jpg","contentUrl":"https:\/\/www.canadahelps.org\/media\/96e6f967ad6d31648c80aae3b8642264c89fc387.jpg"},{"@type":"BreadcrumbList","@id":"https:\/\/www.canadahelps.org\/fr\/pour-les-organismes-de-bienfaisance\/pourquoi-canadon\/#breadcrumb","itemListElement":[{"@type":"ListItem","position":1,"name":"Home","item":"https:\/\/www.canadahelps.org\/fr\/"},{"@type":"ListItem","position":2,"name":"Pour les Organismes de Bienfaisance","item":"https:\/\/www.canadahelps.org\/fr\/pour-les-organismes-de-bienfaisance\/"},{"@type":"ListItem","position":3,"name":"Pourquoi Canadon"}]},{"@type":"WebSite","@id":"https:\/\/www.canadahelps.org\/fr\/#website","url":"https:\/\/www.canadahelps.org\/fr\/","name":"CanadaHelps - Donate to any charity in Canada","description":"Le don en toute simplicit\u00e9","publisher":{"@id":"https:\/\/www.canadahelps.org\/fr\/#organization"},"potentialAction":[{"@type":"SearchAction","target":{"@type":"EntryPoint","urlTemplate":"https:\/\/www.canadahelps.org\/fr\/?s={search_term_string}"},"query-input":{"@type":"PropertyValueSpecification","valueRequired":true,"valueName":"search_term_string"}}],"inLanguage":"fr"},{"@type":"Organization","@id":"https:\/\/www.canadahelps.org\/fr\/#organization","name":"CanadaHelps","url":"https:\/\/www.canadahelps.org\/fr\/","logo":{"@type":"ImageObject","inLanguage":"fr","@id":"https:\/\/www.canadahelps.org\/fr\/#\/schema\/logo\/image\/","url":"https:\/\/www.canadahelps.org\/media\/canadahelps-en.jpg","contentUrl":"https:\/\/www.canadahelps.org\/media\/canadahelps-en.jpg","width":131,"height":72,"caption":"CanadaHelps"},"image":{"@id":"https:\/\/www.canadahelps.org\/fr\/#\/schema\/logo\/image\/"}}]}},"_links":{"self":[{"href":"https:\/\/www.canadahelps.org\/fr\/wp-json\/wp\/v2\/pages\/54748","targetHints":{"allow":["GET"]}}],"collection":[{"href":"https:\/\/www.canadahelps.org\/fr\/wp-json\/wp\/v2\/pages"}],"about":[{"href":"https:\/\/www.canadahelps.org\/fr\/wp-json\/wp\/v2\/types\/page"}],"author":[{"embeddable":true,"href":"https:\/\/www.canadahelps.org\/fr\/wp-json\/wp\/v2\/users\/41"}],"replies":[{"embeddable":true,"href":"https:\/\/www.canadahelps.org\/fr\/wp-json\/wp\/v2\/comments?post=54748"}],"version-history":[{"count":5,"href":"https:\/\/www.canadahelps.org\/fr\/wp-json\/wp\/v2\/pages\/54748\/revisions"}],"predecessor-version":[{"id":55432,"href":"https:\/\/www.canadahelps.org\/fr\/wp-json\/wp\/v2\/pages\/54748\/revisions\/55432"}],"up":[{"embeddable":true,"href":"https:\/\/www.canadahelps.org\/fr\/wp-json\/wp\/v2\/pages\/54462"}],"wp:attachment":[{"href":"https:\/\/www.canadahelps.org\/fr\/wp-json\/wp\/v2\/media?parent=54748"}],"curies":[{"name":"wp","href":"https:\/\/api.w.org\/{rel}","templated":true}]}}