{"id":55094,"date":"2025-06-16T11:06:43","date_gmt":"2025-06-16T15:06:43","guid":{"rendered":"https:\/\/www.canadahelps.org\/?page_id=55094"},"modified":"2025-06-16T11:26:23","modified_gmt":"2025-06-16T15:26:23","slug":"reglement-officiel-du-concours-refonte-linkedin","status":"publish","type":"page","link":"https:\/\/www.canadahelps.org\/fr\/reglement-officiel-du-concours-refonte-linkedin\/","title":{"rendered":"R\u00e8glement officiel du concours Refonte LinkedIn"},"content":{"rendered":"<style>#contest-rules{width:50%;margin:0 auto;max-width:1288px}@media screen and (max-width:640px){#contest-rules{width:95%;margin:0 auto}}<\/style>\n<div id=\"contest-rules\">\n<div class=\"container\">\n<h1>R\u00e8glement officiel du concours Refonte LinkedIn<\/h1>\n<h2>1. G\u00c9N\u00c9RALIT\u00c9S<\/h2>\n<p>Le concours Refonte CanaDon LinkedIn (le \u00ab Concours \u00bb) est organis\u00e9 par CanadaHelps\/Canadon (le \u00ab Commanditaire \u00bb). Des cartes-cadeaux de bienfaisance seront octroy\u00e9es aux utilisateurs admissibles qui choisissent de participer et de suivre le r\u00e8glement officiel pr\u00e9sent\u00e9 ici.<\/p>\n<h2>2. P\u00c9RIODE DU CONCOURS<\/h2>\n<p>Le concours d\u00e9bute le 17 juin 2025 \u00e0 11 h (heure normale de l\u2019Est \u2014 HNE) et se termine le 23 juin 2025 \u00e0 23 h 59 (heure avanc\u00e9e du Pacifique \u2014 HAP).<\/p>\n<h2>3. ADMISSIBILIT\u00c9<\/h2>\n<p>Pour \u00eatre admissible \u00e0 ce Concours, une personne doit \u00eatre un r\u00e9sident l\u00e9gal du Canada et avoir atteint l\u2019\u00e2ge l\u00e9gal de la majorit\u00e9 dans sa r\u00e9gion de r\u00e9sidence au moment de son inscription. Les employ\u00e9s, les membres de leur foyer (qu\u2019ils soient apparent\u00e9s ou non) et\/ou les membres de la famille imm\u00e9diate de l\u2019une ou l\u2019autre des parties au concours ne sont pas admissibles. Aux fins du pr\u00e9sent R\u00e8glement, \u00ab membres de la famille imm\u00e9diate \u00bb d\u00e9signe l\u2019\u00e9poux, l\u2019\u00e9pouse, le conjoint de fait, la m\u00e8re, le p\u00e8re, la grand-m\u00e8re, le grand-p\u00e8re, le fr\u00e8re, la s\u0153ur, le fils et\/ou la fille, qu\u2019ils r\u00e9sident ou non dans le m\u00eame foyer.<\/p>\n<p>Le Commanditaire du Concours se r\u00e9serve le droit, \u00e0 sa seule et absolue discr\u00e9tion, d\u2019exiger une preuve d\u2019identit\u00e9 et\/ou d\u2019admissibilit\u00e9 (sous une forme qui lui est acceptable \u2014 y compris, sans s\u2019y limiter, une pi\u00e8ce d\u2019identit\u00e9 avec photo \u00e9mise par le gouvernement) : (i) afin de v\u00e9rifier l\u2019admissibilit\u00e9 d\u2019une personne \u00e0 participer \u00e0 ce Concours; (ii) dans le but de v\u00e9rifier l\u2019admissibilit\u00e9 et\/ou la l\u00e9gitimit\u00e9 de tout Bulletin de participation et\/ou autre information saisie (ou pr\u00e9tendument saisie) aux fins de ce Concours; et\/ou (iii) pour toute autre raison qu\u2019il le juge n\u00e9cessaire, \u00e0 sa seule et absolue discr\u00e9tion, aux fins de l\u2019administration de ce Concours, conform\u00e9ment \u00e0 l\u2019interpr\u00e9tation de la lettre et de l\u2019esprit du pr\u00e9sent R\u00e8glement. Le d\u00e9faut de fournir une telle preuve \u00e0 l\u2019enti\u00e8re satisfaction du Commanditaire du Concours dans le d\u00e9lai sp\u00e9cifi\u00e9 par celui-ci peut entra\u00eener la disqualification du participant concern\u00e9, \u00e0 sa seule et absolue discr\u00e9tion. Tous les renseignements personnels et autres renseignements demand\u00e9s et fournis au Commanditaire du Concours aux fins de ce Concours doivent \u00eatre v\u00e9ridiques, complets, exacts et en aucun cas trompeurs. Le Commanditaire du Concours se r\u00e9serve le droit de disqualifier tout Bulletin de participation ou tout participant, \u00e0 sa seule discr\u00e9tion, si un Bulletin de participation ou un participant, \u00e0 quelque \u00e9tape que ce soit, fournit des d\u00e9tails et\/ou des informations personnelles mensong\u00e8res, incompl\u00e8tes, inexactes ou trompeuses.<\/p>\n<h2>4. PRIX<\/h2>\n<p>Il y cinq (5) prix \u00e0 gagner (les \u00ab Prix \u00bb). Ils consistent en cinq (5) cartes-cadeaux de bienfaisance de CanadaHelps\/CanaDon, d\u2019une valeur de 25 $ CA chacune, \u00e0 utiliser pour faire un don \u00e0 l\u2019organisme de bienfaisance canadien du choix du gagnant sur le site CanadaHelps.org.<\/p>\n<p>Sans limiter la g\u00e9n\u00e9ralit\u00e9 de ce qui pr\u00e9c\u00e8de, les conditions g\u00e9n\u00e9rales suivantes s\u2019appliquent au Prix : (i) Le Prix doit \u00eatre accept\u00e9 tel qu\u2019attribu\u00e9 et n\u2019est pas transf\u00e9rable, cessible et\/ou convertible en esp\u00e8ces (sauf dans la mesure o\u00f9 cela peut \u00eatre sp\u00e9cifiquement autoris\u00e9 par le Commanditaire du Concours \u00e0 sa seule et absolue discr\u00e9tion); (ii) aucune substitution n\u2019est autoris\u00e9e, sauf au choix du Commanditaire du Concours; (iii) les co\u00fbts de tout ce qui n\u2019est pas express\u00e9ment et sp\u00e9cifiquement indiqu\u00e9 ci-dessus comme \u00e9tant inclus dans le Prix sont de la seule et absolue responsabilit\u00e9 du gagnant confirm\u00e9; (iv) si le gagnant confirm\u00e9 n\u2019utilise pas l\u2019une ou l\u2019autre partie du Prix, alors une telle partie non utilis\u00e9e pourra, \u00e0 la seule et absolue discr\u00e9tion du Commanditaire du Concours, \u00eatre annul\u00e9e dans son int\u00e9gralit\u00e9 et, si tel est le cas, rien ne la remplacera; (v) le Commanditaire du Concours se r\u00e9serve le droit, \u00e0 tout moment : (a) d\u2019imposer des restrictions raisonnables sur la disponibilit\u00e9 ou l\u2019utilisation du Prix ou de toute composante de celui-ci; et\/ou (b) remplacer le Prix ou une composante de celui-ci, pour quelque raison que ce soit, par un prix ou une des composante(s) de prix d\u2019une valeur au d\u00e9tail \u00e9gale ou sup\u00e9rieure, y compris, sans s\u2019y limiter, mais uniquement \u00e0 la seule discr\u00e9tion du Commanditaire du Concours, un prix en esp\u00e8ces; et (vi) en acceptant le Prix, le gagnant confirm\u00e9 accepte de renoncer \u00e0 tout recours contre le Commanditaire du Concours et contre toutes les autres Parties exon\u00e9r\u00e9es si le Prix ou une composante de celui-ci ne s\u2019av\u00e8re pas satisfaisant, en totalit\u00e9 ou en partie. Des conditions suppl\u00e9mentaires relatives au Prix, le cas \u00e9ch\u00e9ant, fournies par le fournisseur du Prix, sont incluses ci-dessous dans l\u2019annexe \u00ab A \u00bb du pr\u00e9sent R\u00e8glement.<\/p>\n<p>Les Parties lib\u00e9r\u00e9es ne sont pas responsables de tout retard, report, suspension, reprogrammation ou annulation, pour quelque raison que ce soit, de tout aspect du Prix. Aucune compensation, quelle qu\u2019elle soit, ne sera vers\u00e9e au gagnant confirm\u00e9 ou \u00e0 toute autre personne ou entit\u00e9 en cas de retard, d\u2019annulation ou de tout autre \u00e9v\u00e9nement envisag\u00e9 aux pr\u00e9sentes.<\/p>\n<p>Aucune des Parties lib\u00e9r\u00e9es ne fait de d\u00e9claration ni n\u2019offre de garantie, expresse ou implicite, quant \u00e0 la qualit\u00e9 ou \u00e0 l\u2019ad\u00e9quation du prix d\u00e9cern\u00e9 dans le cadre du Concours. Dans toute la mesure permise par la loi applicable, le gagnant confirm\u00e9 comprend et reconna\u00eet qu\u2019il ne peut pas demander de remboursement ni intenter un recours l\u00e9gal ou \u00e9quitable contre le Commanditaire du Concours ou contre l\u2019une des autres Parties lib\u00e9r\u00e9es si le Prix ne r\u00e9pond pas \u00e0 son objectif ou s\u2019il est insatisfaisant, de quelque mani\u00e8re que ce soit. Pour plus de certitude et pour \u00e9viter tout doute, en acceptant le Prix, le gagnant confirm\u00e9 s\u2019engage \u00e0 renoncer \u00e0 tout recours contre le Commanditaire du Concours et toutes les autres Parties lib\u00e9r\u00e9es si le Prix ou une composante de celui-ci s\u2019av\u00e8re insatisfaisant, en totalit\u00e9 ou en partie.<\/p>\n<h2>5. COMMENT S\u2019INSCRIRE<\/h2>\n<p>Un (1) bulletin de participation sera remis \u00e0 un participant qui r\u00e9pond aux crit\u00e8res suivants :<\/p>\n<p>Aimer (\u00ab Like \u00bb) et partager (\u00ab Share \u00bb) notre publication originale relative au concours, publi\u00e9e directement par CanaDon le 17 juin. Les mentions<br \/>\n\u00ab J\u2019aime \u00bb sur des publications partag\u00e9es par d\u2019autres ne seront pas prises en compte. <\/p>\n<h2>6. Conditions de r\u00e9clamation du prix <\/h2>\n<p>Le participant s\u00e9lectionn\u00e9 sera contact\u00e9 par LinkedIn dans les trois (3) jours ouvrables environ qui suivent le tirage.<\/p>\n<p>Pour qu\u2019il soit d\u00e9clar\u00e9 gagnant, le participant s\u00e9lectionn\u00e9 doit : (i) r\u00e9pondre \u00e0 l\u2019avis de s\u00e9lection dans les cinq (5) jours ouvrables suivant la premi\u00e8re tentative du Commanditaire; (ii) r\u00e9pondre correctement, dans le d\u00e9lai imparti, \u00e0 une question d\u2019arithm\u00e9tique qui sera pos\u00e9e par t\u00e9l\u00e9phone ou par courriel \u00e0 un moment convenu d\u2019un commun accord; (iii) signer et renvoyer au Commanditaire pendant la p\u00e9riode indiqu\u00e9e une d\u00e9claration \u00e9crite et un formulaire d\u2019exon\u00e9ration qui lib\u00e8re le Groupe du concours de toute responsabilit\u00e9 li\u00e9e \u00e0 ce Concours ou \u00e0 l\u2019utilisation, la mauvaise utilisation ou la possession de tout prix (\u00ab l\u2019Exon\u00e9ration \u00bb); et (iv) respecter autrement ce r\u00e8glement officiel du Concours.<\/p>\n<p>Le retour de tout prix ou avis \u00e0 un gagnant pour motif de livraison impossible, l\u2019impossibilit\u00e9 de joindre le participant s\u00e9lectionn\u00e9, le d\u00e9faut de ce dernier de r\u00e9pondre \u00e0 l\u2019avis dans les d\u00e9lais prescrits, le d\u00e9faut de fournir une preuve d\u2019admissibilit\u00e9 (si demand\u00e9e), l\u2019Exon\u00e9ration ou tout autre document requis dans les d\u00e9lais, le fait de ne pas r\u00e9pondre correctement \u00e0 la question d\u2019arithm\u00e9tique, ou tout autre non-respect du pr\u00e9sent r\u00e8glement officiel du Concours peut entra\u00eener une disqualification, la perte du prix et, \u00e0 la seule discr\u00e9tion du commanditaire, la s\u00e9lection d\u2019un autre participant s\u00e9lectionn\u00e9 pour le prix perdu conform\u00e9ment au pr\u00e9sent r\u00e8glement officiel du Concours, qui pourra \u00eatre disqualifi\u00e9 de mani\u00e8re identique.<\/p>\n<h2>7. DROIT D\u2019ANNULER, DE TERMINER, DE SUSPENDRE, DE MODIFIER LE CONCOURS<\/h2>\n<p>Le Commanditaire se r\u00e9serve le droit de mettre fin, de suspendre ou de modifier ce Concours, en totalit\u00e9 ou en partie, \u00e0 tout moment et sans pr\u00e9avis ni obligation si, \u00e0 sa seule discr\u00e9tion, un facteur interf\u00e8re avec son bon d\u00e9roulement comme pr\u00e9vu par le pr\u00e9sent R\u00e8glement officiel. Sans limiter la g\u00e9n\u00e9ralit\u00e9 de ce qui pr\u00e9c\u00e8de, si le Concours, ou toute partie de celui-ci, ne peut se d\u00e9rouler comme pr\u00e9vu pour quelque raison que ce soit, y compris, mais sans s\u2019y limiter, \u00e0 cause d\u2019une infection par un virus informatique, de bogues, d\u2019une falsification, d\u2019une intervention non autoris\u00e9e, d\u2019une fraude, d\u2019erreurs de programmation, ou \u00e0 cause de d\u00e9faillances techniques qui, \u00e0 la seule discr\u00e9tion du Commanditaire, corrompent ou affectent l\u2019administration, la s\u00e9curit\u00e9, l\u2019\u00e9quit\u00e9, l\u2019int\u00e9grit\u00e9 ou le bon d\u00e9roulement de ce Concours, le Commanditaire peut, \u00e0 sa seule discr\u00e9tion, annuler toute participation suspecte et : (a) mettre fin au Concours, ou toute partie de celui-ci; (b) modifier ou suspendre le Concours, ou toute partie de celui-ci, pour rem\u00e9dier \u00e0 la d\u00e9ficience, puis reprendre le Concours, ou la partie pertinente, de la mani\u00e8re la plus conforme \u00e0 l\u2019esprit du pr\u00e9sent R\u00e8glement officiel du Concours; et\/ou (c) attribuer les prix parmi les Bulletins admissibles et non suspects re\u00e7us jusqu\u2019au moment de la d\u00e9ficience, conform\u00e9ment aux crit\u00e8res de s\u00e9lection des Gagnants discut\u00e9s ci-dessus.<\/p>\n<h2>8. CONDITIONS G\u00c9N\u00c9RALES<\/h2>\n<p>Gagner un prix d\u00e9pend du respect de toutes les conditions \u00e9nonc\u00e9es dans les pr\u00e9sentes. Les d\u00e9cisions du Commanditaire et\/ou de tout organisme ind\u00e9pendant jugeant le concours seront d\u00e9finitives et ex\u00e9cutoires sur toutes les questions relatives \u00e0 ce concours. Le Commanditaire se r\u00e9serve le droit de corriger toute erreur typographique, d\u2019impression, de programmation informatique ou d\u2019op\u00e9rateur. L\u2019impossibilit\u00e9 du Commanditaire d\u2019appliquer une disposition du pr\u00e9sent R\u00e8glement officiel du Concours ne constitue pas une renonciation \u00e0 cette disposition. L\u2019invalidit\u00e9 ou l\u2019inapplicabilit\u00e9 de toute disposition du pr\u00e9sent R\u00e8glement officiel du Concours n\u2019affectera pas la validit\u00e9 ou l\u2019applicabilit\u00e9 de toute autre disposition. Si une disposition du R\u00e8glement officiel du Concours est jug\u00e9e invalide ou autrement inapplicable, alors le R\u00e8glement officiel du Concours sera interpr\u00e9t\u00e9 conform\u00e9ment \u00e0 ses conditions comme si la disposition invalide ou inapplicable n\u2019y \u00e9tait pas contenue. Le Commanditaire se r\u00e9serve le droit, \u00e0 sa seule discr\u00e9tion, de disqualifier tout participant qui alt\u00e8re ou tente de falsifier le processus d\u2019inscription, le fonctionnement du Concours et\/ou du site Web du Concours, enfreint le R\u00e8glement officiel du Concours ou agit dans l\u2019intention d\u2019ennuyer, d\u2019abuser, de menacer, ou de harceler toute autre personne. AVERTISSEMENT : TOUTE TENTATIVE PAR UN PARTICIPANT OU TOUTE AUTRE PERSONNE D\u2019ENDOMMAGER D\u00c9LIB\u00c9R\u00c9MENT TOUT SITE WEB ASSOCI\u00c9 \u00c0 CE CONCOURS OU DE MINER LE FONCTIONNEMENT L\u00c9GITIME DU CONCOURS CONSTITUE UNE VIOLATION DES LOIS P\u00c9NALES ET CIVILES, ET LE COMMANDITAIRE SE R\u00c9SERVE LE DROIT DE POURSUIVRE ET DE CHERCHER \u00c0 OBTENIR DES DOMMAGES-INT\u00c9R\u00caTS DANS TOUTE LA MESURE PERMISE PAR LA LOI.<\/p>\n<h2>9. LIMITATION DE RESPONSABILIT\u00c9 ET D\u00c9CHARGES<\/h2>\n<p>EN PARTICIPANT \u00c0 CE CONCOURS, LES PARTICIPANTS CONVIENNENT QUE LE GROUPE DU CONCOURS N\u2019A AUCUNE RESPONSABILIT\u00c9 ENVERS EUX ET SERA TENU INDEMNE DE TOUTE RESPONSABILIT\u00c9 POUR LES BLESSURES, PERTES OU DOMMAGES DE QUELQUE NATURE QUE CE SOIT (Y COMPRIS LES DOMMAGES DIRECTS, INDIRECTS, ACCESSOIRES, CONS\u00c9CUTIFS OU PUNITIFS) ENVERS LES PERSONNES OU LES BIENS R\u00c9SULTANT D\u2019UN PRIX, Y COMPRIS L\u2019ACCEPTATION, LA POSSESSION, L\u2019UTILISATION ABUSIVE OU L\u2019UTILISATION DU PRIX, OU DES MARCHANDISES POUR LESQUELLES IL EST \u00c9CHANG\u00c9. DE PLUS, EN PARTICIPANT \u00c0 CE CONCOURS, LES PARTICIPANTS CONVIENNENT QUE LE GROUPE DU CONCOURS N\u2019A AUCUNE RESPONSABILIT\u00c9 ENVERS EUX ET SERA TENU INDEMNE DE TOUTE RESPONSABILIT\u00c9 POUR LES BLESSURES, PERTES OU DOMMAGES DE QUELQUE NATURE QUE CE SOIT (Y COMPRIS LES DOMMAGES DIRECTS, INDIRECTS, ACCESSOIRES, CONS\u00c9CUTIFS OU PUNITIFS) ENVERS LES PERSONNES OU LES BIENS R\u00c9SULTANT DE : A) L\u2019INSCRIPTION OU LA PARTICIPATION \u00c0 CE CONCOURS, Y COMPRIS L\u2019ACC\u00c8S ET L\u2019UTILISATION DU SITE WEB DU CONCOURS; OU B) TOUTE R\u00c9CLAMATION BAS\u00c9E SUR DES DROITS DE PERSONNALIT\u00c9 OU DE CONFIDENTIALIT\u00c9, DIFFAMATION OU LIVRAISON DE MARCHANDISES. Certaines juridictions n\u2019autorisent pas l\u2019exclusion ou la limitation des dommages accessoires ou cons\u00e9cutifs. Par cons\u00e9quent, ces exclusions pourraient ne pas s\u2019appliquer \u00e0 vous.<\/p>\n<p>Sans limiter la port\u00e9e de ce qui pr\u00e9c\u00e8de, le Groupe du concours ne sera pas responsable de : <\/p>\n<p>(a) toute information incompl\u00e8te ou inexacte caus\u00e9e par les utilisateurs du site Web du Concours, ou par tout \u00e9quipement ou programmation associ\u00e9 ou utilis\u00e9 dans le cadre du Concours, ou par tout probl\u00e8me technique, ou une erreur humaine pouvant survenir lors du traitement des inscriptions au Concours; <\/p>\n<p>(b) du r\u00e9seau, serveur, fournisseur de services, des syst\u00e8mes en ligne, des r\u00e9seaux t\u00e9l\u00e9phoniques ou des lignes t\u00e9l\u00e9phoniques perdus, interrompus ou indisponibles, ou toute autre connexion; <\/p>\n<p>(c) le vol, la destruction, la perte, l\u2019acc\u00e8s non autoris\u00e9 ou la modification des inscriptions; <\/p>\n<p>(d) tout probl\u00e8me, dysfonctionnement ou panne de r\u00e9seaux ou de lignes t\u00e9l\u00e9phoniques, d\u2019ordinateurs ou de syst\u00e8mes informatiques en ligne, de serveurs ou de fournisseurs, d\u2019\u00e9quipements informatiques, de logiciels, de virus ou de bogues; <\/p>\n<p>(e) transmissions tronqu\u00e9es ou de probl\u00e8mes de communication; <\/p>\n<p>(f) l\u2019incapacit\u00e9 de r\u00e9ception d\u2019un courriel par ou en provenance de l\u2019organisation juge du Concours ou du Commanditaire pour quelque raison que ce soit, y compris, mais sans s\u2019y limiter, la congestion du trafic sur Internet ou sur tout site Web ou une combinaison de ceux-ci ou une incompatibilit\u00e9 technique; <\/p>\n<p>(g) les dommages \u00e0 l\u2019\u00e9quipement informatique (logiciel ou mat\u00e9riel) d\u2019un utilisateur occasionn\u00e9s par la participation ou le t\u00e9l\u00e9chargement de mat\u00e9riel li\u00e9 \u00e0 ce Concours; <\/p>\n<p>(h) les erreurs d\u2019impression, de distribution, de programmation ou de production, ainsi que toutes autres erreurs ou dysfonctionnements de toute nature qu\u2019ils soient humains, m\u00e9caniques, \u00e9lectroniques ou autres; ou <\/p>\n<p>(i) des erreurs ou omissions techniques, picturales, typographiques ou \u00e9ditoriales contenues dans le pr\u00e9sent document.<\/p>\n<\/div>\n<\/div>\n","protected":false},"excerpt":{"rendered":"<p>R\u00e8glement officiel du concours Refonte LinkedIn 1. G\u00c9N\u00c9RALIT\u00c9S Le concours Refonte CanaDon LinkedIn (le \u00ab Concours \u00bb) est organis\u00e9 par CanadaHelps\/Canadon (le \u00ab Commanditaire \u00bb). &#8230; <a href=\"https:\/\/www.canadahelps.org\/fr\/reglement-officiel-du-concours-refonte-linkedin\/\" id=\"canadahelp-blog-meta\">Voir plus<\/a><\/p>\n","protected":false},"author":30,"featured_media":0,"parent":0,"menu_order":0,"comment_status":"closed","ping_status":"closed","template":"template-ch20-full-width.php","meta":{"footnotes":""},"class_list":["post-55094","page","type-page","status-publish","hentry"],"acf":{"meta_description":"","use_toc_layout":false,"additional_body_css_classes":"","row_settings":false,"hide_page_title":false,"insert_spotlight_boxes":false,"use_biography_grid":false,"blogs_posts_item":false},"yoast_head":"<!-- This site is optimized with the Yoast SEO plugin v26.0 - https:\/\/yoast.com\/wordpress\/plugins\/seo\/ -->\n<title>R\u00e8glement officiel du concours Refonte LinkedIn | CanadaHelps - Donate to any charity in Canada<\/title>\n<meta name=\"robots\" content=\"index, follow, max-snippet:-1, max-image-preview:large, max-video-preview:-1\" \/>\n<link rel=\"canonical\" href=\"https:\/\/www.canadahelps.org\/fr\/reglement-officiel-du-concours-refonte-linkedin\/\" \/>\n<meta property=\"og:locale\" content=\"fr_FR\" \/>\n<meta property=\"og:type\" content=\"article\" \/>\n<meta property=\"og:title\" content=\"R\u00e8glement officiel du concours Refonte LinkedIn | CanadaHelps - Donate to any charity in Canada\" \/>\n<meta property=\"og:description\" content=\"R\u00e8glement officiel du concours Refonte LinkedIn 1. G\u00c9N\u00c9RALIT\u00c9S Le concours Refonte CanaDon LinkedIn (le \u00ab Concours \u00bb) est organis\u00e9 par CanadaHelps\/Canadon (le \u00ab Commanditaire \u00bb). ... Voir plus\" \/>\n<meta property=\"og:url\" content=\"https:\/\/www.canadahelps.org\/fr\/reglement-officiel-du-concours-refonte-linkedin\/\" \/>\n<meta property=\"og:site_name\" content=\"CanadaHelps - Donate to any charity in Canada\" \/>\n<meta property=\"article:modified_time\" content=\"2025-06-16T15:26:23+00:00\" \/>\n<meta name=\"twitter:card\" content=\"summary_large_image\" \/>\n<meta name=\"twitter:label1\" content=\"Est. reading time\" \/>\n\t<meta name=\"twitter:data1\" content=\"12 minutes\" \/>\n<script type=\"application\/ld+json\" class=\"yoast-schema-graph\">{\"@context\":\"https:\/\/schema.org\",\"@graph\":[{\"@type\":\"WebPage\",\"@id\":\"https:\/\/www.canadahelps.org\/fr\/reglement-officiel-du-concours-refonte-linkedin\/\",\"url\":\"https:\/\/www.canadahelps.org\/fr\/reglement-officiel-du-concours-refonte-linkedin\/\",\"name\":\"R\u00e8glement officiel du concours Refonte LinkedIn | CanadaHelps - Donate to any charity in Canada\",\"isPartOf\":{\"@id\":\"https:\/\/www.canadahelps.org\/fr\/#website\"},\"datePublished\":\"2025-06-16T15:06:43+00:00\",\"dateModified\":\"2025-06-16T15:26:23+00:00\",\"breadcrumb\":{\"@id\":\"https:\/\/www.canadahelps.org\/fr\/reglement-officiel-du-concours-refonte-linkedin\/#breadcrumb\"},\"inLanguage\":\"fr\",\"potentialAction\":[{\"@type\":\"ReadAction\",\"target\":[\"https:\/\/www.canadahelps.org\/fr\/reglement-officiel-du-concours-refonte-linkedin\/\"]}]},{\"@type\":\"BreadcrumbList\",\"@id\":\"https:\/\/www.canadahelps.org\/fr\/reglement-officiel-du-concours-refonte-linkedin\/#breadcrumb\",\"itemListElement\":[{\"@type\":\"ListItem\",\"position\":1,\"name\":\"Home\",\"item\":\"https:\/\/www.canadahelps.org\/fr\/\"},{\"@type\":\"ListItem\",\"position\":2,\"name\":\"R\u00e8glement officiel du concours Refonte LinkedIn\"}]},{\"@type\":\"WebSite\",\"@id\":\"https:\/\/www.canadahelps.org\/fr\/#website\",\"url\":\"https:\/\/www.canadahelps.org\/fr\/\",\"name\":\"CanadaHelps - Donate to any charity in Canada\",\"description\":\"Giving Made Simple\",\"publisher\":{\"@id\":\"https:\/\/www.canadahelps.org\/fr\/#organization\"},\"potentialAction\":[{\"@type\":\"SearchAction\",\"target\":{\"@type\":\"EntryPoint\",\"urlTemplate\":\"https:\/\/www.canadahelps.org\/fr\/?s={search_term_string}\"},\"query-input\":{\"@type\":\"PropertyValueSpecification\",\"valueRequired\":true,\"valueName\":\"search_term_string\"}}],\"inLanguage\":\"fr\"},{\"@type\":\"Organization\",\"@id\":\"https:\/\/www.canadahelps.org\/fr\/#organization\",\"name\":\"CanadaHelps\",\"url\":\"https:\/\/www.canadahelps.org\/fr\/\",\"logo\":{\"@type\":\"ImageObject\",\"inLanguage\":\"fr\",\"@id\":\"https:\/\/www.canadahelps.org\/fr\/#\/schema\/logo\/image\/\",\"url\":\"https:\/\/www.canadahelps.org\/media\/canadahelps-en.jpg\",\"contentUrl\":\"https:\/\/www.canadahelps.org\/media\/canadahelps-en.jpg\",\"width\":131,\"height\":72,\"caption\":\"CanadaHelps\"},\"image\":{\"@id\":\"https:\/\/www.canadahelps.org\/fr\/#\/schema\/logo\/image\/\"}}]}<\/script>\n<!-- \/ Yoast SEO plugin. -->","yoast_head_json":{"title":"R\u00e8glement officiel du concours Refonte LinkedIn | CanadaHelps - Donate to any charity in Canada","robots":{"index":"index","follow":"follow","max-snippet":"max-snippet:-1","max-image-preview":"max-image-preview:large","max-video-preview":"max-video-preview:-1"},"canonical":"https:\/\/www.canadahelps.org\/fr\/reglement-officiel-du-concours-refonte-linkedin\/","og_locale":"fr_FR","og_type":"article","og_title":"R\u00e8glement officiel du concours Refonte LinkedIn | CanadaHelps - Donate to any charity in Canada","og_description":"R\u00e8glement officiel du concours Refonte LinkedIn 1. G\u00c9N\u00c9RALIT\u00c9S Le concours Refonte CanaDon LinkedIn (le \u00ab Concours \u00bb) est organis\u00e9 par CanadaHelps\/Canadon (le \u00ab Commanditaire \u00bb). ... Voir plus","og_url":"https:\/\/www.canadahelps.org\/fr\/reglement-officiel-du-concours-refonte-linkedin\/","og_site_name":"CanadaHelps - Donate to any charity in Canada","article_modified_time":"2025-06-16T15:26:23+00:00","twitter_card":"summary_large_image","twitter_misc":{"Est. reading time":"12 minutes"},"schema":{"@context":"https:\/\/schema.org","@graph":[{"@type":"WebPage","@id":"https:\/\/www.canadahelps.org\/fr\/reglement-officiel-du-concours-refonte-linkedin\/","url":"https:\/\/www.canadahelps.org\/fr\/reglement-officiel-du-concours-refonte-linkedin\/","name":"R\u00e8glement officiel du concours Refonte LinkedIn | CanadaHelps - Donate to any charity in Canada","isPartOf":{"@id":"https:\/\/www.canadahelps.org\/fr\/#website"},"datePublished":"2025-06-16T15:06:43+00:00","dateModified":"2025-06-16T15:26:23+00:00","breadcrumb":{"@id":"https:\/\/www.canadahelps.org\/fr\/reglement-officiel-du-concours-refonte-linkedin\/#breadcrumb"},"inLanguage":"fr","potentialAction":[{"@type":"ReadAction","target":["https:\/\/www.canadahelps.org\/fr\/reglement-officiel-du-concours-refonte-linkedin\/"]}]},{"@type":"BreadcrumbList","@id":"https:\/\/www.canadahelps.org\/fr\/reglement-officiel-du-concours-refonte-linkedin\/#breadcrumb","itemListElement":[{"@type":"ListItem","position":1,"name":"Home","item":"https:\/\/www.canadahelps.org\/fr\/"},{"@type":"ListItem","position":2,"name":"R\u00e8glement officiel du concours Refonte LinkedIn"}]},{"@type":"WebSite","@id":"https:\/\/www.canadahelps.org\/fr\/#website","url":"https:\/\/www.canadahelps.org\/fr\/","name":"CanadaHelps - Donate to any charity in Canada","description":"Giving Made Simple","publisher":{"@id":"https:\/\/www.canadahelps.org\/fr\/#organization"},"potentialAction":[{"@type":"SearchAction","target":{"@type":"EntryPoint","urlTemplate":"https:\/\/www.canadahelps.org\/fr\/?s={search_term_string}"},"query-input":{"@type":"PropertyValueSpecification","valueRequired":true,"valueName":"search_term_string"}}],"inLanguage":"fr"},{"@type":"Organization","@id":"https:\/\/www.canadahelps.org\/fr\/#organization","name":"CanadaHelps","url":"https:\/\/www.canadahelps.org\/fr\/","logo":{"@type":"ImageObject","inLanguage":"fr","@id":"https:\/\/www.canadahelps.org\/fr\/#\/schema\/logo\/image\/","url":"https:\/\/www.canadahelps.org\/media\/canadahelps-en.jpg","contentUrl":"https:\/\/www.canadahelps.org\/media\/canadahelps-en.jpg","width":131,"height":72,"caption":"CanadaHelps"},"image":{"@id":"https:\/\/www.canadahelps.org\/fr\/#\/schema\/logo\/image\/"}}]}},"_links":{"self":[{"href":"https:\/\/www.canadahelps.org\/fr\/wp-json\/wp\/v2\/pages\/55094","targetHints":{"allow":["GET"]}}],"collection":[{"href":"https:\/\/www.canadahelps.org\/fr\/wp-json\/wp\/v2\/pages"}],"about":[{"href":"https:\/\/www.canadahelps.org\/fr\/wp-json\/wp\/v2\/types\/page"}],"author":[{"embeddable":true,"href":"https:\/\/www.canadahelps.org\/fr\/wp-json\/wp\/v2\/users\/30"}],"replies":[{"embeddable":true,"href":"https:\/\/www.canadahelps.org\/fr\/wp-json\/wp\/v2\/comments?post=55094"}],"version-history":[{"count":2,"href":"https:\/\/www.canadahelps.org\/fr\/wp-json\/wp\/v2\/pages\/55094\/revisions"}],"predecessor-version":[{"id":55096,"href":"https:\/\/www.canadahelps.org\/fr\/wp-json\/wp\/v2\/pages\/55094\/revisions\/55096"}],"wp:attachment":[{"href":"https:\/\/www.canadahelps.org\/fr\/wp-json\/wp\/v2\/media?parent=55094"}],"curies":[{"name":"wp","href":"https:\/\/api.w.org\/{rel}","templated":true}]}}