{"id":55755,"date":"2025-09-02T11:13:05","date_gmt":"2025-09-02T15:13:05","guid":{"rendered":"https:\/\/www.canadahelps.org\/?page_id=55755"},"modified":"2025-10-14T13:16:14","modified_gmt":"2025-10-14T17:16:14","slug":"centre-de-la-generosite","status":"publish","type":"page","link":"https:\/\/www.canadahelps.org\/fr\/centre-de-la-generosite\/","title":{"rendered":"Centre de la Generosite"},"content":{"rendered":"<style>#aaa,#ccc{width:85%;margin:0 auto;max-width:1288px}#bbb-video{width:85%;margin:0 auto;max-width:1288px}#bbb-video-bottom{z-index:2;position:relative;height:100px;background-color:#fff;margin-top:-50px}.embed-container{position:relative;z-index:3;padding-bottom:56.25%;height:0;overflow:hidden;max-width:100%}.embed-container embed,.embed-container iframe,.embed-container object{position:absolute;top:0;left:0;width:100%;height:100%}.genhub-sxs{display:flex;justify-content:space-evenly;align-items:flex-start}.genhub-sxs-img,.genhub-sxs-txt{width:50%;padding:30px}.genhub-sxs-img img{width:100%;max-width:450px}@media screen and (max-width:640px){#aaa,#ccc{width:95%}#bbb-video{width:95%}.genhub-sxs{flex-direction:column}.genhub-sxs-img,.genhub-sxs-txt{width:100%}}<\/style>\n<section id=\"aaa\">\n<div class=\"genhub-sxs\">\n<div class=\"genhub-sxs-img\">\n<img decoding=\"async\" src=\"https:\/\/www.canadahelps.org\/media\/20250821-mkt-462-001.jpg\" alt=\"\">\n<\/div>\n<div class=\"genhub-sxs-txt\">\n<p class=\"header-label\">Des histoires, des ressources et des id\u00e9es canadiennes de confiance qui inspirent une vie g\u00e9n\u00e9reuse<\/p>\n<h1 class=\"header-display\">Centre de la g\u00e9n\u00e9rosit\u00e9 : pour une vie plus g\u00e9n\u00e9reuse<\/h1>\n<\/div><\/div>\n<\/section>\n<section id=\"bbb\" class=\"ch-gray-section\">\n<div id=\"bbb-video\">\n<p class=\"header-label\">LES COULISSES<\/p>\n<h2 class=\"header-primary\">La g\u00e9n\u00e9rosit\u00e9 est ici m\u00eame<\/h2>\n<div class=\"embed-container\"><iframe loading=\"lazy\" width=\"560\" height=\"315\" src=\"https:\/\/www.youtube.com\/embed\/jfImLoV7qlo?si=fmxJQgkPpNfR0JzW\" title=\"YouTube video player\" frameborder=\"0\" allow=\"accelerometer; autoplay; clipboard-write; encrypted-media; gyroscope; picture-in-picture; web-share\" referrerpolicy=\"strict-origin-when-cross-origin\" allowfullscreen><\/iframe><\/div>\n<\/div>\n<\/section>\n<section id=\"bbb-video-bottom\"><\/section>\n<section id=\"ccc\">\n<div class=\"genhub-sxs\">\n<div class=\"genhub-sxs-txt\">\n<h2 class=\"header-primary\">\u00c0 venir!<\/h2>\n<p>Nous travaillons fort pour recueillir des ressources et des t\u00e9moignages en fran\u00e7ais qui inspirent la gratitude et la g\u00e9n\u00e9rosit\u00e9. <\/p>\n<p>Abonnez-vous \u00e0 notre bulletin pour \u00eatre le premier inform\u00e9 de notre lancement!<\/p>\n<\/div>\n<div class=\"genhub-sxs-txt\"><\/div>\n<\/p><\/div>\n<\/section>\n","protected":false},"excerpt":{"rendered":"<p>Des histoires, des ressources et des id\u00e9es canadiennes de confiance qui inspirent une vie g\u00e9n\u00e9reuse Centre de la g\u00e9n\u00e9rosit\u00e9 : pour une vie plus g\u00e9n\u00e9reuse &#8230; <a href=\"https:\/\/www.canadahelps.org\/fr\/centre-de-la-generosite\/\" id=\"canadahelp-blog-meta\">Voir plus<\/a><\/p>\n","protected":false},"author":30,"featured_media":0,"parent":0,"menu_order":0,"comment_status":"closed","ping_status":"closed","template":"template-ch20-full-width.php","meta":{"footnotes":""},"class_list":["post-55755","page","type-page","status-publish","hentry"],"acf":{"meta_description":"","use_toc_layout":false,"additional_body_css_classes":"","row_settings":false,"hide_page_title":false,"insert_spotlight_boxes":false,"use_biography_grid":false,"blogs_posts_item":false},"yoast_head":"<!-- This site is optimized with the Yoast SEO plugin v26.0 - https:\/\/yoast.com\/wordpress\/plugins\/seo\/ -->\n<title>Centre de la Generosite | CanaDon - Faites des dons \u00e0 un organisme de bienfaisance au Canada<\/title>\n<meta name=\"robots\" content=\"index, follow, max-snippet:-1, max-image-preview:large, max-video-preview:-1\" \/>\n<link rel=\"canonical\" href=\"https:\/\/www.canadahelps.org\/fr\/centre-de-la-generosite\/\" \/>\n<meta property=\"og:locale\" content=\"fr_FR\" \/>\n<meta property=\"og:type\" content=\"article\" \/>\n<meta property=\"og:title\" content=\"Centre de la Generosite | CanaDon - Faites des dons \u00e0 un organisme de bienfaisance au Canada\" \/>\n<meta property=\"og:description\" content=\"Des histoires, des ressources et des id\u00e9es canadiennes de confiance qui inspirent une vie g\u00e9n\u00e9reuse Centre de la g\u00e9n\u00e9rosit\u00e9 : pour une vie plus g\u00e9n\u00e9reuse ... Voir plus\" \/>\n<meta property=\"og:url\" content=\"https:\/\/www.canadahelps.org\/fr\/centre-de-la-generosite\/\" \/>\n<meta property=\"og:site_name\" content=\"CanaDon - Faites des dons \u00e0 un organisme de bienfaisance au Canada\" \/>\n<meta property=\"article:modified_time\" content=\"2025-10-14T17:16:14+00:00\" \/>\n<meta property=\"og:image\" content=\"https:\/\/www.canadahelps.org\/media\/20250821-mkt-462-001.jpg\" \/>\n<meta name=\"twitter:card\" content=\"summary_large_image\" \/>\n<meta name=\"twitter:label1\" content=\"Est. reading time\" \/>\n\t<meta name=\"twitter:data1\" content=\"1 minute\" \/>\n<script type=\"application\/ld+json\" class=\"yoast-schema-graph\">{\"@context\":\"https:\/\/schema.org\",\"@graph\":[{\"@type\":\"WebPage\",\"@id\":\"https:\/\/www.canadahelps.org\/fr\/centre-de-la-generosite\/\",\"url\":\"https:\/\/www.canadahelps.org\/fr\/centre-de-la-generosite\/\",\"name\":\"Centre de la Generosite | CanaDon - Faites des dons \u00e0 un organisme de bienfaisance au Canada\",\"isPartOf\":{\"@id\":\"https:\/\/www.canadahelps.org\/fr\/#website\"},\"primaryImageOfPage\":{\"@id\":\"https:\/\/www.canadahelps.org\/fr\/centre-de-la-generosite\/#primaryimage\"},\"image\":{\"@id\":\"https:\/\/www.canadahelps.org\/fr\/centre-de-la-generosite\/#primaryimage\"},\"thumbnailUrl\":\"https:\/\/www.canadahelps.org\/media\/20250821-mkt-462-001.jpg\",\"datePublished\":\"2025-09-02T15:13:05+00:00\",\"dateModified\":\"2025-10-14T17:16:14+00:00\",\"breadcrumb\":{\"@id\":\"https:\/\/www.canadahelps.org\/fr\/centre-de-la-generosite\/#breadcrumb\"},\"inLanguage\":\"fr\",\"potentialAction\":[{\"@type\":\"ReadAction\",\"target\":[\"https:\/\/www.canadahelps.org\/fr\/centre-de-la-generosite\/\"]}]},{\"@type\":\"ImageObject\",\"inLanguage\":\"fr\",\"@id\":\"https:\/\/www.canadahelps.org\/fr\/centre-de-la-generosite\/#primaryimage\",\"url\":\"https:\/\/www.canadahelps.org\/media\/20250821-mkt-462-001.jpg\",\"contentUrl\":\"https:\/\/www.canadahelps.org\/media\/20250821-mkt-462-001.jpg\"},{\"@type\":\"BreadcrumbList\",\"@id\":\"https:\/\/www.canadahelps.org\/fr\/centre-de-la-generosite\/#breadcrumb\",\"itemListElement\":[{\"@type\":\"ListItem\",\"position\":1,\"name\":\"Home\",\"item\":\"https:\/\/www.canadahelps.org\/fr\/\"},{\"@type\":\"ListItem\",\"position\":2,\"name\":\"Centre de la Generosite\"}]},{\"@type\":\"WebSite\",\"@id\":\"https:\/\/www.canadahelps.org\/fr\/#website\",\"url\":\"https:\/\/www.canadahelps.org\/fr\/\",\"name\":\"CanadaHelps - Donate to any charity in Canada\",\"description\":\"Le don en toute simplicit\u00e9\",\"publisher\":{\"@id\":\"https:\/\/www.canadahelps.org\/fr\/#organization\"},\"potentialAction\":[{\"@type\":\"SearchAction\",\"target\":{\"@type\":\"EntryPoint\",\"urlTemplate\":\"https:\/\/www.canadahelps.org\/fr\/?s={search_term_string}\"},\"query-input\":{\"@type\":\"PropertyValueSpecification\",\"valueRequired\":true,\"valueName\":\"search_term_string\"}}],\"inLanguage\":\"fr\"},{\"@type\":\"Organization\",\"@id\":\"https:\/\/www.canadahelps.org\/fr\/#organization\",\"name\":\"CanadaHelps\",\"url\":\"https:\/\/www.canadahelps.org\/fr\/\",\"logo\":{\"@type\":\"ImageObject\",\"inLanguage\":\"fr\",\"@id\":\"https:\/\/www.canadahelps.org\/fr\/#\/schema\/logo\/image\/\",\"url\":\"https:\/\/www.canadahelps.org\/media\/canadahelps-en.jpg\",\"contentUrl\":\"https:\/\/www.canadahelps.org\/media\/canadahelps-en.jpg\",\"width\":131,\"height\":72,\"caption\":\"CanadaHelps\"},\"image\":{\"@id\":\"https:\/\/www.canadahelps.org\/fr\/#\/schema\/logo\/image\/\"}}]}<\/script>\n<!-- \/ Yoast SEO plugin. -->","yoast_head_json":{"title":"Centre de la Generosite | CanaDon - Faites des dons \u00e0 un organisme de bienfaisance au Canada","robots":{"index":"index","follow":"follow","max-snippet":"max-snippet:-1","max-image-preview":"max-image-preview:large","max-video-preview":"max-video-preview:-1"},"canonical":"https:\/\/www.canadahelps.org\/fr\/centre-de-la-generosite\/","og_locale":"fr_FR","og_type":"article","og_title":"Centre de la Generosite | CanaDon - Faites des dons \u00e0 un organisme de bienfaisance au Canada","og_description":"Des histoires, des ressources et des id\u00e9es canadiennes de confiance qui inspirent une vie g\u00e9n\u00e9reuse Centre de la g\u00e9n\u00e9rosit\u00e9 : pour une vie plus g\u00e9n\u00e9reuse ... Voir plus","og_url":"https:\/\/www.canadahelps.org\/fr\/centre-de-la-generosite\/","og_site_name":"CanaDon - Faites des dons \u00e0 un organisme de bienfaisance au Canada","article_modified_time":"2025-10-14T17:16:14+00:00","og_image":[{"url":"https:\/\/www.canadahelps.org\/media\/20250821-mkt-462-001.jpg","type":"","width":"","height":""}],"twitter_card":"summary_large_image","twitter_misc":{"Est. reading time":"1 minute"},"schema":{"@context":"https:\/\/schema.org","@graph":[{"@type":"WebPage","@id":"https:\/\/www.canadahelps.org\/fr\/centre-de-la-generosite\/","url":"https:\/\/www.canadahelps.org\/fr\/centre-de-la-generosite\/","name":"Centre de la Generosite | CanaDon - Faites des dons \u00e0 un organisme de bienfaisance au Canada","isPartOf":{"@id":"https:\/\/www.canadahelps.org\/fr\/#website"},"primaryImageOfPage":{"@id":"https:\/\/www.canadahelps.org\/fr\/centre-de-la-generosite\/#primaryimage"},"image":{"@id":"https:\/\/www.canadahelps.org\/fr\/centre-de-la-generosite\/#primaryimage"},"thumbnailUrl":"https:\/\/www.canadahelps.org\/media\/20250821-mkt-462-001.jpg","datePublished":"2025-09-02T15:13:05+00:00","dateModified":"2025-10-14T17:16:14+00:00","breadcrumb":{"@id":"https:\/\/www.canadahelps.org\/fr\/centre-de-la-generosite\/#breadcrumb"},"inLanguage":"fr","potentialAction":[{"@type":"ReadAction","target":["https:\/\/www.canadahelps.org\/fr\/centre-de-la-generosite\/"]}]},{"@type":"ImageObject","inLanguage":"fr","@id":"https:\/\/www.canadahelps.org\/fr\/centre-de-la-generosite\/#primaryimage","url":"https:\/\/www.canadahelps.org\/media\/20250821-mkt-462-001.jpg","contentUrl":"https:\/\/www.canadahelps.org\/media\/20250821-mkt-462-001.jpg"},{"@type":"BreadcrumbList","@id":"https:\/\/www.canadahelps.org\/fr\/centre-de-la-generosite\/#breadcrumb","itemListElement":[{"@type":"ListItem","position":1,"name":"Home","item":"https:\/\/www.canadahelps.org\/fr\/"},{"@type":"ListItem","position":2,"name":"Centre de la Generosite"}]},{"@type":"WebSite","@id":"https:\/\/www.canadahelps.org\/fr\/#website","url":"https:\/\/www.canadahelps.org\/fr\/","name":"CanadaHelps - Donate to any charity in Canada","description":"Le don en toute simplicit\u00e9","publisher":{"@id":"https:\/\/www.canadahelps.org\/fr\/#organization"},"potentialAction":[{"@type":"SearchAction","target":{"@type":"EntryPoint","urlTemplate":"https:\/\/www.canadahelps.org\/fr\/?s={search_term_string}"},"query-input":{"@type":"PropertyValueSpecification","valueRequired":true,"valueName":"search_term_string"}}],"inLanguage":"fr"},{"@type":"Organization","@id":"https:\/\/www.canadahelps.org\/fr\/#organization","name":"CanadaHelps","url":"https:\/\/www.canadahelps.org\/fr\/","logo":{"@type":"ImageObject","inLanguage":"fr","@id":"https:\/\/www.canadahelps.org\/fr\/#\/schema\/logo\/image\/","url":"https:\/\/www.canadahelps.org\/media\/canadahelps-en.jpg","contentUrl":"https:\/\/www.canadahelps.org\/media\/canadahelps-en.jpg","width":131,"height":72,"caption":"CanadaHelps"},"image":{"@id":"https:\/\/www.canadahelps.org\/fr\/#\/schema\/logo\/image\/"}}]}},"_links":{"self":[{"href":"https:\/\/www.canadahelps.org\/fr\/wp-json\/wp\/v2\/pages\/55755","targetHints":{"allow":["GET"]}}],"collection":[{"href":"https:\/\/www.canadahelps.org\/fr\/wp-json\/wp\/v2\/pages"}],"about":[{"href":"https:\/\/www.canadahelps.org\/fr\/wp-json\/wp\/v2\/types\/page"}],"author":[{"embeddable":true,"href":"https:\/\/www.canadahelps.org\/fr\/wp-json\/wp\/v2\/users\/30"}],"replies":[{"embeddable":true,"href":"https:\/\/www.canadahelps.org\/fr\/wp-json\/wp\/v2\/comments?post=55755"}],"version-history":[{"count":4,"href":"https:\/\/www.canadahelps.org\/fr\/wp-json\/wp\/v2\/pages\/55755\/revisions"}],"predecessor-version":[{"id":56441,"href":"https:\/\/www.canadahelps.org\/fr\/wp-json\/wp\/v2\/pages\/55755\/revisions\/56441"}],"wp:attachment":[{"href":"https:\/\/www.canadahelps.org\/fr\/wp-json\/wp\/v2\/media?parent=55755"}],"curies":[{"name":"wp","href":"https:\/\/api.w.org\/{rel}","templated":true}]}}