{"id":56266,"date":"2025-09-15T12:24:52","date_gmt":"2025-09-15T16:24:52","guid":{"rendered":"https:\/\/www.canadahelps.org\/?page_id=56266"},"modified":"2026-03-13T14:44:08","modified_gmt":"2026-03-13T18:44:08","slug":"guide-des-valeurs-mobilieres","status":"publish","type":"page","link":"https:\/\/www.canadahelps.org\/fr\/pour-les-organismes-de-bienfaisance\/ressources\/livres-blancs\/guide-des-valeurs-mobilieres\/","title":{"rendered":"Guide des valeurs mobilieres"},"content":{"rendered":"<style>#securities-guide-aaa{width:85%;margin:0 auto 100px auto;max-width:1288px}.securities-guide-sxs{display:flex;justify-content:space-evenly;align-items:flex-start;max-width:1288px}.securities-guide-sxs-img,.securities-guide-sxs-txt{width:50%;padding:30px}@media screen and (max-width:768px){#securities-guide-aaa{width:95%}.securities-guide-sxs{flex-direction:column}.securities-guide-sxs-img,.securities-guide-sxs-txt{width:100%;padding:15px}}<\/style>\n<section id=\"securities-guide-aaa\">\n<div class=\"securities-guide-sxs\">\n<div class=\"securities-guide-sxs-img\">\n      <img decoding=\"async\" src=\"https:\/\/www.canadahelps.org\/media\/20251009_mkt_558_securities_fr.jpg\" alt=\"\" \/>\n    <\/div>\n<div class=\"securities-guide-sxs-txt\">\n<h1 class=\"header-display\">Augmentez votre collecte de fonds gr\u00e2ce aux dons de titres<\/h1>\n<ul class=\"list-disc\">\n<li>Comment aider les donateurs \u00e0 maximiser leurs \u00e9pargnes d&#8217;imp\u00f4t potentielles<\/li>\n<li>Feuille de route et strat\u00e9gie pour d\u00e9velopper et accro\u00eetre les dons de valeurs mobili\u00e8res<\/li>\n<li>Comment CanaDon simplifie les dons de valeurs mobili\u00e8res pour les donateurs et les organismes de bienfaisance<\/li>\n<\/ul>\n<div class=\"_form_10\"><\/div>\n<p><script src=\"https:\/\/canadahelps96463.activehosted.com\/f\/embed.php?id=10\" charset=\"utf-8\"><\/script>\n    <\/div>\n<\/p><\/div>\n<\/section>\n","protected":false},"excerpt":{"rendered":"<p>Augmentez votre collecte de fonds gr\u00e2ce aux dons de titres Comment aider les donateurs \u00e0 maximiser leurs \u00e9pargnes d&#8217;imp\u00f4t potentielles Feuille de route et strat\u00e9gie &#8230; <a href=\"https:\/\/www.canadahelps.org\/fr\/pour-les-organismes-de-bienfaisance\/ressources\/livres-blancs\/guide-des-valeurs-mobilieres\/\" id=\"canadahelp-blog-meta\">Voir plus<\/a><\/p>\n","protected":false},"author":30,"featured_media":0,"parent":56268,"menu_order":0,"comment_status":"closed","ping_status":"closed","template":"template-ch20-full-width-b2b.php","meta":{"footnotes":""},"class_list":["post-56266","page","type-page","status-publish","hentry"],"acf":{"meta_description":"","use_toc_layout":false,"additional_body_css_classes":"","blogs_posts_item":false,"row_settings":false,"hide_page_title":false,"insert_spotlight_boxes":false,"use_biography_grid":false},"yoast_head":"<!-- This site is optimized with the Yoast SEO plugin v26.0 - https:\/\/yoast.com\/wordpress\/plugins\/seo\/ -->\n<title>Guide des valeurs mobilieres | CanaDon - Faites des dons \u00e0 un organisme de bienfaisance au Canada<\/title>\n<meta name=\"robots\" content=\"index, follow, max-snippet:-1, max-image-preview:large, max-video-preview:-1\" \/>\n<link rel=\"canonical\" href=\"https:\/\/www.canadahelps.org\/fr\/pour-les-organismes-de-bienfaisance\/ressources\/livres-blancs\/guide-des-valeurs-mobilieres\/\" \/>\n<meta property=\"og:locale\" content=\"fr_FR\" \/>\n<meta property=\"og:type\" content=\"article\" \/>\n<meta property=\"og:title\" content=\"Guide des valeurs mobilieres | CanaDon - Faites des dons \u00e0 un organisme de bienfaisance au Canada\" \/>\n<meta property=\"og:description\" content=\"Augmentez votre collecte de fonds gr\u00e2ce aux dons de titres Comment aider les donateurs \u00e0 maximiser leurs \u00e9pargnes d&#8217;imp\u00f4t potentielles Feuille de route et strat\u00e9gie ... Voir plus\" \/>\n<meta property=\"og:url\" content=\"https:\/\/www.canadahelps.org\/fr\/pour-les-organismes-de-bienfaisance\/ressources\/livres-blancs\/guide-des-valeurs-mobilieres\/\" \/>\n<meta property=\"og:site_name\" content=\"CanaDon - Faites des dons \u00e0 un organisme de bienfaisance au Canada\" \/>\n<meta property=\"article:modified_time\" content=\"2026-03-13T18:44:08+00:00\" \/>\n<meta property=\"og:image\" content=\"https:\/\/www.canadahelps.org\/media\/20251009_mkt_558_securities_fr.jpg\" \/>\n<meta name=\"twitter:card\" content=\"summary_large_image\" \/>\n<meta name=\"twitter:label1\" content=\"Est. reading time\" \/>\n\t<meta name=\"twitter:data1\" content=\"1 minute\" \/>\n<script type=\"application\/ld+json\" class=\"yoast-schema-graph\">{\"@context\":\"https:\/\/schema.org\",\"@graph\":[{\"@type\":\"WebPage\",\"@id\":\"https:\/\/www.canadahelps.org\/fr\/pour-les-organismes-de-bienfaisance\/ressources\/livres-blancs\/guide-des-valeurs-mobilieres\/\",\"url\":\"https:\/\/www.canadahelps.org\/fr\/pour-les-organismes-de-bienfaisance\/ressources\/livres-blancs\/guide-des-valeurs-mobilieres\/\",\"name\":\"Guide des valeurs mobilieres | CanaDon - Faites des dons \u00e0 un organisme de bienfaisance au Canada\",\"isPartOf\":{\"@id\":\"https:\/\/www.canadahelps.org\/fr\/#website\"},\"primaryImageOfPage\":{\"@id\":\"https:\/\/www.canadahelps.org\/fr\/pour-les-organismes-de-bienfaisance\/ressources\/livres-blancs\/guide-des-valeurs-mobilieres\/#primaryimage\"},\"image\":{\"@id\":\"https:\/\/www.canadahelps.org\/fr\/pour-les-organismes-de-bienfaisance\/ressources\/livres-blancs\/guide-des-valeurs-mobilieres\/#primaryimage\"},\"thumbnailUrl\":\"https:\/\/www.canadahelps.org\/media\/20251009_mkt_558_securities_fr.jpg\",\"datePublished\":\"2025-09-15T16:24:52+00:00\",\"dateModified\":\"2026-03-13T18:44:08+00:00\",\"breadcrumb\":{\"@id\":\"https:\/\/www.canadahelps.org\/fr\/pour-les-organismes-de-bienfaisance\/ressources\/livres-blancs\/guide-des-valeurs-mobilieres\/#breadcrumb\"},\"inLanguage\":\"fr\",\"potentialAction\":[{\"@type\":\"ReadAction\",\"target\":[\"https:\/\/www.canadahelps.org\/fr\/pour-les-organismes-de-bienfaisance\/ressources\/livres-blancs\/guide-des-valeurs-mobilieres\/\"]}]},{\"@type\":\"ImageObject\",\"inLanguage\":\"fr\",\"@id\":\"https:\/\/www.canadahelps.org\/fr\/pour-les-organismes-de-bienfaisance\/ressources\/livres-blancs\/guide-des-valeurs-mobilieres\/#primaryimage\",\"url\":\"https:\/\/www.canadahelps.org\/media\/20251009_mkt_558_securities_fr.jpg\",\"contentUrl\":\"https:\/\/www.canadahelps.org\/media\/20251009_mkt_558_securities_fr.jpg\"},{\"@type\":\"BreadcrumbList\",\"@id\":\"https:\/\/www.canadahelps.org\/fr\/pour-les-organismes-de-bienfaisance\/ressources\/livres-blancs\/guide-des-valeurs-mobilieres\/#breadcrumb\",\"itemListElement\":[{\"@type\":\"ListItem\",\"position\":1,\"name\":\"Home\",\"item\":\"https:\/\/www.canadahelps.org\/fr\/\"},{\"@type\":\"ListItem\",\"position\":2,\"name\":\"Pour les Organismes de Bienfaisance\",\"item\":\"https:\/\/www.canadahelps.org\/fr\/pour-les-organismes-de-bienfaisance\/\"},{\"@type\":\"ListItem\",\"position\":3,\"name\":\"Ressources\",\"item\":\"https:\/\/www.canadahelps.org\/fr\/pour-les-organismes-de-bienfaisance\/ressources\/\"},{\"@type\":\"ListItem\",\"position\":4,\"name\":\"Livres Blancs\",\"item\":\"https:\/\/www.canadahelps.org\/fr\/pour-les-organismes-de-bienfaisance\/ressources\/livres-blancs\/\"},{\"@type\":\"ListItem\",\"position\":5,\"name\":\"Guide des valeurs mobilieres\"}]},{\"@type\":\"WebSite\",\"@id\":\"https:\/\/www.canadahelps.org\/fr\/#website\",\"url\":\"https:\/\/www.canadahelps.org\/fr\/\",\"name\":\"CanadaHelps - Donate to any charity in Canada\",\"description\":\"Le don en toute simplicit\u00e9\",\"publisher\":{\"@id\":\"https:\/\/www.canadahelps.org\/fr\/#organization\"},\"potentialAction\":[{\"@type\":\"SearchAction\",\"target\":{\"@type\":\"EntryPoint\",\"urlTemplate\":\"https:\/\/www.canadahelps.org\/fr\/?s={search_term_string}\"},\"query-input\":{\"@type\":\"PropertyValueSpecification\",\"valueRequired\":true,\"valueName\":\"search_term_string\"}}],\"inLanguage\":\"fr\"},{\"@type\":\"Organization\",\"@id\":\"https:\/\/www.canadahelps.org\/fr\/#organization\",\"name\":\"CanadaHelps\",\"url\":\"https:\/\/www.canadahelps.org\/fr\/\",\"logo\":{\"@type\":\"ImageObject\",\"inLanguage\":\"fr\",\"@id\":\"https:\/\/www.canadahelps.org\/fr\/#\/schema\/logo\/image\/\",\"url\":\"https:\/\/www.canadahelps.org\/media\/canadahelps-en.jpg\",\"contentUrl\":\"https:\/\/www.canadahelps.org\/media\/canadahelps-en.jpg\",\"width\":131,\"height\":72,\"caption\":\"CanadaHelps\"},\"image\":{\"@id\":\"https:\/\/www.canadahelps.org\/fr\/#\/schema\/logo\/image\/\"}}]}<\/script>\n<!-- \/ Yoast SEO plugin. -->","yoast_head_json":{"title":"Guide des valeurs mobilieres | CanaDon - Faites des dons \u00e0 un organisme de bienfaisance au Canada","robots":{"index":"index","follow":"follow","max-snippet":"max-snippet:-1","max-image-preview":"max-image-preview:large","max-video-preview":"max-video-preview:-1"},"canonical":"https:\/\/www.canadahelps.org\/fr\/pour-les-organismes-de-bienfaisance\/ressources\/livres-blancs\/guide-des-valeurs-mobilieres\/","og_locale":"fr_FR","og_type":"article","og_title":"Guide des valeurs mobilieres | CanaDon - Faites des dons \u00e0 un organisme de bienfaisance au Canada","og_description":"Augmentez votre collecte de fonds gr\u00e2ce aux dons de titres Comment aider les donateurs \u00e0 maximiser leurs \u00e9pargnes d&#8217;imp\u00f4t potentielles Feuille de route et strat\u00e9gie ... Voir plus","og_url":"https:\/\/www.canadahelps.org\/fr\/pour-les-organismes-de-bienfaisance\/ressources\/livres-blancs\/guide-des-valeurs-mobilieres\/","og_site_name":"CanaDon - Faites des dons \u00e0 un organisme de bienfaisance au Canada","article_modified_time":"2026-03-13T18:44:08+00:00","og_image":[{"url":"https:\/\/www.canadahelps.org\/media\/20251009_mkt_558_securities_fr.jpg","type":"","width":"","height":""}],"twitter_card":"summary_large_image","twitter_misc":{"Est. reading time":"1 minute"},"schema":{"@context":"https:\/\/schema.org","@graph":[{"@type":"WebPage","@id":"https:\/\/www.canadahelps.org\/fr\/pour-les-organismes-de-bienfaisance\/ressources\/livres-blancs\/guide-des-valeurs-mobilieres\/","url":"https:\/\/www.canadahelps.org\/fr\/pour-les-organismes-de-bienfaisance\/ressources\/livres-blancs\/guide-des-valeurs-mobilieres\/","name":"Guide des valeurs mobilieres | CanaDon - Faites des dons \u00e0 un organisme de bienfaisance au Canada","isPartOf":{"@id":"https:\/\/www.canadahelps.org\/fr\/#website"},"primaryImageOfPage":{"@id":"https:\/\/www.canadahelps.org\/fr\/pour-les-organismes-de-bienfaisance\/ressources\/livres-blancs\/guide-des-valeurs-mobilieres\/#primaryimage"},"image":{"@id":"https:\/\/www.canadahelps.org\/fr\/pour-les-organismes-de-bienfaisance\/ressources\/livres-blancs\/guide-des-valeurs-mobilieres\/#primaryimage"},"thumbnailUrl":"https:\/\/www.canadahelps.org\/media\/20251009_mkt_558_securities_fr.jpg","datePublished":"2025-09-15T16:24:52+00:00","dateModified":"2026-03-13T18:44:08+00:00","breadcrumb":{"@id":"https:\/\/www.canadahelps.org\/fr\/pour-les-organismes-de-bienfaisance\/ressources\/livres-blancs\/guide-des-valeurs-mobilieres\/#breadcrumb"},"inLanguage":"fr","potentialAction":[{"@type":"ReadAction","target":["https:\/\/www.canadahelps.org\/fr\/pour-les-organismes-de-bienfaisance\/ressources\/livres-blancs\/guide-des-valeurs-mobilieres\/"]}]},{"@type":"ImageObject","inLanguage":"fr","@id":"https:\/\/www.canadahelps.org\/fr\/pour-les-organismes-de-bienfaisance\/ressources\/livres-blancs\/guide-des-valeurs-mobilieres\/#primaryimage","url":"https:\/\/www.canadahelps.org\/media\/20251009_mkt_558_securities_fr.jpg","contentUrl":"https:\/\/www.canadahelps.org\/media\/20251009_mkt_558_securities_fr.jpg"},{"@type":"BreadcrumbList","@id":"https:\/\/www.canadahelps.org\/fr\/pour-les-organismes-de-bienfaisance\/ressources\/livres-blancs\/guide-des-valeurs-mobilieres\/#breadcrumb","itemListElement":[{"@type":"ListItem","position":1,"name":"Home","item":"https:\/\/www.canadahelps.org\/fr\/"},{"@type":"ListItem","position":2,"name":"Pour les Organismes de Bienfaisance","item":"https:\/\/www.canadahelps.org\/fr\/pour-les-organismes-de-bienfaisance\/"},{"@type":"ListItem","position":3,"name":"Ressources","item":"https:\/\/www.canadahelps.org\/fr\/pour-les-organismes-de-bienfaisance\/ressources\/"},{"@type":"ListItem","position":4,"name":"Livres Blancs","item":"https:\/\/www.canadahelps.org\/fr\/pour-les-organismes-de-bienfaisance\/ressources\/livres-blancs\/"},{"@type":"ListItem","position":5,"name":"Guide des valeurs mobilieres"}]},{"@type":"WebSite","@id":"https:\/\/www.canadahelps.org\/fr\/#website","url":"https:\/\/www.canadahelps.org\/fr\/","name":"CanadaHelps - Donate to any charity in Canada","description":"Le don en toute simplicit\u00e9","publisher":{"@id":"https:\/\/www.canadahelps.org\/fr\/#organization"},"potentialAction":[{"@type":"SearchAction","target":{"@type":"EntryPoint","urlTemplate":"https:\/\/www.canadahelps.org\/fr\/?s={search_term_string}"},"query-input":{"@type":"PropertyValueSpecification","valueRequired":true,"valueName":"search_term_string"}}],"inLanguage":"fr"},{"@type":"Organization","@id":"https:\/\/www.canadahelps.org\/fr\/#organization","name":"CanadaHelps","url":"https:\/\/www.canadahelps.org\/fr\/","logo":{"@type":"ImageObject","inLanguage":"fr","@id":"https:\/\/www.canadahelps.org\/fr\/#\/schema\/logo\/image\/","url":"https:\/\/www.canadahelps.org\/media\/canadahelps-en.jpg","contentUrl":"https:\/\/www.canadahelps.org\/media\/canadahelps-en.jpg","width":131,"height":72,"caption":"CanadaHelps"},"image":{"@id":"https:\/\/www.canadahelps.org\/fr\/#\/schema\/logo\/image\/"}}]}},"_links":{"self":[{"href":"https:\/\/www.canadahelps.org\/fr\/wp-json\/wp\/v2\/pages\/56266","targetHints":{"allow":["GET"]}}],"collection":[{"href":"https:\/\/www.canadahelps.org\/fr\/wp-json\/wp\/v2\/pages"}],"about":[{"href":"https:\/\/www.canadahelps.org\/fr\/wp-json\/wp\/v2\/types\/page"}],"author":[{"embeddable":true,"href":"https:\/\/www.canadahelps.org\/fr\/wp-json\/wp\/v2\/users\/30"}],"replies":[{"embeddable":true,"href":"https:\/\/www.canadahelps.org\/fr\/wp-json\/wp\/v2\/comments?post=56266"}],"version-history":[{"count":3,"href":"https:\/\/www.canadahelps.org\/fr\/wp-json\/wp\/v2\/pages\/56266\/revisions"}],"predecessor-version":[{"id":57933,"href":"https:\/\/www.canadahelps.org\/fr\/wp-json\/wp\/v2\/pages\/56266\/revisions\/57933"}],"up":[{"embeddable":true,"href":"https:\/\/www.canadahelps.org\/fr\/wp-json\/wp\/v2\/pages\/56268"}],"wp:attachment":[{"href":"https:\/\/www.canadahelps.org\/fr\/wp-json\/wp\/v2\/media?parent=56266"}],"curies":[{"name":"wp","href":"https:\/\/api.w.org\/{rel}","templated":true}]}}