{"id":56268,"date":"2025-07-07T15:34:38","date_gmt":"2025-07-07T19:34:38","guid":{"rendered":"https:\/\/www.canadahelps.org\/?page_id=56268"},"modified":"2025-10-20T14:46:17","modified_gmt":"2025-10-20T18:46:17","slug":"livres-blancs","status":"publish","type":"page","link":"https:\/\/www.canadahelps.org\/fr\/pour-les-organismes-de-bienfaisance\/ressources\/livres-blancs\/","title":{"rendered":"Livres Blancs"},"content":{"rendered":"<style>#b2bwhitepapers-intro{width:90%;margin:0 auto;max-width:1288px}#b2bwhitepapers-papers{width:90%;margin:96px auto;max-width:1288px}#b2bwhitepapers-papers{padding:50px 0}.b2bwhitepapers-flex{display:flex;align-items:center;justify-content:flex-start;gap:20px;max-width:1288px}.flex-img,.flex-text{width:50%}.flex-text{padding:70px}.showcase-charity.container{margin:128px auto 64px}.showcase-charity-wide-tile{position:relative;padding:68px 100px;border-radius:0 0 12px 12px;margin-bottom:20px;display:flex;justify-content:space-between}.showcase-charity-wide-tile-text{max-width:480px}.showcase-charity-wide-tile-img{position:absolute;bottom:0;right:64px}.showcase-charity-tiles{display:flex;justify-content:space-between;gap:20px;flex-wrap:wrap}.showcase-charity-tile{max-width:400px;width:31%;border-radius:12px}.showcase-charity-tile-text{padding:60px 60px 34px}.border-gradient{height:12px}.border-gradient-one{background:linear-gradient(90deg,#bfffde 100%,#bfefff 0);border-radius:12px 12px 0 0}.border-gradient-two{background:linear-gradient(90deg,#bfefff 0,#ebcfff 100%);border-radius:12px 12px 0 0}.border-gradient-three{background:linear-gradient(90deg,#fffaae 0,#ffd2ad 100%);border-radius:12px 12px 0 0}.border-gradient-four{background:linear-gradient(90deg,#bfefff 0,#bfffde 100%);border-radius:12px 12px 0 0}.border-gradient-five{background:linear-gradient(90deg,#bfffde 100%,#bfefff 0)}.border-gradient-four.no-radius{border-radius:0}.ch-tools-tiles{display:flex;flex-wrap:wrap;gap:20px;margin-top:40px}.ch-tools-tile{width:31%}.media-tiles>div{border:1px solid #dddce5}.blog-tiles-header{display:flex;justify-content:space-between}.blog-posts-tiles{display:flex;gap:20px;margin-top:72px}.blog-post-tile{width:48%;max-width:400px}.blog-post-tile-img{position:relative;height:152px;border-radius:12px;margin-bottom:16px}i.fa-solid.fa-arrow-right{margin-left:8px}.b2bwhitepapers-pdf{width:33%;background-color:#fff;padding:30px;max-width:300px;border-radius:4px;margin:30px}p.tag{background-color:#1b1750;padding:8px 10px;border-radius:4px;margin:10px 0;display:inline-block}.b2bw-pdf-text{text-transform:capitalize;font-weight:700}.b2bw-pdf-cta a{color:#1b1750;text-decoration:none;font-weight:700}a.text-white:hover{color:#fff}@media screen and (max-width:1200px){.all-in-one-img,.all-in-one-text,.build-charity-img,.build-charity-text,.our-team h2,.our-team-img,.reach-more-img,.reach-more-text{width:50%}}@media screen and (max-width:768px){.b2bwhitepapers-flex{flex-direction:column}.b2bwhitepapers-flex div{width:100%;padding:30px}.showcase-charity.container{margin:40px 0}.showcase-charity-tiles{align-items:center;flex-direction:column}.showcase-charity-tile{max-width:400px;width:100%}.showcase-charity-wide-tile{display:block;padding:40px 20px 0}.showcase-charity-tile-text{padding:40px 20px 24px}.showcase-charity-wide-tile-img{position:static;margin-top:32px}.showcase-charity-wide-tile-img img{width:178px;margin:0 auto}.ch-tools-tiles{flex-direction:column}.ch-tools-tile{width:100%;max-width:400px;margin:0 auto}.btn-container{margin-top:20px}.media-tiles{flex-wrap:wrap;margin-top:40px}.media-tiles>div{width:46%;max-width:294px}.blog-posts-tiles{margin-top:0;flex-direction:column;align-items:center}.blog-post-tile{margin-top:48px;width:100%}}@media screen and (max-width:992px){.showcase-charity-wide-tile-img img{width:300px}.showcase-charity-tiles{justify-content:center}.showcase-charity-tile{width:48%}}<\/style>\n<section id=\"b2bwhitepapers-intro\">\n<div class=\"container\">\n<div class=\"b2bwhitepapers-flex\">\n<div class=\"flex-img\">\n    <img decoding=\"async\" src=\"https:\/\/www.canadahelps.org\/media\/20250618_mkt410_001.png\" alt=\"\">\n    <\/div>\n<div class=\"flex-text\">\n<h1>Livres Blancs<\/h1>\n<p>Travailler dans un organisme de bienfaisance peut \u00eatre tr\u00e8s prenant. Il est difficile de se tenir au courant des derni\u00e8res bonnes pratiques en mati\u00e8re de collecte de fonds. Nos livres blancs sont l\u00e0 pour vous aider.<\/p>\n<\/p><\/div>\n<\/div>\n<\/section>\n<section id=\"b2bwhitepapers-papers\" class=\"ch-gray-section\">\n<div class=\"b2bwhitepapers-flex\">\n<div class=\"b2bwhitepapers-pdf\">\n<div class=\"b2bw-pdf-img\">\n        <img decoding=\"async\" src=\"https:\/\/www.canadahelps.org\/media\/20251020_mkt557_002.jpg\" alt=\"\">\n        <\/div>\n<div class=\"b2bw-pdf-tag\">\n<p class=\"tag text-white\">Livre Blanc<\/p>\n<\/p><\/div>\n<div class=\"b2bw-pdf-text\">\n<p>Augmentez votre collecte de fonds gr\u00e2ce aux dons de titres<\/p>\n<\/p><\/div>\n<div class=\"b2bw-pdf-cta\">\n<p><a href=\"https:\/\/www.canadahelps.org\/fr\/pour-les-organismes-de-bienfaisance\/ressources\/livres-blancs\/guide-des-valeurs-mobilieres\/\">En savoir plus<\/a> <i class=\"fa-solid fa-arrow-right\"><\/i><\/p>\n<\/p><\/div>\n<\/p><\/div>\n<div class=\"b2bwhitepapers-pdf\">\n<div class=\"b2bw-pdf-img\">\n        <img decoding=\"async\" src=\"https:\/\/www.canadahelps.org\/media\/20251020_mkt557_001.jpg\" alt=\"\">\n        <\/div>\n<div class=\"b2bw-pdf-tag\">\n<p class=\"tag text-white\">Livre Blanc<\/p>\n<\/p><\/div>\n<div class=\"b2bw-pdf-text\">\n<p>Guide de la campagne de fin d&#8217;ann\u00e9e<\/p>\n<\/p><\/div>\n<div class=\"b2bw-pdf-cta\">\n<p><a href=\"https:\/\/www.canadahelps.org\/fr\/pour-les-organismes-de-bienfaisance\/ressources\/livres-blancs\/guide-de-la-campagne-de-fin-dannee\/\">En savoir plus<\/a> <i class=\"fa-solid fa-arrow-right\"><\/i><\/p>\n<\/p><\/div>\n<\/p><\/div>\n<p>    <!-- \n\n<div class=\"b2bwhitepapers-pdf\">\n        \n\n<div class=\"b2bw-pdf-img\">\n        <img decoding=\"async\" src=\"https:\/\/www.canadahelps.org\/media\/202506_Year_End_Cover_Image.jpg\" alt=\"\">\n        <\/div>\n\n\n        \n\n<div class=\"b2bw-pdf-tag\">\n        \n\n<p class=\"tag text-white\">Livre Blanc<\/p>\n\n\n        <\/div>\n\n\n        \n\n<div class=\"b2bw-pdf-text\">\n        \n\n<p>Augmentez votre collecte de fonds gr\u00e2ce aux dons de titres<\/p>\n\n\n        <\/div>\n\n\n        \n\n<div class=\"b2bw-pdf-cta\">\n        \n\n<p><a href=\"https:\/\/www.canadahelps.org\/media\/CH_Whitepaper_End-Of-Year_Campaign.pdf\">En savoir plus<\/a> <i class=\"fa-solid fa-arrow-right\"><\/i><\/p>\n\n\n        <\/div>\n\n\n    <\/div>\n\n --><\/p>\n<\/div>\n<\/section>\n<section class=\"b2bwhitepapers-explore\">\n<div class=\"container showcase-charity\">\n<div>\n<div class=\"border-gradient border-gradient-one\"><\/div>\n<div class=\"ch-purple-section showcase-charity-wide-tile\">\n<div class=\"showcase-charity-wide-tile-text\">\n<h2 class=\"header-primary text-white\">D\u00e9couvrez d\u2019autres ressources<\/h2>\n<p class=\"text-white\">\u00c0 CanaDon, nous avons la passion de d\u00e9velopper et renforcer la capacit\u00e9 du secteur caritatif. Rejoignez plus de 40 000 professionnels de la bienfaisance qui consultent nos webinaires de formation gratuits, nos livres blancs et nos autres ressources.<\/p>\n<\/p><\/div>\n<div class=\"showcase-charity-wide-tile-img\"><img decoding=\"async\" src=\"https:\/\/www.canadahelps.org\/media\/20250618_mkt410_002.png\" alt=\"\" width=\"364\" \/><\/div>\n<\/p><\/div>\n<div class=\"showcase-charity-tiles\">\n<div class=\"ch-purple-section showcase-charity-tile\">\n<div class=\"border-gradient border-gradient-two\"><\/div>\n<div class=\"showcase-charity-tile-text\">\n<h3 class=\"text-white header-secondary\">Mardi je donne<\/h3>\n<p class=\"text-white\">Participez au plus grand mouvement consacr\u00e9 \u00e0 la g\u00e9n\u00e9rosit\u00e9 au Canada.<\/p>\n<p class=\"text-white\"><a href=\"https:\/\/www.canadahelps.org\/fr\/pour-les-organismes-de-bienfaisance\/ressources\/mardi-je-donne\/\" class=\"text-white\">En savoir plus<\/a> <i class=\"fa-solid fa-arrow-right text-white\"><\/i><\/p>\n<\/p><\/div>\n<\/p><\/div>\n<div class=\"ch-purple-section showcase-charity-tile\">\n<div class=\"border-gradient border-gradient-three\"><\/div>\n<div class=\"showcase-charity-tile-text\">\n<h3 class=\"text-white header-secondary\">Webinaires<\/h3>\n<p class=\"text-white\">Regardez nos webinaires consacr\u00e9s \u00e0 des sujets comme les \u00ab Conseils pour la collecte de fonds de Mardi je donne \u00bb, ou \u00ab Comment stimuler la collecte de fonds de votre organisme avec des dons de valeurs mobili\u00e8res \u00bb.<\/p>\n<p class=\"text-white\"><a href=\"https:\/\/forcharities.canadahelps.org\/resources\/webinars\" class=\"text-white\">En savoir plus<\/a> <i class=\"fa-solid fa-arrow-right text-white\"><\/i><\/p>\n<\/p><\/div>\n<\/p><\/div>\n<div class=\"ch-purple-section showcase-charity-tile\">\n<div class=\"border-gradient border-gradient-four\"><\/div>\n<div class=\"showcase-charity-tile-text\">\n<h3 class=\"text-white header-secondary\">Blogue La vie caritative<\/h3>\n<p class=\"text-white\">L\u2019endroit o\u00f9 vous trouverez de l\u2019inspiration et de l\u2019\u00e9ducation sur la collecte de fonds en ligne pour votre organisme de bienfaisance, les tendances ainsi que les meilleures pratiques dans le domaine. <\/p>\n<p class=\"text-white\"><a href=\"https:\/\/www.canadahelps.org\/fr\/category\/la-vie-caritative\/\" class=\"text-white\">En savoir plus<\/a> <i class=\"fa-solid fa-arrow-right text-white\"><\/i><\/p>\n<\/p><\/div>\n<\/p><\/div>\n<\/div>\n<\/div>\n<\/section>\n","protected":false},"excerpt":{"rendered":"<p>Livres Blancs Travailler dans un organisme de bienfaisance peut \u00eatre tr\u00e8s prenant. Il est difficile de se tenir au courant des derni\u00e8res bonnes pratiques en &#8230; <a href=\"https:\/\/www.canadahelps.org\/fr\/pour-les-organismes-de-bienfaisance\/ressources\/livres-blancs\/\" id=\"canadahelp-blog-meta\">Voir plus<\/a><\/p>\n","protected":false},"author":30,"featured_media":0,"parent":54556,"menu_order":0,"comment_status":"closed","ping_status":"closed","template":"template-ch20-full-width-b2b.php","meta":{"footnotes":""},"class_list":["post-56268","page","type-page","status-publish","hentry"],"acf":{"meta_description":"","use_toc_layout":false,"additional_body_css_classes":"","row_settings":false,"hide_page_title":false,"insert_spotlight_boxes":false,"use_biography_grid":false,"blogs_posts_item":false},"yoast_head":"<!-- This site is optimized with the Yoast SEO plugin v26.0 - https:\/\/yoast.com\/wordpress\/plugins\/seo\/ -->\n<title>Livres Blancs | CanaDon - Faites des dons \u00e0 un organisme de bienfaisance au Canada<\/title>\n<meta name=\"robots\" content=\"index, follow, max-snippet:-1, max-image-preview:large, max-video-preview:-1\" \/>\n<link rel=\"canonical\" href=\"https:\/\/www.canadahelps.org\/fr\/pour-les-organismes-de-bienfaisance\/ressources\/livres-blancs\/\" \/>\n<meta property=\"og:locale\" content=\"fr_FR\" \/>\n<meta property=\"og:type\" content=\"article\" \/>\n<meta property=\"og:title\" content=\"Livres Blancs | CanaDon - Faites des dons \u00e0 un organisme de bienfaisance au Canada\" \/>\n<meta property=\"og:description\" content=\"Livres Blancs Travailler dans un organisme de bienfaisance peut \u00eatre tr\u00e8s prenant. Il est difficile de se tenir au courant des derni\u00e8res bonnes pratiques en ... Voir plus\" \/>\n<meta property=\"og:url\" content=\"https:\/\/www.canadahelps.org\/fr\/pour-les-organismes-de-bienfaisance\/ressources\/livres-blancs\/\" \/>\n<meta property=\"og:site_name\" content=\"CanaDon - Faites des dons \u00e0 un organisme de bienfaisance au Canada\" \/>\n<meta property=\"article:modified_time\" content=\"2025-10-20T18:46:17+00:00\" \/>\n<meta property=\"og:image\" content=\"https:\/\/www.canadahelps.org\/media\/20250618_mkt410_001.png\" \/>\n<meta name=\"twitter:card\" content=\"summary_large_image\" \/>\n<script type=\"application\/ld+json\" class=\"yoast-schema-graph\">{\"@context\":\"https:\/\/schema.org\",\"@graph\":[{\"@type\":\"WebPage\",\"@id\":\"https:\/\/www.canadahelps.org\/fr\/pour-les-organismes-de-bienfaisance\/ressources\/livres-blancs\/\",\"url\":\"https:\/\/www.canadahelps.org\/fr\/pour-les-organismes-de-bienfaisance\/ressources\/livres-blancs\/\",\"name\":\"Livres Blancs | CanaDon - Faites des dons \u00e0 un organisme de bienfaisance au Canada\",\"isPartOf\":{\"@id\":\"https:\/\/www.canadahelps.org\/fr\/#website\"},\"primaryImageOfPage\":{\"@id\":\"https:\/\/www.canadahelps.org\/fr\/pour-les-organismes-de-bienfaisance\/ressources\/livres-blancs\/#primaryimage\"},\"image\":{\"@id\":\"https:\/\/www.canadahelps.org\/fr\/pour-les-organismes-de-bienfaisance\/ressources\/livres-blancs\/#primaryimage\"},\"thumbnailUrl\":\"https:\/\/www.canadahelps.org\/media\/20250618_mkt410_001.png\",\"datePublished\":\"2025-07-07T19:34:38+00:00\",\"dateModified\":\"2025-10-20T18:46:17+00:00\",\"breadcrumb\":{\"@id\":\"https:\/\/www.canadahelps.org\/fr\/pour-les-organismes-de-bienfaisance\/ressources\/livres-blancs\/#breadcrumb\"},\"inLanguage\":\"fr\",\"potentialAction\":[{\"@type\":\"ReadAction\",\"target\":[\"https:\/\/www.canadahelps.org\/fr\/pour-les-organismes-de-bienfaisance\/ressources\/livres-blancs\/\"]}]},{\"@type\":\"ImageObject\",\"inLanguage\":\"fr\",\"@id\":\"https:\/\/www.canadahelps.org\/fr\/pour-les-organismes-de-bienfaisance\/ressources\/livres-blancs\/#primaryimage\",\"url\":\"https:\/\/www.canadahelps.org\/media\/20250618_mkt410_001.png\",\"contentUrl\":\"https:\/\/www.canadahelps.org\/media\/20250618_mkt410_001.png\"},{\"@type\":\"BreadcrumbList\",\"@id\":\"https:\/\/www.canadahelps.org\/fr\/pour-les-organismes-de-bienfaisance\/ressources\/livres-blancs\/#breadcrumb\",\"itemListElement\":[{\"@type\":\"ListItem\",\"position\":1,\"name\":\"Home\",\"item\":\"https:\/\/www.canadahelps.org\/fr\/\"},{\"@type\":\"ListItem\",\"position\":2,\"name\":\"Pour les Organismes de Bienfaisance\",\"item\":\"https:\/\/www.canadahelps.org\/fr\/pour-les-organismes-de-bienfaisance\/\"},{\"@type\":\"ListItem\",\"position\":3,\"name\":\"Ressources\",\"item\":\"https:\/\/www.canadahelps.org\/fr\/pour-les-organismes-de-bienfaisance\/ressources\/\"},{\"@type\":\"ListItem\",\"position\":4,\"name\":\"Livres Blancs\"}]},{\"@type\":\"WebSite\",\"@id\":\"https:\/\/www.canadahelps.org\/fr\/#website\",\"url\":\"https:\/\/www.canadahelps.org\/fr\/\",\"name\":\"CanadaHelps - Donate to any charity in Canada\",\"description\":\"Le don en toute simplicit\u00e9\",\"publisher\":{\"@id\":\"https:\/\/www.canadahelps.org\/fr\/#organization\"},\"potentialAction\":[{\"@type\":\"SearchAction\",\"target\":{\"@type\":\"EntryPoint\",\"urlTemplate\":\"https:\/\/www.canadahelps.org\/fr\/?s={search_term_string}\"},\"query-input\":{\"@type\":\"PropertyValueSpecification\",\"valueRequired\":true,\"valueName\":\"search_term_string\"}}],\"inLanguage\":\"fr\"},{\"@type\":\"Organization\",\"@id\":\"https:\/\/www.canadahelps.org\/fr\/#organization\",\"name\":\"CanadaHelps\",\"url\":\"https:\/\/www.canadahelps.org\/fr\/\",\"logo\":{\"@type\":\"ImageObject\",\"inLanguage\":\"fr\",\"@id\":\"https:\/\/www.canadahelps.org\/fr\/#\/schema\/logo\/image\/\",\"url\":\"https:\/\/www.canadahelps.org\/media\/canadahelps-en.jpg\",\"contentUrl\":\"https:\/\/www.canadahelps.org\/media\/canadahelps-en.jpg\",\"width\":131,\"height\":72,\"caption\":\"CanadaHelps\"},\"image\":{\"@id\":\"https:\/\/www.canadahelps.org\/fr\/#\/schema\/logo\/image\/\"}}]}<\/script>\n<!-- \/ Yoast SEO plugin. -->","yoast_head_json":{"title":"Livres Blancs | CanaDon - Faites des dons \u00e0 un organisme de bienfaisance au Canada","robots":{"index":"index","follow":"follow","max-snippet":"max-snippet:-1","max-image-preview":"max-image-preview:large","max-video-preview":"max-video-preview:-1"},"canonical":"https:\/\/www.canadahelps.org\/fr\/pour-les-organismes-de-bienfaisance\/ressources\/livres-blancs\/","og_locale":"fr_FR","og_type":"article","og_title":"Livres Blancs | CanaDon - Faites des dons \u00e0 un organisme de bienfaisance au Canada","og_description":"Livres Blancs Travailler dans un organisme de bienfaisance peut \u00eatre tr\u00e8s prenant. Il est difficile de se tenir au courant des derni\u00e8res bonnes pratiques en ... Voir plus","og_url":"https:\/\/www.canadahelps.org\/fr\/pour-les-organismes-de-bienfaisance\/ressources\/livres-blancs\/","og_site_name":"CanaDon - Faites des dons \u00e0 un organisme de bienfaisance au Canada","article_modified_time":"2025-10-20T18:46:17+00:00","og_image":[{"url":"https:\/\/www.canadahelps.org\/media\/20250618_mkt410_001.png","type":"","width":"","height":""}],"twitter_card":"summary_large_image","schema":{"@context":"https:\/\/schema.org","@graph":[{"@type":"WebPage","@id":"https:\/\/www.canadahelps.org\/fr\/pour-les-organismes-de-bienfaisance\/ressources\/livres-blancs\/","url":"https:\/\/www.canadahelps.org\/fr\/pour-les-organismes-de-bienfaisance\/ressources\/livres-blancs\/","name":"Livres Blancs | CanaDon - Faites des dons \u00e0 un organisme de bienfaisance au Canada","isPartOf":{"@id":"https:\/\/www.canadahelps.org\/fr\/#website"},"primaryImageOfPage":{"@id":"https:\/\/www.canadahelps.org\/fr\/pour-les-organismes-de-bienfaisance\/ressources\/livres-blancs\/#primaryimage"},"image":{"@id":"https:\/\/www.canadahelps.org\/fr\/pour-les-organismes-de-bienfaisance\/ressources\/livres-blancs\/#primaryimage"},"thumbnailUrl":"https:\/\/www.canadahelps.org\/media\/20250618_mkt410_001.png","datePublished":"2025-07-07T19:34:38+00:00","dateModified":"2025-10-20T18:46:17+00:00","breadcrumb":{"@id":"https:\/\/www.canadahelps.org\/fr\/pour-les-organismes-de-bienfaisance\/ressources\/livres-blancs\/#breadcrumb"},"inLanguage":"fr","potentialAction":[{"@type":"ReadAction","target":["https:\/\/www.canadahelps.org\/fr\/pour-les-organismes-de-bienfaisance\/ressources\/livres-blancs\/"]}]},{"@type":"ImageObject","inLanguage":"fr","@id":"https:\/\/www.canadahelps.org\/fr\/pour-les-organismes-de-bienfaisance\/ressources\/livres-blancs\/#primaryimage","url":"https:\/\/www.canadahelps.org\/media\/20250618_mkt410_001.png","contentUrl":"https:\/\/www.canadahelps.org\/media\/20250618_mkt410_001.png"},{"@type":"BreadcrumbList","@id":"https:\/\/www.canadahelps.org\/fr\/pour-les-organismes-de-bienfaisance\/ressources\/livres-blancs\/#breadcrumb","itemListElement":[{"@type":"ListItem","position":1,"name":"Home","item":"https:\/\/www.canadahelps.org\/fr\/"},{"@type":"ListItem","position":2,"name":"Pour les Organismes de Bienfaisance","item":"https:\/\/www.canadahelps.org\/fr\/pour-les-organismes-de-bienfaisance\/"},{"@type":"ListItem","position":3,"name":"Ressources","item":"https:\/\/www.canadahelps.org\/fr\/pour-les-organismes-de-bienfaisance\/ressources\/"},{"@type":"ListItem","position":4,"name":"Livres Blancs"}]},{"@type":"WebSite","@id":"https:\/\/www.canadahelps.org\/fr\/#website","url":"https:\/\/www.canadahelps.org\/fr\/","name":"CanadaHelps - Donate to any charity in Canada","description":"Le don en toute simplicit\u00e9","publisher":{"@id":"https:\/\/www.canadahelps.org\/fr\/#organization"},"potentialAction":[{"@type":"SearchAction","target":{"@type":"EntryPoint","urlTemplate":"https:\/\/www.canadahelps.org\/fr\/?s={search_term_string}"},"query-input":{"@type":"PropertyValueSpecification","valueRequired":true,"valueName":"search_term_string"}}],"inLanguage":"fr"},{"@type":"Organization","@id":"https:\/\/www.canadahelps.org\/fr\/#organization","name":"CanadaHelps","url":"https:\/\/www.canadahelps.org\/fr\/","logo":{"@type":"ImageObject","inLanguage":"fr","@id":"https:\/\/www.canadahelps.org\/fr\/#\/schema\/logo\/image\/","url":"https:\/\/www.canadahelps.org\/media\/canadahelps-en.jpg","contentUrl":"https:\/\/www.canadahelps.org\/media\/canadahelps-en.jpg","width":131,"height":72,"caption":"CanadaHelps"},"image":{"@id":"https:\/\/www.canadahelps.org\/fr\/#\/schema\/logo\/image\/"}}]}},"_links":{"self":[{"href":"https:\/\/www.canadahelps.org\/fr\/wp-json\/wp\/v2\/pages\/56268","targetHints":{"allow":["GET"]}}],"collection":[{"href":"https:\/\/www.canadahelps.org\/fr\/wp-json\/wp\/v2\/pages"}],"about":[{"href":"https:\/\/www.canadahelps.org\/fr\/wp-json\/wp\/v2\/types\/page"}],"author":[{"embeddable":true,"href":"https:\/\/www.canadahelps.org\/fr\/wp-json\/wp\/v2\/users\/30"}],"replies":[{"embeddable":true,"href":"https:\/\/www.canadahelps.org\/fr\/wp-json\/wp\/v2\/comments?post=56268"}],"version-history":[{"count":2,"href":"https:\/\/www.canadahelps.org\/fr\/wp-json\/wp\/v2\/pages\/56268\/revisions"}],"predecessor-version":[{"id":56540,"href":"https:\/\/www.canadahelps.org\/fr\/wp-json\/wp\/v2\/pages\/56268\/revisions\/56540"}],"up":[{"embeddable":true,"href":"https:\/\/www.canadahelps.org\/fr\/wp-json\/wp\/v2\/pages\/54556"}],"wp:attachment":[{"href":"https:\/\/www.canadahelps.org\/fr\/wp-json\/wp\/v2\/media?parent=56268"}],"curies":[{"name":"wp","href":"https:\/\/api.w.org\/{rel}","templated":true}]}}