{"id":56802,"date":"2025-11-04T14:07:32","date_gmt":"2025-11-04T19:07:32","guid":{"rendered":"https:\/\/www.canadahelps.org\/?page_id=56802"},"modified":"2025-11-11T11:33:07","modified_gmt":"2025-11-11T16:33:07","slug":"maximisez-votre-campagne-mardi-je-donne","status":"publish","type":"page","link":"https:\/\/www.canadahelps.org\/fr\/pour-les-organismes-de-bienfaisance\/ressources\/webinaires-3\/maximisez-votre-campagne-mardi-je-donne\/","title":{"rendered":"Maximisez votre campagne Mardi je donne"},"content":{"rendered":"<style>#b2b-aaa-webinar-head{width:85%;margin:0 auto;max-width:1288px}#b2b-bbb-webinar-video,#b2b-ccc-webinar-speaker-takeawy{width:85%;margin:50px auto;max-width:1288px}.b2b-webinar-sxs{display:flex;justify-content:space-evenly;align-items:flex-start;max-width:1288px;gap:30px}.b2b-webinar-sxs-img,.b2b-webinar-sxs-txt{width:50%}.b2b-webinar-sxs-txt{padding:30px 0}.b2b-webinar-sxs-speakers{padding:30px 0;display:flex;flex-wrap:wrap;width:50%}.gradient{position:relative;height:12px}.gradient-four{background:linear-gradient(90deg,#bfefff 0,#bfffde 100%)}.why-ch-footer{display:flex;align-items:center;justify-content:space-between;gap:20px;padding:70px;width:85%;margin:0 auto;max-width:1288px}.embed-container{position:relative;padding-bottom:56.25%;height:0;overflow:hidden;max-width:100%}.embed-container embed,.embed-container iframe,.embed-container object{position:absolute;top:0;left:0;width:100%;height:100%}.b2b-webinar-presenter{margin:0 10px}.webinar-btn{width:90%;margin:5px auto}figure img{width:300px}figcaption p.header-tertiary{font-weight:700;padding-top:30px}.webinar-takeaway{padding:100px}@media screen and (max-width:768px){#b2b-aaa-webinar-head{width:95%}#b2b-bbb-webinar-video,#b2b-ccc-webinar-speaker-takeawy{width:95%;margin:25px auto}.b2b-webinar-sxs{flex-direction:column;width:95%;margin:0 auto}.b2b-webinar-sxs-img,.b2b-webinar-sxs-txt{width:100%;padding:0}.why-ch-footer{flex-direction:column;padding:30px;width:100%}.order-one{order:1}.order-two{order:2}.webinar-takeaway{padding:30px}}<\/style>\n<section id=\"b2b-aaa-webinar-head\">\n<p class=\"header-label\">Webinaire<\/p>\n<h1 class=\"header-display\">Maximisez votre campagne Mardi je donne avec des formulaires de don personnalis\u00e9s<\/h1>\n<\/section>\n<section id=\"b2b-bbb-webinar-video\">\n<div class=\"b2b-webinar-sxs\">\n<div class=\"b2b-webinar-sxs-txt order-two\">\n<p><strong>22 octobre 2024<\/strong><\/p>\n<p>Cette ann\u00e9e, nous encourageons tous les organismes de bienfaisance \u00e0 cr\u00e9er un formulaire de don personnalis\u00e9 pour leur campagne Mardi je donne. Il vous permettra de personnaliser votre campagne pour mieux refl\u00e9ter les objectifs et messages uniques de votre organisme. Pendant la s\u00e9ance, nous vous guiderons tout au long du processus qui vous permettra d\u2019y parvenir et r\u00e9pondrons \u00e0 toutes les questions que vous pourriez vous poser<\/p>\n<\/p><\/div>\n<div class=\"b2b-webinar-sxs-img order-one\">\n<div class=\"embed-container\">\n        <iframe loading=\"lazy\" width=\"560\" height=\"315\" src=\"https:\/\/www.youtube.com\/embed\/uFoGjJ7sG0Q?si=OfgKG_o68iNbP5WK\" title=\"YouTube video player\" frameborder=\"0\" allow=\"accelerometer; autoplay; clipboard-write; encrypted-media; gyroscope; picture-in-picture; web-share\" referrerpolicy=\"strict-origin-when-cross-origin\" allowfullscreen><\/iframe>\n      <\/div>\n<\/p><\/div>\n<\/p><\/div>\n<\/section>\n<section id=\"b2b-ccc-webinar-speaker-takeawy\">\n<h2 class=\"header-secondary\">Notre Conf\u00e9rencier<\/h2>\n<div class=\"b2b-webinar-sxs\">\n<div class=\"b2b-webinar-sxs-speakers\">\n<div class=\"b2b-webinar-presenter\">\n<figure>\n          <img decoding=\"async\" src=\"https:\/\/www.canadahelps.org\/media\/vanessa-kambola.jpg\" alt=\"Vanessa Kambola\" style=\"width: 170px\" \/><figcaption>\n<p class=\"header-tertiary\">\n              Vanessa Kambola <br \/>\n              associ\u00e9e de soutien aux organismes de bienfaisance et aux donateurs\n            <\/p>\n<\/figcaption><\/figure>\n<\/p><\/div>\n<\/p><\/div>\n<div class=\"b2b-webinar-sxs-txt\">\n<h3 class=\"header-secondary\">\u00c9l\u00e9ments cl\u00e9s \u00e0 retenir<\/h3>\n<ul class=\"list-disc\">\n<li>D\u00e9couvrez ce qui se passe avec les Pages des partenaires Mardi je donne<\/li>\n<li>D\u00e9couvrez comment un formulaire de don personnalis\u00e9 peut donner un coup de pouce \u00e0 votre campagne Mardi je donne<\/li>\n<li>D\u00e9couvrez comment pr\u00e9parer un formulaire de don personnalis\u00e9 \u00e9tape par \u00e9tape<\/li>\n<li>Plus de conseils pour la saison des dons \u00e0 venir<\/li>\n<\/ul><\/div>\n<\/p><\/div>\n<\/section>\n<section id=\"b2b-ddd-webinar-footer\" class=\"ch-purple-section\">\n<div class=\"gradient gradient-four no-radius\"><\/div>\n<div class=\"why-ch-footer\">\n<div class=\"why-ch-footer-col\">\n<h3 class=\"header-secondary text-white\">Recevez une visite guid\u00e9e personnalis\u00e9e<\/h3>\n<p>      <a href=\"https:\/\/www.canadahelps.org\/fr\/pour-les-organismes-de-bienfaisance\/levee-de-fonds\/consultation-en-levee-de-fonds\/\" class=\"btn-tertiary\">R\u00e9server une d\u00e9monstration<\/a>\n    <\/div>\n<div class=\"why-ch-footer-col\">\n<h3 class=\"header-secondary text-white\">Commencez une collecte de fonds avec CanaDon<\/h3>\n<p>      <a href=\"https:\/\/www.canadahelps.org\/fr\/compte-collecte-de-fonds\/#\/\" class=\"btn-tertiary\">Commencer<\/a>\n    <\/div>\n<\/p><\/div>\n<\/section>\n","protected":false},"excerpt":{"rendered":"<p>Webinaire Maximisez votre campagne Mardi je donne avec des formulaires de don personnalis\u00e9s 22 octobre 2024 Cette ann\u00e9e, nous encourageons tous les organismes de bienfaisance &#8230; <a href=\"https:\/\/www.canadahelps.org\/fr\/pour-les-organismes-de-bienfaisance\/ressources\/webinaires-3\/maximisez-votre-campagne-mardi-je-donne\/\" id=\"canadahelp-blog-meta\">Voir plus<\/a><\/p>\n","protected":false},"author":30,"featured_media":0,"parent":56800,"menu_order":0,"comment_status":"closed","ping_status":"closed","template":"template-ch20-full-width-b2b.php","meta":{"footnotes":""},"class_list":["post-56802","page","type-page","status-publish","hentry"],"acf":{"meta_description":"","use_toc_layout":false,"additional_body_css_classes":"","blogs_posts_item":false,"row_settings":false,"hide_page_title":false,"insert_spotlight_boxes":false,"use_biography_grid":false},"yoast_head":"<!-- This site is optimized with the Yoast SEO plugin v26.0 - https:\/\/yoast.com\/wordpress\/plugins\/seo\/ -->\n<title>Maximisez votre campagne Mardi je donne | CanaDon - Faites des dons \u00e0 un organisme de bienfaisance au Canada<\/title>\n<meta name=\"robots\" content=\"index, follow, max-snippet:-1, max-image-preview:large, max-video-preview:-1\" \/>\n<link rel=\"canonical\" href=\"https:\/\/www.canadahelps.org\/fr\/pour-les-organismes-de-bienfaisance\/ressources\/webinaires-3\/maximisez-votre-campagne-mardi-je-donne\/\" \/>\n<meta property=\"og:locale\" content=\"fr_FR\" \/>\n<meta property=\"og:type\" content=\"article\" \/>\n<meta property=\"og:title\" content=\"Maximisez votre campagne Mardi je donne | CanaDon - Faites des dons \u00e0 un organisme de bienfaisance au Canada\" \/>\n<meta property=\"og:description\" content=\"Webinaire Maximisez votre campagne Mardi je donne avec des formulaires de don personnalis\u00e9s 22 octobre 2024 Cette ann\u00e9e, nous encourageons tous les organismes de bienfaisance ... Voir plus\" \/>\n<meta property=\"og:url\" content=\"https:\/\/www.canadahelps.org\/fr\/pour-les-organismes-de-bienfaisance\/ressources\/webinaires-3\/maximisez-votre-campagne-mardi-je-donne\/\" \/>\n<meta property=\"og:site_name\" content=\"CanaDon - Faites des dons \u00e0 un organisme de bienfaisance au Canada\" \/>\n<meta property=\"article:modified_time\" content=\"2025-11-11T16:33:07+00:00\" \/>\n<meta property=\"og:image\" content=\"https:\/\/www.canadahelps.org\/media\/vanessa-kambola.jpg\" \/>\n<meta name=\"twitter:card\" content=\"summary_large_image\" \/>\n<meta name=\"twitter:label1\" content=\"Est. reading time\" \/>\n\t<meta name=\"twitter:data1\" content=\"2 minutes\" \/>\n<script type=\"application\/ld+json\" class=\"yoast-schema-graph\">{\"@context\":\"https:\/\/schema.org\",\"@graph\":[{\"@type\":\"WebPage\",\"@id\":\"https:\/\/www.canadahelps.org\/fr\/pour-les-organismes-de-bienfaisance\/ressources\/webinaires-3\/maximisez-votre-campagne-mardi-je-donne\/\",\"url\":\"https:\/\/www.canadahelps.org\/fr\/pour-les-organismes-de-bienfaisance\/ressources\/webinaires-3\/maximisez-votre-campagne-mardi-je-donne\/\",\"name\":\"Maximisez votre campagne Mardi je donne | CanaDon - Faites des dons \u00e0 un organisme de bienfaisance au Canada\",\"isPartOf\":{\"@id\":\"https:\/\/www.canadahelps.org\/fr\/#website\"},\"primaryImageOfPage\":{\"@id\":\"https:\/\/www.canadahelps.org\/fr\/pour-les-organismes-de-bienfaisance\/ressources\/webinaires-3\/maximisez-votre-campagne-mardi-je-donne\/#primaryimage\"},\"image\":{\"@id\":\"https:\/\/www.canadahelps.org\/fr\/pour-les-organismes-de-bienfaisance\/ressources\/webinaires-3\/maximisez-votre-campagne-mardi-je-donne\/#primaryimage\"},\"thumbnailUrl\":\"https:\/\/www.canadahelps.org\/media\/vanessa-kambola.jpg\",\"datePublished\":\"2025-11-04T19:07:32+00:00\",\"dateModified\":\"2025-11-11T16:33:07+00:00\",\"breadcrumb\":{\"@id\":\"https:\/\/www.canadahelps.org\/fr\/pour-les-organismes-de-bienfaisance\/ressources\/webinaires-3\/maximisez-votre-campagne-mardi-je-donne\/#breadcrumb\"},\"inLanguage\":\"fr\",\"potentialAction\":[{\"@type\":\"ReadAction\",\"target\":[\"https:\/\/www.canadahelps.org\/fr\/pour-les-organismes-de-bienfaisance\/ressources\/webinaires-3\/maximisez-votre-campagne-mardi-je-donne\/\"]}]},{\"@type\":\"ImageObject\",\"inLanguage\":\"fr\",\"@id\":\"https:\/\/www.canadahelps.org\/fr\/pour-les-organismes-de-bienfaisance\/ressources\/webinaires-3\/maximisez-votre-campagne-mardi-je-donne\/#primaryimage\",\"url\":\"https:\/\/www.canadahelps.org\/media\/vanessa-kambola.jpg\",\"contentUrl\":\"https:\/\/www.canadahelps.org\/media\/vanessa-kambola.jpg\"},{\"@type\":\"BreadcrumbList\",\"@id\":\"https:\/\/www.canadahelps.org\/fr\/pour-les-organismes-de-bienfaisance\/ressources\/webinaires-3\/maximisez-votre-campagne-mardi-je-donne\/#breadcrumb\",\"itemListElement\":[{\"@type\":\"ListItem\",\"position\":1,\"name\":\"Home\",\"item\":\"https:\/\/www.canadahelps.org\/fr\/\"},{\"@type\":\"ListItem\",\"position\":2,\"name\":\"Pour les Organismes de Bienfaisance\",\"item\":\"https:\/\/www.canadahelps.org\/fr\/pour-les-organismes-de-bienfaisance\/\"},{\"@type\":\"ListItem\",\"position\":3,\"name\":\"Ressources\",\"item\":\"https:\/\/www.canadahelps.org\/fr\/pour-les-organismes-de-bienfaisance\/ressources\/\"},{\"@type\":\"ListItem\",\"position\":4,\"name\":\"Webinaires\",\"item\":\"https:\/\/www.canadahelps.org\/fr\/pour-les-organismes-de-bienfaisance\/ressources\/webinaires-3\/\"},{\"@type\":\"ListItem\",\"position\":5,\"name\":\"Maximisez votre campagne Mardi je donne\"}]},{\"@type\":\"WebSite\",\"@id\":\"https:\/\/www.canadahelps.org\/fr\/#website\",\"url\":\"https:\/\/www.canadahelps.org\/fr\/\",\"name\":\"CanadaHelps - Donate to any charity in Canada\",\"description\":\"Le don en toute simplicit\u00e9\",\"publisher\":{\"@id\":\"https:\/\/www.canadahelps.org\/fr\/#organization\"},\"potentialAction\":[{\"@type\":\"SearchAction\",\"target\":{\"@type\":\"EntryPoint\",\"urlTemplate\":\"https:\/\/www.canadahelps.org\/fr\/?s={search_term_string}\"},\"query-input\":{\"@type\":\"PropertyValueSpecification\",\"valueRequired\":true,\"valueName\":\"search_term_string\"}}],\"inLanguage\":\"fr\"},{\"@type\":\"Organization\",\"@id\":\"https:\/\/www.canadahelps.org\/fr\/#organization\",\"name\":\"CanadaHelps\",\"url\":\"https:\/\/www.canadahelps.org\/fr\/\",\"logo\":{\"@type\":\"ImageObject\",\"inLanguage\":\"fr\",\"@id\":\"https:\/\/www.canadahelps.org\/fr\/#\/schema\/logo\/image\/\",\"url\":\"https:\/\/www.canadahelps.org\/media\/canadahelps-en.jpg\",\"contentUrl\":\"https:\/\/www.canadahelps.org\/media\/canadahelps-en.jpg\",\"width\":131,\"height\":72,\"caption\":\"CanadaHelps\"},\"image\":{\"@id\":\"https:\/\/www.canadahelps.org\/fr\/#\/schema\/logo\/image\/\"}}]}<\/script>\n<!-- \/ Yoast SEO plugin. -->","yoast_head_json":{"title":"Maximisez votre campagne Mardi je donne | CanaDon - Faites des dons \u00e0 un organisme de bienfaisance au Canada","robots":{"index":"index","follow":"follow","max-snippet":"max-snippet:-1","max-image-preview":"max-image-preview:large","max-video-preview":"max-video-preview:-1"},"canonical":"https:\/\/www.canadahelps.org\/fr\/pour-les-organismes-de-bienfaisance\/ressources\/webinaires-3\/maximisez-votre-campagne-mardi-je-donne\/","og_locale":"fr_FR","og_type":"article","og_title":"Maximisez votre campagne Mardi je donne | CanaDon - Faites des dons \u00e0 un organisme de bienfaisance au Canada","og_description":"Webinaire Maximisez votre campagne Mardi je donne avec des formulaires de don personnalis\u00e9s 22 octobre 2024 Cette ann\u00e9e, nous encourageons tous les organismes de bienfaisance ... Voir plus","og_url":"https:\/\/www.canadahelps.org\/fr\/pour-les-organismes-de-bienfaisance\/ressources\/webinaires-3\/maximisez-votre-campagne-mardi-je-donne\/","og_site_name":"CanaDon - Faites des dons \u00e0 un organisme de bienfaisance au Canada","article_modified_time":"2025-11-11T16:33:07+00:00","og_image":[{"url":"https:\/\/www.canadahelps.org\/media\/vanessa-kambola.jpg","type":"","width":"","height":""}],"twitter_card":"summary_large_image","twitter_misc":{"Est. reading time":"2 minutes"},"schema":{"@context":"https:\/\/schema.org","@graph":[{"@type":"WebPage","@id":"https:\/\/www.canadahelps.org\/fr\/pour-les-organismes-de-bienfaisance\/ressources\/webinaires-3\/maximisez-votre-campagne-mardi-je-donne\/","url":"https:\/\/www.canadahelps.org\/fr\/pour-les-organismes-de-bienfaisance\/ressources\/webinaires-3\/maximisez-votre-campagne-mardi-je-donne\/","name":"Maximisez votre campagne Mardi je donne | CanaDon - Faites des dons \u00e0 un organisme de bienfaisance au Canada","isPartOf":{"@id":"https:\/\/www.canadahelps.org\/fr\/#website"},"primaryImageOfPage":{"@id":"https:\/\/www.canadahelps.org\/fr\/pour-les-organismes-de-bienfaisance\/ressources\/webinaires-3\/maximisez-votre-campagne-mardi-je-donne\/#primaryimage"},"image":{"@id":"https:\/\/www.canadahelps.org\/fr\/pour-les-organismes-de-bienfaisance\/ressources\/webinaires-3\/maximisez-votre-campagne-mardi-je-donne\/#primaryimage"},"thumbnailUrl":"https:\/\/www.canadahelps.org\/media\/vanessa-kambola.jpg","datePublished":"2025-11-04T19:07:32+00:00","dateModified":"2025-11-11T16:33:07+00:00","breadcrumb":{"@id":"https:\/\/www.canadahelps.org\/fr\/pour-les-organismes-de-bienfaisance\/ressources\/webinaires-3\/maximisez-votre-campagne-mardi-je-donne\/#breadcrumb"},"inLanguage":"fr","potentialAction":[{"@type":"ReadAction","target":["https:\/\/www.canadahelps.org\/fr\/pour-les-organismes-de-bienfaisance\/ressources\/webinaires-3\/maximisez-votre-campagne-mardi-je-donne\/"]}]},{"@type":"ImageObject","inLanguage":"fr","@id":"https:\/\/www.canadahelps.org\/fr\/pour-les-organismes-de-bienfaisance\/ressources\/webinaires-3\/maximisez-votre-campagne-mardi-je-donne\/#primaryimage","url":"https:\/\/www.canadahelps.org\/media\/vanessa-kambola.jpg","contentUrl":"https:\/\/www.canadahelps.org\/media\/vanessa-kambola.jpg"},{"@type":"BreadcrumbList","@id":"https:\/\/www.canadahelps.org\/fr\/pour-les-organismes-de-bienfaisance\/ressources\/webinaires-3\/maximisez-votre-campagne-mardi-je-donne\/#breadcrumb","itemListElement":[{"@type":"ListItem","position":1,"name":"Home","item":"https:\/\/www.canadahelps.org\/fr\/"},{"@type":"ListItem","position":2,"name":"Pour les Organismes de Bienfaisance","item":"https:\/\/www.canadahelps.org\/fr\/pour-les-organismes-de-bienfaisance\/"},{"@type":"ListItem","position":3,"name":"Ressources","item":"https:\/\/www.canadahelps.org\/fr\/pour-les-organismes-de-bienfaisance\/ressources\/"},{"@type":"ListItem","position":4,"name":"Webinaires","item":"https:\/\/www.canadahelps.org\/fr\/pour-les-organismes-de-bienfaisance\/ressources\/webinaires-3\/"},{"@type":"ListItem","position":5,"name":"Maximisez votre campagne Mardi je donne"}]},{"@type":"WebSite","@id":"https:\/\/www.canadahelps.org\/fr\/#website","url":"https:\/\/www.canadahelps.org\/fr\/","name":"CanadaHelps - Donate to any charity in Canada","description":"Le don en toute simplicit\u00e9","publisher":{"@id":"https:\/\/www.canadahelps.org\/fr\/#organization"},"potentialAction":[{"@type":"SearchAction","target":{"@type":"EntryPoint","urlTemplate":"https:\/\/www.canadahelps.org\/fr\/?s={search_term_string}"},"query-input":{"@type":"PropertyValueSpecification","valueRequired":true,"valueName":"search_term_string"}}],"inLanguage":"fr"},{"@type":"Organization","@id":"https:\/\/www.canadahelps.org\/fr\/#organization","name":"CanadaHelps","url":"https:\/\/www.canadahelps.org\/fr\/","logo":{"@type":"ImageObject","inLanguage":"fr","@id":"https:\/\/www.canadahelps.org\/fr\/#\/schema\/logo\/image\/","url":"https:\/\/www.canadahelps.org\/media\/canadahelps-en.jpg","contentUrl":"https:\/\/www.canadahelps.org\/media\/canadahelps-en.jpg","width":131,"height":72,"caption":"CanadaHelps"},"image":{"@id":"https:\/\/www.canadahelps.org\/fr\/#\/schema\/logo\/image\/"}}]}},"_links":{"self":[{"href":"https:\/\/www.canadahelps.org\/fr\/wp-json\/wp\/v2\/pages\/56802","targetHints":{"allow":["GET"]}}],"collection":[{"href":"https:\/\/www.canadahelps.org\/fr\/wp-json\/wp\/v2\/pages"}],"about":[{"href":"https:\/\/www.canadahelps.org\/fr\/wp-json\/wp\/v2\/types\/page"}],"author":[{"embeddable":true,"href":"https:\/\/www.canadahelps.org\/fr\/wp-json\/wp\/v2\/users\/30"}],"replies":[{"embeddable":true,"href":"https:\/\/www.canadahelps.org\/fr\/wp-json\/wp\/v2\/comments?post=56802"}],"version-history":[{"count":5,"href":"https:\/\/www.canadahelps.org\/fr\/wp-json\/wp\/v2\/pages\/56802\/revisions"}],"predecessor-version":[{"id":56892,"href":"https:\/\/www.canadahelps.org\/fr\/wp-json\/wp\/v2\/pages\/56802\/revisions\/56892"}],"up":[{"embeddable":true,"href":"https:\/\/www.canadahelps.org\/fr\/wp-json\/wp\/v2\/pages\/56800"}],"wp:attachment":[{"href":"https:\/\/www.canadahelps.org\/fr\/wp-json\/wp\/v2\/media?parent=56802"}],"curies":[{"name":"wp","href":"https:\/\/api.w.org\/{rel}","templated":true}]}}