{"id":56875,"date":"2025-11-10T10:54:37","date_gmt":"2025-11-10T15:54:37","guid":{"rendered":"https:\/\/www.canadahelps.org\/?page_id=56875"},"modified":"2025-11-11T11:35:44","modified_gmt":"2025-11-11T16:35:44","slug":"etablissez-votre-plan-pour-mardi-je-donne","status":"publish","type":"page","link":"https:\/\/www.canadahelps.org\/fr\/pour-les-organismes-de-bienfaisance\/ressources\/webinaires-3\/etablissez-votre-plan-pour-mardi-je-donne\/","title":{"rendered":"Etablissez votre plan pour Mardi je donne"},"content":{"rendered":"<style>#b2b-aaa-webinar-head{width:85%;margin:0 auto;max-width:1288px}#b2b-bbb-webinar-video,#b2b-ccc-webinar-speaker-takeawy{width:85%;margin:50px auto;max-width:1288px}.b2b-webinar-sxs{display:flex;justify-content:space-evenly;align-items:flex-start;max-width:1288px;gap:30px}.b2b-webinar-sxs-img,.b2b-webinar-sxs-txt{width:50%}.b2b-webinar-sxs-txt{padding:30px 0}.b2b-webinar-sxs-speakers{padding:30px 0;display:flex;flex-wrap:wrap;width:50%}.gradient{position:relative;height:12px}.gradient-four{background:linear-gradient(90deg,#bfefff 0,#bfffde 100%)}.why-ch-footer{display:flex;align-items:center;justify-content:space-between;gap:20px;padding:70px;width:85%;margin:0 auto;max-width:1288px}.embed-container{position:relative;padding-bottom:56.25%;height:0;overflow:hidden;max-width:100%}.embed-container embed,.embed-container iframe,.embed-container object{position:absolute;top:0;left:0;width:100%;height:100%}.b2b-webinar-presenter{margin:0 10px;width:45%}.webinar-btn{width:90%;margin:5px auto}figure img{width:300px}figcaption p.header-tertiary{font-weight:700;padding-top:30px}.webinar-takeaway{padding:100px}@media screen and (max-width:768px){#b2b-aaa-webinar-head{width:95%}#b2b-bbb-webinar-video,#b2b-ccc-webinar-speaker-takeawy{width:95%;margin:25px auto}.b2b-webinar-sxs{flex-direction:column;width:95%;margin:0 auto}.b2b-webinar-sxs-img,.b2b-webinar-sxs-txt{width:100%;padding:0}.why-ch-footer{flex-direction:column;padding:30px;width:100%}.order-one{order:1}.order-two{order:2}.webinar-takeaway{padding:30px}}<\/style>\n<section id=\"b2b-aaa-webinar-head\">\n<p class=\"header-label\">Webinaire<\/p>\n<h1 class=\"header-display\">\u00c9tablissez votre plan pour Mardi je donne<\/h1>\n<\/section>\n<section id=\"b2b-bbb-webinar-video\">\n<div class=\"b2b-webinar-sxs\">\n<div class=\"b2b-webinar-sxs-txt order-two\">\n<p><strong>6 octobre 2020<\/strong><\/p>\n<p>Mardi je donne est un \u00e9l\u00e9ment essentiel de la collecte de fonds de fin d\u2019ann\u00e9e de chaque organisme de bienfaisance, et \u00e7a arrive vite ! Joignez-vous aux experts de CanaDon et de Mardi je donne pour apprendre ce dont vous avez besoin pour vous pr\u00e9parer \u00e0 un Mardi je donne r\u00e9ussi.<\/p>\n<\/p><\/div>\n<div class=\"b2b-webinar-sxs-img order-one\">\n<div class=\"embed-container\">\n        <iframe loading=\"lazy\" width=\"560\" height=\"315\" src=\"https:\/\/www.youtube.com\/embed\/YQfxO4a3Ncs?si=nyu04UjJ9HIxw2cH\" title=\"YouTube video player\" frameborder=\"0\" allow=\"accelerometer; autoplay; clipboard-write; encrypted-media; gyroscope; picture-in-picture; web-share\" referrerpolicy=\"strict-origin-when-cross-origin\" allowfullscreen><\/iframe>\n      <\/div>\n<\/p><\/div>\n<\/p><\/div>\n<\/section>\n<p><!-- \n\n<section id=\"b2b-ccc-webinar-speaker-takeawy\">\n  \n\n<h2 class=\"header-secondary\">Notre Conf\u00e9rencier<\/h2>\n\n\n\n  \n\n<div class=\"b2b-webinar-sxs\">\n    \n\n<div class=\"b2b-webinar-sxs-speakers\">\n      \n\n<div class=\"b2b-webinar-presenter\">\n        \n\n<figure>\n          <img decoding=\"async\" src=\"https:\/\/www.canadahelps.org\/media\/vanessa-kambola.jpg\" alt=\"Vanessa Kambola\" style=\"width: 170px\" \/>\n          \n \n<figcaption>\n            \n\n<p class=\"header-tertiary\">\n              Vanessa Kambola <br \/>\n              associ\u00e9e de soutien aux organismes de bienfaisance et aux donateurs\n            <\/p>\n\n\n            \n\n<p>Vanessa Kambola est analyste de qualit\u00e9 au sein de notre \u00e9quipe de soutien aux organismes de bienfaisance et aux donateurs et travaille avec CanaDon depuis 2019. Vanessa joue un r\u00f4le essentiel en veillant \u00e0 ce que le soutien que re\u00e7oivent nos organismes de bienfaisance et donateurs respecte et d\u00e9passe les normes de notre organisation et que son \u00e9quipe continue d'\u00eatre vou\u00e9 \u00e0 l\u2019excellence.<\/p>\n\n\n          <\/figcaption>\n \n\n        <\/figure>\n\n\n      <\/div>\n\n\n      \n\n<div class=\"b2b-webinar-presenter\">\n        \n\n<figure>\n          <img decoding=\"async\" src=\"https:\/\/www.canadahelps.org\/media\/lys-h.jpg\" alt=\"Lys Hugessen\" style=\"width: 170px\" \/>\n          \n \n<figcaption>\n            \n\n<p class=\"header-tertiary\">\n              Lys Hugessen <br \/>\n              associ\u00e9e de soutien aux organismes de bienfaisance et aux donateurs\n            <\/p>\n\n\n            \n\n<p>Lys Hugessen est vice-pr\u00e9sidente des partenariats et de Mardi je donne chez CanaDon. Elle a fait partie de l'\u00e9quipe de base qui a travaill\u00e9 pour amener Mardi je donne au Canada en 2013 et a travaill\u00e9 au cours des 10 derni\u00e8res ann\u00e9es avec des organismes de bienfaisance, des entreprises et des communaut\u00e9s pour construire et renforcer le mouvement.<\/p>\n\n\n          <\/figcaption>\n \n\n        <\/figure>\n\n\n      <\/div>\n\n\n    <\/div>\n\n\n\n    \n\n<div class=\"b2b-webinar-sxs-txt\">\n      \n\n<h3 class=\"header-secondary\">\u00c9l\u00e9ments cl\u00e9s \u00e0 retenir<\/h3>\n\n\n\n      \n\n<ul class=\"list-disc\">\n        \n\n<li>Des informations cl\u00e9s de GivingTuesday Data Commons et #Mardijedonne pour savoir \u00e0 quoi ressemblent les dons en 2020 ;<\/li>\n\n\n        \n\n<li>Les meilleures pratiques pour des campagnes de la part d'experts de Mardi je donne que vous pouvez mettre en place d\u00e8s maintenant ; et<\/li>\n\n\n        \n\n<li>Les outils et tactiques que vous pouvez utiliser pour r\u00e9ussir cette ann\u00e9e.<\/li>\n\n\n      <\/ul>\n\n\n    <\/div>\n\n\n  <\/div>\n\n\n<\/section>\n\n --><\/p>\n<section id=\"b2b-ddd-webinar-footer\" class=\"ch-purple-section\">\n<div class=\"gradient gradient-four no-radius\"><\/div>\n<div class=\"why-ch-footer\">\n<div class=\"why-ch-footer-col\">\n<h3 class=\"header-secondary text-white\">Recevez une visite guid\u00e9e personnalis\u00e9e<\/h3>\n<p>      <a href=\"https:\/\/www.canadahelps.org\/fr\/pour-les-organismes-de-bienfaisance\/levee-de-fonds\/consultation-en-levee-de-fonds\/\" class=\"btn-tertiary\">R\u00e9server une d\u00e9monstration<\/a>\n    <\/div>\n<div class=\"why-ch-footer-col\">\n<h3 class=\"header-secondary text-white\">Commencez une collecte de fonds avec CanaDon<\/h3>\n<p>      <a href=\"https:\/\/www.canadahelps.org\/fr\/compte-collecte-de-fonds\/#\/\" class=\"btn-tertiary\">Commencer<\/a>\n    <\/div>\n<\/p><\/div>\n<\/section>\n","protected":false},"excerpt":{"rendered":"<p>Webinaire \u00c9tablissez votre plan pour Mardi je donne 6 octobre 2020 Mardi je donne est un \u00e9l\u00e9ment essentiel de la collecte de fonds de fin &#8230; <a href=\"https:\/\/www.canadahelps.org\/fr\/pour-les-organismes-de-bienfaisance\/ressources\/webinaires-3\/etablissez-votre-plan-pour-mardi-je-donne\/\" id=\"canadahelp-blog-meta\">Voir plus<\/a><\/p>\n","protected":false},"author":30,"featured_media":0,"parent":56800,"menu_order":0,"comment_status":"closed","ping_status":"closed","template":"template-ch20-full-width-b2b.php","meta":{"footnotes":""},"class_list":["post-56875","page","type-page","status-publish","hentry"],"acf":{"meta_description":"","use_toc_layout":false,"additional_body_css_classes":"","blogs_posts_item":false,"row_settings":false,"hide_page_title":false,"insert_spotlight_boxes":false,"use_biography_grid":false},"yoast_head":"<!-- This site is optimized with the Yoast SEO plugin v26.0 - https:\/\/yoast.com\/wordpress\/plugins\/seo\/ -->\n<title>Etablissez votre plan pour Mardi je donne | CanadaHelps - Donate to any charity in Canada<\/title>\n<meta name=\"robots\" content=\"index, follow, max-snippet:-1, max-image-preview:large, max-video-preview:-1\" \/>\n<link rel=\"canonical\" href=\"https:\/\/www.canadahelps.org\/fr\/pour-les-organismes-de-bienfaisance\/ressources\/webinaires-3\/etablissez-votre-plan-pour-mardi-je-donne\/\" \/>\n<meta property=\"og:locale\" content=\"fr_FR\" \/>\n<meta property=\"og:type\" content=\"article\" \/>\n<meta property=\"og:title\" content=\"Etablissez votre plan pour Mardi je donne | CanadaHelps - Donate to any charity in Canada\" \/>\n<meta property=\"og:description\" content=\"Webinaire \u00c9tablissez votre plan pour Mardi je donne 6 octobre 2020 Mardi je donne est un \u00e9l\u00e9ment essentiel de la collecte de fonds de fin ... Voir plus\" \/>\n<meta property=\"og:url\" content=\"https:\/\/www.canadahelps.org\/fr\/pour-les-organismes-de-bienfaisance\/ressources\/webinaires-3\/etablissez-votre-plan-pour-mardi-je-donne\/\" \/>\n<meta property=\"og:site_name\" content=\"CanadaHelps - Donate to any charity in Canada\" \/>\n<meta property=\"article:modified_time\" content=\"2025-11-11T16:35:44+00:00\" \/>\n<meta property=\"og:image\" content=\"https:\/\/www.canadahelps.org\/media\/vanessa-kambola.jpg\" \/>\n<meta name=\"twitter:card\" content=\"summary_large_image\" \/>\n<meta name=\"twitter:label1\" content=\"Est. reading time\" \/>\n\t<meta name=\"twitter:data1\" content=\"1 minute\" \/>\n<script type=\"application\/ld+json\" class=\"yoast-schema-graph\">{\"@context\":\"https:\/\/schema.org\",\"@graph\":[{\"@type\":\"WebPage\",\"@id\":\"https:\/\/www.canadahelps.org\/fr\/pour-les-organismes-de-bienfaisance\/ressources\/webinaires-3\/etablissez-votre-plan-pour-mardi-je-donne\/\",\"url\":\"https:\/\/www.canadahelps.org\/fr\/pour-les-organismes-de-bienfaisance\/ressources\/webinaires-3\/etablissez-votre-plan-pour-mardi-je-donne\/\",\"name\":\"Etablissez votre plan pour Mardi je donne | CanadaHelps - Donate to any charity in Canada\",\"isPartOf\":{\"@id\":\"https:\/\/www.canadahelps.org\/fr\/#website\"},\"primaryImageOfPage\":{\"@id\":\"https:\/\/www.canadahelps.org\/fr\/pour-les-organismes-de-bienfaisance\/ressources\/webinaires-3\/etablissez-votre-plan-pour-mardi-je-donne\/#primaryimage\"},\"image\":{\"@id\":\"https:\/\/www.canadahelps.org\/fr\/pour-les-organismes-de-bienfaisance\/ressources\/webinaires-3\/etablissez-votre-plan-pour-mardi-je-donne\/#primaryimage\"},\"thumbnailUrl\":\"https:\/\/www.canadahelps.org\/media\/vanessa-kambola.jpg\",\"datePublished\":\"2025-11-10T15:54:37+00:00\",\"dateModified\":\"2025-11-11T16:35:44+00:00\",\"breadcrumb\":{\"@id\":\"https:\/\/www.canadahelps.org\/fr\/pour-les-organismes-de-bienfaisance\/ressources\/webinaires-3\/etablissez-votre-plan-pour-mardi-je-donne\/#breadcrumb\"},\"inLanguage\":\"fr\",\"potentialAction\":[{\"@type\":\"ReadAction\",\"target\":[\"https:\/\/www.canadahelps.org\/fr\/pour-les-organismes-de-bienfaisance\/ressources\/webinaires-3\/etablissez-votre-plan-pour-mardi-je-donne\/\"]}]},{\"@type\":\"ImageObject\",\"inLanguage\":\"fr\",\"@id\":\"https:\/\/www.canadahelps.org\/fr\/pour-les-organismes-de-bienfaisance\/ressources\/webinaires-3\/etablissez-votre-plan-pour-mardi-je-donne\/#primaryimage\",\"url\":\"https:\/\/www.canadahelps.org\/media\/vanessa-kambola.jpg\",\"contentUrl\":\"https:\/\/www.canadahelps.org\/media\/vanessa-kambola.jpg\"},{\"@type\":\"BreadcrumbList\",\"@id\":\"https:\/\/www.canadahelps.org\/fr\/pour-les-organismes-de-bienfaisance\/ressources\/webinaires-3\/etablissez-votre-plan-pour-mardi-je-donne\/#breadcrumb\",\"itemListElement\":[{\"@type\":\"ListItem\",\"position\":1,\"name\":\"Home\",\"item\":\"https:\/\/www.canadahelps.org\/fr\/\"},{\"@type\":\"ListItem\",\"position\":2,\"name\":\"Pour les Organismes de Bienfaisance\",\"item\":\"https:\/\/www.canadahelps.org\/fr\/pour-les-organismes-de-bienfaisance\/\"},{\"@type\":\"ListItem\",\"position\":3,\"name\":\"Ressources\",\"item\":\"https:\/\/www.canadahelps.org\/fr\/pour-les-organismes-de-bienfaisance\/ressources\/\"},{\"@type\":\"ListItem\",\"position\":4,\"name\":\"Webinaires\",\"item\":\"https:\/\/www.canadahelps.org\/fr\/pour-les-organismes-de-bienfaisance\/ressources\/webinaires-3\/\"},{\"@type\":\"ListItem\",\"position\":5,\"name\":\"Etablissez votre plan pour Mardi je donne\"}]},{\"@type\":\"WebSite\",\"@id\":\"https:\/\/www.canadahelps.org\/fr\/#website\",\"url\":\"https:\/\/www.canadahelps.org\/fr\/\",\"name\":\"CanadaHelps - Donate to any charity in Canada\",\"description\":\"Giving Made Simple\",\"publisher\":{\"@id\":\"https:\/\/www.canadahelps.org\/fr\/#organization\"},\"potentialAction\":[{\"@type\":\"SearchAction\",\"target\":{\"@type\":\"EntryPoint\",\"urlTemplate\":\"https:\/\/www.canadahelps.org\/fr\/?s={search_term_string}\"},\"query-input\":{\"@type\":\"PropertyValueSpecification\",\"valueRequired\":true,\"valueName\":\"search_term_string\"}}],\"inLanguage\":\"fr\"},{\"@type\":\"Organization\",\"@id\":\"https:\/\/www.canadahelps.org\/fr\/#organization\",\"name\":\"CanadaHelps\",\"url\":\"https:\/\/www.canadahelps.org\/fr\/\",\"logo\":{\"@type\":\"ImageObject\",\"inLanguage\":\"fr\",\"@id\":\"https:\/\/www.canadahelps.org\/fr\/#\/schema\/logo\/image\/\",\"url\":\"https:\/\/www.canadahelps.org\/media\/canadahelps-en.jpg\",\"contentUrl\":\"https:\/\/www.canadahelps.org\/media\/canadahelps-en.jpg\",\"width\":131,\"height\":72,\"caption\":\"CanadaHelps\"},\"image\":{\"@id\":\"https:\/\/www.canadahelps.org\/fr\/#\/schema\/logo\/image\/\"}}]}<\/script>\n<!-- \/ Yoast SEO plugin. -->","yoast_head_json":{"title":"Etablissez votre plan pour Mardi je donne | CanadaHelps - Donate to any charity in Canada","robots":{"index":"index","follow":"follow","max-snippet":"max-snippet:-1","max-image-preview":"max-image-preview:large","max-video-preview":"max-video-preview:-1"},"canonical":"https:\/\/www.canadahelps.org\/fr\/pour-les-organismes-de-bienfaisance\/ressources\/webinaires-3\/etablissez-votre-plan-pour-mardi-je-donne\/","og_locale":"fr_FR","og_type":"article","og_title":"Etablissez votre plan pour Mardi je donne | CanadaHelps - Donate to any charity in Canada","og_description":"Webinaire \u00c9tablissez votre plan pour Mardi je donne 6 octobre 2020 Mardi je donne est un \u00e9l\u00e9ment essentiel de la collecte de fonds de fin ... Voir plus","og_url":"https:\/\/www.canadahelps.org\/fr\/pour-les-organismes-de-bienfaisance\/ressources\/webinaires-3\/etablissez-votre-plan-pour-mardi-je-donne\/","og_site_name":"CanadaHelps - Donate to any charity in Canada","article_modified_time":"2025-11-11T16:35:44+00:00","og_image":[{"url":"https:\/\/www.canadahelps.org\/media\/vanessa-kambola.jpg","type":"","width":"","height":""}],"twitter_card":"summary_large_image","twitter_misc":{"Est. reading time":"1 minute"},"schema":{"@context":"https:\/\/schema.org","@graph":[{"@type":"WebPage","@id":"https:\/\/www.canadahelps.org\/fr\/pour-les-organismes-de-bienfaisance\/ressources\/webinaires-3\/etablissez-votre-plan-pour-mardi-je-donne\/","url":"https:\/\/www.canadahelps.org\/fr\/pour-les-organismes-de-bienfaisance\/ressources\/webinaires-3\/etablissez-votre-plan-pour-mardi-je-donne\/","name":"Etablissez votre plan pour Mardi je donne | CanadaHelps - Donate to any charity in Canada","isPartOf":{"@id":"https:\/\/www.canadahelps.org\/fr\/#website"},"primaryImageOfPage":{"@id":"https:\/\/www.canadahelps.org\/fr\/pour-les-organismes-de-bienfaisance\/ressources\/webinaires-3\/etablissez-votre-plan-pour-mardi-je-donne\/#primaryimage"},"image":{"@id":"https:\/\/www.canadahelps.org\/fr\/pour-les-organismes-de-bienfaisance\/ressources\/webinaires-3\/etablissez-votre-plan-pour-mardi-je-donne\/#primaryimage"},"thumbnailUrl":"https:\/\/www.canadahelps.org\/media\/vanessa-kambola.jpg","datePublished":"2025-11-10T15:54:37+00:00","dateModified":"2025-11-11T16:35:44+00:00","breadcrumb":{"@id":"https:\/\/www.canadahelps.org\/fr\/pour-les-organismes-de-bienfaisance\/ressources\/webinaires-3\/etablissez-votre-plan-pour-mardi-je-donne\/#breadcrumb"},"inLanguage":"fr","potentialAction":[{"@type":"ReadAction","target":["https:\/\/www.canadahelps.org\/fr\/pour-les-organismes-de-bienfaisance\/ressources\/webinaires-3\/etablissez-votre-plan-pour-mardi-je-donne\/"]}]},{"@type":"ImageObject","inLanguage":"fr","@id":"https:\/\/www.canadahelps.org\/fr\/pour-les-organismes-de-bienfaisance\/ressources\/webinaires-3\/etablissez-votre-plan-pour-mardi-je-donne\/#primaryimage","url":"https:\/\/www.canadahelps.org\/media\/vanessa-kambola.jpg","contentUrl":"https:\/\/www.canadahelps.org\/media\/vanessa-kambola.jpg"},{"@type":"BreadcrumbList","@id":"https:\/\/www.canadahelps.org\/fr\/pour-les-organismes-de-bienfaisance\/ressources\/webinaires-3\/etablissez-votre-plan-pour-mardi-je-donne\/#breadcrumb","itemListElement":[{"@type":"ListItem","position":1,"name":"Home","item":"https:\/\/www.canadahelps.org\/fr\/"},{"@type":"ListItem","position":2,"name":"Pour les Organismes de Bienfaisance","item":"https:\/\/www.canadahelps.org\/fr\/pour-les-organismes-de-bienfaisance\/"},{"@type":"ListItem","position":3,"name":"Ressources","item":"https:\/\/www.canadahelps.org\/fr\/pour-les-organismes-de-bienfaisance\/ressources\/"},{"@type":"ListItem","position":4,"name":"Webinaires","item":"https:\/\/www.canadahelps.org\/fr\/pour-les-organismes-de-bienfaisance\/ressources\/webinaires-3\/"},{"@type":"ListItem","position":5,"name":"Etablissez votre plan pour Mardi je donne"}]},{"@type":"WebSite","@id":"https:\/\/www.canadahelps.org\/fr\/#website","url":"https:\/\/www.canadahelps.org\/fr\/","name":"CanadaHelps - Donate to any charity in Canada","description":"Giving Made Simple","publisher":{"@id":"https:\/\/www.canadahelps.org\/fr\/#organization"},"potentialAction":[{"@type":"SearchAction","target":{"@type":"EntryPoint","urlTemplate":"https:\/\/www.canadahelps.org\/fr\/?s={search_term_string}"},"query-input":{"@type":"PropertyValueSpecification","valueRequired":true,"valueName":"search_term_string"}}],"inLanguage":"fr"},{"@type":"Organization","@id":"https:\/\/www.canadahelps.org\/fr\/#organization","name":"CanadaHelps","url":"https:\/\/www.canadahelps.org\/fr\/","logo":{"@type":"ImageObject","inLanguage":"fr","@id":"https:\/\/www.canadahelps.org\/fr\/#\/schema\/logo\/image\/","url":"https:\/\/www.canadahelps.org\/media\/canadahelps-en.jpg","contentUrl":"https:\/\/www.canadahelps.org\/media\/canadahelps-en.jpg","width":131,"height":72,"caption":"CanadaHelps"},"image":{"@id":"https:\/\/www.canadahelps.org\/fr\/#\/schema\/logo\/image\/"}}]}},"_links":{"self":[{"href":"https:\/\/www.canadahelps.org\/fr\/wp-json\/wp\/v2\/pages\/56875","targetHints":{"allow":["GET"]}}],"collection":[{"href":"https:\/\/www.canadahelps.org\/fr\/wp-json\/wp\/v2\/pages"}],"about":[{"href":"https:\/\/www.canadahelps.org\/fr\/wp-json\/wp\/v2\/types\/page"}],"author":[{"embeddable":true,"href":"https:\/\/www.canadahelps.org\/fr\/wp-json\/wp\/v2\/users\/30"}],"replies":[{"embeddable":true,"href":"https:\/\/www.canadahelps.org\/fr\/wp-json\/wp\/v2\/comments?post=56875"}],"version-history":[{"count":3,"href":"https:\/\/www.canadahelps.org\/fr\/wp-json\/wp\/v2\/pages\/56875\/revisions"}],"predecessor-version":[{"id":56895,"href":"https:\/\/www.canadahelps.org\/fr\/wp-json\/wp\/v2\/pages\/56875\/revisions\/56895"}],"up":[{"embeddable":true,"href":"https:\/\/www.canadahelps.org\/fr\/wp-json\/wp\/v2\/pages\/56800"}],"wp:attachment":[{"href":"https:\/\/www.canadahelps.org\/fr\/wp-json\/wp\/v2\/media?parent=56875"}],"curies":[{"name":"wp","href":"https:\/\/api.w.org\/{rel}","templated":true}]}}