{"id":56878,"date":"2025-11-10T11:29:54","date_gmt":"2025-11-10T16:29:54","guid":{"rendered":"https:\/\/www.canadahelps.org\/?page_id=56878"},"modified":"2025-11-11T11:36:29","modified_gmt":"2025-11-11T16:36:29","slug":"tout-ce-dont-vous-avez-besoin","status":"publish","type":"page","link":"https:\/\/www.canadahelps.org\/fr\/pour-les-organismes-de-bienfaisance\/ressources\/webinaires-3\/tout-ce-dont-vous-avez-besoin\/","title":{"rendered":"Tout ce dont vous avez besoin"},"content":{"rendered":"<style>#b2b-aaa-webinar-head{width:85%;margin:0 auto;max-width:1288px}#b2b-bbb-webinar-video,#b2b-ccc-webinar-speaker-takeawy{width:85%;margin:50px auto;max-width:1288px}.b2b-webinar-sxs{display:flex;justify-content:space-evenly;align-items:flex-start;max-width:1288px;gap:30px}.b2b-webinar-sxs-img,.b2b-webinar-sxs-txt{width:50%}.b2b-webinar-sxs-txt{padding:30px 0}.b2b-webinar-sxs-speakers{padding:30px 0;display:flex;flex-wrap:wrap;width:50%}.gradient{position:relative;height:12px}.gradient-four{background:linear-gradient(90deg,#bfefff 0,#bfffde 100%)}.why-ch-footer{display:flex;align-items:center;justify-content:space-between;gap:20px;padding:70px;width:85%;margin:0 auto;max-width:1288px}.embed-container{position:relative;padding-bottom:56.25%;height:0;overflow:hidden;max-width:100%}.embed-container embed,.embed-container iframe,.embed-container object{position:absolute;top:0;left:0;width:100%;height:100%}.b2b-webinar-presenter{margin:0 10px}.webinar-btn{width:90%;margin:5px auto}figure img{width:300px}figcaption p.header-tertiary{font-weight:700;padding-top:30px}.webinar-takeaway{padding:100px}@media screen and (max-width:768px){#b2b-aaa-webinar-head{width:95%}#b2b-bbb-webinar-video,#b2b-ccc-webinar-speaker-takeawy{width:95%;margin:25px auto}.b2b-webinar-sxs{flex-direction:column;width:95%;margin:0 auto}.b2b-webinar-sxs-img,.b2b-webinar-sxs-txt{width:100%;padding:0}.why-ch-footer{flex-direction:column;padding:30px;width:100%}.order-one{order:1}.order-two{order:2}.webinar-takeaway{padding:30px}}<\/style>\n<section id=\"b2b-aaa-webinar-head\">\n<p class=\"header-label\">Webinaire<\/p>\n<h1 class=\"header-display\">Tout ce dont vous avez besoin pour r\u00e9ussir votre collecte de fonds de fin d&#8217;ann\u00e9e<\/h1>\n<\/section>\n<section id=\"b2b-bbb-webinar-video\">\n<div class=\"b2b-webinar-sxs\">\n<div class=\"b2b-webinar-sxs-txt order-two\">\n<p><strong>1 octobre 2020<\/strong><\/p>\n<p>La fin de l\u2019ann\u00e9e approche \u00e0 grands pas. Joignez-vous \u00e0 Pilar Albisu de CanaDon pour commencer \u00e0 pr\u00e9parer votre campagne de financement de fin d\u2019ann\u00e9e, ainsi que tous les outils et tactiques qui peuvent vous aider.<\/p>\n<\/p><\/div>\n<div class=\"b2b-webinar-sxs-img order-one\">\n<div class=\"embed-container\">\n        <iframe loading=\"lazy\" width=\"560\" height=\"315\" src=\"https:\/\/www.youtube.com\/embed\/cBr9rHQyCB0?si=gjjAkOVsH2ApFNxu\" title=\"YouTube video player\" frameborder=\"0\" allow=\"accelerometer; autoplay; clipboard-write; encrypted-media; gyroscope; picture-in-picture; web-share\" referrerpolicy=\"strict-origin-when-cross-origin\" allowfullscreen><\/iframe>\n      <\/div>\n<\/p><\/div>\n<\/p><\/div>\n<\/section>\n<section id=\"b2b-ccc-webinar-speaker-takeawy\">\n<h2 class=\"header-secondary\">Notre Conf\u00e9rencier<\/h2>\n<div class=\"b2b-webinar-sxs\">\n<div class=\"b2b-webinar-sxs-speakers\">\n<div class=\"b2b-webinar-presenter\">\n<figure>\n          <img decoding=\"async\" src=\"https:\/\/www.canadahelps.org\/media\/20251110_MKT-611_pillar.jpg\" alt=\"Pilar Albisu\" style=\"width: 170px\" \/><figcaption>\n<p class=\"header-tertiary\">Pilar Albisu<\/p>\n<\/figcaption><\/figure>\n<\/p><\/div>\n<\/p><\/div>\n<div class=\"b2b-webinar-sxs-txt\">\n<h3 class=\"header-secondary\">\u00c9l\u00e9ments cl\u00e9s \u00e0 retenir<\/h3>\n<ul class=\"list-disc\">\n<li>Optimiser votre site Web pour accepter les dons en ligne<\/li>\n<li>Renforcez vos r\u00e9sultats de collecte de fonds de fin d&#8217;ann\u00e9e avec des formulaires de dons en ligne ;<\/li>\n<li>Attirer de nouveaux donateurs en lan\u00e7ant un guide des dons de bienfaisance pour la p\u00e9riode des f\u00eates ; et<\/li>\n<li>Faire le suivi de votre succ\u00e8s par rapport \u00e0 vos objectifs en tirant parti des outils et des fonctionnalit\u00e9s de collecte de fonds en ligne de CanaDon.<\/li>\n<\/ul><\/div>\n<\/p><\/div>\n<\/section>\n<section id=\"b2b-ddd-webinar-footer\" class=\"ch-purple-section\">\n<div class=\"gradient gradient-four no-radius\"><\/div>\n<div class=\"why-ch-footer\">\n<div class=\"why-ch-footer-col\">\n<h3 class=\"header-secondary text-white\">Recevez une visite guid\u00e9e personnalis\u00e9e<\/h3>\n<p>      <a href=\"https:\/\/www.canadahelps.org\/fr\/pour-les-organismes-de-bienfaisance\/levee-de-fonds\/consultation-en-levee-de-fonds\/\" class=\"btn-tertiary\">R\u00e9server une d\u00e9monstration<\/a>\n    <\/div>\n<div class=\"why-ch-footer-col\">\n<h3 class=\"header-secondary text-white\">Commencez une collecte de fonds avec CanaDon<\/h3>\n<p>      <a href=\"https:\/\/www.canadahelps.org\/fr\/compte-collecte-de-fonds\/#\/\" class=\"btn-tertiary\">Commencer<\/a>\n    <\/div>\n<\/p><\/div>\n<\/section>\n","protected":false},"excerpt":{"rendered":"<p>Webinaire Tout ce dont vous avez besoin pour r\u00e9ussir votre collecte de fonds de fin d&#8217;ann\u00e9e 1 octobre 2020 La fin de l\u2019ann\u00e9e approche \u00e0 &#8230; <a href=\"https:\/\/www.canadahelps.org\/fr\/pour-les-organismes-de-bienfaisance\/ressources\/webinaires-3\/tout-ce-dont-vous-avez-besoin\/\" id=\"canadahelp-blog-meta\">Voir plus<\/a><\/p>\n","protected":false},"author":30,"featured_media":0,"parent":56800,"menu_order":0,"comment_status":"closed","ping_status":"closed","template":"template-ch20-full-width-b2b.php","meta":{"footnotes":""},"class_list":["post-56878","page","type-page","status-publish","hentry"],"acf":{"meta_description":"","use_toc_layout":false,"additional_body_css_classes":"","blogs_posts_item":false,"row_settings":false,"hide_page_title":false,"insert_spotlight_boxes":false,"use_biography_grid":false},"yoast_head":"<!-- This site is optimized with the Yoast SEO plugin v26.0 - https:\/\/yoast.com\/wordpress\/plugins\/seo\/ -->\n<title>Tout ce dont vous avez besoin | CanadaHelps - Donate to any charity in Canada<\/title>\n<meta name=\"robots\" content=\"index, follow, max-snippet:-1, max-image-preview:large, max-video-preview:-1\" \/>\n<link rel=\"canonical\" href=\"https:\/\/www.canadahelps.org\/fr\/pour-les-organismes-de-bienfaisance\/ressources\/webinaires-3\/tout-ce-dont-vous-avez-besoin\/\" \/>\n<meta property=\"og:locale\" content=\"fr_FR\" \/>\n<meta property=\"og:type\" content=\"article\" \/>\n<meta property=\"og:title\" content=\"Tout ce dont vous avez besoin | CanadaHelps - Donate to any charity in Canada\" \/>\n<meta property=\"og:description\" content=\"Webinaire Tout ce dont vous avez besoin pour r\u00e9ussir votre collecte de fonds de fin d&#8217;ann\u00e9e 1 octobre 2020 La fin de l\u2019ann\u00e9e approche \u00e0 ... Voir plus\" \/>\n<meta property=\"og:url\" content=\"https:\/\/www.canadahelps.org\/fr\/pour-les-organismes-de-bienfaisance\/ressources\/webinaires-3\/tout-ce-dont-vous-avez-besoin\/\" \/>\n<meta property=\"og:site_name\" content=\"CanadaHelps - Donate to any charity in Canada\" \/>\n<meta property=\"article:modified_time\" content=\"2025-11-11T16:36:29+00:00\" \/>\n<meta property=\"og:image\" content=\"https:\/\/www.canadahelps.org\/media\/20251110_MKT-611_pillar.jpg\" \/>\n<meta name=\"twitter:card\" content=\"summary_large_image\" \/>\n<meta name=\"twitter:label1\" content=\"Est. reading time\" \/>\n\t<meta name=\"twitter:data1\" content=\"1 minute\" \/>\n<script type=\"application\/ld+json\" class=\"yoast-schema-graph\">{\"@context\":\"https:\/\/schema.org\",\"@graph\":[{\"@type\":\"WebPage\",\"@id\":\"https:\/\/www.canadahelps.org\/fr\/pour-les-organismes-de-bienfaisance\/ressources\/webinaires-3\/tout-ce-dont-vous-avez-besoin\/\",\"url\":\"https:\/\/www.canadahelps.org\/fr\/pour-les-organismes-de-bienfaisance\/ressources\/webinaires-3\/tout-ce-dont-vous-avez-besoin\/\",\"name\":\"Tout ce dont vous avez besoin | CanadaHelps - Donate to any charity in Canada\",\"isPartOf\":{\"@id\":\"https:\/\/www.canadahelps.org\/fr\/#website\"},\"primaryImageOfPage\":{\"@id\":\"https:\/\/www.canadahelps.org\/fr\/pour-les-organismes-de-bienfaisance\/ressources\/webinaires-3\/tout-ce-dont-vous-avez-besoin\/#primaryimage\"},\"image\":{\"@id\":\"https:\/\/www.canadahelps.org\/fr\/pour-les-organismes-de-bienfaisance\/ressources\/webinaires-3\/tout-ce-dont-vous-avez-besoin\/#primaryimage\"},\"thumbnailUrl\":\"https:\/\/www.canadahelps.org\/media\/20251110_MKT-611_pillar.jpg\",\"datePublished\":\"2025-11-10T16:29:54+00:00\",\"dateModified\":\"2025-11-11T16:36:29+00:00\",\"breadcrumb\":{\"@id\":\"https:\/\/www.canadahelps.org\/fr\/pour-les-organismes-de-bienfaisance\/ressources\/webinaires-3\/tout-ce-dont-vous-avez-besoin\/#breadcrumb\"},\"inLanguage\":\"fr\",\"potentialAction\":[{\"@type\":\"ReadAction\",\"target\":[\"https:\/\/www.canadahelps.org\/fr\/pour-les-organismes-de-bienfaisance\/ressources\/webinaires-3\/tout-ce-dont-vous-avez-besoin\/\"]}]},{\"@type\":\"ImageObject\",\"inLanguage\":\"fr\",\"@id\":\"https:\/\/www.canadahelps.org\/fr\/pour-les-organismes-de-bienfaisance\/ressources\/webinaires-3\/tout-ce-dont-vous-avez-besoin\/#primaryimage\",\"url\":\"https:\/\/www.canadahelps.org\/media\/20251110_MKT-611_pillar.jpg\",\"contentUrl\":\"https:\/\/www.canadahelps.org\/media\/20251110_MKT-611_pillar.jpg\"},{\"@type\":\"BreadcrumbList\",\"@id\":\"https:\/\/www.canadahelps.org\/fr\/pour-les-organismes-de-bienfaisance\/ressources\/webinaires-3\/tout-ce-dont-vous-avez-besoin\/#breadcrumb\",\"itemListElement\":[{\"@type\":\"ListItem\",\"position\":1,\"name\":\"Home\",\"item\":\"https:\/\/www.canadahelps.org\/fr\/\"},{\"@type\":\"ListItem\",\"position\":2,\"name\":\"Pour les Organismes de Bienfaisance\",\"item\":\"https:\/\/www.canadahelps.org\/fr\/pour-les-organismes-de-bienfaisance\/\"},{\"@type\":\"ListItem\",\"position\":3,\"name\":\"Ressources\",\"item\":\"https:\/\/www.canadahelps.org\/fr\/pour-les-organismes-de-bienfaisance\/ressources\/\"},{\"@type\":\"ListItem\",\"position\":4,\"name\":\"Webinaires\",\"item\":\"https:\/\/www.canadahelps.org\/fr\/pour-les-organismes-de-bienfaisance\/ressources\/webinaires-3\/\"},{\"@type\":\"ListItem\",\"position\":5,\"name\":\"Tout ce dont vous avez besoin\"}]},{\"@type\":\"WebSite\",\"@id\":\"https:\/\/www.canadahelps.org\/fr\/#website\",\"url\":\"https:\/\/www.canadahelps.org\/fr\/\",\"name\":\"CanadaHelps - Donate to any charity in Canada\",\"description\":\"Giving Made Simple\",\"publisher\":{\"@id\":\"https:\/\/www.canadahelps.org\/fr\/#organization\"},\"potentialAction\":[{\"@type\":\"SearchAction\",\"target\":{\"@type\":\"EntryPoint\",\"urlTemplate\":\"https:\/\/www.canadahelps.org\/fr\/?s={search_term_string}\"},\"query-input\":{\"@type\":\"PropertyValueSpecification\",\"valueRequired\":true,\"valueName\":\"search_term_string\"}}],\"inLanguage\":\"fr\"},{\"@type\":\"Organization\",\"@id\":\"https:\/\/www.canadahelps.org\/fr\/#organization\",\"name\":\"CanadaHelps\",\"url\":\"https:\/\/www.canadahelps.org\/fr\/\",\"logo\":{\"@type\":\"ImageObject\",\"inLanguage\":\"fr\",\"@id\":\"https:\/\/www.canadahelps.org\/fr\/#\/schema\/logo\/image\/\",\"url\":\"https:\/\/www.canadahelps.org\/media\/canadahelps-en.jpg\",\"contentUrl\":\"https:\/\/www.canadahelps.org\/media\/canadahelps-en.jpg\",\"width\":131,\"height\":72,\"caption\":\"CanadaHelps\"},\"image\":{\"@id\":\"https:\/\/www.canadahelps.org\/fr\/#\/schema\/logo\/image\/\"}}]}<\/script>\n<!-- \/ Yoast SEO plugin. -->","yoast_head_json":{"title":"Tout ce dont vous avez besoin | CanadaHelps - Donate to any charity in Canada","robots":{"index":"index","follow":"follow","max-snippet":"max-snippet:-1","max-image-preview":"max-image-preview:large","max-video-preview":"max-video-preview:-1"},"canonical":"https:\/\/www.canadahelps.org\/fr\/pour-les-organismes-de-bienfaisance\/ressources\/webinaires-3\/tout-ce-dont-vous-avez-besoin\/","og_locale":"fr_FR","og_type":"article","og_title":"Tout ce dont vous avez besoin | CanadaHelps - Donate to any charity in Canada","og_description":"Webinaire Tout ce dont vous avez besoin pour r\u00e9ussir votre collecte de fonds de fin d&#8217;ann\u00e9e 1 octobre 2020 La fin de l\u2019ann\u00e9e approche \u00e0 ... Voir plus","og_url":"https:\/\/www.canadahelps.org\/fr\/pour-les-organismes-de-bienfaisance\/ressources\/webinaires-3\/tout-ce-dont-vous-avez-besoin\/","og_site_name":"CanadaHelps - Donate to any charity in Canada","article_modified_time":"2025-11-11T16:36:29+00:00","og_image":[{"url":"https:\/\/www.canadahelps.org\/media\/20251110_MKT-611_pillar.jpg","type":"","width":"","height":""}],"twitter_card":"summary_large_image","twitter_misc":{"Est. reading time":"1 minute"},"schema":{"@context":"https:\/\/schema.org","@graph":[{"@type":"WebPage","@id":"https:\/\/www.canadahelps.org\/fr\/pour-les-organismes-de-bienfaisance\/ressources\/webinaires-3\/tout-ce-dont-vous-avez-besoin\/","url":"https:\/\/www.canadahelps.org\/fr\/pour-les-organismes-de-bienfaisance\/ressources\/webinaires-3\/tout-ce-dont-vous-avez-besoin\/","name":"Tout ce dont vous avez besoin | CanadaHelps - Donate to any charity in Canada","isPartOf":{"@id":"https:\/\/www.canadahelps.org\/fr\/#website"},"primaryImageOfPage":{"@id":"https:\/\/www.canadahelps.org\/fr\/pour-les-organismes-de-bienfaisance\/ressources\/webinaires-3\/tout-ce-dont-vous-avez-besoin\/#primaryimage"},"image":{"@id":"https:\/\/www.canadahelps.org\/fr\/pour-les-organismes-de-bienfaisance\/ressources\/webinaires-3\/tout-ce-dont-vous-avez-besoin\/#primaryimage"},"thumbnailUrl":"https:\/\/www.canadahelps.org\/media\/20251110_MKT-611_pillar.jpg","datePublished":"2025-11-10T16:29:54+00:00","dateModified":"2025-11-11T16:36:29+00:00","breadcrumb":{"@id":"https:\/\/www.canadahelps.org\/fr\/pour-les-organismes-de-bienfaisance\/ressources\/webinaires-3\/tout-ce-dont-vous-avez-besoin\/#breadcrumb"},"inLanguage":"fr","potentialAction":[{"@type":"ReadAction","target":["https:\/\/www.canadahelps.org\/fr\/pour-les-organismes-de-bienfaisance\/ressources\/webinaires-3\/tout-ce-dont-vous-avez-besoin\/"]}]},{"@type":"ImageObject","inLanguage":"fr","@id":"https:\/\/www.canadahelps.org\/fr\/pour-les-organismes-de-bienfaisance\/ressources\/webinaires-3\/tout-ce-dont-vous-avez-besoin\/#primaryimage","url":"https:\/\/www.canadahelps.org\/media\/20251110_MKT-611_pillar.jpg","contentUrl":"https:\/\/www.canadahelps.org\/media\/20251110_MKT-611_pillar.jpg"},{"@type":"BreadcrumbList","@id":"https:\/\/www.canadahelps.org\/fr\/pour-les-organismes-de-bienfaisance\/ressources\/webinaires-3\/tout-ce-dont-vous-avez-besoin\/#breadcrumb","itemListElement":[{"@type":"ListItem","position":1,"name":"Home","item":"https:\/\/www.canadahelps.org\/fr\/"},{"@type":"ListItem","position":2,"name":"Pour les Organismes de Bienfaisance","item":"https:\/\/www.canadahelps.org\/fr\/pour-les-organismes-de-bienfaisance\/"},{"@type":"ListItem","position":3,"name":"Ressources","item":"https:\/\/www.canadahelps.org\/fr\/pour-les-organismes-de-bienfaisance\/ressources\/"},{"@type":"ListItem","position":4,"name":"Webinaires","item":"https:\/\/www.canadahelps.org\/fr\/pour-les-organismes-de-bienfaisance\/ressources\/webinaires-3\/"},{"@type":"ListItem","position":5,"name":"Tout ce dont vous avez besoin"}]},{"@type":"WebSite","@id":"https:\/\/www.canadahelps.org\/fr\/#website","url":"https:\/\/www.canadahelps.org\/fr\/","name":"CanadaHelps - Donate to any charity in Canada","description":"Giving Made Simple","publisher":{"@id":"https:\/\/www.canadahelps.org\/fr\/#organization"},"potentialAction":[{"@type":"SearchAction","target":{"@type":"EntryPoint","urlTemplate":"https:\/\/www.canadahelps.org\/fr\/?s={search_term_string}"},"query-input":{"@type":"PropertyValueSpecification","valueRequired":true,"valueName":"search_term_string"}}],"inLanguage":"fr"},{"@type":"Organization","@id":"https:\/\/www.canadahelps.org\/fr\/#organization","name":"CanadaHelps","url":"https:\/\/www.canadahelps.org\/fr\/","logo":{"@type":"ImageObject","inLanguage":"fr","@id":"https:\/\/www.canadahelps.org\/fr\/#\/schema\/logo\/image\/","url":"https:\/\/www.canadahelps.org\/media\/canadahelps-en.jpg","contentUrl":"https:\/\/www.canadahelps.org\/media\/canadahelps-en.jpg","width":131,"height":72,"caption":"CanadaHelps"},"image":{"@id":"https:\/\/www.canadahelps.org\/fr\/#\/schema\/logo\/image\/"}}]}},"_links":{"self":[{"href":"https:\/\/www.canadahelps.org\/fr\/wp-json\/wp\/v2\/pages\/56878","targetHints":{"allow":["GET"]}}],"collection":[{"href":"https:\/\/www.canadahelps.org\/fr\/wp-json\/wp\/v2\/pages"}],"about":[{"href":"https:\/\/www.canadahelps.org\/fr\/wp-json\/wp\/v2\/types\/page"}],"author":[{"embeddable":true,"href":"https:\/\/www.canadahelps.org\/fr\/wp-json\/wp\/v2\/users\/30"}],"replies":[{"embeddable":true,"href":"https:\/\/www.canadahelps.org\/fr\/wp-json\/wp\/v2\/comments?post=56878"}],"version-history":[{"count":3,"href":"https:\/\/www.canadahelps.org\/fr\/wp-json\/wp\/v2\/pages\/56878\/revisions"}],"predecessor-version":[{"id":56896,"href":"https:\/\/www.canadahelps.org\/fr\/wp-json\/wp\/v2\/pages\/56878\/revisions\/56896"}],"up":[{"embeddable":true,"href":"https:\/\/www.canadahelps.org\/fr\/wp-json\/wp\/v2\/pages\/56800"}],"wp:attachment":[{"href":"https:\/\/www.canadahelps.org\/fr\/wp-json\/wp\/v2\/media?parent=56878"}],"curies":[{"name":"wp","href":"https:\/\/api.w.org\/{rel}","templated":true}]}}