{"id":57258,"date":"2025-09-05T15:21:19","date_gmt":"2025-09-05T19:21:19","guid":{"rendered":"https:\/\/www.canadahelps.org\/?page_id=57258"},"modified":"2025-12-09T15:52:55","modified_gmt":"2025-12-09T20:52:55","slug":"bulletin-dinformation","status":"publish","type":"page","link":"https:\/\/www.canadahelps.org\/fr\/pour-les-organismes-de-bienfaisance\/bulletin-dinformation\/","title":{"rendered":"Bulletin dinformation"},"content":{"rendered":"<style>#b2b-aaa-newsletter{width:85%;margin:0 auto;max-width:1288px;padding:60px}.b2b-newsletter-sxs{display:flex;width:85%;margin:0 auto}.b2b-newsletter-sxs-img,.b2b-newsletter-sxs-txt{width:50%;margin:30px}@media screen and (max-width:768px){#b2b-aaa-newsletter{width:95%;padding:30px}.b2b-newsletter-sxs{display:flex;width:95%;flex-direction:column}.b2b-newsletter-sxs-img,.b2b-newsletter-sxs-txt{width:100%;margin:15px}}<\/style>\n<style><\/style>\n<section class=\"b2b-newsletter-aaa\">\n<div class=\"b2b-newsletter-sxs\">\n<div class=\"b2b-newsletter-sxs-img\">\n      <img decoding=\"async\" src=\"https:\/\/www.canadahelps.org\/media\/20250905_mkt_503_001.jpg\" alt=\"A dog looking at a smiling woman\" \/>\n    <\/div>\n<div class=\"b2b-newsletter-sxs-txt\">\n<p class=\"header-label\">Rejoignez notre communaut\u00e9!<\/p>\n<h2 class=\"header-display\">Abonnez-vous \u00e0 <span class=\"ch-underline-gradient\">l\u2019infolettre de CanaDon<\/span> et rejoignez notre communaut\u00e9!<\/h2>\n<p>CanaDon aspire \u00e0 renforcer la capacit\u00e9 des organismes sans but lucratif \u00e0 recueillir des fonds et \u00e0 consolider le secteur de la bienfaisance au Canada.<\/p>\n<p>Rejoignez notre communaut\u00e9 engag\u00e9e de professionnels et d\u2019organismes du secteur de la bienfaisance qui re\u00e7oivent nos infolettres gratuites chaque mois. Vous y trouverez des conseils, des ressources et l\u2019expertise de sp\u00e9cialistes \u2014 des guides exclusifs sur la collecte de fonds et des webinaires, en passant par des mises \u00e0 jour sur nos produits, des histoires de r\u00e9ussite et bien plus encore. Cultivons la g\u00e9n\u00e9rosit\u00e9 ensemble!<\/p>\n<p><iframe loading=\"lazy\" src=\"https:\/\/go.canadahelps.org\/l\/905392\/2022-12-01\/3jp857\" width=\"100%\" height=\"500\" type=\"text\/html\" frameborder=\"0\" allowTransparency=\"true\" style=\"border: 0\"><\/iframe><\/p>\n<\/p><\/div>\n<\/p><\/div>\n<\/section>\n","protected":false},"excerpt":{"rendered":"<p>Rejoignez notre communaut\u00e9! Abonnez-vous \u00e0 l\u2019infolettre de CanaDon et rejoignez notre communaut\u00e9! CanaDon aspire \u00e0 renforcer la capacit\u00e9 des organismes sans but lucratif \u00e0 recueillir &#8230; <a href=\"https:\/\/www.canadahelps.org\/fr\/pour-les-organismes-de-bienfaisance\/bulletin-dinformation\/\" id=\"canadahelp-blog-meta\">Voir plus<\/a><\/p>\n","protected":false},"author":30,"featured_media":0,"parent":54462,"menu_order":0,"comment_status":"closed","ping_status":"closed","template":"template-ch20-full-width-b2b.php","meta":{"footnotes":""},"class_list":["post-57258","page","type-page","status-publish","hentry"],"acf":{"meta_description":"","use_toc_layout":false,"additional_body_css_classes":"","row_settings":false,"hide_page_title":false,"insert_spotlight_boxes":false,"use_biography_grid":false,"blogs_posts_item":false},"yoast_head":"<!-- This site is optimized with the Yoast SEO plugin v26.0 - https:\/\/yoast.com\/wordpress\/plugins\/seo\/ -->\n<title>Bulletin dinformation | CanadaHelps - Donate to any charity in Canada<\/title>\n<meta name=\"robots\" content=\"index, follow, max-snippet:-1, max-image-preview:large, max-video-preview:-1\" \/>\n<link rel=\"canonical\" href=\"https:\/\/www.canadahelps.org\/fr\/pour-les-organismes-de-bienfaisance\/bulletin-dinformation\/\" \/>\n<meta property=\"og:locale\" content=\"fr_FR\" \/>\n<meta property=\"og:type\" content=\"article\" \/>\n<meta property=\"og:title\" content=\"Bulletin dinformation | CanadaHelps - Donate to any charity in Canada\" \/>\n<meta property=\"og:description\" content=\"Rejoignez notre communaut\u00e9! Abonnez-vous \u00e0 l\u2019infolettre de CanaDon et rejoignez notre communaut\u00e9! CanaDon aspire \u00e0 renforcer la capacit\u00e9 des organismes sans but lucratif \u00e0 recueillir ... Voir plus\" \/>\n<meta property=\"og:url\" content=\"https:\/\/www.canadahelps.org\/fr\/pour-les-organismes-de-bienfaisance\/bulletin-dinformation\/\" \/>\n<meta property=\"og:site_name\" content=\"CanadaHelps - Donate to any charity in Canada\" \/>\n<meta property=\"article:modified_time\" content=\"2025-12-09T20:52:55+00:00\" \/>\n<meta property=\"og:image\" content=\"https:\/\/www.canadahelps.org\/media\/20250905_mkt_503_001.jpg\" \/>\n<meta name=\"twitter:card\" content=\"summary_large_image\" \/>\n<meta name=\"twitter:label1\" content=\"Est. reading time\" \/>\n\t<meta name=\"twitter:data1\" content=\"1 minute\" \/>\n<script type=\"application\/ld+json\" class=\"yoast-schema-graph\">{\"@context\":\"https:\/\/schema.org\",\"@graph\":[{\"@type\":\"WebPage\",\"@id\":\"https:\/\/www.canadahelps.org\/fr\/pour-les-organismes-de-bienfaisance\/bulletin-dinformation\/\",\"url\":\"https:\/\/www.canadahelps.org\/fr\/pour-les-organismes-de-bienfaisance\/bulletin-dinformation\/\",\"name\":\"Bulletin dinformation | CanadaHelps - Donate to any charity in Canada\",\"isPartOf\":{\"@id\":\"https:\/\/www.canadahelps.org\/fr\/#website\"},\"primaryImageOfPage\":{\"@id\":\"https:\/\/www.canadahelps.org\/fr\/pour-les-organismes-de-bienfaisance\/bulletin-dinformation\/#primaryimage\"},\"image\":{\"@id\":\"https:\/\/www.canadahelps.org\/fr\/pour-les-organismes-de-bienfaisance\/bulletin-dinformation\/#primaryimage\"},\"thumbnailUrl\":\"https:\/\/www.canadahelps.org\/media\/20250905_mkt_503_001.jpg\",\"datePublished\":\"2025-09-05T19:21:19+00:00\",\"dateModified\":\"2025-12-09T20:52:55+00:00\",\"breadcrumb\":{\"@id\":\"https:\/\/www.canadahelps.org\/fr\/pour-les-organismes-de-bienfaisance\/bulletin-dinformation\/#breadcrumb\"},\"inLanguage\":\"fr\",\"potentialAction\":[{\"@type\":\"ReadAction\",\"target\":[\"https:\/\/www.canadahelps.org\/fr\/pour-les-organismes-de-bienfaisance\/bulletin-dinformation\/\"]}]},{\"@type\":\"ImageObject\",\"inLanguage\":\"fr\",\"@id\":\"https:\/\/www.canadahelps.org\/fr\/pour-les-organismes-de-bienfaisance\/bulletin-dinformation\/#primaryimage\",\"url\":\"https:\/\/www.canadahelps.org\/media\/20250905_mkt_503_001.jpg\",\"contentUrl\":\"https:\/\/www.canadahelps.org\/media\/20250905_mkt_503_001.jpg\"},{\"@type\":\"BreadcrumbList\",\"@id\":\"https:\/\/www.canadahelps.org\/fr\/pour-les-organismes-de-bienfaisance\/bulletin-dinformation\/#breadcrumb\",\"itemListElement\":[{\"@type\":\"ListItem\",\"position\":1,\"name\":\"Home\",\"item\":\"https:\/\/www.canadahelps.org\/fr\/\"},{\"@type\":\"ListItem\",\"position\":2,\"name\":\"Pour les Organismes de Bienfaisance\",\"item\":\"https:\/\/www.canadahelps.org\/fr\/pour-les-organismes-de-bienfaisance\/\"},{\"@type\":\"ListItem\",\"position\":3,\"name\":\"Bulletin dinformation\"}]},{\"@type\":\"WebSite\",\"@id\":\"https:\/\/www.canadahelps.org\/fr\/#website\",\"url\":\"https:\/\/www.canadahelps.org\/fr\/\",\"name\":\"CanadaHelps - Donate to any charity in Canada\",\"description\":\"Giving Made Simple\",\"publisher\":{\"@id\":\"https:\/\/www.canadahelps.org\/fr\/#organization\"},\"potentialAction\":[{\"@type\":\"SearchAction\",\"target\":{\"@type\":\"EntryPoint\",\"urlTemplate\":\"https:\/\/www.canadahelps.org\/fr\/?s={search_term_string}\"},\"query-input\":{\"@type\":\"PropertyValueSpecification\",\"valueRequired\":true,\"valueName\":\"search_term_string\"}}],\"inLanguage\":\"fr\"},{\"@type\":\"Organization\",\"@id\":\"https:\/\/www.canadahelps.org\/fr\/#organization\",\"name\":\"CanadaHelps\",\"url\":\"https:\/\/www.canadahelps.org\/fr\/\",\"logo\":{\"@type\":\"ImageObject\",\"inLanguage\":\"fr\",\"@id\":\"https:\/\/www.canadahelps.org\/fr\/#\/schema\/logo\/image\/\",\"url\":\"https:\/\/www.canadahelps.org\/media\/canadahelps-en.jpg\",\"contentUrl\":\"https:\/\/www.canadahelps.org\/media\/canadahelps-en.jpg\",\"width\":131,\"height\":72,\"caption\":\"CanadaHelps\"},\"image\":{\"@id\":\"https:\/\/www.canadahelps.org\/fr\/#\/schema\/logo\/image\/\"}}]}<\/script>\n<!-- \/ Yoast SEO plugin. -->","yoast_head_json":{"title":"Bulletin dinformation | CanadaHelps - Donate to any charity in Canada","robots":{"index":"index","follow":"follow","max-snippet":"max-snippet:-1","max-image-preview":"max-image-preview:large","max-video-preview":"max-video-preview:-1"},"canonical":"https:\/\/www.canadahelps.org\/fr\/pour-les-organismes-de-bienfaisance\/bulletin-dinformation\/","og_locale":"fr_FR","og_type":"article","og_title":"Bulletin dinformation | CanadaHelps - Donate to any charity in Canada","og_description":"Rejoignez notre communaut\u00e9! Abonnez-vous \u00e0 l\u2019infolettre de CanaDon et rejoignez notre communaut\u00e9! CanaDon aspire \u00e0 renforcer la capacit\u00e9 des organismes sans but lucratif \u00e0 recueillir ... Voir plus","og_url":"https:\/\/www.canadahelps.org\/fr\/pour-les-organismes-de-bienfaisance\/bulletin-dinformation\/","og_site_name":"CanadaHelps - Donate to any charity in Canada","article_modified_time":"2025-12-09T20:52:55+00:00","og_image":[{"url":"https:\/\/www.canadahelps.org\/media\/20250905_mkt_503_001.jpg","type":"","width":"","height":""}],"twitter_card":"summary_large_image","twitter_misc":{"Est. reading time":"1 minute"},"schema":{"@context":"https:\/\/schema.org","@graph":[{"@type":"WebPage","@id":"https:\/\/www.canadahelps.org\/fr\/pour-les-organismes-de-bienfaisance\/bulletin-dinformation\/","url":"https:\/\/www.canadahelps.org\/fr\/pour-les-organismes-de-bienfaisance\/bulletin-dinformation\/","name":"Bulletin dinformation | CanadaHelps - Donate to any charity in Canada","isPartOf":{"@id":"https:\/\/www.canadahelps.org\/fr\/#website"},"primaryImageOfPage":{"@id":"https:\/\/www.canadahelps.org\/fr\/pour-les-organismes-de-bienfaisance\/bulletin-dinformation\/#primaryimage"},"image":{"@id":"https:\/\/www.canadahelps.org\/fr\/pour-les-organismes-de-bienfaisance\/bulletin-dinformation\/#primaryimage"},"thumbnailUrl":"https:\/\/www.canadahelps.org\/media\/20250905_mkt_503_001.jpg","datePublished":"2025-09-05T19:21:19+00:00","dateModified":"2025-12-09T20:52:55+00:00","breadcrumb":{"@id":"https:\/\/www.canadahelps.org\/fr\/pour-les-organismes-de-bienfaisance\/bulletin-dinformation\/#breadcrumb"},"inLanguage":"fr","potentialAction":[{"@type":"ReadAction","target":["https:\/\/www.canadahelps.org\/fr\/pour-les-organismes-de-bienfaisance\/bulletin-dinformation\/"]}]},{"@type":"ImageObject","inLanguage":"fr","@id":"https:\/\/www.canadahelps.org\/fr\/pour-les-organismes-de-bienfaisance\/bulletin-dinformation\/#primaryimage","url":"https:\/\/www.canadahelps.org\/media\/20250905_mkt_503_001.jpg","contentUrl":"https:\/\/www.canadahelps.org\/media\/20250905_mkt_503_001.jpg"},{"@type":"BreadcrumbList","@id":"https:\/\/www.canadahelps.org\/fr\/pour-les-organismes-de-bienfaisance\/bulletin-dinformation\/#breadcrumb","itemListElement":[{"@type":"ListItem","position":1,"name":"Home","item":"https:\/\/www.canadahelps.org\/fr\/"},{"@type":"ListItem","position":2,"name":"Pour les Organismes de Bienfaisance","item":"https:\/\/www.canadahelps.org\/fr\/pour-les-organismes-de-bienfaisance\/"},{"@type":"ListItem","position":3,"name":"Bulletin dinformation"}]},{"@type":"WebSite","@id":"https:\/\/www.canadahelps.org\/fr\/#website","url":"https:\/\/www.canadahelps.org\/fr\/","name":"CanadaHelps - Donate to any charity in Canada","description":"Giving Made Simple","publisher":{"@id":"https:\/\/www.canadahelps.org\/fr\/#organization"},"potentialAction":[{"@type":"SearchAction","target":{"@type":"EntryPoint","urlTemplate":"https:\/\/www.canadahelps.org\/fr\/?s={search_term_string}"},"query-input":{"@type":"PropertyValueSpecification","valueRequired":true,"valueName":"search_term_string"}}],"inLanguage":"fr"},{"@type":"Organization","@id":"https:\/\/www.canadahelps.org\/fr\/#organization","name":"CanadaHelps","url":"https:\/\/www.canadahelps.org\/fr\/","logo":{"@type":"ImageObject","inLanguage":"fr","@id":"https:\/\/www.canadahelps.org\/fr\/#\/schema\/logo\/image\/","url":"https:\/\/www.canadahelps.org\/media\/canadahelps-en.jpg","contentUrl":"https:\/\/www.canadahelps.org\/media\/canadahelps-en.jpg","width":131,"height":72,"caption":"CanadaHelps"},"image":{"@id":"https:\/\/www.canadahelps.org\/fr\/#\/schema\/logo\/image\/"}}]}},"_links":{"self":[{"href":"https:\/\/www.canadahelps.org\/fr\/wp-json\/wp\/v2\/pages\/57258","targetHints":{"allow":["GET"]}}],"collection":[{"href":"https:\/\/www.canadahelps.org\/fr\/wp-json\/wp\/v2\/pages"}],"about":[{"href":"https:\/\/www.canadahelps.org\/fr\/wp-json\/wp\/v2\/types\/page"}],"author":[{"embeddable":true,"href":"https:\/\/www.canadahelps.org\/fr\/wp-json\/wp\/v2\/users\/30"}],"replies":[{"embeddable":true,"href":"https:\/\/www.canadahelps.org\/fr\/wp-json\/wp\/v2\/comments?post=57258"}],"version-history":[{"count":3,"href":"https:\/\/www.canadahelps.org\/fr\/wp-json\/wp\/v2\/pages\/57258\/revisions"}],"predecessor-version":[{"id":57261,"href":"https:\/\/www.canadahelps.org\/fr\/wp-json\/wp\/v2\/pages\/57258\/revisions\/57261"}],"up":[{"embeddable":true,"href":"https:\/\/www.canadahelps.org\/fr\/wp-json\/wp\/v2\/pages\/54462"}],"wp:attachment":[{"href":"https:\/\/www.canadahelps.org\/fr\/wp-json\/wp\/v2\/media?parent=57258"}],"curies":[{"name":"wp","href":"https:\/\/api.w.org\/{rel}","templated":true}]}}