{"id":57920,"date":"2025-09-17T13:40:41","date_gmt":"2025-09-17T17:40:41","guid":{"rendered":"https:\/\/www.canadahelps.org\/?page_id=57920"},"modified":"2026-03-26T16:51:14","modified_gmt":"2026-03-26T20:51:14","slug":"webinaires","status":"publish","type":"page","link":"https:\/\/www.canadahelps.org\/fr\/pour-les-organismes-de-bienfaisance\/ressources\/webinaires\/","title":{"rendered":"Webinaires"},"content":{"rendered":"<style>#b2b-webinar-aaa{width:85%;max-width:1288px;margin:0 auto 50px}#b2b-webinar-bbb-upcoming #b2b-webinar-ccc-past{background-color:#f4f3f6;padding:100px 0}#b2b-webinar-ccc-past{background-color:#f4f3f6;padding:0 0 50px}#b2b-webinar-bbb-upcoming-content{width:85%;max-width:1288px;margin:0 auto 50px}#b2b-webinar-ccc-past-content{width:85%;max-width:1288px;margin:0 auto 50px;padding:75px 0}#b2b-webinar-ddd{width:85%;max-width:1288px;margin:150px auto}.b2b-webinar-sxs{flex-wrap:wrap;justify-content:flex-start;align-items:flex-start;max-width:1288px;display:flex}.b2b-web-sxs-img,.b2b-web-sxs-txt{width:50%;padding:30px}.b2b-web-sxs-img{justify-content:center;align-items:center;display:flex}#home-bottom-three{place-content:center space-between;gap:20px;margin:20px auto;display:flex}.home-bottom-three-item{border-radius:12px;width:32%;max-width:400px}.home-bottom-three-item .gradient{border-top-left-radius:12px;border-top-right-radius:12px}.hbt-item-content{background-color:#1b1750;border-bottom-right-radius:12px;border-bottom-left-radius:12px;padding:40px}.hbt-item-content a:hover{color:#fff;text-decoration:underline}.blue-banner{border-bottom-right-radius:12px;border-bottom-left-radius:12px}.blue-banner-flex{justify-content:center;align-items:flex-end;margin:0 auto;display:flex;position:relative}.blue-banner-right-image{position:absolute;bottom:0;right:170px}.blue-banner-right-image img{max-width:300px}.blue-banner-left-txt{width:50%;max-width:500px;padding:25px 50px}.gradient{height:12px;text-decoration:none;position:relative}.gradient-one{background:linear-gradient(90deg,#bfffde 0,#fffaae 100%)}.gradient-two{background:linear-gradient(90deg,#bfefff 0,#ebcfff 100%)}.gradient-three{background:linear-gradient(90deg,#fffaae 0,#ffd2ad 100%)}.gradient-four{background:linear-gradient(90deg,#bfefff 0,#bfffde 100%)}.gradient-senary{height:12px}.b2b-webinar-card{background:#fff;width:30%;height:425px;margin:10px;padding:30px}.b2b-webinar-card-tag{margin:20px 0}.b2b-webinar-card-tag label{color:#fff;background-color:#1b1750;border-radius:5px;padding:5px 10px;display:inline}.b2b-webinar-card-title{font-size:18px;font-weight:700}.b2b-webinar-card-details{padding:10px 0}.b2b-webinar-card-link a{color:#1b1750;font-weight:700;text-decoration:none}.b2b-webinar-card-link a:hover{color:#1b1750;text-decoration:underline}.upcoming-webinar{border-top:1px solid #ccc;margin:30px auto;padding:30px}@media screen and (width<=768px){#b2b-webinar-aaa,#b2b-webinar-bbb-upcoming-content,#b2b-webinar-ccc-past-content{width:95%;margin:0 auto 25px}#b2b-webinar-ddd{width:95%;margin:75px auto}.b2b-webinar-sxs{flex-direction:column;width:90%;margin:0 auto}.b2b-web-sxs-img,.b2b-web-sxs-txt{width:100%;padding:0}#home-bottom-three{flex-direction:column}.home-bottom-three-item{width:100%}.blue-banner-flex{flex-direction:column}.blue-banner-left-txt{width:100%}.blue-banner-right-image{position:unset}.b2b-webinar-card{background:#fff;width:100%;margin:10px auto}}<\/style>\n<style><\/style>\n<section id=\"b2b-webinar-aaa\">\n<div class=\"b2b-webinar-sxs\">\n<div class=\"b2b-web-sxs-img\">\n      <img decoding=\"async\" src=\"https:\/\/www.canadahelps.org\/media\/20250904_mkt_486_002.jpg\" alt=\"\" \/>\n    <\/div>\n<div class=\"b2b-web-sxs-txt\" style=\"padding-top: 100px\">\n<h1 class=\"header-display\">Webinaires<\/h1>\n<p>\u00c9coutez des experts qui comprennent les besoins des organismes de bienfaisance canadiens. Chaque webinaire regorge d'id\u00e9es pratiques pour contribuer \u00e0 la r\u00e9ussite de votre organisme. Que votre organisme soit grand ou petit, vous d\u00e9couvrirez des strat\u00e9gies pratiques \u00e0 mettre en \u0153uvre imm\u00e9diatement, d\u00e9couvrirez les meilleures pratiques du secteur caritatif et resterez inform\u00e9 des derni\u00e8res tendances en mati\u00e8re de collecte de fonds.<\/p>\n<\/p><\/div>\n<\/p><\/div>\n<\/section>\n<section id=\"b2b-webinar-bbb-upcoming\">\n<div id=\"b2b-webinar-bbb-upcoming-content\">\n<h1 class=\"header-primary\">Webinaires \u00e0 venir<\/h1>\n<div class=\"upcoming-webinar\"><\/div>\n<\/p><\/div>\n<\/section>\n<section id=\"b2b-webinar-ccc-past\">\n<div id=\"b2b-webinar-ccc-past-content\">\n<div class=\"b2b-webinar-sxs\">\n<div class=\"b2b-web-sxs-txt\">\n<h1 class=\"header-primary\">Webinaires pr\u00e9c\u00e9dents<\/h1>\n<\/p><\/div>\n<div class=\"b2b-web-sxs-txt\" style=\"padding-top: 40px\">\n        <input type=\"text\" id=\"webinarSearch\" onkeyup=\"webinarFunction()\" placeholder=\"Rechercher les webinaires pr\u00e9c\u00e9dents\" title=\"search\" style=\"width: 80%\" \/>\n      <\/div>\n<\/p><\/div>\n<div class=\"b2b-webinar-sxs\">\n      <!-- \/\/\/\/\/\/\/\/\/\/\/\/\/\/\/\/\/\/ --><\/p>\n<article class=\"b2b-webinar-card\">\n<div class=\"b2b-webinar-card-image\"><img decoding=\"async\" src=\"https:\/\/www.canadahelps.org\/media\/20260326-mkt-719.png\" alt=\"\" \/><\/div>\n<p>        <!-- \n\n<div class=\"b2b-webinar-card-tag\"><label>Fundraising<\/label><\/div>\n\n --><\/p>\n<div class=\"b2b-webinar-card-title\">Planifier, Engager, R\u00e9ussir : les communications pour les \u00e9quipes des petits organismes de bienfaisance<\/div>\n<div class=\"b2b-webinar-card-details\">2026-03-26<\/div>\n<div class=\"b2b-webinar-card-link\">\n          <a href=\"https:\/\/www.canadahelps.org\/fr\/pour-les-organismes-de-bienfaisance\/ressources\/webinaires\/planifier-engager-reussir\/\">Apprendre plus&nbsp;<i class=\"fa-solid fa-arrow-right\"><\/i><\/a>\n        <\/div>\n<\/article>\n<article class=\"b2b-webinar-card\">\n<div class=\"b2b-webinar-card-image\"><img decoding=\"async\" src=\"https:\/\/www.canadahelps.org\/media\/20241021_mkt_607.png\" alt=\"\" \/><\/div>\n<p>        <!-- \n\n<div class=\"b2b-webinar-card-tag\"><label>Fundraising<\/label><\/div>\n\n --><\/p>\n<div class=\"b2b-webinar-card-title\">Maximisez votre campagne Mardi je donne avec des formulaires de don personnalis\u00e9s<\/div>\n<div class=\"b2b-webinar-card-details\">2024-10-22<\/div>\n<div class=\"b2b-webinar-card-link\">\n          <a href=\"https:\/\/www.canadahelps.org\/fr\/pour-les-organismes-de-bienfaisance\/ressources\/webinaires\/maximisez-votre-campagne-mardi-je-donne\/\">Apprendre plus&nbsp;<i class=\"fa-solid fa-arrow-right\"><\/i><\/a>\n        <\/div>\n<\/article>\n<article class=\"b2b-webinar-card\">\n<div class=\"b2b-webinar-card-image\"><img decoding=\"async\" src=\"https:\/\/www.canadahelps.org\/media\/20221027_mkt_608.png\" alt=\"\" \/><\/div>\n<p>        <!-- \n\n<div class=\"b2b-webinar-card-tag\"><label>Fundraising<\/label><\/div>\n\n --><\/p>\n<div class=\"b2b-webinar-card-title\">Astuces pour la collecte de fonds pour Mardi je donne<\/div>\n<div class=\"b2b-webinar-card-details\">2022-10-27<\/div>\n<div class=\"b2b-webinar-card-link\">\n          <a href=\"https:\/\/www.canadahelps.org\/fr\/pour-les-organismes-de-bienfaisance\/ressources\/webinaires\/astuces-pour-la-collecte-de-fonds-pour-mardi-je-donne\/\">Apprendre plus&nbsp;<i class=\"fa-solid fa-arrow-right\"><\/i><\/a>\n        <\/div>\n<\/article>\n<article class=\"b2b-webinar-card\">\n<div class=\"b2b-webinar-card-image\"><img decoding=\"async\" src=\"https:\/\/www.canadahelps.org\/media\/20211028_mkt_609.png\" alt=\"\" \/><\/div>\n<p>        <!-- \n\n<div class=\"b2b-webinar-card-tag\"><label>Fundraising<\/label><\/div>\n\n --><\/p>\n<div class=\"b2b-webinar-card-title\">Motiver vos donateurs pour Mardi je donne<\/div>\n<div class=\"b2b-webinar-card-details\">2021-10-28<\/div>\n<div class=\"b2b-webinar-card-link\">\n          <a href=\"https:\/\/www.canadahelps.org\/fr\/pour-les-organismes-de-bienfaisance\/ressources\/webinaires\/motiver-vos-donateurs-pour-mardi-je-donne\/\">Apprendre plus&nbsp;<i class=\"fa-solid fa-arrow-right\"><\/i><\/a>\n        <\/div>\n<\/article>\n<article class=\"b2b-webinar-card\">\n<div class=\"b2b-webinar-card-image\"><img decoding=\"async\" src=\"https:\/\/www.canadahelps.org\/media\/20201006_mkt_610.png\" alt=\"\" \/><\/div>\n<p>        <!-- \n\n<div class=\"b2b-webinar-card-tag\"><label>Fundraising<\/label><\/div>\n\n --><\/p>\n<div class=\"b2b-webinar-card-title\">\u00c9tablissez votre plan pour Mardi je donne<\/div>\n<div class=\"b2b-webinar-card-details\">2020-10-06<\/div>\n<div class=\"b2b-webinar-card-link\">\n          <a href=\"https:\/\/www.canadahelps.org\/fr\/pour-les-organismes-de-bienfaisance\/ressources\/webinaires\/etablissez-votre-plan-pour-mardi-je-donne\/\">Apprendre plus&nbsp;<i class=\"fa-solid fa-arrow-right\"><\/i><\/a>\n        <\/div>\n<\/article>\n<article class=\"b2b-webinar-card\">\n<div class=\"b2b-webinar-card-image\"><img decoding=\"async\" src=\"https:\/\/www.canadahelps.org\/media\/20201001_mkt_611.png\" alt=\"\" \/><\/div>\n<p>        <!-- \n\n<div class=\"b2b-webinar-card-tag\"><label>Fundraising<\/label><\/div>\n\n --><\/p>\n<div class=\"b2b-webinar-card-title\">Tout ce dont vous avez besoin pour r\u00e9ussir votre collecte de fonds de fin d\u2019ann\u00e9e<\/div>\n<div class=\"b2b-webinar-card-details\">2020-10-01<\/div>\n<div class=\"b2b-webinar-card-link\">\n          <a href=\"https:\/\/www.canadahelps.org\/fr\/pour-les-organismes-de-bienfaisance\/ressources\/webinaires\/tout-ce-dont-vous-avez-besoin\/\">Apprendre plus&nbsp;<i class=\"fa-solid fa-arrow-right\"><\/i><\/a>\n        <\/div>\n<\/article>\n<article class=\"b2b-webinar-card\">\n<div class=\"b2b-webinar-card-image\"><img decoding=\"async\" src=\"https:\/\/www.canadahelps.org\/media\/20200723_mkt_612.png\" alt=\"\" \/><\/div>\n<p>        <!-- \n\n<div class=\"b2b-webinar-card-tag\"><label>Fundraising<\/label><\/div>\n\n --><\/p>\n<div class=\"b2b-webinar-card-title\">D\u00e9butez votre collecte de fonds en toute confiance avec CanaDon<\/div>\n<div class=\"b2b-webinar-card-details\">2020-07-23<\/div>\n<div class=\"b2b-webinar-card-link\">\n          <a href=\"https:\/\/www.canadahelps.org\/fr\/pour-les-organismes-de-bienfaisance\/ressources\/webinaires\/debutez-votre-collecte-de-fonds-en-toute-confiance\/\">Apprendre plus&nbsp;<i class=\"fa-solid fa-arrow-right\"><\/i><\/a>\n        <\/div>\n<\/article>\n<p>      <!-- \/\/\/\/\/\/\/\/\/\/\/\/\/\/\/\/\/ -->\n    <\/div>\n<\/p><\/div>\n<\/section>\n<section id=\"b2b-webinar-ddd\" class=\"container\">\n<div class=\"gradient gradient-one\"><\/div>\n<div class=\"blue-banner ch-purple-section\">\n<div class=\"blue-banner-flex\">\n<div class=\"blue-banner-left-txt\">\n<h3 class=\"header-primary text-white\">Explorer d'autres ressources<\/h3>\n<p class=\"text-white\">Des ressources suppl\u00e9mentaires pour vous aider \u00e0 apprendre et \u00e0 grandir..<\/p>\n<\/p><\/div>\n<div class=\"b2b-web-sxs-img\">\n<div class=\"blue-banner-right-image\"><img decoding=\"async\" src=\"https:\/\/www.canadahelps.org\/media\/20250904_mkt_486_001.png\" alt=\"\" \/><\/div>\n<\/p><\/div>\n<\/p><\/div>\n<\/p><\/div>\n<div id=\"home-bottom-three\">\n<div class=\"home-bottom-three-item ch-purple-section\">\n<div class=\"gradient gradient-two\"><\/div>\n<div class=\"hbt-item-content\">\n<h3 class=\"header-primary text-white\">Portail d'aide<\/h3>\n<p class=\"text-white\">Un endroit o\u00f9 r\u00e9pondre \u00e0 vos questions sur les outils offerts par CanaDon.<\/p>\n<p>\n          <a class=\"text-white\" href=\"https:\/\/help.canadahelps.org\/s\/topic\/0TOJR0000001iOo4AI\/help-for-donors?language=fr\">Apprendre encore plus&nbsp;<i class=\"fa-solid fa-arrow-right text-white\"><\/i><\/a>\n        <\/p>\n<\/p><\/div>\n<\/p><\/div>\n<div class=\"home-bottom-three-item ch-purple-section\">\n<div class=\"gradient gradient-three\"><\/div>\n<div class=\"hbt-item-content\">\n<h3 class=\"header-primary text-white\">Livres blancs<\/h3>\n<p class=\"text-white\">Acc\u00e9dez \u00e0 des livres blancs contenant des ressources approfondies qui renforceront vos comp\u00e9tences en mati\u00e8re de collecte de fonds num\u00e9rique.<\/p>\n<p>\n          <a class=\"text-white\" href=\"https:\/\/www.canadahelps.org\/fr\/pour-les-organismes-de-bienfaisance\/ressources\/livres-blancs\/\">Apprendre encore plus&nbsp;<i class=\"fa-solid fa-arrow-right text-white\"><\/i><\/a>\n        <\/p>\n<\/p><\/div>\n<\/p><\/div>\n<div class=\"home-bottom-three-item ch-purple-section\">\n<div class=\"gradient gradient-four\"><\/div>\n<div class=\"hbt-item-content\">\n<h3 class=\"header-primary text-white\">Blogue La vie caritative<\/h3>\n<p class=\"text-white\">L\u2019endroit o\u00f9 vous trouverez de l\u2019inspiration et de l\u2019\u00e9ducation sur la collecte de fonds en ligne pour votre organisme de bienfaisance, les tendances ainsi que les meilleures pratiques dans le domaine.<\/p>\n<p>\n          <a class=\"text-white\" href=\"https:\/\/www.canadahelps.org\/fr\/category\/la-vie-caritative\/\">Apprendre encore plus&nbsp;<i class=\"fa-solid fa-arrow-right text-white\"><\/i><\/a>\n        <\/p>\n<\/p><\/div>\n<\/p><\/div>\n<\/p><\/div>\n<\/section>\n<p><script>\n  document.addEventListener(\"DOMContentLoaded\", () => {\n    const input = document.getElementById(\"webinarSearch\");\n    if (!input) return;\n    input.addEventListener(\"input\", safeSearch);\n    function safeSearch() {\n      let filter = input.value || \"\";\n      filter = filter\n        .replace(\/[<>\"'&]\/g, \"\")\n        .trim()\n        .toUpperCase();\n      const cards = document.getElementsByClassName(\"b2b-webinar-card\");\n      for (let i = 0; i < cards.length; i++) {\n        const card = cards[i];\n        const titleEl = card.querySelector(\".b2b-webinar-card-title\");\n        const tagEl = card.querySelector(\".b2b-webinar-card-tag\");\n        const dateEl = card.querySelector(\".b2b-webinar-card-details\");\n        const titleText = titleEl ? titleEl.textContent.toUpperCase() : \"\";\n        const tagText = tagEl ? tagEl.textContent.toUpperCase() : \"\";\n        const dateText = dateEl ? dateEl.textContent.toUpperCase() : \"\";\n        const isMatch = titleText.includes(filter) || tagText.includes(filter) || dateText.includes(filter);\n        card.style.display = isMatch ? \"\" : \"none\";\n      }\n    }\n  });\n<\/script><\/p>\n","protected":false},"excerpt":{"rendered":"<p>Webinaires \u00c9coutez des experts qui comprennent les besoins des organismes de bienfaisance canadiens. Chaque webinaire regorge d&#8217;id\u00e9es pratiques pour contribuer \u00e0 la r\u00e9ussite de votre &#8230; <a href=\"https:\/\/www.canadahelps.org\/fr\/pour-les-organismes-de-bienfaisance\/ressources\/webinaires\/\" id=\"canadahelp-blog-meta\">Voir plus<\/a><\/p>\n","protected":false},"author":30,"featured_media":0,"parent":54556,"menu_order":0,"comment_status":"closed","ping_status":"closed","template":"template-ch20-full-width-b2b.php","meta":{"footnotes":""},"class_list":["post-57920","page","type-page","status-publish","hentry"],"acf":{"meta_description":"","use_toc_layout":false,"additional_body_css_classes":"","row_settings":false,"hide_page_title":false,"insert_spotlight_boxes":false,"use_biography_grid":false,"blogs_posts_item":false},"yoast_head":"<!-- This site is optimized with the Yoast SEO plugin v26.0 - https:\/\/yoast.com\/wordpress\/plugins\/seo\/ -->\n<title>Webinaires | CanadaHelps - Donate to any charity in Canada<\/title>\n<meta name=\"robots\" content=\"index, follow, max-snippet:-1, max-image-preview:large, max-video-preview:-1\" \/>\n<link rel=\"canonical\" href=\"https:\/\/www.canadahelps.org\/fr\/pour-les-organismes-de-bienfaisance\/ressources\/webinaires\/\" \/>\n<meta property=\"og:locale\" content=\"fr_FR\" \/>\n<meta property=\"og:type\" content=\"article\" \/>\n<meta property=\"og:title\" content=\"Webinaires | CanadaHelps - Donate to any charity in Canada\" \/>\n<meta property=\"og:description\" content=\"Webinaires \u00c9coutez des experts qui comprennent les besoins des organismes de bienfaisance canadiens. Chaque webinaire regorge d&#039;id\u00e9es pratiques pour contribuer \u00e0 la r\u00e9ussite de votre ... Voir plus\" \/>\n<meta property=\"og:url\" content=\"https:\/\/www.canadahelps.org\/fr\/pour-les-organismes-de-bienfaisance\/ressources\/webinaires\/\" \/>\n<meta property=\"og:site_name\" content=\"CanadaHelps - Donate to any charity in Canada\" \/>\n<meta property=\"article:modified_time\" content=\"2026-03-26T20:51:14+00:00\" \/>\n<meta property=\"og:image\" content=\"https:\/\/www.canadahelps.org\/media\/20250904_mkt_486_002.jpg\" \/>\n<meta name=\"twitter:card\" content=\"summary_large_image\" \/>\n<meta name=\"twitter:label1\" content=\"Est. reading time\" \/>\n\t<meta name=\"twitter:data1\" content=\"4 minutes\" \/>\n<script type=\"application\/ld+json\" class=\"yoast-schema-graph\">{\"@context\":\"https:\/\/schema.org\",\"@graph\":[{\"@type\":\"WebPage\",\"@id\":\"https:\/\/www.canadahelps.org\/fr\/pour-les-organismes-de-bienfaisance\/ressources\/webinaires\/\",\"url\":\"https:\/\/www.canadahelps.org\/fr\/pour-les-organismes-de-bienfaisance\/ressources\/webinaires\/\",\"name\":\"Webinaires | CanadaHelps - Donate to any charity in Canada\",\"isPartOf\":{\"@id\":\"https:\/\/www.canadahelps.org\/fr\/#website\"},\"primaryImageOfPage\":{\"@id\":\"https:\/\/www.canadahelps.org\/fr\/pour-les-organismes-de-bienfaisance\/ressources\/webinaires\/#primaryimage\"},\"image\":{\"@id\":\"https:\/\/www.canadahelps.org\/fr\/pour-les-organismes-de-bienfaisance\/ressources\/webinaires\/#primaryimage\"},\"thumbnailUrl\":\"https:\/\/www.canadahelps.org\/media\/20250904_mkt_486_002.jpg\",\"datePublished\":\"2025-09-17T17:40:41+00:00\",\"dateModified\":\"2026-03-26T20:51:14+00:00\",\"breadcrumb\":{\"@id\":\"https:\/\/www.canadahelps.org\/fr\/pour-les-organismes-de-bienfaisance\/ressources\/webinaires\/#breadcrumb\"},\"inLanguage\":\"fr\",\"potentialAction\":[{\"@type\":\"ReadAction\",\"target\":[\"https:\/\/www.canadahelps.org\/fr\/pour-les-organismes-de-bienfaisance\/ressources\/webinaires\/\"]}]},{\"@type\":\"ImageObject\",\"inLanguage\":\"fr\",\"@id\":\"https:\/\/www.canadahelps.org\/fr\/pour-les-organismes-de-bienfaisance\/ressources\/webinaires\/#primaryimage\",\"url\":\"https:\/\/www.canadahelps.org\/media\/20250904_mkt_486_002.jpg\",\"contentUrl\":\"https:\/\/www.canadahelps.org\/media\/20250904_mkt_486_002.jpg\"},{\"@type\":\"BreadcrumbList\",\"@id\":\"https:\/\/www.canadahelps.org\/fr\/pour-les-organismes-de-bienfaisance\/ressources\/webinaires\/#breadcrumb\",\"itemListElement\":[{\"@type\":\"ListItem\",\"position\":1,\"name\":\"Home\",\"item\":\"https:\/\/www.canadahelps.org\/fr\/\"},{\"@type\":\"ListItem\",\"position\":2,\"name\":\"Pour les Organismes de Bienfaisance\",\"item\":\"https:\/\/www.canadahelps.org\/fr\/pour-les-organismes-de-bienfaisance\/\"},{\"@type\":\"ListItem\",\"position\":3,\"name\":\"Ressources\",\"item\":\"https:\/\/www.canadahelps.org\/fr\/pour-les-organismes-de-bienfaisance\/ressources\/\"},{\"@type\":\"ListItem\",\"position\":4,\"name\":\"Webinaires\"}]},{\"@type\":\"WebSite\",\"@id\":\"https:\/\/www.canadahelps.org\/fr\/#website\",\"url\":\"https:\/\/www.canadahelps.org\/fr\/\",\"name\":\"CanadaHelps - Donate to any charity in Canada\",\"description\":\"Giving Made Simple\",\"publisher\":{\"@id\":\"https:\/\/www.canadahelps.org\/fr\/#organization\"},\"potentialAction\":[{\"@type\":\"SearchAction\",\"target\":{\"@type\":\"EntryPoint\",\"urlTemplate\":\"https:\/\/www.canadahelps.org\/fr\/?s={search_term_string}\"},\"query-input\":{\"@type\":\"PropertyValueSpecification\",\"valueRequired\":true,\"valueName\":\"search_term_string\"}}],\"inLanguage\":\"fr\"},{\"@type\":\"Organization\",\"@id\":\"https:\/\/www.canadahelps.org\/fr\/#organization\",\"name\":\"CanadaHelps\",\"url\":\"https:\/\/www.canadahelps.org\/fr\/\",\"logo\":{\"@type\":\"ImageObject\",\"inLanguage\":\"fr\",\"@id\":\"https:\/\/www.canadahelps.org\/fr\/#\/schema\/logo\/image\/\",\"url\":\"https:\/\/www.canadahelps.org\/media\/canadahelps-en.jpg\",\"contentUrl\":\"https:\/\/www.canadahelps.org\/media\/canadahelps-en.jpg\",\"width\":131,\"height\":72,\"caption\":\"CanadaHelps\"},\"image\":{\"@id\":\"https:\/\/www.canadahelps.org\/fr\/#\/schema\/logo\/image\/\"}}]}<\/script>\n<!-- \/ Yoast SEO plugin. -->","yoast_head_json":{"title":"Webinaires | CanadaHelps - Donate to any charity in Canada","robots":{"index":"index","follow":"follow","max-snippet":"max-snippet:-1","max-image-preview":"max-image-preview:large","max-video-preview":"max-video-preview:-1"},"canonical":"https:\/\/www.canadahelps.org\/fr\/pour-les-organismes-de-bienfaisance\/ressources\/webinaires\/","og_locale":"fr_FR","og_type":"article","og_title":"Webinaires | CanadaHelps - Donate to any charity in Canada","og_description":"Webinaires \u00c9coutez des experts qui comprennent les besoins des organismes de bienfaisance canadiens. Chaque webinaire regorge d'id\u00e9es pratiques pour contribuer \u00e0 la r\u00e9ussite de votre ... Voir plus","og_url":"https:\/\/www.canadahelps.org\/fr\/pour-les-organismes-de-bienfaisance\/ressources\/webinaires\/","og_site_name":"CanadaHelps - Donate to any charity in Canada","article_modified_time":"2026-03-26T20:51:14+00:00","og_image":[{"url":"https:\/\/www.canadahelps.org\/media\/20250904_mkt_486_002.jpg","type":"","width":"","height":""}],"twitter_card":"summary_large_image","twitter_misc":{"Est. reading time":"4 minutes"},"schema":{"@context":"https:\/\/schema.org","@graph":[{"@type":"WebPage","@id":"https:\/\/www.canadahelps.org\/fr\/pour-les-organismes-de-bienfaisance\/ressources\/webinaires\/","url":"https:\/\/www.canadahelps.org\/fr\/pour-les-organismes-de-bienfaisance\/ressources\/webinaires\/","name":"Webinaires | CanadaHelps - Donate to any charity in Canada","isPartOf":{"@id":"https:\/\/www.canadahelps.org\/fr\/#website"},"primaryImageOfPage":{"@id":"https:\/\/www.canadahelps.org\/fr\/pour-les-organismes-de-bienfaisance\/ressources\/webinaires\/#primaryimage"},"image":{"@id":"https:\/\/www.canadahelps.org\/fr\/pour-les-organismes-de-bienfaisance\/ressources\/webinaires\/#primaryimage"},"thumbnailUrl":"https:\/\/www.canadahelps.org\/media\/20250904_mkt_486_002.jpg","datePublished":"2025-09-17T17:40:41+00:00","dateModified":"2026-03-26T20:51:14+00:00","breadcrumb":{"@id":"https:\/\/www.canadahelps.org\/fr\/pour-les-organismes-de-bienfaisance\/ressources\/webinaires\/#breadcrumb"},"inLanguage":"fr","potentialAction":[{"@type":"ReadAction","target":["https:\/\/www.canadahelps.org\/fr\/pour-les-organismes-de-bienfaisance\/ressources\/webinaires\/"]}]},{"@type":"ImageObject","inLanguage":"fr","@id":"https:\/\/www.canadahelps.org\/fr\/pour-les-organismes-de-bienfaisance\/ressources\/webinaires\/#primaryimage","url":"https:\/\/www.canadahelps.org\/media\/20250904_mkt_486_002.jpg","contentUrl":"https:\/\/www.canadahelps.org\/media\/20250904_mkt_486_002.jpg"},{"@type":"BreadcrumbList","@id":"https:\/\/www.canadahelps.org\/fr\/pour-les-organismes-de-bienfaisance\/ressources\/webinaires\/#breadcrumb","itemListElement":[{"@type":"ListItem","position":1,"name":"Home","item":"https:\/\/www.canadahelps.org\/fr\/"},{"@type":"ListItem","position":2,"name":"Pour les Organismes de Bienfaisance","item":"https:\/\/www.canadahelps.org\/fr\/pour-les-organismes-de-bienfaisance\/"},{"@type":"ListItem","position":3,"name":"Ressources","item":"https:\/\/www.canadahelps.org\/fr\/pour-les-organismes-de-bienfaisance\/ressources\/"},{"@type":"ListItem","position":4,"name":"Webinaires"}]},{"@type":"WebSite","@id":"https:\/\/www.canadahelps.org\/fr\/#website","url":"https:\/\/www.canadahelps.org\/fr\/","name":"CanadaHelps - Donate to any charity in Canada","description":"Giving Made Simple","publisher":{"@id":"https:\/\/www.canadahelps.org\/fr\/#organization"},"potentialAction":[{"@type":"SearchAction","target":{"@type":"EntryPoint","urlTemplate":"https:\/\/www.canadahelps.org\/fr\/?s={search_term_string}"},"query-input":{"@type":"PropertyValueSpecification","valueRequired":true,"valueName":"search_term_string"}}],"inLanguage":"fr"},{"@type":"Organization","@id":"https:\/\/www.canadahelps.org\/fr\/#organization","name":"CanadaHelps","url":"https:\/\/www.canadahelps.org\/fr\/","logo":{"@type":"ImageObject","inLanguage":"fr","@id":"https:\/\/www.canadahelps.org\/fr\/#\/schema\/logo\/image\/","url":"https:\/\/www.canadahelps.org\/media\/canadahelps-en.jpg","contentUrl":"https:\/\/www.canadahelps.org\/media\/canadahelps-en.jpg","width":131,"height":72,"caption":"CanadaHelps"},"image":{"@id":"https:\/\/www.canadahelps.org\/fr\/#\/schema\/logo\/image\/"}}]}},"_links":{"self":[{"href":"https:\/\/www.canadahelps.org\/fr\/wp-json\/wp\/v2\/pages\/57920","targetHints":{"allow":["GET"]}}],"collection":[{"href":"https:\/\/www.canadahelps.org\/fr\/wp-json\/wp\/v2\/pages"}],"about":[{"href":"https:\/\/www.canadahelps.org\/fr\/wp-json\/wp\/v2\/types\/page"}],"author":[{"embeddable":true,"href":"https:\/\/www.canadahelps.org\/fr\/wp-json\/wp\/v2\/users\/30"}],"replies":[{"embeddable":true,"href":"https:\/\/www.canadahelps.org\/fr\/wp-json\/wp\/v2\/comments?post=57920"}],"version-history":[{"count":4,"href":"https:\/\/www.canadahelps.org\/fr\/wp-json\/wp\/v2\/pages\/57920\/revisions"}],"predecessor-version":[{"id":58106,"href":"https:\/\/www.canadahelps.org\/fr\/wp-json\/wp\/v2\/pages\/57920\/revisions\/58106"}],"up":[{"embeddable":true,"href":"https:\/\/www.canadahelps.org\/fr\/wp-json\/wp\/v2\/pages\/54556"}],"wp:attachment":[{"href":"https:\/\/www.canadahelps.org\/fr\/wp-json\/wp\/v2\/media?parent=57920"}],"curies":[{"name":"wp","href":"https:\/\/api.w.org\/{rel}","templated":true}]}}