{"id":58095,"date":"2026-03-20T10:45:15","date_gmt":"2026-03-20T14:45:15","guid":{"rendered":"https:\/\/www.canadahelps.org\/?page_id=58095"},"modified":"2026-03-27T11:08:26","modified_gmt":"2026-03-27T15:08:26","slug":"planifier-engager-reussir","status":"publish","type":"page","link":"https:\/\/www.canadahelps.org\/fr\/pour-les-organismes-de-bienfaisance\/ressources\/webinaires\/planifier-engager-reussir\/","title":{"rendered":"Planifier Engager Reussir"},"content":{"rendered":"<style>#b2b-aaa-webinar-head{width:85%;max-width:1288px;margin:0 auto}#b2b-bbb-webinar-video,#b2b-ccc-webinar-speaker-takeawy{width:85%;max-width:1288px;margin:50px auto}.b2b-webinar-sxs{justify-content:space-evenly;align-items:flex-start;gap:30px;max-width:1288px;display:flex}.b2b-webinar-sxs-txt,.b2b-webinar-sxs-img{width:50%}.b2b-webinar-sxs-txt{padding:30px 0}.gradient{height:12px;position:relative}.gradient-four{background:linear-gradient(90deg,#bfefff 0%,#bfffde 100%)}.why-ch-footer{justify-content:space-between;align-items:center;gap:20px;width:85%;max-width:1288px;margin:0 auto;padding:70px;display:flex}.embed-container{max-width:100%;height:0;padding-bottom:56.25%;position:relative;overflow:hidden}.embed-container iframe,.embed-container object,.embed-container embed{width:100%;height:100%;position:absolute;top:0;left:0}.b2b-webinar-presenter{margin:0 10px}.webinar-btn{width:90%;margin:5px auto}figure img{width:300px}figcaption p.header-tertiary{font-weight:700}.webinar-takeaway{padding:100px}@media screen and (width<=768px){#b2b-aaa-webinar-head{width:95%}#b2b-bbb-webinar-video,#b2b-ccc-webinar-speaker-takeawy{width:95%;margin:25px auto}.b2b-webinar-sxs{flex-direction:column;width:95%;margin:0 auto}.b2b-webinar-sxs-txt,.b2b-webinar-sxs-img{width:100%;padding:0}.why-ch-footer{flex-direction:column;width:100%;padding:30px}.order-one{order:1}.order-two{order:2}.webinar-takeaway{padding:30px}}<\/style>\n<section id=\"b2b-aaa-webinar-head\">\n<p class=\"header-label\">Webinaire<\/p>\n<h1 class=\"header-display\">Planifier, Engager, R\u00e9ussir : les communications pour les \u00e9quipes des petits organismes de bienfaisance<\/h1>\n<\/section>\n<section id=\"b2b-bbb-webinar-video\">\n<div class=\"b2b-webinar-sxs\">\n<div class=\"b2b-webinar-sxs-txt order-two\">\n<p><strong>26 mars 2026<\/strong><\/p>\n<p>Cette ann\u00e9e, nous encourageons tous les organismes de bienfaisance \u00e0 cr\u00e9er un formulaire de don personnalis\u00e9 pour leur campagne Mardi je donne. Il vous permettra de personnaliser votre campagne pour mieux refl\u00e9ter les objectifs et messages uniques de votre organisme. Pendant la s\u00e9ance, nous vous guiderons tout au long du processus qui vous permettra d\u2019y parvenir et r\u00e9pondrons \u00e0 toutes les questions que vous pourriez vous poser<\/p>\n<p><a class=\"btn-primary webinar-btn\" href=\"https:\/\/cdn-ch-prod-bqhwa0ewbpg6eyc2.z01.azurefd.net\/prod-static\/pdf\/2026-03-26-CH-Planifier-Engager-Reussir-Diaporama.pdf\" target=\"_blank\">T\u00e9l\u00e9charger le diaporama<\/a><\/p>\n<\/p><\/div>\n<div class=\"b2b-webinar-sxs-img order-one\">\n<div class=\"embed-container\">\n        <iframe loading=\"lazy\" width=\"560\" height=\"315\" src=\"https:\/\/www.youtube.com\/embed\/eG3YVW0XOZ0?si=hMsh5lv2d1AQEj3s\" title=\"YouTube video player\" frameborder=\"0\" allow=\"accelerometer; autoplay; clipboard-write; encrypted-media; gyroscope; picture-in-picture; web-share\" referrerpolicy=\"strict-origin-when-cross-origin\" allowfullscreen><\/iframe>\n      <\/div>\n<\/p><\/div>\n<\/p><\/div>\n<\/section>\n<section id=\"b2b-ccc-webinar-speaker-takeawy\">\n<h2 class=\"header-secondary\">Notre Conf\u00e9rencier<\/h2>\n<div class=\"b2b-webinar-sxs\">\n<div class=\"b2b-webinar-sxs-txt\">\n<div class=\"b2b-webinar-sxs\">\n<div class=\"b2b-webinar-presenter\">\n<figure>\n          <img decoding=\"async\" src=\"https:\/\/www.canadahelps.org\/media\/20260320-Kim-Fuller.png\" alt=\"Kim Fuller\" style=\"width: 170px\" \/><figcaption>\n<p class=\"header-tertiary\">Kim Fuller, <br \/>fondatrice et PDG de Phil Inc<\/p>\n<p>Kim Fuller est la fondatrice et PDG de Phil Inc. Kim excelle en strat\u00e9gies innovantes pour organismes de bienfaisance, fort de 25+ ans d'exp\u00e9rience avec des fondations locales et internationales et d'un engagement b\u00e9n\u00e9vole.<\/p>\n<\/figcaption><\/figure>\n<\/p><\/div>\n<\/p><\/div>\n<\/div>\n<div class=\"b2b-webinar-sxs-txt\">\n<h3 class=\"header-secondary\">Principaux points \u00e0 retenir&nbsp;:<\/h3>\n<ul class=\"list-disc\">\n<li><b>Pourquoi un plan de communication est si important<\/b> et comment il peut vous faire gagner du temps et vous aider \u00e0 pr\u00e9server votre \u00e9nergie lorsque votrecharge de travail est d\u00e9j\u00e0 maximale.<\/li>\n<li><b>Comment \u00e9laborer un plan pertinent<\/b> qui fait le lien entre votre mission, votre vision, vos valeurs et votre positionnement en un r\u00e9cit clair et coh\u00e9rent.<\/li>\n<li><b>Des strat\u00e9gies modernes pour des r\u00e9alit\u00e9s modernes<\/b>, avec des conseils pour faire face \u00e0 la saturation, aux bouleversements li\u00e9s \u00e0 l\u2019IA et \u00e0 l\u2019\u00e9volution de l\u2019attention des publics.<\/li>\n<li><b>Comment rendre le tout g\u00e9rable&nbsp;:<\/b> des moyens concrets de simplifier, de prioriser et de vraiment vous tenir \u00e0 votre plan.<\/li>\n<\/ul><\/div>\n<\/p><\/div>\n<\/section>\n<section id=\"b2b-ddd-webinar-footer\" class=\"ch-purple-section\">\n<div class=\"gradient gradient-four no-radius\"><\/div>\n<div class=\"why-ch-footer\">\n<div class=\"why-ch-footer-col\">\n<h3 class=\"header-secondary text-white\">Recevez une visite guid\u00e9e personnalis\u00e9e<\/h3>\n<p>      <a href=\"https:\/\/www.canadahelps.org\/fr\/pour-les-organismes-de-bienfaisance\/levee-de-fonds\/consultation-en-levee-de-fonds\/\" class=\"btn-tertiary\">R\u00e9server une d\u00e9monstration<\/a>\n    <\/div>\n<div class=\"why-ch-footer-col\">\n<h3 class=\"header-secondary text-white\">Commencez une collecte de fonds avec CanaDon<\/h3>\n<p>      <a href=\"https:\/\/www.canadahelps.org\/fr\/compte-collecte-de-fonds\/#\/\" class=\"btn-tertiary\">Commencer<\/a>\n    <\/div>\n<\/p><\/div>\n<\/section>\n","protected":false},"excerpt":{"rendered":"<p>Webinaire Planifier, Engager, R\u00e9ussir : les communications pour les \u00e9quipes des petits organismes de bienfaisance 26 mars 2026 Cette ann\u00e9e, nous encourageons tous les organismes &#8230; <a href=\"https:\/\/www.canadahelps.org\/fr\/pour-les-organismes-de-bienfaisance\/ressources\/webinaires\/planifier-engager-reussir\/\" id=\"canadahelp-blog-meta\">Voir plus<\/a><\/p>\n","protected":false},"author":30,"featured_media":0,"parent":57920,"menu_order":0,"comment_status":"closed","ping_status":"closed","template":"template-ch20-full-width-b2b.php","meta":{"footnotes":""},"class_list":["post-58095","page","type-page","status-publish","hentry"],"acf":{"meta_description":"","use_toc_layout":false,"additional_body_css_classes":"","blogs_posts_item":false,"row_settings":false,"hide_page_title":false,"insert_spotlight_boxes":false,"use_biography_grid":false},"yoast_head":"<!-- This site is optimized with the Yoast SEO plugin v26.0 - https:\/\/yoast.com\/wordpress\/plugins\/seo\/ -->\n<title>Planifier Engager Reussir | CanadaHelps - Donate to any charity in Canada<\/title>\n<meta name=\"robots\" content=\"index, follow, max-snippet:-1, max-image-preview:large, max-video-preview:-1\" \/>\n<link rel=\"canonical\" href=\"https:\/\/www.canadahelps.org\/fr\/pour-les-organismes-de-bienfaisance\/ressources\/webinaires\/planifier-engager-reussir\/\" \/>\n<meta property=\"og:locale\" content=\"fr_FR\" \/>\n<meta property=\"og:type\" content=\"article\" \/>\n<meta property=\"og:title\" content=\"Planifier Engager Reussir | CanadaHelps - Donate to any charity in Canada\" \/>\n<meta property=\"og:description\" content=\"Webinaire Planifier, Engager, R\u00e9ussir : les communications pour les \u00e9quipes des petits organismes de bienfaisance 26 mars 2026 Cette ann\u00e9e, nous encourageons tous les organismes ... Voir plus\" \/>\n<meta property=\"og:url\" content=\"https:\/\/www.canadahelps.org\/fr\/pour-les-organismes-de-bienfaisance\/ressources\/webinaires\/planifier-engager-reussir\/\" \/>\n<meta property=\"og:site_name\" content=\"CanadaHelps - Donate to any charity in Canada\" \/>\n<meta property=\"article:modified_time\" content=\"2026-03-27T15:08:26+00:00\" \/>\n<meta property=\"og:image\" content=\"https:\/\/www.canadahelps.org\/media\/20260320-Kim-Fuller.png\" \/>\n<meta name=\"twitter:card\" content=\"summary_large_image\" \/>\n<meta name=\"twitter:label1\" content=\"Est. reading time\" \/>\n\t<meta name=\"twitter:data1\" content=\"2 minutes\" \/>\n<script type=\"application\/ld+json\" class=\"yoast-schema-graph\">{\"@context\":\"https:\/\/schema.org\",\"@graph\":[{\"@type\":\"WebPage\",\"@id\":\"https:\/\/www.canadahelps.org\/fr\/pour-les-organismes-de-bienfaisance\/ressources\/webinaires\/planifier-engager-reussir\/\",\"url\":\"https:\/\/www.canadahelps.org\/fr\/pour-les-organismes-de-bienfaisance\/ressources\/webinaires\/planifier-engager-reussir\/\",\"name\":\"Planifier Engager Reussir | CanadaHelps - Donate to any charity in Canada\",\"isPartOf\":{\"@id\":\"https:\/\/www.canadahelps.org\/fr\/#website\"},\"primaryImageOfPage\":{\"@id\":\"https:\/\/www.canadahelps.org\/fr\/pour-les-organismes-de-bienfaisance\/ressources\/webinaires\/planifier-engager-reussir\/#primaryimage\"},\"image\":{\"@id\":\"https:\/\/www.canadahelps.org\/fr\/pour-les-organismes-de-bienfaisance\/ressources\/webinaires\/planifier-engager-reussir\/#primaryimage\"},\"thumbnailUrl\":\"https:\/\/www.canadahelps.org\/media\/20260320-Kim-Fuller.png\",\"datePublished\":\"2026-03-20T14:45:15+00:00\",\"dateModified\":\"2026-03-27T15:08:26+00:00\",\"breadcrumb\":{\"@id\":\"https:\/\/www.canadahelps.org\/fr\/pour-les-organismes-de-bienfaisance\/ressources\/webinaires\/planifier-engager-reussir\/#breadcrumb\"},\"inLanguage\":\"fr\",\"potentialAction\":[{\"@type\":\"ReadAction\",\"target\":[\"https:\/\/www.canadahelps.org\/fr\/pour-les-organismes-de-bienfaisance\/ressources\/webinaires\/planifier-engager-reussir\/\"]}]},{\"@type\":\"ImageObject\",\"inLanguage\":\"fr\",\"@id\":\"https:\/\/www.canadahelps.org\/fr\/pour-les-organismes-de-bienfaisance\/ressources\/webinaires\/planifier-engager-reussir\/#primaryimage\",\"url\":\"https:\/\/www.canadahelps.org\/media\/20260320-Kim-Fuller.png\",\"contentUrl\":\"https:\/\/www.canadahelps.org\/media\/20260320-Kim-Fuller.png\"},{\"@type\":\"BreadcrumbList\",\"@id\":\"https:\/\/www.canadahelps.org\/fr\/pour-les-organismes-de-bienfaisance\/ressources\/webinaires\/planifier-engager-reussir\/#breadcrumb\",\"itemListElement\":[{\"@type\":\"ListItem\",\"position\":1,\"name\":\"Home\",\"item\":\"https:\/\/www.canadahelps.org\/fr\/\"},{\"@type\":\"ListItem\",\"position\":2,\"name\":\"Pour les Organismes de Bienfaisance\",\"item\":\"https:\/\/www.canadahelps.org\/fr\/pour-les-organismes-de-bienfaisance\/\"},{\"@type\":\"ListItem\",\"position\":3,\"name\":\"Ressources\",\"item\":\"https:\/\/www.canadahelps.org\/fr\/pour-les-organismes-de-bienfaisance\/ressources\/\"},{\"@type\":\"ListItem\",\"position\":4,\"name\":\"Webinaires\",\"item\":\"https:\/\/www.canadahelps.org\/fr\/pour-les-organismes-de-bienfaisance\/ressources\/webinaires\/\"},{\"@type\":\"ListItem\",\"position\":5,\"name\":\"Planifier Engager Reussir\"}]},{\"@type\":\"WebSite\",\"@id\":\"https:\/\/www.canadahelps.org\/fr\/#website\",\"url\":\"https:\/\/www.canadahelps.org\/fr\/\",\"name\":\"CanadaHelps - Donate to any charity in Canada\",\"description\":\"Giving Made Simple\",\"publisher\":{\"@id\":\"https:\/\/www.canadahelps.org\/fr\/#organization\"},\"potentialAction\":[{\"@type\":\"SearchAction\",\"target\":{\"@type\":\"EntryPoint\",\"urlTemplate\":\"https:\/\/www.canadahelps.org\/fr\/?s={search_term_string}\"},\"query-input\":{\"@type\":\"PropertyValueSpecification\",\"valueRequired\":true,\"valueName\":\"search_term_string\"}}],\"inLanguage\":\"fr\"},{\"@type\":\"Organization\",\"@id\":\"https:\/\/www.canadahelps.org\/fr\/#organization\",\"name\":\"CanadaHelps\",\"url\":\"https:\/\/www.canadahelps.org\/fr\/\",\"logo\":{\"@type\":\"ImageObject\",\"inLanguage\":\"fr\",\"@id\":\"https:\/\/www.canadahelps.org\/fr\/#\/schema\/logo\/image\/\",\"url\":\"https:\/\/www.canadahelps.org\/media\/canadahelps-en.jpg\",\"contentUrl\":\"https:\/\/www.canadahelps.org\/media\/canadahelps-en.jpg\",\"width\":131,\"height\":72,\"caption\":\"CanadaHelps\"},\"image\":{\"@id\":\"https:\/\/www.canadahelps.org\/fr\/#\/schema\/logo\/image\/\"}}]}<\/script>\n<!-- \/ Yoast SEO plugin. -->","yoast_head_json":{"title":"Planifier Engager Reussir | CanadaHelps - Donate to any charity in Canada","robots":{"index":"index","follow":"follow","max-snippet":"max-snippet:-1","max-image-preview":"max-image-preview:large","max-video-preview":"max-video-preview:-1"},"canonical":"https:\/\/www.canadahelps.org\/fr\/pour-les-organismes-de-bienfaisance\/ressources\/webinaires\/planifier-engager-reussir\/","og_locale":"fr_FR","og_type":"article","og_title":"Planifier Engager Reussir | CanadaHelps - Donate to any charity in Canada","og_description":"Webinaire Planifier, Engager, R\u00e9ussir : les communications pour les \u00e9quipes des petits organismes de bienfaisance 26 mars 2026 Cette ann\u00e9e, nous encourageons tous les organismes ... Voir plus","og_url":"https:\/\/www.canadahelps.org\/fr\/pour-les-organismes-de-bienfaisance\/ressources\/webinaires\/planifier-engager-reussir\/","og_site_name":"CanadaHelps - Donate to any charity in Canada","article_modified_time":"2026-03-27T15:08:26+00:00","og_image":[{"url":"https:\/\/www.canadahelps.org\/media\/20260320-Kim-Fuller.png","type":"","width":"","height":""}],"twitter_card":"summary_large_image","twitter_misc":{"Est. reading time":"2 minutes"},"schema":{"@context":"https:\/\/schema.org","@graph":[{"@type":"WebPage","@id":"https:\/\/www.canadahelps.org\/fr\/pour-les-organismes-de-bienfaisance\/ressources\/webinaires\/planifier-engager-reussir\/","url":"https:\/\/www.canadahelps.org\/fr\/pour-les-organismes-de-bienfaisance\/ressources\/webinaires\/planifier-engager-reussir\/","name":"Planifier Engager Reussir | CanadaHelps - Donate to any charity in Canada","isPartOf":{"@id":"https:\/\/www.canadahelps.org\/fr\/#website"},"primaryImageOfPage":{"@id":"https:\/\/www.canadahelps.org\/fr\/pour-les-organismes-de-bienfaisance\/ressources\/webinaires\/planifier-engager-reussir\/#primaryimage"},"image":{"@id":"https:\/\/www.canadahelps.org\/fr\/pour-les-organismes-de-bienfaisance\/ressources\/webinaires\/planifier-engager-reussir\/#primaryimage"},"thumbnailUrl":"https:\/\/www.canadahelps.org\/media\/20260320-Kim-Fuller.png","datePublished":"2026-03-20T14:45:15+00:00","dateModified":"2026-03-27T15:08:26+00:00","breadcrumb":{"@id":"https:\/\/www.canadahelps.org\/fr\/pour-les-organismes-de-bienfaisance\/ressources\/webinaires\/planifier-engager-reussir\/#breadcrumb"},"inLanguage":"fr","potentialAction":[{"@type":"ReadAction","target":["https:\/\/www.canadahelps.org\/fr\/pour-les-organismes-de-bienfaisance\/ressources\/webinaires\/planifier-engager-reussir\/"]}]},{"@type":"ImageObject","inLanguage":"fr","@id":"https:\/\/www.canadahelps.org\/fr\/pour-les-organismes-de-bienfaisance\/ressources\/webinaires\/planifier-engager-reussir\/#primaryimage","url":"https:\/\/www.canadahelps.org\/media\/20260320-Kim-Fuller.png","contentUrl":"https:\/\/www.canadahelps.org\/media\/20260320-Kim-Fuller.png"},{"@type":"BreadcrumbList","@id":"https:\/\/www.canadahelps.org\/fr\/pour-les-organismes-de-bienfaisance\/ressources\/webinaires\/planifier-engager-reussir\/#breadcrumb","itemListElement":[{"@type":"ListItem","position":1,"name":"Home","item":"https:\/\/www.canadahelps.org\/fr\/"},{"@type":"ListItem","position":2,"name":"Pour les Organismes de Bienfaisance","item":"https:\/\/www.canadahelps.org\/fr\/pour-les-organismes-de-bienfaisance\/"},{"@type":"ListItem","position":3,"name":"Ressources","item":"https:\/\/www.canadahelps.org\/fr\/pour-les-organismes-de-bienfaisance\/ressources\/"},{"@type":"ListItem","position":4,"name":"Webinaires","item":"https:\/\/www.canadahelps.org\/fr\/pour-les-organismes-de-bienfaisance\/ressources\/webinaires\/"},{"@type":"ListItem","position":5,"name":"Planifier Engager Reussir"}]},{"@type":"WebSite","@id":"https:\/\/www.canadahelps.org\/fr\/#website","url":"https:\/\/www.canadahelps.org\/fr\/","name":"CanadaHelps - Donate to any charity in Canada","description":"Giving Made Simple","publisher":{"@id":"https:\/\/www.canadahelps.org\/fr\/#organization"},"potentialAction":[{"@type":"SearchAction","target":{"@type":"EntryPoint","urlTemplate":"https:\/\/www.canadahelps.org\/fr\/?s={search_term_string}"},"query-input":{"@type":"PropertyValueSpecification","valueRequired":true,"valueName":"search_term_string"}}],"inLanguage":"fr"},{"@type":"Organization","@id":"https:\/\/www.canadahelps.org\/fr\/#organization","name":"CanadaHelps","url":"https:\/\/www.canadahelps.org\/fr\/","logo":{"@type":"ImageObject","inLanguage":"fr","@id":"https:\/\/www.canadahelps.org\/fr\/#\/schema\/logo\/image\/","url":"https:\/\/www.canadahelps.org\/media\/canadahelps-en.jpg","contentUrl":"https:\/\/www.canadahelps.org\/media\/canadahelps-en.jpg","width":131,"height":72,"caption":"CanadaHelps"},"image":{"@id":"https:\/\/www.canadahelps.org\/fr\/#\/schema\/logo\/image\/"}}]}},"_links":{"self":[{"href":"https:\/\/www.canadahelps.org\/fr\/wp-json\/wp\/v2\/pages\/58095","targetHints":{"allow":["GET"]}}],"collection":[{"href":"https:\/\/www.canadahelps.org\/fr\/wp-json\/wp\/v2\/pages"}],"about":[{"href":"https:\/\/www.canadahelps.org\/fr\/wp-json\/wp\/v2\/types\/page"}],"author":[{"embeddable":true,"href":"https:\/\/www.canadahelps.org\/fr\/wp-json\/wp\/v2\/users\/30"}],"replies":[{"embeddable":true,"href":"https:\/\/www.canadahelps.org\/fr\/wp-json\/wp\/v2\/comments?post=58095"}],"version-history":[{"count":7,"href":"https:\/\/www.canadahelps.org\/fr\/wp-json\/wp\/v2\/pages\/58095\/revisions"}],"predecessor-version":[{"id":58107,"href":"https:\/\/www.canadahelps.org\/fr\/wp-json\/wp\/v2\/pages\/58095\/revisions\/58107"}],"up":[{"embeddable":true,"href":"https:\/\/www.canadahelps.org\/fr\/wp-json\/wp\/v2\/pages\/57920"}],"wp:attachment":[{"href":"https:\/\/www.canadahelps.org\/fr\/wp-json\/wp\/v2\/media?parent=58095"}],"curies":[{"name":"wp","href":"https:\/\/api.w.org\/{rel}","templated":true}]}}