{"id":7170,"date":"2015-06-08T13:32:56","date_gmt":"2015-06-08T17:32:56","guid":{"rendered":"https:\/\/www.canadahelps.org\/?page_id=7170"},"modified":"2015-06-08T14:11:25","modified_gmt":"2015-06-08T18:11:25","slug":"faq-programme-daffiliation-3","status":"publish","type":"page","link":"https:\/\/www.canadahelps.org\/fr\/faq-programme-daffiliation-3\/","title":{"rendered":"FAQ \u2013 Programme d\u2019affiliation"},"content":{"rendered":"<h3>Aper\u00e7u<\/h3>\n<h4 class=\"faq-question collapsed\" data-toggle=\"collapse\" data-target=\"#faq-1\">\n  <span class=\"faq-caret\"><\/span>\n  Qu\u2019est-ce que CanaDon?\n<\/h4>\n<div id=\"faq-1\" class=\"faq-answer collapse\">\n  \n<p>CanaDon est un organisme de bienfaisance qui fournit aux organismes de bienfaisance la plateforme dont ils ont besoin pour faire des collectes de fonds en ligne de fa\u00e7on s\u00e9curis\u00e9e, et qui permet aux donateurs de faire des dons et des collectes de fonds en ligne pour tout organisme de bienfaisance canadien enregistr\u00e9. Plus de 15 000 organismes de bienfaisance canadiens recueillent des fonds en ligne en utilisant la plateforme de CanaDon, et pr\u00e8s de un million de Canadiens ont fait des dons aux organismes de bienfaisance via CanaDon. Depuis son lancement en 2000, CanaDon a conserv\u00e9 un bilan irr\u00e9prochable pour le traitement s\u00e9curis\u00e9 des dons en ligne et la d\u00e9livrance de re\u00e7us, et a facilit\u00e9 plus de 500 millions de dollars en dons aux organismes de bienfaisance canadiens. Ces dons de 500 millions de dollars ont \u00e9t\u00e9 trait\u00e9s \u00e0 des tarifs non commerciaux qui ne repr\u00e9sentent qu\u2019une fraction des frais qu\u2019auraient charg\u00e9 les organismes \u00e0 but lucratif aux organismes de bienfaisance.<\/p>\n\n<\/div>\n<h4 class=\"faq-question collapsed\" data-toggle=\"collapse\" data-target=\"#faq-2\">\n  <span class=\"faq-caret\"><\/span>\n  &#8221;Pourquoi\n<\/h4>\n<div id=\"faq-2\" class=\"faq-answer collapse\">\n  \n<p>Tout le monde veut faire le bien et redonner. G\u00e9n\u00e9ralement, quand on donne, on veut donner encore plus! Chaque jour, sur votre site Web ou votre blogue, vous invitez les visiteurs \u00e0 s\u2019impliquer; il y a un moyen privil\u00e9gi\u00e9 pour vous de donner, sans que ce soit en argent. En adh\u00e9rant au Programme d\u2019affiliation de CanaDon, vous pouvez inciter vos visiteurs \u00e0 faire preuve de g\u00e9n\u00e9rosit\u00e9! Utilisez notre Programme d\u2019affiliation pour mettre \u00e0 profit votre inventaire publicitaire non utilis\u00e9. Ajoutez une banni\u00e8re de don \u00e0 l\u2019appui d\u2019une histoire concernant les dons de charit\u00e9. C\u00e9l\u00e9brez un cong\u00e9 sp\u00e9cial en faisant la promotion des cartes-cadeaux de bienfaisance CanaDon. Apportez votre appui lors d\u2019une crise humanitaire. Ou consacrez une rubrique permanente \u00e0 la promotion des dons caritatifs. En plus de redonner, vous contribuerez \u00e0 rehausser l\u2019attrait de votre marque aupr\u00e8s des visiteurs.<\/p>\n\n<\/div>\n<h4 class=\"faq-question collapsed\" data-toggle=\"collapse\" data-target=\"#faq-3\">\n  <span class=\"faq-caret\"><\/span>\n  Est-ce que le Programme d\u2019affiliation de CanaDon peut donner droit \u00e0 une commission?\n<\/h4>\n<div id=\"faq-3\" class=\"faq-answer collapse\">\n  \n<p>Non. En tant que service caritatif pour les organismes de bienfaisance et les donateurs, CanaDon n\u2019a pas de marge \u00e0 partager. Nous d\u00e9duisons uniquement nos faibles tarifs non commerciaux avant de d\u00e9bourser le don \u00e0 l\u2019organisme de bienfaisance d\u00e9sign\u00e9. Pour la grande majorit\u00e9 des dons trait\u00e9s par CanaDon, nous ne chargeons que 3,5 %*, ce qui comprend les frais de carte de cr\u00e9dit. Les donateurs re\u00e7oivent instantan\u00e9ment un re\u00e7u fiscal pour 100 % de leur don.<\/p>\n<p><em>**Les taux peuvent varier selon le genre de don et le genre de compte de l\u2019organisme de bienfaisance. <a href=\"https:\/\/www.canadahelps.org\/fr\/pourquoi-canadon\/nos-frais\/\">D\u00e9tails ici.<\/a><\/em><\/p>\n\n<\/div>\n<h4 class=\"faq-question collapsed\" data-toggle=\"collapse\" data-target=\"#faq-4\">\n  <span class=\"faq-caret\"><\/span>\n  Qui g\u00e8re votre Programme d\u2019affiliation?\n<\/h4>\n<div id=\"faq-4\" class=\"faq-answer collapse\">\n  \n<p>Nous nous sommes associ\u00e9s \u00e0 HasOffers (www.hasoffers.com) pour fournir \u00e0 nos affili\u00e9s l\u2019acc\u00e8s \u00e0 une gamme de services : offres caritatives, suivi de tiers et rapports en temps r\u00e9el. HasOffers est une solution de pointe pour les Programmes d\u2019affiliation. Cette solution permet de trouver facilement des annonces ainsi que vos codes de suivi uniques. Elle fournit \u00e9galement un suivi complet et en temps r\u00e9el, de sorte que vous conna\u00eetrez exactement votre impact caritatif lorsque vous faites la promotion des dons sur votre site Web ou sur votre blogue. Vous devez avoir un compte HasOffers pour devenir un affili\u00e9.<\/p>\n<p><em>HasOffers est disponible en anglais seulement, mais si vous \u00eates en mesure d\u2019ouvrir un compte en anglais, vous pourrez acc\u00e9der \u00e0 nos banni\u00e8res en fran\u00e7ais. Veuillez nous excuser de cet inconv\u00e9nient. <\/em><\/p>\n\n<\/div>\n<h3>Questions concernant l\u2019inscription<\/h3>\n<h4 class=\"faq-question collapsed\" data-toggle=\"collapse\" data-target=\"#faq-5\">\n  <span class=\"faq-caret\"><\/span>\n  HComment puis-je m\u2019inscrire au Programme d\u2019affiliation de CanaDon?\n<\/h4>\n<div id=\"faq-5\" class=\"faq-answer collapse\">\n  \n<p>C\u2019est facile. Il suffit de remplir le formulaire d\u2019inscription d\u2019une page \u00e0 : <a href=\"http:\/\/canadahelps.hasoffers.com\/signup\">http:\/\/Canadahelps.hasoffers.com\/signup<\/a>. Un courriel sera envoy\u00e9 \u00e0 notre administrateur du Programme d\u2019affiliation de CanaDon, qui examinera votre demande. Lorsqu\u2019elle sera approuv\u00e9e, vous recevrez un courriel comportant un lien pour vous connecter \u00e0 votre compte et commencer \u00e0 faire la promotion des dons caritatifs.<\/p>\n\n<\/div>\n<h4 class=\"faq-question collapsed\" data-toggle=\"collapse\" data-target=\"#faq-6\">\n  <span class=\"faq-caret\"><\/span>\n  Combien cela co\u00fbte-t-il d\u2019adh\u00e9rer au Programme d\u2019affiliation de CanaDon?\n<\/h4>\n<div id=\"faq-6\" class=\"faq-answer collapse\">\n  \n<p>Il n\u2019y a aucuns frais pour adh\u00e9rer au programme.<\/p>\n\n<\/div>\n<h4 class=\"faq-question collapsed\" data-toggle=\"collapse\" data-target=\"#faq-7\">\n  <span class=\"faq-caret\"><\/span>\n  Comment puis-je savoir si mon site Web est admissible \u00e0 votre Programme d\u2019affiliation?\n<\/h4>\n<div id=\"faq-7\" class=\"faq-answer collapse\">\n  \n<p>La plupart des sites Web peuvent participer \u00e0 notre Programme d\u2019affiliation. Toutefois, nous nous r\u00e9servons le droit de refuser ou de r\u00e9voquer l\u2019adh\u00e9sion si nous jugeons que le site Web contient du mat\u00e9riel choquant ou utilise un langage inappropri\u00e9, qu\u2019il appuie des groupes violents, ou si nous suspectons des comportements frauduleux.<\/p>\n\n<\/div>\n<h4 class=\"faq-question collapsed\" data-toggle=\"collapse\" data-target=\"#faq-8\">\n  <span class=\"faq-caret\"><\/span>\n  J\u2019attends mon approbation au Programme d\u2019affiliation, dois-je faire autre chose?\n<\/h4>\n<div id=\"faq-8\" class=\"faq-answer collapse\">\n  \n<p>Non. Nous faisons de notre mieux pour examiner dans un d\u00e9lai de 3 jours ouvrables toutes les demandes en attente pour le Programme d\u2019affiliation. Nous vous aviserons d\u00e8s que nous aurons termin\u00e9 notre examen.<\/p>\n\n<\/div>\n<h4 class=\"faq-question collapsed\" data-toggle=\"collapse\" data-target=\"#faq-9\">\n  <span class=\"faq-caret\"><\/span>\n  Dois-je \u00eatre un webmestre pour adh\u00e9rer au Programme d\u2019affiliation de CanaDon?\n<\/h4>\n<div id=\"faq-9\" class=\"faq-answer collapse\">\n  \n<p>Non. Notre Programme d\u2019affiliation est ouvert \u00e0 tous les webmestres, consultants, concepteurs de site Web, professionnels en marketing et propri\u00e9taires de site, ainsi qu\u2019\u00e0 toute personne d\u00e9sireuse de promouvoir les dons caritatifs.<\/p>\n\n<\/div>\n<h3>Utiliser votre compte d\u2019affili\u00e9 CanaDon<\/h3>\n<h4 class=\"faq-question collapsed\" data-toggle=\"collapse\" data-target=\"#faq-10\">\n  <span class=\"faq-caret\"><\/span>\n  Comment puis-je obtenir les liens et banni\u00e8res associ\u00e9s \u00e0 CanaDon pour mettre sur mon site?\n<\/h4>\n<div id=\"faq-10\" class=\"faq-answer collapse\">\n  \n<p>Apr\u00e8s avoir compl\u00e9t\u00e9 le processus d\u2019inscription et avoir \u00e9t\u00e9 approuv\u00e9 pour le programme, vous pourrez cliquer sur le bouton d\u2019ouverture de session et obtenir les liens afin de commencer \u00e0 promouvoir CanaDon sur votre site.<\/p>\n\n<\/div>\n<h4 class=\"faq-question collapsed\" data-toggle=\"collapse\" data-target=\"#faq-11\">\n  <span class=\"faq-caret\"><\/span>\n  O\u00f9 puis-je obtenir les liens et les banni\u00e8res?\n<\/h4>\n<div id=\"faq-11\" class=\"faq-answer collapse\">\n  \n<p>Il suffit de vous connecter \u00e0 votre compte \u00e0 <a href=\"https:\/\/canadahelps.hasoffers.com\/\">https:\/\/Canadahelps.hasoffers.com<\/a> et de s\u00e9lectionner Offers dans la barre de navigation lat\u00e9rale. Utilisez la fonction Browse\/Search si vous connaissez la banni\u00e8re que vous voulez trouver. S\u00e9lectionnez le nom de l\u2019offre qui vous int\u00e9resse. Vous verrez votre lien de suivi unique dans la premi\u00e8re section de la page. Dans cette section, vous pouvez pr\u00e9visualiser et choisir des options de page de destination (le cas \u00e9ch\u00e9ant); personnaliser votre lien de suivi, par exemple ajouter une source si vous voulez que les donn\u00e9es de suivi soient regroup\u00e9es pour divers liens; et ajouter des \u00e9l\u00e9ments cr\u00e9atifs en choisissant dans un \u00e9ventail de banni\u00e8res associ\u00e9es. Plus bas sur la page, vous verrez une section intitul\u00e9e Creatives. C\u2019est un excellent endroit o\u00f9 trouver les banni\u00e8res disponibles. Il suffit de cliquer sur le nom de la banni\u00e8re et vous obtiendrez une pr\u00e9visualisation, et vous pourrez naviguer pour voir toutes les banni\u00e8res disponibles. Dans cette section, vous pouvez aussi t\u00e9l\u00e9charger toutes les banni\u00e8res ou des banni\u00e8res sp\u00e9cifiques, et obtenir le code pour une banni\u00e8re sp\u00e9cifique.<\/p>\n\n<\/div>\n<h4 class=\"faq-question collapsed\" data-toggle=\"collapse\" data-target=\"#faq-12\">\n  <span class=\"faq-caret\"><\/span>\n  Comment puis-je ajouter des liens et des banni\u00e8res \u00e0 mon site Web ou \u00e0 mon blogue?\n<\/h4>\n<div id=\"faq-12\" class=\"faq-answer collapse\">\n  \n<p>\u00c0 partir du menu principal, allez <strong>\u00e0 Offers &gt; Browse\/Search<\/strong> et cliquez sur le nom de l\u2019offre. L\u2019adresse URL de la bo\u00eete <strong>Your Tracking Link<\/strong> est votre URL de suivi. Vous pouvez choisir la page de destination \u00e0 laquelle doit mener ce lien en s\u00e9lectionnant la page dans le menu d\u00e9roulant de la <strong>Landing Page<\/strong> (page de destination). Utilisez ce lien lorsque vous vous reliez \u00e0 CanaDon avec des banni\u00e8res ou des liens textes.<\/p>\n<p><img loading=\"lazy\" decoding=\"async\" class=\"alignnone size-large wp-image-7097\" src=\"https:\/\/www.canadahelps.org\/media\/FAQ-1-1024x428.png\" alt=\"FAQ 1\" width=\"1024\" height=\"428\" srcset=\"https:\/\/www.canadahelps.org\/media\/FAQ-1-1024x428.png 1024w, https:\/\/www.canadahelps.org\/media\/FAQ-1-300x125.png 300w, https:\/\/www.canadahelps.org\/media\/FAQ-1.png 1206w\" sizes=\"auto, (max-width: 1024px) 100vw, 1024px\" \/><\/p>\n<p><em><strong>(Optionnel)<\/strong><\/em> Vous pouvez personnaliser les liens de suivi pour un suivi compl\u00e9mentaire, gr\u00e2ce aux param\u00e8tres int\u00e9gr\u00e9s.<\/p>\n<p>Par exemple :<\/p>\n<p>Si vous voulez utiliser deux diff\u00e9rentes adresses URL de suivi afin de mesurer le trafic g\u00e9n\u00e9r\u00e9 par votre blogue et vos liens Facebook, vous pouvez personnaliser l\u2019URL en y ajoutant les param\u00e8tres Source. Votre URL de suivi sera mise \u00e0 jour dans la bo\u00eete <strong>Your Tracking Link<\/strong> et vous pourrez utiliser les adresses URL g\u00e9n\u00e9r\u00e9es pour le suivi.<\/p>\n<p><img loading=\"lazy\" decoding=\"async\" class=\"alignnone size-large wp-image-7098\" src=\"https:\/\/www.canadahelps.org\/media\/FAQ-2-1024x435.png\" alt=\"FAQ 2\" width=\"1024\" height=\"435\" srcset=\"https:\/\/www.canadahelps.org\/media\/FAQ-2-1024x435.png 1024w, https:\/\/www.canadahelps.org\/media\/FAQ-2-300x127.png 300w, https:\/\/www.canadahelps.org\/media\/FAQ-2.png 1226w\" sizes=\"auto, (max-width: 1024px) 100vw, 1024px\" \/><\/p>\n<p>Un autre moyen facile d\u2019ajouter sur votre site Web des banni\u00e8res et des adresses URL de suivi consiste \u00e0 obtenir le code dans la section <strong>Creatives<\/strong>. Cliquez sur <strong>Get Code<\/strong> et copiez-collez le code dans la zone de texte. Mettez le code sur votre site Web et la banni\u00e8re s\u2019affichera avec l\u2019URL de suivi qui y est associ\u00e9e.<\/p>\n<p><img loading=\"lazy\" decoding=\"async\" class=\"alignnone size-large wp-image-7099\" src=\"https:\/\/www.canadahelps.org\/media\/FAQ-3-1024x308.png\" alt=\"FAQ 3\" width=\"1024\" height=\"308\" srcset=\"https:\/\/www.canadahelps.org\/media\/FAQ-3-1024x308.png 1024w, https:\/\/www.canadahelps.org\/media\/FAQ-3-300x90.png 300w, https:\/\/www.canadahelps.org\/media\/FAQ-3.png 1210w\" sizes=\"auto, (max-width: 1024px) 100vw, 1024px\" \/><\/p>\n\n<\/div>\n<h4 class=\"faq-question collapsed\" data-toggle=\"collapse\" data-target=\"#faq-13\">\n  <span class=\"faq-caret\"><\/span>\n  O\u00f9 les visiteurs du site seront-ils dirig\u00e9s lorsqu\u2019ils cliqueront sur les banni\u00e8res ou les liens textes que je mets sur mon site?\n<\/h4>\n<div id=\"faq-13\" class=\"faq-answer collapse\">\n  \n<p>Ils seront dirig\u00e9s vers le site Web de CanaDon o\u00f9 ils pourront faire une recherche et parcourir les organismes de bienfaisance canadiens enregistr\u00e9s, et choisir de faire un don unique ou des dons mensuels, de donner des valeurs mobili\u00e8res, de faire une collecte de fonds pour un ou des organismes de bienfaisance de leur choix, ou d\u2019envoyer une carte-cadeau de bienfaisance. Nous fournissons sur notre site une URL par d\u00e9faut et, en certains cas, d\u2019autres adresses URL vers lesquelles vous pouvez diriger les visiteurs qui cliquent sur une banni\u00e8re sp\u00e9cifique. Dans chaque cas, la page de destination leur fournira toute l\u2019information n\u00e9cessaire. Nous faisons le suivi de chaque visiteur que vous r\u00e9f\u00e9rez et vous pouvez acc\u00e9der \u00e0 l\u2019information en temps r\u00e9el sur le nombre de visiteurs qui viennent sur notre site et font un don \u00e0 cause de vos annonces. V\u00e9rifiez r\u00e9guli\u00e8rement votre compte \u2014 nous sommes tr\u00e8s reconnaissants de votre don g\u00e9n\u00e9reux en faisant la promotion des dons caritatifs, et nous voulons que vous soyez heureux en constatant votre impact!<\/p>\n\n<\/div>\n<h4 class=\"faq-question collapsed\" data-toggle=\"collapse\" data-target=\"#faq-14\">\n  <span class=\"faq-caret\"><\/span>\n  Puis-je cr\u00e9er mes propres \u00e9l\u00e9ments cr\u00e9atifs et mes propres banni\u00e8res?\n<\/h4>\n<div id=\"faq-14\" class=\"faq-answer collapse\">\n  \n<p>Oui! Vous pouvez ajouter des banni\u00e8res que vous avez cr\u00e9\u00e9es, dans la section Creatives de la zone Offers de votre compte pour le Programme d\u2019affiliation de CanaDon.<\/p>\n\n<\/div>\n<h4 class=\"faq-question collapsed\" data-toggle=\"collapse\" data-target=\"#faq-15\">\n  <span class=\"faq-caret\"><\/span>\n  Puis-je faire le suivi des r\u00e9sultats de mes annonces et constater leur impact caritatif?\n<\/h4>\n<div id=\"faq-15\" class=\"faq-answer collapse\">\n  \n<p>Oui! Il suffit de vous connecter \u00e0 votre compte d\u2019affili\u00e9 de CanaDon \u00e0 <a href=\"https:\/\/canadahelps.hasoffers.com\/\">https:\/\/Canadahelps.hasoffers.com<\/a>. Une fois connect\u00e9, vous verrez votre tableau de bord qui vous fournit un aper\u00e7u rapide de l\u2019impact caritatif de vos annonces, avec des d\u00e9tails sur le nombre d\u2019impressions, de clics et de conversions qui en ont r\u00e9sult\u00e9. Des rapports plus d\u00e9taill\u00e9s sont disponibles dans la zone Reports, accessible \u00e0 partir de la barre de navigation lat\u00e9rale. Veuillez noter : vous verrez uniquement les r\u00e9sultats du trafic g\u00e9n\u00e9r\u00e9 vers notre site \u00e0 partir des liens et des banni\u00e8res qui contiennent votre ID unique. Assurez-vous de toujours l\u2019utiliser avec vos annonces!<\/p>\n\n<\/div>\n<h4 class=\"faq-question collapsed\" data-toggle=\"collapse\" data-target=\"#faq-16\">\n  <span class=\"faq-caret\"><\/span>\n  J\u2019ai oubli\u00e9 mon mot de passe, comment puis-je le r\u00e9initialiser?\n<\/h4>\n<div id=\"faq-16\" class=\"faq-answer collapse\">\n  \n<p>Pas de probl\u00e8me. Il suffit d\u2019utiliser la fonction Forgot Password, dans l\u2019\u00e9cran d\u2019ouverture de session du Programme d\u2019affiliation de CanaDon (<a href=\"https:\/\/canadahelps.hasoffers.com\/\">https:\/\/Canadahelps.hasoffers.com<\/a>).<br \/>\n<\/p>\n<\/div>\n<p>&nbsp;<\/p>\n<h4><em>Pour plus d\u2019information, veuillez nous contacter \u00e0<a href=\"mailto:partenaires@canadahelps.org\">partenaires@canadahelps.org<\/a>.<\/em><\/h4>\n","protected":false},"excerpt":{"rendered":"<p>Aper\u00e7u Questions concernant l\u2019inscription Utiliser votre compte d\u2019affili\u00e9 CanaDon &nbsp; Pour plus d\u2019information, veuillez nous contacter \u00e0partenaires@canadahelps.org.<\/p>\n","protected":false},"author":7,"featured_media":0,"parent":0,"menu_order":0,"comment_status":"open","ping_status":"open","template":"template-custom.php","meta":{"footnotes":""},"class_list":["post-7170","page","type-page","status-publish","hentry"],"acf":{"meta_description":"","use_toc_layout":false,"insert_spotlight_boxes":false,"use_biography_grid":false},"yoast_head":"<!-- This site is optimized with the Yoast SEO plugin v26.0 - https:\/\/yoast.com\/wordpress\/plugins\/seo\/ -->\n<title>FAQ \u2013 Programme d\u2019affiliation | CanaDon - Faites des dons \u00e0 un organisme de bienfaisance au Canada<\/title>\n<meta name=\"robots\" content=\"index, follow, max-snippet:-1, max-image-preview:large, max-video-preview:-1\" \/>\n<link rel=\"canonical\" href=\"https:\/\/www.canadahelps.org\/fr\/faq-programme-daffiliation-3\/\" \/>\n<meta property=\"og:locale\" content=\"fr_FR\" \/>\n<meta property=\"og:type\" content=\"article\" \/>\n<meta property=\"og:title\" content=\"FAQ \u2013 Programme d\u2019affiliation | CanaDon - Faites des dons \u00e0 un organisme de bienfaisance au Canada\" \/>\n<meta property=\"og:description\" content=\"Aper\u00e7u Questions concernant l\u2019inscription Utiliser votre compte d\u2019affili\u00e9 CanaDon &nbsp; Pour plus d\u2019information, veuillez nous contacter \u00e0partenaires@canadahelps.org.\" \/>\n<meta property=\"og:url\" content=\"https:\/\/www.canadahelps.org\/fr\/faq-programme-daffiliation-3\/\" \/>\n<meta property=\"og:site_name\" content=\"CanaDon - Faites des dons \u00e0 un organisme de bienfaisance au Canada\" \/>\n<meta property=\"article:modified_time\" content=\"2015-06-08T18:11:25+00:00\" \/>\n<meta property=\"og:image\" content=\"https:\/\/www.canadahelps.org\/media\/FAQ-1-1024x428.png\" \/>\n<meta name=\"twitter:card\" content=\"summary_large_image\" \/>\n<meta name=\"twitter:label1\" content=\"Est. reading time\" \/>\n\t<meta name=\"twitter:data1\" content=\"9 minutes\" \/>\n<script type=\"application\/ld+json\" class=\"yoast-schema-graph\">{\"@context\":\"https:\/\/schema.org\",\"@graph\":[{\"@type\":\"WebPage\",\"@id\":\"https:\/\/www.canadahelps.org\/fr\/faq-programme-daffiliation-3\/\",\"url\":\"https:\/\/www.canadahelps.org\/fr\/faq-programme-daffiliation-3\/\",\"name\":\"FAQ \u2013 Programme d\u2019affiliation | CanaDon - Faites des dons \u00e0 un organisme de bienfaisance au Canada\",\"isPartOf\":{\"@id\":\"https:\/\/www.canadahelps.org\/fr\/#website\"},\"primaryImageOfPage\":{\"@id\":\"https:\/\/www.canadahelps.org\/fr\/faq-programme-daffiliation-3\/#primaryimage\"},\"image\":{\"@id\":\"https:\/\/www.canadahelps.org\/fr\/faq-programme-daffiliation-3\/#primaryimage\"},\"thumbnailUrl\":\"https:\/\/www.canadahelps.org\/media\/FAQ-1-1024x428.png\",\"datePublished\":\"2015-06-08T17:32:56+00:00\",\"dateModified\":\"2015-06-08T18:11:25+00:00\",\"breadcrumb\":{\"@id\":\"https:\/\/www.canadahelps.org\/fr\/faq-programme-daffiliation-3\/#breadcrumb\"},\"inLanguage\":\"fr\",\"potentialAction\":[{\"@type\":\"ReadAction\",\"target\":[\"https:\/\/www.canadahelps.org\/fr\/faq-programme-daffiliation-3\/\"]}]},{\"@type\":\"ImageObject\",\"inLanguage\":\"fr\",\"@id\":\"https:\/\/www.canadahelps.org\/fr\/faq-programme-daffiliation-3\/#primaryimage\",\"url\":\"https:\/\/www.canadahelps.org\/media\/FAQ-1-1024x428.png\",\"contentUrl\":\"https:\/\/www.canadahelps.org\/media\/FAQ-1-1024x428.png\"},{\"@type\":\"BreadcrumbList\",\"@id\":\"https:\/\/www.canadahelps.org\/fr\/faq-programme-daffiliation-3\/#breadcrumb\",\"itemListElement\":[{\"@type\":\"ListItem\",\"position\":1,\"name\":\"Home\",\"item\":\"https:\/\/www.canadahelps.org\/fr\/\"},{\"@type\":\"ListItem\",\"position\":2,\"name\":\"FAQ \u2013 Programme d\u2019affiliation\"}]},{\"@type\":\"WebSite\",\"@id\":\"https:\/\/www.canadahelps.org\/fr\/#website\",\"url\":\"https:\/\/www.canadahelps.org\/fr\/\",\"name\":\"CanadaHelps - Donate to any charity in Canada\",\"description\":\"Le don en toute simplicit\u00e9\",\"publisher\":{\"@id\":\"https:\/\/www.canadahelps.org\/fr\/#organization\"},\"potentialAction\":[{\"@type\":\"SearchAction\",\"target\":{\"@type\":\"EntryPoint\",\"urlTemplate\":\"https:\/\/www.canadahelps.org\/fr\/?s={search_term_string}\"},\"query-input\":{\"@type\":\"PropertyValueSpecification\",\"valueRequired\":true,\"valueName\":\"search_term_string\"}}],\"inLanguage\":\"fr\"},{\"@type\":\"Organization\",\"@id\":\"https:\/\/www.canadahelps.org\/fr\/#organization\",\"name\":\"CanadaHelps\",\"url\":\"https:\/\/www.canadahelps.org\/fr\/\",\"logo\":{\"@type\":\"ImageObject\",\"inLanguage\":\"fr\",\"@id\":\"https:\/\/www.canadahelps.org\/fr\/#\/schema\/logo\/image\/\",\"url\":\"https:\/\/www.canadahelps.org\/media\/canadahelps-en.jpg\",\"contentUrl\":\"https:\/\/www.canadahelps.org\/media\/canadahelps-en.jpg\",\"width\":131,\"height\":72,\"caption\":\"CanadaHelps\"},\"image\":{\"@id\":\"https:\/\/www.canadahelps.org\/fr\/#\/schema\/logo\/image\/\"}}]}<\/script>\n<!-- \/ Yoast SEO plugin. -->","yoast_head_json":{"title":"FAQ \u2013 Programme d\u2019affiliation | CanaDon - Faites des dons \u00e0 un organisme de bienfaisance au Canada","robots":{"index":"index","follow":"follow","max-snippet":"max-snippet:-1","max-image-preview":"max-image-preview:large","max-video-preview":"max-video-preview:-1"},"canonical":"https:\/\/www.canadahelps.org\/fr\/faq-programme-daffiliation-3\/","og_locale":"fr_FR","og_type":"article","og_title":"FAQ \u2013 Programme d\u2019affiliation | CanaDon - Faites des dons \u00e0 un organisme de bienfaisance au Canada","og_description":"Aper\u00e7u Questions concernant l\u2019inscription Utiliser votre compte d\u2019affili\u00e9 CanaDon &nbsp; Pour plus d\u2019information, veuillez nous contacter \u00e0partenaires@canadahelps.org.","og_url":"https:\/\/www.canadahelps.org\/fr\/faq-programme-daffiliation-3\/","og_site_name":"CanaDon - Faites des dons \u00e0 un organisme de bienfaisance au Canada","article_modified_time":"2015-06-08T18:11:25+00:00","og_image":[{"url":"https:\/\/www.canadahelps.org\/media\/FAQ-1-1024x428.png","type":"","width":"","height":""}],"twitter_card":"summary_large_image","twitter_misc":{"Est. reading time":"9 minutes"},"schema":{"@context":"https:\/\/schema.org","@graph":[{"@type":"WebPage","@id":"https:\/\/www.canadahelps.org\/fr\/faq-programme-daffiliation-3\/","url":"https:\/\/www.canadahelps.org\/fr\/faq-programme-daffiliation-3\/","name":"FAQ \u2013 Programme d\u2019affiliation | CanaDon - Faites des dons \u00e0 un organisme de bienfaisance au Canada","isPartOf":{"@id":"https:\/\/www.canadahelps.org\/fr\/#website"},"primaryImageOfPage":{"@id":"https:\/\/www.canadahelps.org\/fr\/faq-programme-daffiliation-3\/#primaryimage"},"image":{"@id":"https:\/\/www.canadahelps.org\/fr\/faq-programme-daffiliation-3\/#primaryimage"},"thumbnailUrl":"https:\/\/www.canadahelps.org\/media\/FAQ-1-1024x428.png","datePublished":"2015-06-08T17:32:56+00:00","dateModified":"2015-06-08T18:11:25+00:00","breadcrumb":{"@id":"https:\/\/www.canadahelps.org\/fr\/faq-programme-daffiliation-3\/#breadcrumb"},"inLanguage":"fr","potentialAction":[{"@type":"ReadAction","target":["https:\/\/www.canadahelps.org\/fr\/faq-programme-daffiliation-3\/"]}]},{"@type":"ImageObject","inLanguage":"fr","@id":"https:\/\/www.canadahelps.org\/fr\/faq-programme-daffiliation-3\/#primaryimage","url":"https:\/\/www.canadahelps.org\/media\/FAQ-1-1024x428.png","contentUrl":"https:\/\/www.canadahelps.org\/media\/FAQ-1-1024x428.png"},{"@type":"BreadcrumbList","@id":"https:\/\/www.canadahelps.org\/fr\/faq-programme-daffiliation-3\/#breadcrumb","itemListElement":[{"@type":"ListItem","position":1,"name":"Home","item":"https:\/\/www.canadahelps.org\/fr\/"},{"@type":"ListItem","position":2,"name":"FAQ \u2013 Programme d\u2019affiliation"}]},{"@type":"WebSite","@id":"https:\/\/www.canadahelps.org\/fr\/#website","url":"https:\/\/www.canadahelps.org\/fr\/","name":"CanadaHelps - Donate to any charity in Canada","description":"Le don en toute simplicit\u00e9","publisher":{"@id":"https:\/\/www.canadahelps.org\/fr\/#organization"},"potentialAction":[{"@type":"SearchAction","target":{"@type":"EntryPoint","urlTemplate":"https:\/\/www.canadahelps.org\/fr\/?s={search_term_string}"},"query-input":{"@type":"PropertyValueSpecification","valueRequired":true,"valueName":"search_term_string"}}],"inLanguage":"fr"},{"@type":"Organization","@id":"https:\/\/www.canadahelps.org\/fr\/#organization","name":"CanadaHelps","url":"https:\/\/www.canadahelps.org\/fr\/","logo":{"@type":"ImageObject","inLanguage":"fr","@id":"https:\/\/www.canadahelps.org\/fr\/#\/schema\/logo\/image\/","url":"https:\/\/www.canadahelps.org\/media\/canadahelps-en.jpg","contentUrl":"https:\/\/www.canadahelps.org\/media\/canadahelps-en.jpg","width":131,"height":72,"caption":"CanadaHelps"},"image":{"@id":"https:\/\/www.canadahelps.org\/fr\/#\/schema\/logo\/image\/"}}]}},"_links":{"self":[{"href":"https:\/\/www.canadahelps.org\/fr\/wp-json\/wp\/v2\/pages\/7170","targetHints":{"allow":["GET"]}}],"collection":[{"href":"https:\/\/www.canadahelps.org\/fr\/wp-json\/wp\/v2\/pages"}],"about":[{"href":"https:\/\/www.canadahelps.org\/fr\/wp-json\/wp\/v2\/types\/page"}],"author":[{"embeddable":true,"href":"https:\/\/www.canadahelps.org\/fr\/wp-json\/wp\/v2\/users\/7"}],"replies":[{"embeddable":true,"href":"https:\/\/www.canadahelps.org\/fr\/wp-json\/wp\/v2\/comments?post=7170"}],"version-history":[{"count":8,"href":"https:\/\/www.canadahelps.org\/fr\/wp-json\/wp\/v2\/pages\/7170\/revisions"}],"predecessor-version":[{"id":7178,"href":"https:\/\/www.canadahelps.org\/fr\/wp-json\/wp\/v2\/pages\/7170\/revisions\/7178"}],"wp:attachment":[{"href":"https:\/\/www.canadahelps.org\/fr\/wp-json\/wp\/v2\/media?parent=7170"}],"curies":[{"name":"wp","href":"https:\/\/api.w.org\/{rel}","templated":true}]}}