{"id":76,"date":"2013-10-28T13:31:45","date_gmt":"2013-10-28T17:31:45","guid":{"rendered":"https:\/\/www.canadahelps.org\/?page_id=76"},"modified":"2025-06-11T14:13:11","modified_gmt":"2025-06-11T18:13:11","slug":"faites-une-collecte-de-fonds","status":"publish","type":"page","link":"https:\/\/www.canadahelps.org\/fr\/faites-une-collecte-de-fonds\/","title":{"rendered":"Faites une collecte de fonds"},"content":{"rendered":"<style>\n.ch20-full-width-page i {\n  font-family: \"Font Awesome 6 Free\";\n}\n.fundraiser-header, .create-fundraiser {\n    display: flex;\n    justify-content: space-between;\n    align-items: center;\n}\n.fundraiser-header-text, .create-fundraiser-text {\n   width: 506px;\n   margin-left: 20px;\n}\n.why-fundraise-text {\n    width: 520px;\n    padding-bottom: 48px;\n}\n.fundraiser-header-text p, .create-fundraiser-text p {\n   margin-bottom: 24px;\n}\n.why-fundraise.container {\n    display: flex;\n    justify-content: space-between;\n    align-items: end;\n    padding-top: 64px;\n    margin-bottom: 0;\n}\n.why-fundraise .fundraiser-image img {\n    margin-bottom: 0;\n}\n.why-fundraise-text .header-secondary {\n    margin-bottom: 16px;\n}\n.why-fundraise-text .header-tertiary {\n    margin-bottom: 0;\n}\n.why-fundraise-items {\n    margin-bottom: 28px;\n}\n.create-fundraiser ol li {\n    margin-bottom: 28px;\n}\n.fundraiser-tiles {\n    display: flex;\n    flex-wrap: wrap;\n    gap: 20px;\n    justify-content: flex-start;\n}\n.fundraiser-tile {\n    max-width: 400px;\n    width: 31%;\n}\n.fundraiser-tile img {\n    width: 100%;\n}\n.fundraiser-tile h3 {\n    line-height: 32px;\n}\n.fundraiser-tile .fa-arrow-right {\n    margin-left: 8px;\n}\n.fundraiser-success .fundraiser-tile h3 {\n    font-size: 23px;\n}\n.fundraiser-footer {\n    padding: 64px 0 44px;\n}\n.fundraiser-footer .container {\n    display: flex;\n    justify-content: space-between;\n    margin: 0 auto;\n}\n.fundraiser-footer h2 {\n    width: 824px;\n    margin-bottom: 0;\n}\n.fundraiser-footer a.text-ch-large {\n    margin-bottom: 14px;\n    display: inline-block;\n}\n.ch-divider-gradient {\n    height: 12px;\n    background: linear-gradient(90deg, #BFEFFF 0%, #BFFFDE 100%);\n}\n.ch-underline-gradient {\n    border-bottom: 4px solid;\n    border-image: linear-gradient(90deg, #3CB9FF, #3CFF7F) 1 stretch;\n}\n.fundraiser-footer .fa-arrow-up-right-from-square {\n   margin-left: 8px;\n}\n.fundraiser-footer a {\n    display: inline-block;\n    margin-bottom: 12px;\n}\n.fundraiser-footer .fa-arrow-right {\n  transform: rotate(-45deg);\n}\n.fundraiser-footer a{\n  text-decoration:none;\n}\n@media screen and (max-width: 1200px) {\n    .fundraiser-image {\n        width: 50%;\n    }\n    .fundraiser-image img {\n        width: 100%;\n    }\n    .fundraiser-header-text, .create-fundraiser-text {\n        width: 50%;\n    }\n    .why-fundraise-text {\n        width: 50%\n    }\n    .fundraiser-footer .container {\n        align-items: center;\n    }\n    .fundraiser-footer h2 {\n        width: 50%;\n    }\n}\n@media screen and (max-width: 768px) {\n    .fundraiser-header, .create-fundraiser {\n        display: block;\n    }\n    .fundraiser-image {\n        width: 100%;\n        text-align: center;\n        margin-bottom: 16px;\n        display: flex;\n        justify-content: center;\n    }\n    .fundraiser-image img {\n        width: 272px;\n    }\n    .fundraiser-header-text, .create-fundraiser-text {\n        width: 100%;\n        margin-left: 0;\n    }\n    .fundraiser-tiles {\n        display: block;\n    }\n    .fundraiser-tile { \n        width: 100%;\n        max-width: 400px;\n        margin: 0 auto 24px;\n    }\n    .fundraiser-footer {\n        padding: 40px 0 20px;\n    }\n    .fundraiser-footer .container {\n        display: block\n    }\n    .fundraiser-footer h2 {\n        width: 100%;\n    }\n    .why-fundraise {\n        flex-direction: column-reverse;\n        padding-top: 40px;\n    }\n    .why-fundraise .fundraiser-image {\n        margin-bottom: 0;\n    }\n    .why-fundraise-text {\n        width: 100%\n    }\n    .fundraiser-tile h3 {\n        line-height: 23px;\n    }\n    .fundraiser-success .fundraiser-tile h3 {\n        font-size: 23px;\n        line-height: 32px;\n    }\n}\n<\/style>\n<div class=\"fundraiser-header container\">\n<div class=\"fundraiser-image\"><img decoding=\"async\" src=\"https:\/\/www.canadahelps.org\/media\/5f1114e4367233da319267dd98f9bc3f.jpg\" width=\"612\" alt=\"Woman smiling\" \/><\/div>\n<div class=\"fundraiser-header-text\">\n<h1 class=\"header-label\">Cr\u00e9ez une collecte de fonds<\/h1>\n<h2 class=\"header-display\">Collectez des fonds pour une cause qui vous <span class=\"header-primary ch-underline-gradient\">tient \u00e0 c\u0153ur<\/span>.<\/h2>\n<p>Un moyen simple, rapide et amusant de faire une grande diff\u00e9rence. Rassemblez vos proches pour collecter des fonds et vous rejoindre en appui de l\u2019organisme.<\/p>\n<p><a class=\"btn-primary\" title=\"Cr\u00e9ez une collecte de fonds\" href=\"\/fr\/pages\/page\/nouveau\/\" target=\"_blank\" rel=\"noopener\">Cr\u00e9ez une collecte de fonds<\/a>\n<\/div>\n<\/div>\n<section class=\"container\">\n<h2 class=\"header-primary\">Pour commencer :<br \/>\nDes id\u00e9es tr\u00e8s simples pour recueillir des fonds<\/h2>\n<div class=\"fundraiser-tiles\">\n<div class=\"fundraiser-tile\">\n        <img decoding=\"async\" src=\"https:\/\/www.canadahelps.org\/media\/96e9c3d9504ab95a814f3ad1ca1ea1e5.jpg\" alt=\"\"><\/p>\n<h3 class=\"header-tertiary\">Occasions sp\u00e9ciales<\/h3>\n<p>Notre famille et nos amis nous aident \u00e0 c\u00e9l\u00e9brer les moments particuliers et nos r\u00e9alisations dans la vie, et bien souvent, ils souhaitent montrer combien ils tiennent \u00e0 nous en nous offrant un cadeau. Mais plut\u00f4t que de recevoir un nouvel objet mat\u00e9riel pour un anniversaire, un mariage, une remise de dipl\u00f4me, une f\u00eate pr\u00e9natale, ou un anniversaire de mariage, vous pouvez demander un cadeau qui continue de donner : un don \u00e0 un organisme de bienfaisance.<\/p>\n<\/p><\/div>\n<div class=\"fundraiser-tile\">\n        <img decoding=\"async\" src=\"https:\/\/www.canadahelps.org\/media\/b46195e4e0dacc4037838e4089cd939a.jpg\" alt=\"\"><\/p>\n<h3 class=\"header-tertiary\">En l\u2019honneur d\u2019un proche<\/h3>\n<p>Lorsqu&#8217;on est confront\u00e9 \u00e0 des \u00e9v\u00e9nements bouleversants comme une maladie ou la perte d&#8217;un \u00eatre cher, beaucoup d\u00e9couvrent l&#8217;impact remarquable des organismes de bienfaisance. Honorer la m\u00e9moire de quelqu&#8217;un et reconna\u00eetre le soutien qu&#8217;il a re\u00e7u, recueillir des fonds et sensibiliser \u00e0 une cause peut laisser un profond sentiment d&#8217;accomplissement. C&#8217;est aussi une belle fa\u00e7on de c\u00e9l\u00e9brer et de poursuivre l&#8217;h\u00e9ritage d&#8217;un \u00eatre cher, avec des valeurs communes.<\/p>\n<\/p><\/div>\n<div class=\"fundraiser-tile\">\n        <img decoding=\"async\" src=\"https:\/\/www.canadahelps.org\/media\/06ef45770b1d2e8f555bcdb2c66de3cc-e1745261465289.jpg\" alt=\"\"><\/p>\n<h3 class=\"header-tertiary\">D\u00e9fis personnels<\/h3>\n<p>Surmonter un d\u00e9fi peut d\u00e9montrer votre passion pour une cause \u2013 et la passion peut \u00eatre contagieuse! Rasez-vous la t\u00eate en solidarit\u00e9 avec les personnes qui ont perdu leurs cheveux \u00e0 cause d&#8217;une maladie; repoussez vos limites physiques en traversant le pays \u00e0 v\u00e9lo ou en essayant de battre un record du monde. Si vous n&#8217;\u00eates pas du genre aventureux, essayez de renoncer \u00e0 votre dessert pr\u00e9f\u00e9r\u00e9 ou de devenir v\u00e9g\u00e9tarien pendant un moment. Quand il s&#8217;agit d&#8217;une bonne cause, tous les exploits sont bons!<\/p>\n<\/p><\/div>\n<div class=\"fundraiser-tile\">\n        <img decoding=\"async\" src=\"https:\/\/www.canadahelps.org\/media\/540e0430cfd7addf164a6c1213e542ba.jpg\" alt=\"\"><\/p>\n<h3 class=\"header-tertiary\">D\u00e9fis d\u2019\u00e9quipe<\/h3>\n<p>Recueillir des fonds avec des amis, la famille et des coll\u00e8gues est une occasion de cr\u00e9er des souvenirs et de s&#8217;amuser tout en le faisant \u2013 le tout pour une bonne cause! Que ce soit pour une partie de quilles, une soir\u00e9e de jeux virtuelle ou un d\u00e9fi pour voir qui peut faire le plus de pas en une semaine, rassemblez vos amis pour un concours amical, o\u00f9 tous les participants s&#8217;engagent \u00e0 faire des dons \u00e0 votre collecte de fonds! <\/p>\n<\/p><\/div>\n<div class=\"fundraiser-tile\">\n        <img decoding=\"async\" src=\"https:\/\/www.canadahelps.org\/media\/762c3a9d8fe5031ec4c1e5c41c8147d3-e1745261556241.jpg\" alt=\"\"><\/p>\n<h3 class=\"header-tertiary\">Dons pour les f\u00eates<\/h3>\n<p>Les f\u00eates de fin d&#8217;ann\u00e9e sont le moment id\u00e9al pour lancer une collecte de fonds, car elles correspondent \u00e0 l&#8217;esprit de g\u00e9n\u00e9rosit\u00e9 et de partage qui caract\u00e9rise presque toutes les f\u00eates traditionnelles, culturelles et religieuses. Montrez votre soutien \u00e0 votre organisme de bienfaisance pr\u00e9f\u00e9r\u00e9 en recueillant des fonds pour lui pendant le temps des f\u00eates, lorsqu&#8217;il en a le plus besoin!<\/p>\n<\/p><\/div>\n<\/div>\n<\/section>\n<section class=\"create-fundraiser container\">\n<div class=\"fundraiser-image\"><img decoding=\"async\" src=\"https:\/\/www.canadahelps.org\/media\/bdd6bd76befb1e214324816fd74c341e.jpg\" alt=\"Man smiling\" width=\"718\" \/><\/div>\n<div class=\"create-fundraiser-text\">\n<h2 class=\"header-primary\">Comment cr\u00e9er une collecte de fonds?<\/h2>\n<ol>\n<li><a class=\"link-ch-blue\" href=\"https:\/\/www.canadahelps.org\/fr\/sign-in\" target=\"_blank\" rel=\"noopener noreferrer\">Connectez-vous ou cr\u00e9ez un compte CanaDon GRATUIT<\/a>.<\/li>\n<li>Choisissez un ou plusieurs organismes de bienfaisance enregistr\u00e9s canadiens pour qui vous voulez recueillir des fonds.<\/li>\n<li>Racontez votre histoire, fixez votre objectif de collecte de fonds, ajoutez des photos ou des vid\u00e9os, et bien plus encore. Partagez tout cela avec vos proches pour leur demander leur soutien!<\/li>\n<\/ol>\n<p><a class=\"btn-primary\" title=\"Cr\u00e9ez une collecte de fonds\" href=\"\/fr\/pages\/page\/nouveau\/\" target=\"_blank\" rel=\"noopener\">Cr\u00e9ez une collecte de fonds<\/a>\n<\/div>\n<\/section>\n<section class=\"ch-gray-section\">\n<div class=\"why-fundraise container\">\n<div class=\"fundraiser-image\"><img decoding=\"async\" src=\"https:\/\/www.canadahelps.org\/media\/2407f3e7e5541ccd83a79c9d788ea154.png\" alt=\"\" width=\"505\" \/><\/div>\n<div class=\"why-fundraise-text\">\n<h2 class=\"header-primary\">Pourquoi recueillir des fonds avec CanaDon?<\/h2>\n<div class=\"why-fundraise-items\">\n<div class=\"why-fundraise-item\">\n<h3 class=\"header-tertiary\">Soutenez tout organisme de bienfaisance au Canada<\/h3>\n<p>Que ce soit pour prot\u00e9ger nos oc\u00e9ans, d\u00e9fendre la justice sociale ou nourrir les voisins dans le besoin, nous vous donnons le pouvoir de faire une grande diff\u00e9rence!<\/p>\n<\/p><\/div>\n<div class=\"why-fundraise-item\">\n<h3 class=\"header-tertiary\">Faites une diff\u00e9rence RAPIDEMENT<\/h3>\n<p>Les fonds sont vers\u00e9s \u00e0 votre organisme de bienfaisance pr\u00e9f\u00e9r\u00e9 plus rapidement qu\u2019avec d\u2019autres plateformes de collecte de fonds, ce qui vous aide \u00e0 avoir plus rapidement un impact!<\/p>\n<\/p><\/div>\n<div class=\"why-fundraise-item\">\n<h3 class=\"header-tertiary\">Amusez-vous \u00e0 rassembler des gens<\/h3>\n<p>Donner en retour, c\u2019est agr\u00e9able. C&#8217;est encore mieux de mobiliser votre communaut\u00e9 et de cr\u00e9er un gros impact avec l&#8217;aide de vos amis et de votre famille.<\/p>\n<\/p><\/div>\n<div class=\"why-fundraise-item\">\n<h3 class=\"header-tertiary\">Vos sympathisants re\u00e7oivent un re\u00e7u officiel pour don de bienfaisance<\/h3>\n<p>Les dons vers\u00e9s \u00e0 votre collecte de fonds peuvent donner droit \u00e0 un cr\u00e9dit d&#8217;imp\u00f4t pour don de bienfaisance, ce qui donne un incitatif suppl\u00e9mentaire \u00e0 vos sympathisants<\/p>\n<\/p><\/div>\n<\/p><\/div>\n<p>        <a class=\"btn-primary\" title=\"Commencer le processus\" href=\"\/fr\/pages\/page\/nouveau\/\">Commencer le processus<\/a>\n        <\/div>\n<\/p><\/div>\n<\/section>\n<div class=\"ch-divider-gradient\"><\/div>\n<section class=\"ch-purple-section fundraiser-footer\">\n<div class=\"container\">\n<h2 class=\"header-primary text-white\">Plus de 42 000 Canadiens ont utilis\u00e9 CanaDon afin de recueillir des fonds pour un organisme qui leur est cher!<\/h2>\n<div>\n<p class=\"text-white text-ch-large text-ch-bold\">Partagez vos collectes de fonds avec nous sur<\/p>\n<p>        <a class=\"text-white\" href=\"http:\/\/facebook.com\/canadahelps\"><span class=\"link-ch-white text-ch-large\">Facebook<span> <i class=\"fa-solid fa-arrow-right text-white\"><\/i><\/a><br \/>\n        <a class=\"text-white\" href=\"http:\/\/Instagram.com\/canadahelps\"><span class=\"link-ch-white text-ch-large\">Instagram<span> <i class=\"fa-solid fa-arrow-right text-white\"><\/i><\/a><br \/>\n        <a class=\"text-white\" href=\"https:\/\/bsky.app\/profile\/canadahelps.org\"><span class=\"link-ch-white text-ch-large\">BlueSky<\/span> <i class=\"fa-solid fa-arrow-right text-white\"><\/i><\/a>\n    <\/div>\n<\/p><\/div>\n<\/section>\n","protected":false},"excerpt":{"rendered":"<p>Cr\u00e9ez une collecte de fonds Collectez des fonds pour une cause qui vous tient \u00e0 c\u0153ur. Un moyen simple, rapide et amusant de faire une &#8230; <a href=\"https:\/\/www.canadahelps.org\/fr\/faites-une-collecte-de-fonds\/\" id=\"canadahelp-blog-meta\">Voir plus<\/a><\/p>\n","protected":false},"author":7,"featured_media":0,"parent":0,"menu_order":0,"comment_status":"closed","ping_status":"closed","template":"template-ch20-full-width.php","meta":{"footnotes":""},"class_list":["post-76","page","type-page","status-publish","hentry"],"acf":{"use_toc_layout":false,"meta_description":"","insert_spotlight_boxes":true,"use_biography_grid":false,"spotlight_boxes":false,"more_text":"","header_banner_colour":"#0070af","additional_body_css_classes":"","footer_panels":false,"hide_page_title":true,"row_settings":false,"blogs_posts_item":false},"yoast_head":"<!-- This site is optimized with the Yoast SEO plugin v26.0 - https:\/\/yoast.com\/wordpress\/plugins\/seo\/ -->\n<title>Levez des fonds pour la charit\u00e9 ou les causes | CanaDon<\/title>\n<meta name=\"description\" content=\"Amassez des fonds pour toutes \u0153uvres de bienfaisance canadiennes et aidez \u00e0 sensibiliser et \u00e0 recueillir des fonds pour vos causes pr\u00e9f\u00e9r\u00e9es. Sur le site Web de collecte de fonds de CanaDon, vous pouvez trouver tous les organismes de bienfaisance canadiens et commencer \u00e0 recueillir des fonds en quelques minutes - c&#039;est facile!\" \/>\n<meta name=\"robots\" content=\"index, follow, max-snippet:-1, max-image-preview:large, max-video-preview:-1\" \/>\n<link rel=\"canonical\" href=\"https:\/\/www.canadahelps.org\/fr\/faites-une-collecte-de-fonds\/\" \/>\n<meta property=\"og:locale\" content=\"fr_FR\" \/>\n<meta property=\"og:type\" content=\"article\" \/>\n<meta property=\"og:title\" content=\"Levez des fonds pour la charit\u00e9 ou les causes | CanaDon\" \/>\n<meta property=\"og:description\" content=\"Amassez des fonds pour toutes \u0153uvres de bienfaisance canadiennes et aidez \u00e0 sensibiliser et \u00e0 recueillir des fonds pour vos causes pr\u00e9f\u00e9r\u00e9es. Sur le site Web de collecte de fonds de CanaDon, vous pouvez trouver tous les organismes de bienfaisance canadiens et commencer \u00e0 recueillir des fonds en quelques minutes - c&#039;est facile!\" \/>\n<meta property=\"og:url\" content=\"https:\/\/www.canadahelps.org\/fr\/faites-une-collecte-de-fonds\/\" \/>\n<meta property=\"og:site_name\" content=\"CanaDon - Faites des dons \u00e0 un organisme de bienfaisance au Canada\" \/>\n<meta property=\"article:modified_time\" content=\"2025-06-11T18:13:11+00:00\" \/>\n<meta property=\"og:image\" content=\"https:\/\/www.canadahelps.org\/media\/5f1114e4367233da319267dd98f9bc3f.jpg\" \/>\n<meta name=\"twitter:card\" content=\"summary_large_image\" \/>\n<meta name=\"twitter:label1\" content=\"Est. reading time\" \/>\n\t<meta name=\"twitter:data1\" content=\"6 minutes\" \/>\n<script type=\"application\/ld+json\" class=\"yoast-schema-graph\">{\"@context\":\"https:\/\/schema.org\",\"@graph\":[{\"@type\":\"WebPage\",\"@id\":\"https:\/\/www.canadahelps.org\/fr\/faites-une-collecte-de-fonds\/\",\"url\":\"https:\/\/www.canadahelps.org\/fr\/faites-une-collecte-de-fonds\/\",\"name\":\"Levez des fonds pour la charit\u00e9 ou les causes | CanaDon\",\"isPartOf\":{\"@id\":\"https:\/\/www.canadahelps.org\/fr\/#website\"},\"primaryImageOfPage\":{\"@id\":\"https:\/\/www.canadahelps.org\/fr\/faites-une-collecte-de-fonds\/#primaryimage\"},\"image\":{\"@id\":\"https:\/\/www.canadahelps.org\/fr\/faites-une-collecte-de-fonds\/#primaryimage\"},\"thumbnailUrl\":\"https:\/\/www.canadahelps.org\/media\/5f1114e4367233da319267dd98f9bc3f.jpg\",\"datePublished\":\"2013-10-28T17:31:45+00:00\",\"dateModified\":\"2025-06-11T18:13:11+00:00\",\"description\":\"Amassez des fonds pour toutes \u0153uvres de bienfaisance canadiennes et aidez \u00e0 sensibiliser et \u00e0 recueillir des fonds pour vos causes pr\u00e9f\u00e9r\u00e9es. Sur le site Web de collecte de fonds de CanaDon, vous pouvez trouver tous les organismes de bienfaisance canadiens et commencer \u00e0 recueillir des fonds en quelques minutes - c'est facile!\",\"breadcrumb\":{\"@id\":\"https:\/\/www.canadahelps.org\/fr\/faites-une-collecte-de-fonds\/#breadcrumb\"},\"inLanguage\":\"fr\",\"potentialAction\":[{\"@type\":\"ReadAction\",\"target\":[\"https:\/\/www.canadahelps.org\/fr\/faites-une-collecte-de-fonds\/\"]}]},{\"@type\":\"ImageObject\",\"inLanguage\":\"fr\",\"@id\":\"https:\/\/www.canadahelps.org\/fr\/faites-une-collecte-de-fonds\/#primaryimage\",\"url\":\"https:\/\/www.canadahelps.org\/media\/5f1114e4367233da319267dd98f9bc3f.jpg\",\"contentUrl\":\"https:\/\/www.canadahelps.org\/media\/5f1114e4367233da319267dd98f9bc3f.jpg\"},{\"@type\":\"BreadcrumbList\",\"@id\":\"https:\/\/www.canadahelps.org\/fr\/faites-une-collecte-de-fonds\/#breadcrumb\",\"itemListElement\":[{\"@type\":\"ListItem\",\"position\":1,\"name\":\"Home\",\"item\":\"https:\/\/www.canadahelps.org\/fr\/\"},{\"@type\":\"ListItem\",\"position\":2,\"name\":\"Faites une collecte de fonds\"}]},{\"@type\":\"WebSite\",\"@id\":\"https:\/\/www.canadahelps.org\/fr\/#website\",\"url\":\"https:\/\/www.canadahelps.org\/fr\/\",\"name\":\"CanadaHelps - Donate to any charity in Canada\",\"description\":\"Le don en toute simplicit\u00e9\",\"publisher\":{\"@id\":\"https:\/\/www.canadahelps.org\/fr\/#organization\"},\"potentialAction\":[{\"@type\":\"SearchAction\",\"target\":{\"@type\":\"EntryPoint\",\"urlTemplate\":\"https:\/\/www.canadahelps.org\/fr\/?s={search_term_string}\"},\"query-input\":{\"@type\":\"PropertyValueSpecification\",\"valueRequired\":true,\"valueName\":\"search_term_string\"}}],\"inLanguage\":\"fr\"},{\"@type\":\"Organization\",\"@id\":\"https:\/\/www.canadahelps.org\/fr\/#organization\",\"name\":\"CanadaHelps\",\"url\":\"https:\/\/www.canadahelps.org\/fr\/\",\"logo\":{\"@type\":\"ImageObject\",\"inLanguage\":\"fr\",\"@id\":\"https:\/\/www.canadahelps.org\/fr\/#\/schema\/logo\/image\/\",\"url\":\"https:\/\/www.canadahelps.org\/media\/canadahelps-en.jpg\",\"contentUrl\":\"https:\/\/www.canadahelps.org\/media\/canadahelps-en.jpg\",\"width\":131,\"height\":72,\"caption\":\"CanadaHelps\"},\"image\":{\"@id\":\"https:\/\/www.canadahelps.org\/fr\/#\/schema\/logo\/image\/\"}}]}<\/script>\n<!-- \/ Yoast SEO plugin. -->","yoast_head_json":{"title":"Levez des fonds pour la charit\u00e9 ou les causes | CanaDon","description":"Amassez des fonds pour toutes \u0153uvres de bienfaisance canadiennes et aidez \u00e0 sensibiliser et \u00e0 recueillir des fonds pour vos causes pr\u00e9f\u00e9r\u00e9es. Sur le site Web de collecte de fonds de CanaDon, vous pouvez trouver tous les organismes de bienfaisance canadiens et commencer \u00e0 recueillir des fonds en quelques minutes - c'est facile!","robots":{"index":"index","follow":"follow","max-snippet":"max-snippet:-1","max-image-preview":"max-image-preview:large","max-video-preview":"max-video-preview:-1"},"canonical":"https:\/\/www.canadahelps.org\/fr\/faites-une-collecte-de-fonds\/","og_locale":"fr_FR","og_type":"article","og_title":"Levez des fonds pour la charit\u00e9 ou les causes | CanaDon","og_description":"Amassez des fonds pour toutes \u0153uvres de bienfaisance canadiennes et aidez \u00e0 sensibiliser et \u00e0 recueillir des fonds pour vos causes pr\u00e9f\u00e9r\u00e9es. Sur le site Web de collecte de fonds de CanaDon, vous pouvez trouver tous les organismes de bienfaisance canadiens et commencer \u00e0 recueillir des fonds en quelques minutes - c'est facile!","og_url":"https:\/\/www.canadahelps.org\/fr\/faites-une-collecte-de-fonds\/","og_site_name":"CanaDon - Faites des dons \u00e0 un organisme de bienfaisance au Canada","article_modified_time":"2025-06-11T18:13:11+00:00","og_image":[{"url":"https:\/\/www.canadahelps.org\/media\/5f1114e4367233da319267dd98f9bc3f.jpg","type":"","width":"","height":""}],"twitter_card":"summary_large_image","twitter_misc":{"Est. reading time":"6 minutes"},"schema":{"@context":"https:\/\/schema.org","@graph":[{"@type":"WebPage","@id":"https:\/\/www.canadahelps.org\/fr\/faites-une-collecte-de-fonds\/","url":"https:\/\/www.canadahelps.org\/fr\/faites-une-collecte-de-fonds\/","name":"Levez des fonds pour la charit\u00e9 ou les causes | CanaDon","isPartOf":{"@id":"https:\/\/www.canadahelps.org\/fr\/#website"},"primaryImageOfPage":{"@id":"https:\/\/www.canadahelps.org\/fr\/faites-une-collecte-de-fonds\/#primaryimage"},"image":{"@id":"https:\/\/www.canadahelps.org\/fr\/faites-une-collecte-de-fonds\/#primaryimage"},"thumbnailUrl":"https:\/\/www.canadahelps.org\/media\/5f1114e4367233da319267dd98f9bc3f.jpg","datePublished":"2013-10-28T17:31:45+00:00","dateModified":"2025-06-11T18:13:11+00:00","description":"Amassez des fonds pour toutes \u0153uvres de bienfaisance canadiennes et aidez \u00e0 sensibiliser et \u00e0 recueillir des fonds pour vos causes pr\u00e9f\u00e9r\u00e9es. Sur le site Web de collecte de fonds de CanaDon, vous pouvez trouver tous les organismes de bienfaisance canadiens et commencer \u00e0 recueillir des fonds en quelques minutes - c'est facile!","breadcrumb":{"@id":"https:\/\/www.canadahelps.org\/fr\/faites-une-collecte-de-fonds\/#breadcrumb"},"inLanguage":"fr","potentialAction":[{"@type":"ReadAction","target":["https:\/\/www.canadahelps.org\/fr\/faites-une-collecte-de-fonds\/"]}]},{"@type":"ImageObject","inLanguage":"fr","@id":"https:\/\/www.canadahelps.org\/fr\/faites-une-collecte-de-fonds\/#primaryimage","url":"https:\/\/www.canadahelps.org\/media\/5f1114e4367233da319267dd98f9bc3f.jpg","contentUrl":"https:\/\/www.canadahelps.org\/media\/5f1114e4367233da319267dd98f9bc3f.jpg"},{"@type":"BreadcrumbList","@id":"https:\/\/www.canadahelps.org\/fr\/faites-une-collecte-de-fonds\/#breadcrumb","itemListElement":[{"@type":"ListItem","position":1,"name":"Home","item":"https:\/\/www.canadahelps.org\/fr\/"},{"@type":"ListItem","position":2,"name":"Faites une collecte de fonds"}]},{"@type":"WebSite","@id":"https:\/\/www.canadahelps.org\/fr\/#website","url":"https:\/\/www.canadahelps.org\/fr\/","name":"CanadaHelps - Donate to any charity in Canada","description":"Le don en toute simplicit\u00e9","publisher":{"@id":"https:\/\/www.canadahelps.org\/fr\/#organization"},"potentialAction":[{"@type":"SearchAction","target":{"@type":"EntryPoint","urlTemplate":"https:\/\/www.canadahelps.org\/fr\/?s={search_term_string}"},"query-input":{"@type":"PropertyValueSpecification","valueRequired":true,"valueName":"search_term_string"}}],"inLanguage":"fr"},{"@type":"Organization","@id":"https:\/\/www.canadahelps.org\/fr\/#organization","name":"CanadaHelps","url":"https:\/\/www.canadahelps.org\/fr\/","logo":{"@type":"ImageObject","inLanguage":"fr","@id":"https:\/\/www.canadahelps.org\/fr\/#\/schema\/logo\/image\/","url":"https:\/\/www.canadahelps.org\/media\/canadahelps-en.jpg","contentUrl":"https:\/\/www.canadahelps.org\/media\/canadahelps-en.jpg","width":131,"height":72,"caption":"CanadaHelps"},"image":{"@id":"https:\/\/www.canadahelps.org\/fr\/#\/schema\/logo\/image\/"}}]}},"_links":{"self":[{"href":"https:\/\/www.canadahelps.org\/fr\/wp-json\/wp\/v2\/pages\/76","targetHints":{"allow":["GET"]}}],"collection":[{"href":"https:\/\/www.canadahelps.org\/fr\/wp-json\/wp\/v2\/pages"}],"about":[{"href":"https:\/\/www.canadahelps.org\/fr\/wp-json\/wp\/v2\/types\/page"}],"author":[{"embeddable":true,"href":"https:\/\/www.canadahelps.org\/fr\/wp-json\/wp\/v2\/users\/7"}],"replies":[{"embeddable":true,"href":"https:\/\/www.canadahelps.org\/fr\/wp-json\/wp\/v2\/comments?post=76"}],"version-history":[{"count":72,"href":"https:\/\/www.canadahelps.org\/fr\/wp-json\/wp\/v2\/pages\/76\/revisions"}],"predecessor-version":[{"id":54755,"href":"https:\/\/www.canadahelps.org\/fr\/wp-json\/wp\/v2\/pages\/76\/revisions\/54755"}],"wp:attachment":[{"href":"https:\/\/www.canadahelps.org\/fr\/wp-json\/wp\/v2\/media?parent=76"}],"curies":[{"name":"wp","href":"https:\/\/api.w.org\/{rel}","templated":true}]}}