{"id":7720,"date":"2015-08-31T10:43:34","date_gmt":"2015-08-31T14:43:34","guid":{"rendered":"https:\/\/www.canadahelps.org\/?page_id=7720"},"modified":"2015-09-29T13:00:18","modified_gmt":"2015-09-29T17:00:18","slug":"donate-securities","status":"publish","type":"page","link":"https:\/\/www.canadahelps.org\/fr\/donate-securities\/","title":{"rendered":"Faites don de titres"},"content":{"rendered":"<h2 class=\"text-oversize\">Incitez vos sympathisants \u00e0 donner \u00e0 votre organisme des valeurs mobili\u00e8res et des parts de fonds communs de placement <img loading=\"lazy\" decoding=\"async\" class=\"alignright wp-image-7709 \" src=\"https:\/\/www.canadahelps.org\/media\/Circular-Graph-Graphic.png\" alt=\"\" width=\"232\" height=\"230\" srcset=\"https:\/\/www.canadahelps.org\/media\/Circular-Graph-Graphic.png 349w, https:\/\/www.canadahelps.org\/media\/Circular-Graph-Graphic-150x150.png 150w, https:\/\/www.canadahelps.org\/media\/Circular-Graph-Graphic-300x297.png 300w\" sizes=\"auto, (max-width: 232px) 100vw, 232px\" \/><\/h2>\n<p>Avec CanaDon, il est facile de faire \u00e0 votre organisme un don de titres (valeurs mobili\u00e8res ou parts de fonds communs de placement). Il vous suffit d\u2019ajouter \u00e0 votre site Web notre bouton \u00ab\u00a0Faites don de titres\u00a0\u00bb; vos sympathisants pourront vous offrir, sur votre site Web, des valeurs mobili\u00e8res et des parts de fonds communs de placement. CanaDon s\u2019occupera de la vente des titres, d\u00e9livrera un re\u00e7u fiscal pour don de bienfaisance, et transf\u00e9rera directement dans le compte bancaire de votre organisme le produit de la vente. Mieux encore? Vos donateurs vous seront reconnaissants!<\/p>\n<p>&nbsp;<\/p>\n<p>&nbsp;<\/p>\n<h4 class=\"text-medium\"><strong><img loading=\"lazy\" decoding=\"async\" class=\"alignleft wp-image-7725 size-full\" src=\"https:\/\/www.canadahelps.org\/media\/BUTTONS-FR.png\" alt=\"\" width=\"130\" height=\"165\" \/>Captez l\u2019attention avec les boutons un bouton \u00ab Faites don de titres \u00bb!<\/strong><\/h4>\n<p>Ajoutez \u00e0 votre site Web le bouton \u00ab\u00a0Faites don de titres\u00a0\u00bb, pour informer et inspirer vos donateurs au sujet du don de titres. Lorsque les visiteurs de votre site cliqueront sur le bouton \u00ab\u00a0Faites don de titres\u00a0\u00bb, on leur demandera de suivre les \u00e9tapes afin de faire \u00e0 votre organisme un don de valeurs mobili\u00e8res ou de parts de fonds communs de placement.<\/p>\n<p><em><strong>Mieux encore?<\/strong><\/em> Lorsqu\u2019un Canadien fait don de valeurs mobili\u00e8res ou de parts de fonds communs de placement dont la valeur s\u2019est accrue depuis leur achat, il n\u2019y a pas d\u2019imp\u00f4t \u00e0 payer sur les gains en capital. Votre organisme re\u00e7oit donc un don plus important, et votre donateur re\u00e7oit un re\u00e7u fiscal pour la pleine valeur des titres.<\/p>\n<p>&nbsp;<\/p>\n<h4>C\u2019est facile d\u2019ajouter un bouton \u00ab Faites don de titres \u00bb!<\/h4>\n<p>En quelques \u00e9tapes simples, vous pouvez ajouter \u00e0 votre site Web un bouton \u00ab\u00a0Faites don de titres\u00a0\u00bb. Voici comment proc\u00e9der\u00a0:<\/p>\n<ol>\n<li>\u00a0Ouvrez une session sur le compte CanaDon de votre organisme et cliquez sur l\u2019onglet \u00ab Faites un don \u00bb. Seulement les organismes ayant un <a href=\"https:\/\/www.canadahelps.org\/fr\/pour-les-organismes\/comparez-les-solutions\/\">compte Faites un don, sur CanaDon<\/a>, peuvent avoir acc\u00e8s \u00e0 cette proc\u00e9dure.<\/li>\n<li>Cliquez sur le lien \u00ab Faites don de titres \u00bb, en haut de l\u2019\u00e9cran, et s\u00e9lectionnez un mod\u00e8le de bouton \u00ab Faites don de titres \u00bb. Vous pourrez choisir parmi une gamme de couleurs attrayantes!<\/li>\n<li>Copiez le code qui appara\u00eet au pas de la page et collez-le sur votre site Web.\u00a0C\u2019est tout.<\/li>\n<\/ol>\n<p>&nbsp;<\/p>\n<h4><strong>Informez vos donateurs des avantages li\u00e9s au don de titres\u00a0<\/strong><\/h4>\n<p>Un don de titres (valeurs mobili\u00e8res ou parts de fonds communs de placement) est la fa\u00e7on la plus rentable de faire un don de bienfaisance. Au Canada, dans le domaine des dons en ligne, c\u2019est CanaDon qui traite le plus grand volume de dons de titres. En donnant directement des parts, vos donateurs r\u00e9duisent leur facture fiscale tout en offrant un don plus important \u00e0 votre organisme.<\/p>\n<p><a href=\"https:\/\/www.canadahelps.org\/media\/Securities-Resources-FR2.zip\" target=\"_blank\">Utilisez ces ressources t\u00e9l\u00e9chargeables<\/a> pour informer vos sympathisants au sujet des avantages li\u00e9s au don de titres \u2014 ils \u00e9conomisent plus et donnent plus!<\/p>\n<h2><strong>Pr\u00eat \u00e0 commencer?<\/strong><\/h2>\n<p>Si vous avez d\u00e9j\u00e0 un compte Faites un don, sur CanaDon, obtenez aujourd\u2019hui votre bouton <a href=\"https:\/\/www.canadahelps.org\/fr\/SignIn.aspx\"><strong>\u00ab Faites don de titres \u00bb<\/strong><\/a>\u00a0Sinon, <a href=\"https:\/\/www.canadahelps.org\/fr\/pour-les-organismes\/comparez-les-solutions\/\"><strong>inscrivez-vous aujourd\u2019hui.<\/strong><\/a><\/p>\n","protected":false},"excerpt":{"rendered":"<p>Incitez vos sympathisants \u00e0 donner \u00e0 votre organisme des valeurs mobili\u00e8res et des parts de fonds communs de placement Avec CanaDon, il est facile de &#8230; <a href=\"https:\/\/www.canadahelps.org\/fr\/donate-securities\/\" id=\"canadahelp-blog-meta\">Voir plus<\/a><\/p>\n","protected":false},"author":7,"featured_media":0,"parent":0,"menu_order":4,"comment_status":"open","ping_status":"open","template":"template-subpage-float.php","meta":{"footnotes":""},"class_list":["post-7720","page","type-page","status-publish","hentry"],"acf":{"meta_description":"","use_toc_layout":false,"insert_spotlight_boxes":false,"use_biography_grid":false},"yoast_head":"<!-- This site is optimized with the Yoast SEO plugin v26.0 - https:\/\/yoast.com\/wordpress\/plugins\/seo\/ -->\n<title>Faites don de titres  | CanadaHelps - Donate to any charity in Canada<\/title>\n<meta name=\"robots\" content=\"index, follow, max-snippet:-1, max-image-preview:large, max-video-preview:-1\" \/>\n<link rel=\"canonical\" href=\"https:\/\/www.canadahelps.org\/fr\/donate-securities\/\" \/>\n<meta property=\"og:locale\" content=\"fr_FR\" \/>\n<meta property=\"og:type\" content=\"article\" \/>\n<meta property=\"og:title\" content=\"Faites don de titres  | CanadaHelps - Donate to any charity in Canada\" \/>\n<meta property=\"og:description\" content=\"Incitez vos sympathisants \u00e0 donner \u00e0 votre organisme des valeurs mobili\u00e8res et des parts de fonds communs de placement Avec CanaDon, il est facile de ... Voir plus\" \/>\n<meta property=\"og:url\" content=\"https:\/\/www.canadahelps.org\/fr\/donate-securities\/\" \/>\n<meta property=\"og:site_name\" content=\"CanadaHelps - Donate to any charity in Canada\" \/>\n<meta property=\"article:modified_time\" content=\"2015-09-29T17:00:18+00:00\" \/>\n<meta property=\"og:image\" content=\"https:\/\/www.canadahelps.org\/media\/Circular-Graph-Graphic.png\" \/>\n<meta name=\"twitter:card\" content=\"summary_large_image\" \/>\n<meta name=\"twitter:label1\" content=\"Est. reading time\" \/>\n\t<meta name=\"twitter:data1\" content=\"3 minutes\" \/>\n<script type=\"application\/ld+json\" class=\"yoast-schema-graph\">{\"@context\":\"https:\/\/schema.org\",\"@graph\":[{\"@type\":\"WebPage\",\"@id\":\"https:\/\/www.canadahelps.org\/fr\/donate-securities\/\",\"url\":\"https:\/\/www.canadahelps.org\/fr\/donate-securities\/\",\"name\":\"Faites don de titres | CanadaHelps - Donate to any charity in Canada\",\"isPartOf\":{\"@id\":\"https:\/\/www.canadahelps.org\/fr\/#website\"},\"primaryImageOfPage\":{\"@id\":\"https:\/\/www.canadahelps.org\/fr\/donate-securities\/#primaryimage\"},\"image\":{\"@id\":\"https:\/\/www.canadahelps.org\/fr\/donate-securities\/#primaryimage\"},\"thumbnailUrl\":\"https:\/\/www.canadahelps.org\/media\/Circular-Graph-Graphic.png\",\"datePublished\":\"2015-08-31T14:43:34+00:00\",\"dateModified\":\"2015-09-29T17:00:18+00:00\",\"breadcrumb\":{\"@id\":\"https:\/\/www.canadahelps.org\/fr\/donate-securities\/#breadcrumb\"},\"inLanguage\":\"fr\",\"potentialAction\":[{\"@type\":\"ReadAction\",\"target\":[\"https:\/\/www.canadahelps.org\/fr\/donate-securities\/\"]}]},{\"@type\":\"ImageObject\",\"inLanguage\":\"fr\",\"@id\":\"https:\/\/www.canadahelps.org\/fr\/donate-securities\/#primaryimage\",\"url\":\"https:\/\/www.canadahelps.org\/media\/Circular-Graph-Graphic.png\",\"contentUrl\":\"https:\/\/www.canadahelps.org\/media\/Circular-Graph-Graphic.png\"},{\"@type\":\"BreadcrumbList\",\"@id\":\"https:\/\/www.canadahelps.org\/fr\/donate-securities\/#breadcrumb\",\"itemListElement\":[{\"@type\":\"ListItem\",\"position\":1,\"name\":\"Home\",\"item\":\"https:\/\/www.canadahelps.org\/fr\/\"},{\"@type\":\"ListItem\",\"position\":2,\"name\":\"Faites don de titres\"}]},{\"@type\":\"WebSite\",\"@id\":\"https:\/\/www.canadahelps.org\/fr\/#website\",\"url\":\"https:\/\/www.canadahelps.org\/fr\/\",\"name\":\"CanadaHelps - Donate to any charity in Canada\",\"description\":\"Giving Made Simple\",\"publisher\":{\"@id\":\"https:\/\/www.canadahelps.org\/fr\/#organization\"},\"potentialAction\":[{\"@type\":\"SearchAction\",\"target\":{\"@type\":\"EntryPoint\",\"urlTemplate\":\"https:\/\/www.canadahelps.org\/fr\/?s={search_term_string}\"},\"query-input\":{\"@type\":\"PropertyValueSpecification\",\"valueRequired\":true,\"valueName\":\"search_term_string\"}}],\"inLanguage\":\"fr\"},{\"@type\":\"Organization\",\"@id\":\"https:\/\/www.canadahelps.org\/fr\/#organization\",\"name\":\"CanadaHelps\",\"url\":\"https:\/\/www.canadahelps.org\/fr\/\",\"logo\":{\"@type\":\"ImageObject\",\"inLanguage\":\"fr\",\"@id\":\"https:\/\/www.canadahelps.org\/fr\/#\/schema\/logo\/image\/\",\"url\":\"https:\/\/www.canadahelps.org\/media\/canadahelps-en.jpg\",\"contentUrl\":\"https:\/\/www.canadahelps.org\/media\/canadahelps-en.jpg\",\"width\":131,\"height\":72,\"caption\":\"CanadaHelps\"},\"image\":{\"@id\":\"https:\/\/www.canadahelps.org\/fr\/#\/schema\/logo\/image\/\"}}]}<\/script>\n<!-- \/ Yoast SEO plugin. -->","yoast_head_json":{"title":"Faites don de titres  | CanadaHelps - Donate to any charity in Canada","robots":{"index":"index","follow":"follow","max-snippet":"max-snippet:-1","max-image-preview":"max-image-preview:large","max-video-preview":"max-video-preview:-1"},"canonical":"https:\/\/www.canadahelps.org\/fr\/donate-securities\/","og_locale":"fr_FR","og_type":"article","og_title":"Faites don de titres  | CanadaHelps - Donate to any charity in Canada","og_description":"Incitez vos sympathisants \u00e0 donner \u00e0 votre organisme des valeurs mobili\u00e8res et des parts de fonds communs de placement Avec CanaDon, il est facile de ... Voir plus","og_url":"https:\/\/www.canadahelps.org\/fr\/donate-securities\/","og_site_name":"CanadaHelps - Donate to any charity in Canada","article_modified_time":"2015-09-29T17:00:18+00:00","og_image":[{"url":"https:\/\/www.canadahelps.org\/media\/Circular-Graph-Graphic.png","type":"","width":"","height":""}],"twitter_card":"summary_large_image","twitter_misc":{"Est. reading time":"3 minutes"},"schema":{"@context":"https:\/\/schema.org","@graph":[{"@type":"WebPage","@id":"https:\/\/www.canadahelps.org\/fr\/donate-securities\/","url":"https:\/\/www.canadahelps.org\/fr\/donate-securities\/","name":"Faites don de titres | CanadaHelps - Donate to any charity in Canada","isPartOf":{"@id":"https:\/\/www.canadahelps.org\/fr\/#website"},"primaryImageOfPage":{"@id":"https:\/\/www.canadahelps.org\/fr\/donate-securities\/#primaryimage"},"image":{"@id":"https:\/\/www.canadahelps.org\/fr\/donate-securities\/#primaryimage"},"thumbnailUrl":"https:\/\/www.canadahelps.org\/media\/Circular-Graph-Graphic.png","datePublished":"2015-08-31T14:43:34+00:00","dateModified":"2015-09-29T17:00:18+00:00","breadcrumb":{"@id":"https:\/\/www.canadahelps.org\/fr\/donate-securities\/#breadcrumb"},"inLanguage":"fr","potentialAction":[{"@type":"ReadAction","target":["https:\/\/www.canadahelps.org\/fr\/donate-securities\/"]}]},{"@type":"ImageObject","inLanguage":"fr","@id":"https:\/\/www.canadahelps.org\/fr\/donate-securities\/#primaryimage","url":"https:\/\/www.canadahelps.org\/media\/Circular-Graph-Graphic.png","contentUrl":"https:\/\/www.canadahelps.org\/media\/Circular-Graph-Graphic.png"},{"@type":"BreadcrumbList","@id":"https:\/\/www.canadahelps.org\/fr\/donate-securities\/#breadcrumb","itemListElement":[{"@type":"ListItem","position":1,"name":"Home","item":"https:\/\/www.canadahelps.org\/fr\/"},{"@type":"ListItem","position":2,"name":"Faites don de titres"}]},{"@type":"WebSite","@id":"https:\/\/www.canadahelps.org\/fr\/#website","url":"https:\/\/www.canadahelps.org\/fr\/","name":"CanadaHelps - Donate to any charity in Canada","description":"Giving Made Simple","publisher":{"@id":"https:\/\/www.canadahelps.org\/fr\/#organization"},"potentialAction":[{"@type":"SearchAction","target":{"@type":"EntryPoint","urlTemplate":"https:\/\/www.canadahelps.org\/fr\/?s={search_term_string}"},"query-input":{"@type":"PropertyValueSpecification","valueRequired":true,"valueName":"search_term_string"}}],"inLanguage":"fr"},{"@type":"Organization","@id":"https:\/\/www.canadahelps.org\/fr\/#organization","name":"CanadaHelps","url":"https:\/\/www.canadahelps.org\/fr\/","logo":{"@type":"ImageObject","inLanguage":"fr","@id":"https:\/\/www.canadahelps.org\/fr\/#\/schema\/logo\/image\/","url":"https:\/\/www.canadahelps.org\/media\/canadahelps-en.jpg","contentUrl":"https:\/\/www.canadahelps.org\/media\/canadahelps-en.jpg","width":131,"height":72,"caption":"CanadaHelps"},"image":{"@id":"https:\/\/www.canadahelps.org\/fr\/#\/schema\/logo\/image\/"}}]}},"_links":{"self":[{"href":"https:\/\/www.canadahelps.org\/fr\/wp-json\/wp\/v2\/pages\/7720","targetHints":{"allow":["GET"]}}],"collection":[{"href":"https:\/\/www.canadahelps.org\/fr\/wp-json\/wp\/v2\/pages"}],"about":[{"href":"https:\/\/www.canadahelps.org\/fr\/wp-json\/wp\/v2\/types\/page"}],"author":[{"embeddable":true,"href":"https:\/\/www.canadahelps.org\/fr\/wp-json\/wp\/v2\/users\/7"}],"replies":[{"embeddable":true,"href":"https:\/\/www.canadahelps.org\/fr\/wp-json\/wp\/v2\/comments?post=7720"}],"version-history":[{"count":12,"href":"https:\/\/www.canadahelps.org\/fr\/wp-json\/wp\/v2\/pages\/7720\/revisions"}],"predecessor-version":[{"id":8179,"href":"https:\/\/www.canadahelps.org\/fr\/wp-json\/wp\/v2\/pages\/7720\/revisions\/8179"}],"wp:attachment":[{"href":"https:\/\/www.canadahelps.org\/fr\/wp-json\/wp\/v2\/media?parent=7720"}],"curies":[{"name":"wp","href":"https:\/\/api.w.org\/{rel}","templated":true}]}}