{"id":7958,"date":"2015-09-14T11:48:18","date_gmt":"2015-09-14T15:48:18","guid":{"rendered":"https:\/\/www.canadahelps.org\/?page_id=7958"},"modified":"2017-03-09T12:54:14","modified_gmt":"2017-03-09T17:54:14","slug":"faq-integrez-a-votre-site-web-votre-formulaire-de-don-sur-mesure","status":"publish","type":"page","link":"https:\/\/www.canadahelps.org\/fr\/faq-integrez-a-votre-site-web-votre-formulaire-de-don-sur-mesure\/","title":{"rendered":"FAQ \u2013 Int\u00e9grez \u00e0 votre site Web votre formulaire de don sur mesure"},"content":{"rendered":"<h4 class=\"faq-question collapsed\" data-toggle=\"collapse\" data-target=\"#faq-1\">\n  <span class=\"faq-caret\"><\/span>\n  Comment puis-je int\u00e9grer \u00e0 mon site Web mon formulaire de don? \n<\/h4>\n<div id=\"faq-1\" class=\"faq-answer collapse\">\n  \n<p>Il suffit d\u2019ouvrir une session sur le compte de votre organisme et de cliquer sur l\u2019onglet \u00ab Faites un don \u00bb, puis sur le lien \u00ab Faites un don sur mesure \u00bb pour rep\u00e9rer le formulaire de don que vous souhaitez int\u00e9grer \u00e0 votre site (ou cr\u00e9ez un nouveau formulaire). Cliquez sur \u00ab Obtenez un code incorpor\u00e9 \u00bb, dans la colonne \u00ab Actions \u00bb \u00e0 l\u2019extr\u00eame droite, et copiez-collez le code sur la page de votre site, \u00e0 l\u2019endroit o\u00f9 vous d\u00e9sirez qu\u2019apparaisse votre formulaire de don.<\/p>\n\n<\/div>\n<h4 class=\"faq-question collapsed\" data-toggle=\"collapse\" data-target=\"#faq-2\">\n  <span class=\"faq-caret\"><\/span>\n  Que dois-je savoir en mati\u00e8re de s\u00e9curit\u00e9 lorsque j\u2019int\u00e8gre le formulaire \u00e0 mon site Web?\n<\/h4>\n<div id=\"faq-2\" class=\"faq-answer collapse\">\n  \n<p>Dois-je int\u00e9grer mon formulaire \u00e0 une page s\u00e9curis\u00e9e?<\/p>\n<p>Que vous d\u00e9cidiez d\u2019utiliser un bouton Faites un don, menant \u00e0 votre page de dons personnalis\u00e9e sur CanaDon.org, ou que vous pr\u00e9f\u00e9riez int\u00e9grer votre formulaire de don directement \u00e0 votre site Web, CanaDon prot\u00e8ge vos donateurs avec les plus hautes normes de s\u00e9curit\u00e9 sur les donn\u00e9es de l\u2019industrie des cartes de paiement, y compris le protocole \u00ab Transport Layer Security \u00bb, lors de l\u2019utilisation du formulaire de don. Vos visiteurs verront appara\u00eetre un formulaire de don int\u00e9gr\u00e9 au site de votre organisme, mais en r\u00e9alit\u00e9 ce formulaire est h\u00e9berg\u00e9 sur CanaDon.org. C\u2019est pourquoi le niveau de s\u00e9curit\u00e9 fourni par CanaDon pour le bouton Faites un don et pour le formulaire int\u00e9gr\u00e9 est identique et n\u2019est jamais compromis.<\/p>\n<p>Remarque importante :<\/p>\n<p>Si vous int\u00e9grez un formulaire de don CanaDon \u00e0 votre site Web, nous vous recommandons de le faire sur une page s\u00e9curis\u00e9e. Les pages s\u00e9curis\u00e9es sont facilement identifiables par les utilisateurs d\u2019Internet, car elles comportent les lettres \u00ab HTTPS \u00bb dans la zone Adresse. Avant de faire un paiement en ligne, les Canadiens v\u00e9rifient de plus en plus si l\u2019adresse URL comprend les lettres \u00ab HTTPS \u00bb. En cons\u00e9quence, l\u2019int\u00e9gration de la page de dons sur une page s\u00e9curis\u00e9e fera en sorte que vos donateurs ayant plus de connaissances en mati\u00e8re de s\u00e9curit\u00e9 auront pleinement confiance lorsqu\u2019ils feront des dons sur votre site. Beaucoup de ressources informationnelles expliquent comment cr\u00e9er un site Web s\u00e9curis\u00e9. Par exemple, <a href=\"https:\/\/support.google.com\/webmasters\/answer\/6073543?hl=en\" target=\"_blank\">cet aper\u00e7u de Google<\/a> peut \u00eatre utile.<\/p>\n<p>Pour que tous les donateurs se sentent \u00e0 l\u2019aise en faisant des dons \u00e0 votre organisation, si vous int\u00e9grez le formulaire de don CanaDon \u00e0 une page de votre site Web qui n\u2019est pas s\u00e9curis\u00e9e, CanaDon ajoutera automatiquement un cadenas dans le coin sup\u00e9rieur droit du formulaire de don int\u00e9gr\u00e9. En cliquant sur le cadenas, le donateur recevra la confirmation que la page est s\u00e9curis\u00e9e et un lien appara\u00eetra vers le formulaire de don personnalis\u00e9 sur CanaDon.org, au cas o\u00f9 le donateur d\u00e9sirerait voir l\u2019adresse URL comportant les lettres \u00ab HTTPS \u00bb.<\/p>\n<p>Pour plus de clart\u00e9, nous vous r\u00e9p\u00e9tons que m\u00eame si vous int\u00e9grez un formulaire de don CanaDon \u00e0 une page non s\u00e9curis\u00e9e de votre site Web (comme il est indiqu\u00e9 ci-dessus), le formulaire CanaDon, pour sa part, EST S\u00c9CURIS\u00c9 et respecte les plus hautes normes de s\u00e9curit\u00e9 sur les donn\u00e9es de l\u2019industrie des cartes de paiement. Cela \u00e9tant dit, que vous int\u00e9griez votre formulaire de don \u00e0 une page s\u00e9curis\u00e9e ou non s\u00e9curis\u00e9e, les directives pour la protection g\u00e9n\u00e9rale et pour la s\u00e9curit\u00e9 sur Internet recommandent que vous ayez mis en place les mesures de protection appropri\u00e9es pour faire en sorte que seuls des programmeurs et des professionnels informatiques de confiance puissent acc\u00e9der \u00e0 votre site Web et le g\u00e9rer. Sans de telles assurances, il est possible qu\u2019un programmeur malicieux puisse int\u00e9grer \u00e0 votre page un code pour enregistrer ou rediriger l\u2019information saisie dans votre formulaire de don int\u00e9gr\u00e9.<\/p>\n\n<\/div>\n<h4 class=\"faq-question collapsed\" data-toggle=\"collapse\" data-target=\"#faq-3\">\n  <span class=\"faq-caret\"><\/span>\n  Puis-je personnaliser mon formulaire de don en y ajoutant le nom de mon organisme? \n<\/h4>\n<div id=\"faq-3\" class=\"faq-answer collapse\">\n  \n<p>Vous pouvez choisir parmi toutes les options de personnalisation et de valorisation de la marque. De plus, nous avons ajout\u00e9 de nouvelles fonctionnalit\u00e9s afin que vous puissiez personnaliser votre logo et le texte d\u2019introduction pour chacun de vos formulaires de don personnalisables.<\/p>\n\n<\/div>\n<h4 class=\"faq-question collapsed\" data-toggle=\"collapse\" data-target=\"#faq-4\">\n  <span class=\"faq-caret\"><\/span>\n  Est-ce que CanaDon d\u00e9livre instantan\u00e9ment des re\u00e7us fiscaux pour don de bienfaisance? \n<\/h4>\n<div id=\"faq-4\" class=\"faq-answer collapse\">\n  \n<p>Oui, les re\u00e7us fiscaux pour don de bienfaisance sont encore trait\u00e9s automatiquement par CanaDon.<\/p>\n\n<\/div>\n<h4 class=\"faq-question collapsed\" data-toggle=\"collapse\" data-target=\"#faq-5\">\n  <span class=\"faq-caret\"><\/span>\n  Dans mes rapports de dons, y a-t-il des changements concernant la fa\u00e7on dont je re\u00e7ois les dons de la part de CanaDon?\n<\/h4>\n<div id=\"faq-5\" class=\"faq-answer collapse\">\n  \n<p>Non, rien n\u2019a chang\u00e9. Votre page de dons est toujours la m\u00eame, mais elle est maintenant en ligne sur le site Web de votre organisme de bienfaisance.<\/p>\n\n<\/div>\n<h4 class=\"faq-question collapsed\" data-toggle=\"collapse\" data-target=\"#faq-6\">\n  <span class=\"faq-caret\"><\/span>\n  Est-ce que mes donateurs peuvent faire des dons en utilisant Visa, MasterCard et American Express?\n<\/h4>\n<div id=\"faq-6\" class=\"faq-answer collapse\">\n  \n<p>Oui, vos donateurs peuvent utiliser n\u2019importe laquelle de ces m\u00e9thodes de paiement pour faire des dons, tout en restant sur la m\u00eame page de votre site.<\/p>\n\n<\/div>\n<h4 class=\"faq-question collapsed\" data-toggle=\"collapse\" data-target=\"#faq-7\">\n  <span class=\"faq-caret\"><\/span>\n  Est-ce que le paiement peut \u00eatre fait par PayPal?\n<\/h4>\n<div id=\"faq-7\" class=\"faq-answer collapse\">\n  \n<p>Oui, mais le processus est l\u00e9g\u00e8rement diff\u00e9rent. Une fen\u00eatre s\u2019ouvrira et on demandera aux donateurs d\u2019indiquer l\u2019information requise ainsi que leur identifiant PayPal avant de faire leur don. Veuillez noter que moins de 10 % des donateurs choisissent d\u2019utiliser ces m\u00e9thodes pour faire leur don.<\/p>\n\n<\/div>\n","protected":false},"excerpt":{"rendered":"","protected":false},"author":60,"featured_media":0,"parent":0,"menu_order":0,"comment_status":"open","ping_status":"open","template":"template-custom.php","meta":{"footnotes":""},"class_list":["post-7958","page","type-page","status-publish","hentry"],"acf":{"meta_description":"","use_toc_layout":false,"insert_spotlight_boxes":false,"use_biography_grid":false},"yoast_head":"<!-- This site is optimized with the Yoast SEO plugin v26.0 - https:\/\/yoast.com\/wordpress\/plugins\/seo\/ -->\n<title>FAQ \u2013 Int\u00e9grez \u00e0 votre site Web votre formulaire de don sur mesure | CanaDon - Faites des dons \u00e0 un organisme de bienfaisance au Canada<\/title>\n<meta name=\"robots\" content=\"index, follow, max-snippet:-1, max-image-preview:large, max-video-preview:-1\" \/>\n<link rel=\"canonical\" href=\"https:\/\/www.canadahelps.org\/fr\/faq-integrez-a-votre-site-web-votre-formulaire-de-don-sur-mesure\/\" \/>\n<meta property=\"og:locale\" content=\"fr_FR\" \/>\n<meta property=\"og:type\" content=\"article\" \/>\n<meta property=\"og:title\" content=\"FAQ \u2013 Int\u00e9grez \u00e0 votre site Web votre formulaire de don sur mesure | CanaDon - Faites des dons \u00e0 un organisme de bienfaisance au Canada\" \/>\n<meta property=\"og:url\" content=\"https:\/\/www.canadahelps.org\/fr\/faq-integrez-a-votre-site-web-votre-formulaire-de-don-sur-mesure\/\" \/>\n<meta property=\"og:site_name\" content=\"CanaDon - Faites des dons \u00e0 un organisme de bienfaisance au Canada\" \/>\n<meta property=\"article:modified_time\" content=\"2017-03-09T17:54:14+00:00\" \/>\n<meta name=\"twitter:card\" content=\"summary_large_image\" \/>\n<meta name=\"twitter:label1\" content=\"Est. reading time\" \/>\n\t<meta name=\"twitter:data1\" content=\"5 minutes\" \/>\n<script type=\"application\/ld+json\" class=\"yoast-schema-graph\">{\"@context\":\"https:\/\/schema.org\",\"@graph\":[{\"@type\":\"WebPage\",\"@id\":\"https:\/\/www.canadahelps.org\/fr\/faq-integrez-a-votre-site-web-votre-formulaire-de-don-sur-mesure\/\",\"url\":\"https:\/\/www.canadahelps.org\/fr\/faq-integrez-a-votre-site-web-votre-formulaire-de-don-sur-mesure\/\",\"name\":\"FAQ \u2013 Int\u00e9grez \u00e0 votre site Web votre formulaire de don sur mesure | CanaDon - Faites des dons \u00e0 un organisme de bienfaisance au Canada\",\"isPartOf\":{\"@id\":\"https:\/\/www.canadahelps.org\/fr\/#website\"},\"datePublished\":\"2015-09-14T15:48:18+00:00\",\"dateModified\":\"2017-03-09T17:54:14+00:00\",\"breadcrumb\":{\"@id\":\"https:\/\/www.canadahelps.org\/fr\/faq-integrez-a-votre-site-web-votre-formulaire-de-don-sur-mesure\/#breadcrumb\"},\"inLanguage\":\"fr\",\"potentialAction\":[{\"@type\":\"ReadAction\",\"target\":[\"https:\/\/www.canadahelps.org\/fr\/faq-integrez-a-votre-site-web-votre-formulaire-de-don-sur-mesure\/\"]}]},{\"@type\":\"BreadcrumbList\",\"@id\":\"https:\/\/www.canadahelps.org\/fr\/faq-integrez-a-votre-site-web-votre-formulaire-de-don-sur-mesure\/#breadcrumb\",\"itemListElement\":[{\"@type\":\"ListItem\",\"position\":1,\"name\":\"Home\",\"item\":\"https:\/\/www.canadahelps.org\/fr\/\"},{\"@type\":\"ListItem\",\"position\":2,\"name\":\"FAQ \u2013 Int\u00e9grez \u00e0 votre site Web votre formulaire de don sur mesure\"}]},{\"@type\":\"WebSite\",\"@id\":\"https:\/\/www.canadahelps.org\/fr\/#website\",\"url\":\"https:\/\/www.canadahelps.org\/fr\/\",\"name\":\"CanadaHelps - Donate to any charity in Canada\",\"description\":\"Le don en toute simplicit\u00e9\",\"publisher\":{\"@id\":\"https:\/\/www.canadahelps.org\/fr\/#organization\"},\"potentialAction\":[{\"@type\":\"SearchAction\",\"target\":{\"@type\":\"EntryPoint\",\"urlTemplate\":\"https:\/\/www.canadahelps.org\/fr\/?s={search_term_string}\"},\"query-input\":{\"@type\":\"PropertyValueSpecification\",\"valueRequired\":true,\"valueName\":\"search_term_string\"}}],\"inLanguage\":\"fr\"},{\"@type\":\"Organization\",\"@id\":\"https:\/\/www.canadahelps.org\/fr\/#organization\",\"name\":\"CanadaHelps\",\"url\":\"https:\/\/www.canadahelps.org\/fr\/\",\"logo\":{\"@type\":\"ImageObject\",\"inLanguage\":\"fr\",\"@id\":\"https:\/\/www.canadahelps.org\/fr\/#\/schema\/logo\/image\/\",\"url\":\"https:\/\/www.canadahelps.org\/media\/canadahelps-en.jpg\",\"contentUrl\":\"https:\/\/www.canadahelps.org\/media\/canadahelps-en.jpg\",\"width\":131,\"height\":72,\"caption\":\"CanadaHelps\"},\"image\":{\"@id\":\"https:\/\/www.canadahelps.org\/fr\/#\/schema\/logo\/image\/\"}}]}<\/script>\n<!-- \/ Yoast SEO plugin. -->","yoast_head_json":{"title":"FAQ \u2013 Int\u00e9grez \u00e0 votre site Web votre formulaire de don sur mesure | CanaDon - Faites des dons \u00e0 un organisme de bienfaisance au Canada","robots":{"index":"index","follow":"follow","max-snippet":"max-snippet:-1","max-image-preview":"max-image-preview:large","max-video-preview":"max-video-preview:-1"},"canonical":"https:\/\/www.canadahelps.org\/fr\/faq-integrez-a-votre-site-web-votre-formulaire-de-don-sur-mesure\/","og_locale":"fr_FR","og_type":"article","og_title":"FAQ \u2013 Int\u00e9grez \u00e0 votre site Web votre formulaire de don sur mesure | CanaDon - Faites des dons \u00e0 un organisme de bienfaisance au Canada","og_url":"https:\/\/www.canadahelps.org\/fr\/faq-integrez-a-votre-site-web-votre-formulaire-de-don-sur-mesure\/","og_site_name":"CanaDon - Faites des dons \u00e0 un organisme de bienfaisance au Canada","article_modified_time":"2017-03-09T17:54:14+00:00","twitter_card":"summary_large_image","twitter_misc":{"Est. reading time":"5 minutes"},"schema":{"@context":"https:\/\/schema.org","@graph":[{"@type":"WebPage","@id":"https:\/\/www.canadahelps.org\/fr\/faq-integrez-a-votre-site-web-votre-formulaire-de-don-sur-mesure\/","url":"https:\/\/www.canadahelps.org\/fr\/faq-integrez-a-votre-site-web-votre-formulaire-de-don-sur-mesure\/","name":"FAQ \u2013 Int\u00e9grez \u00e0 votre site Web votre formulaire de don sur mesure | CanaDon - Faites des dons \u00e0 un organisme de bienfaisance au Canada","isPartOf":{"@id":"https:\/\/www.canadahelps.org\/fr\/#website"},"datePublished":"2015-09-14T15:48:18+00:00","dateModified":"2017-03-09T17:54:14+00:00","breadcrumb":{"@id":"https:\/\/www.canadahelps.org\/fr\/faq-integrez-a-votre-site-web-votre-formulaire-de-don-sur-mesure\/#breadcrumb"},"inLanguage":"fr","potentialAction":[{"@type":"ReadAction","target":["https:\/\/www.canadahelps.org\/fr\/faq-integrez-a-votre-site-web-votre-formulaire-de-don-sur-mesure\/"]}]},{"@type":"BreadcrumbList","@id":"https:\/\/www.canadahelps.org\/fr\/faq-integrez-a-votre-site-web-votre-formulaire-de-don-sur-mesure\/#breadcrumb","itemListElement":[{"@type":"ListItem","position":1,"name":"Home","item":"https:\/\/www.canadahelps.org\/fr\/"},{"@type":"ListItem","position":2,"name":"FAQ \u2013 Int\u00e9grez \u00e0 votre site Web votre formulaire de don sur mesure"}]},{"@type":"WebSite","@id":"https:\/\/www.canadahelps.org\/fr\/#website","url":"https:\/\/www.canadahelps.org\/fr\/","name":"CanadaHelps - Donate to any charity in Canada","description":"Le don en toute simplicit\u00e9","publisher":{"@id":"https:\/\/www.canadahelps.org\/fr\/#organization"},"potentialAction":[{"@type":"SearchAction","target":{"@type":"EntryPoint","urlTemplate":"https:\/\/www.canadahelps.org\/fr\/?s={search_term_string}"},"query-input":{"@type":"PropertyValueSpecification","valueRequired":true,"valueName":"search_term_string"}}],"inLanguage":"fr"},{"@type":"Organization","@id":"https:\/\/www.canadahelps.org\/fr\/#organization","name":"CanadaHelps","url":"https:\/\/www.canadahelps.org\/fr\/","logo":{"@type":"ImageObject","inLanguage":"fr","@id":"https:\/\/www.canadahelps.org\/fr\/#\/schema\/logo\/image\/","url":"https:\/\/www.canadahelps.org\/media\/canadahelps-en.jpg","contentUrl":"https:\/\/www.canadahelps.org\/media\/canadahelps-en.jpg","width":131,"height":72,"caption":"CanadaHelps"},"image":{"@id":"https:\/\/www.canadahelps.org\/fr\/#\/schema\/logo\/image\/"}}]}},"_links":{"self":[{"href":"https:\/\/www.canadahelps.org\/fr\/wp-json\/wp\/v2\/pages\/7958","targetHints":{"allow":["GET"]}}],"collection":[{"href":"https:\/\/www.canadahelps.org\/fr\/wp-json\/wp\/v2\/pages"}],"about":[{"href":"https:\/\/www.canadahelps.org\/fr\/wp-json\/wp\/v2\/types\/page"}],"author":[{"embeddable":true,"href":"https:\/\/www.canadahelps.org\/fr\/wp-json\/wp\/v2\/users\/60"}],"replies":[{"embeddable":true,"href":"https:\/\/www.canadahelps.org\/fr\/wp-json\/wp\/v2\/comments?post=7958"}],"version-history":[{"count":4,"href":"https:\/\/www.canadahelps.org\/fr\/wp-json\/wp\/v2\/pages\/7958\/revisions"}],"predecessor-version":[{"id":13950,"href":"https:\/\/www.canadahelps.org\/fr\/wp-json\/wp\/v2\/pages\/7958\/revisions\/13950"}],"wp:attachment":[{"href":"https:\/\/www.canadahelps.org\/fr\/wp-json\/wp\/v2\/media?parent=7958"}],"curies":[{"name":"wp","href":"https:\/\/api.w.org\/{rel}","templated":true}]}}