{"id":8068,"date":"2015-09-09T17:19:41","date_gmt":"2015-09-09T21:19:41","guid":{"rendered":"https:\/\/www.canadahelps.org\/?page_id=8068"},"modified":"2018-01-09T12:04:47","modified_gmt":"2018-01-09T17:04:47","slug":"gestion-devenements","status":"publish","type":"page","link":"https:\/\/www.canadahelps.org\/fr\/gestion-devenements\/","title":{"rendered":"Gestion d&#8217;\u00e9v\u00e9nements"},"content":{"rendered":"<h2 style=\"font-size:24px\">\u00c9pargnez temps et argent, et faites que votre \u00e9v\u00e9nement-b\u00e9n\u00e9fice remporte un plus grand succ\u00e8s<\/h2>\n<p>Gr\u00e2ce \u00e0 la plateforme \u00c9v\u00e9nements de CanaDon, il n\u2019a jamais \u00e9t\u00e9 aussi facile et aussi \u00e9conomique d\u2019organiser des galas de charit\u00e9, des tournois, des webinaires et d\u2019autres \u00e9v\u00e9nements. Con\u00e7ue pour les organismes de bienfaisance, \u00c9v\u00e9nements de CanaDon r\u00e9duit de beaucoup vos co\u00fbts administratifs, vous offre plusieurs options pour les billets et facilite la vente de billets en ligne, et constitue un outil flexible pour le fractionnement des re\u00e7us. Avec ses rapports de vente en temps r\u00e9el, ses aide-m\u00e9moire automatiques pour les \u00e9v\u00e9nements et sa gestion simple de l\u2019accueil des participants, \u00c9v\u00e9nements de CanaDon vous permet d\u2019organiser des \u00e9v\u00e9nements sans souci. Mieux encore? De faibles frais uniques de 4,5 % (incluant les frais de carte de cr\u00e9dit) s\u2019appliquent aux billets pay\u00e9s pour les \u00e9v\u00e9nements.<br \/>\n<a class=\"btn btn-primary\" href=\"#section-1\">Commencez maintenant!<\/a><\/p>\n<h2><img loading=\"lazy\" decoding=\"async\" class=\"alignright wp-image-8004\" src=\"https:\/\/www.canadahelps.org\/media\/Main-Graphic-for-Events-Landing-Page-.png\" alt=\"\" width=\"259\" height=\"268\" \/>Tout ce dont vous avez besoin pour assurer le bon d\u00e9roulement de vos \u00e9v\u00e9nements caritatifs<\/h2>\n<ul>\n<li>\u00c9v\u00e9nements gratuits ou exigeant l\u2019achat de billets<\/li>\n<li>Pages d\u2019\u00e9v\u00e9nement tr\u00e8s attrayantes<\/li>\n<li>Fonctions int\u00e9gr\u00e9es de partage sur les r\u00e9seaux sociaux<\/li>\n<li>Pleinement adapt\u00e9 aux appareils mobiles<\/li>\n<li>Excellentes options de valorisation de la marque<\/li>\n<li>Re\u00e7us automatiques pour dons de bienfaisance<\/li>\n<li>En option, re\u00e7us post-\u00e9v\u00e9nement<\/li>\n<li>Rapports de vente en temps r\u00e9el<\/li>\n<li>Gestion simple de l\u2019accueil des participants<\/li>\n<\/ul>\n<h1><strong>De la vente de billets \u00e0 la d\u00e9livrance de re\u00e7us fiscaux, \u00c9v\u00e9nements de CanaDon simplifie le d\u00e9roulement des \u00e9v\u00e9nements!<\/strong><\/h1>\n<h4>Solution robuste pour les billets et options flexibles pour la d\u00e9livrance de re\u00e7us<\/h4>\n<ul>\n<li>Offrez un ou plusieurs types de billets : cr\u00e9ez la combinaison parfaite pour maximiser les r\u00e9sultats de votre collecte de fonds.<\/li>\n<li>Organisez des \u00e9v\u00e9nements gratuits ou exigeant l\u2019achat de billets, pour de petits rassemblements ou pour des rassemblements de 10 000 participants et plus.<\/li>\n<li>Acceptez les dons en ligne : c\u2019est l\u2019id\u00e9al pour les sympathisants qui ne peuvent \u00eatre pr\u00e9sents ou qui veulent faire un don plus consid\u00e9rable.<\/li>\n<li>D\u00e9livrance de re\u00e7us lorsque vous \u00eates pr\u00eat : lorsque vous conna\u00eetrez tous vos co\u00fbts, indiquez le montant admissible pour un re\u00e7u fiscal (le cas \u00e9ch\u00e9ant), par type de billet, et nous d\u00e9livrerons instantan\u00e9ment les re\u00e7us fiscaux.<\/li>\n<\/ul>\n<h4 class=\"faq-question collapsed\" data-toggle=\"collapse\" data-target=\"#faq-1\">\n  <span class=\"faq-caret\"><\/span>\n  Voir un exemple de billet pour les \u00e9v\u00e9nements\n<\/h4>\n<div id=\"faq-1\" class=\"faq-answer collapse\">\n  <br \/>\nImages bient\u00f4t disponibles en fran\u00e7ais, pour le lancement du produit.<br \/>\n<img loading=\"lazy\" decoding=\"async\" class=\"alignnone wp-image-8000\" src=\"https:\/\/www.canadahelps.org\/media\/Ticket-and-Receipt-Cropped-FR.png\" alt=\"Ticket and Receipt Cropped\" width=\"407\" height=\"392\" \/>\n<p>&nbsp;<\/p>\n\n<\/div>\n<hr class=\"grey\" \/>\n<h4>Personnalisez votre \u00e9v\u00e9nement en mettant en valeur votre marque. C\u2019est facile!<\/h4>\n<ul>\n<li>Encouragez la participation en racontant votre histoire en paroles, photos et vid\u00e9os sur votre page d\u2019\u00e9v\u00e9nement.<\/li>\n<li>Choisissez la palette de couleurs de votre marque et ajoutez une image en banni\u00e8re \u00e0 votre page d\u2019\u00e9v\u00e9nement et \u00e0 vos courriels.<\/li>\n<li>Ajoutez des questions personnalis\u00e9es afin d\u2019obtenir toute l\u2019information dont vous avez besoin sur les participants, par exemple les pr\u00e9f\u00e9rences pour les repas ou la taille d\u2019un tee-shirt, en vue d\u2019assurer le bon d\u00e9roulement de votre \u00e9v\u00e9nement.<\/li>\n<li>Ajoutez des messages personnalis\u00e9s pour les acheteurs, des courriels pour les participants, etc.<\/li>\n<\/ul>\n<h4 class=\"faq-question collapsed\" data-toggle=\"collapse\" data-target=\"#faq-2\">\n  <span class=\"faq-caret\"><\/span>\n  Voir les \u00e9crans pour la valorisation de votre marque et la personnalisation des courriels\n<\/h4>\n<div id=\"faq-2\" class=\"faq-answer collapse\">\n  <br \/>\nImages bient\u00f4t disponibles en fran\u00e7ais, pour le lancement du produit.\n<div class=\"none\">\n<h2 class=\"text-center text-oversize text-grey\"><\/h2>\n<div class=\"row columns-with-lines\">\n<div class=\"col-sm-6 extra-spacing text-left\"><a href=\"https:\/\/www.canadahelps.org\/media\/Events-CustomEmailTab-French.png\"><img loading=\"lazy\" decoding=\"async\" class=\"alignnone size-full wp-image-8002\" src=\"https:\/\/www.canadahelps.org\/media\/Events-CustomEmailTab-French.png\" alt=\"Custom Emails Cropped\" width=\"726\" height=\"890\" \/><\/a><\/div>\n<div class=\"col-sm-6 extra-spacing text-left\">\n<h4><\/h4>\n<p><a href=\"https:\/\/www.canadahelps.org\/media\/Events-CustomPageVisuals-French.png\"><img loading=\"lazy\" decoding=\"async\" class=\"alignnone size-full wp-image-7993\" src=\"https:\/\/www.canadahelps.org\/media\/Events-CustomPageVisuals-French.png\" alt=\"Colour Palette Cropped\" width=\"729\" height=\"914\" \/><\/a><\/p>\n<\/div>\n<\/div>\n<\/div>\n\n<\/div>\n<hr class=\"grey\" \/>\n<h4>Augmentez la vente de billets et la participation \u00e0 l\u2019\u00e9v\u00e9nement<\/h4>\n<ul>\n<li>Toutes les principales m\u00e9thodes de paiement sont accept\u00e9es.<\/li>\n<li>Les fonctions de partage sur les r\u00e9seaux sociaux encouragent les participants \u00e0 inviter des amis et des membres de leur famille, et \u00e0 promouvoir l\u2019\u00e9v\u00e9nement.<\/li>\n<li>Un mur des participants montre de fa\u00e7on dynamique qui sera pr\u00e9sent \u00e0 l\u2019\u00e9v\u00e9nement, de fa\u00e7on \u00e0 mousser la vente des billets.<\/li>\n<li>L\u2019option d\u2019ajout au calendrier en un seul clic et les courriels automatiques servant de rappel font en sorte qu\u2019on accorde une place prioritaire \u00e0 votre \u00e9v\u00e9nement.<\/li>\n<\/ul>\n<h4 class=\"faq-question collapsed\" data-toggle=\"collapse\" data-target=\"#faq-3\">\n  <span class=\"faq-caret\"><\/span>\n  Voir la page pour acheter des billets en ligne et le mur des participants, adapt\u00e9s aux appareils mobiles\n<\/h4>\n<div id=\"faq-3\" class=\"faq-answer collapse\">\n  <br \/>\nImages bient\u00f4t disponibles en fran\u00e7ais, pour le lancement du produit.\n<div class=\"none\">\n<h2 class=\"text-center text-oversize text-grey\"><\/h2>\n<div class=\"row columns-with-lines\">\n<div class=\"col-sm-6 extra-spacing text-left\"><img loading=\"lazy\" decoding=\"async\" class=\"alignnone size-full wp-image-7996\" src=\"https:\/\/www.canadahelps.org\/media\/Events-Tickets-Mobile-French-resize.png\" alt=\"Screenshot for Mobile Phone\" width=\"310\" height=\"550\" \/><\/div>\n<div class=\"col-sm-6 extra-spacing text-left\">\n<h4><\/h4>\n<p><img loading=\"lazy\" decoding=\"async\" class=\"alignnone size-full wp-image-7997\" src=\"https:\/\/www.canadahelps.org\/media\/Events-Attendees-Mobile-French.png\" alt=\"Attendee Wall\" width=\"300\" height=\"567\" \/><\/p>\n<\/div>\n<\/div>\n<\/div>\n\n<\/div>\n<hr class=\"grey\" \/>\n<h4>G\u00e9rez votre \u00e9v\u00e9nement sans souci<\/h4>\n<ul>\n<li>Un tableau de bord pr\u00e9sentant les rapports en temps r\u00e9el indique le nombre de billets vendus, le produit de la vente (en dollars), etc.<\/li>\n<li>Le rapport d\u00e9taill\u00e9 pour la vente des billets et notre fonction en ligne pour la participation simplifient la gestion de l\u2019accueil des participants.<\/li>\n<li>Vous ne savez pas d\u2019avance quels seront vos co\u00fbts? Aucun probl\u00e8me. Il suffit d\u2019indiquer le montant admissible par type de billet, apr\u00e8s l\u2019\u00e9v\u00e9nement, et CanaDon enverra instantan\u00e9ment les re\u00e7us.<\/li>\n<li>Un changement de logistique? Aucun probl\u00e8me. Utilisez l\u2019outil int\u00e9gr\u00e9 de courrier \u00e9lectronique pour aviser les acheteurs de billets.<\/li>\n<\/ul>\n<h4 class=\"faq-question collapsed\" data-toggle=\"collapse\" data-target=\"#faq-4\">\n  <span class=\"faq-caret\"><\/span>\n  Voir le tableau de bord des ventes et des participants\n<\/h4>\n<div id=\"faq-4\" class=\"faq-answer collapse\">\n  <br \/>\nImages bient\u00f4t disponibles en fran\u00e7ais, pour le lancement du produit.\n<div class=\"none\">\n<h2 class=\"text-center text-oversize text-grey\"><\/h2>\n<div class=\"row columns-with-lines\">\n<div class=\"col-sm-6 extra-spacing text-left\"><img loading=\"lazy\" decoding=\"async\" class=\"alignnone wp-image-7990\" src=\"https:\/\/www.canadahelps.org\/media\/Events-Sales-Dashboard-French.png\" alt=\"Sales and Donations Dashboard\" width=\"527\" height=\"376\" \/><\/div>\n<div class=\"col-sm-6 extra-spacing text-left\">\n<h4><\/h4>\n<p><img loading=\"lazy\" decoding=\"async\" class=\"alignnone size-full wp-image-7991\" src=\"https:\/\/www.canadahelps.org\/media\/Events-Attendees-Dashboard-French.png\" alt=\"Attendees Dashboard\" width=\"740\" height=\"583\" \/><\/p>\n<\/div>\n<\/div>\n<\/div>\n\n<\/div>\n<hr class=\"grey\" \/>\n<h4><img loading=\"lazy\" decoding=\"async\" class=\"alignright wp-image-7887\" src=\"https:\/\/www.canadahelps.org\/media\/4.5-Percent-Fee-Badge_FR.png\" alt=\"4.5-fee\" width=\"124\" height=\"118\" \/>De faibles tarifs non commerciaux<\/h4>\n<ul>\n<li>Vous offrez des billets gratuits? Aucuns frais pour ces billets, quelle que soit l\u2019ampleur de votre \u00e9v\u00e9nement.<\/li>\n<li>Vous vendez des billets? De faibles frais de 4,5 % s\u2019appliquent (incluant les frais de carte de cr\u00e9dit)<\/li>\n<li>Il n\u2019y a pas de frais d\u2019inscription ni de gestion.<\/li>\n<\/ul>\n<p><a name=\"section-1\"><\/a><\/p>\n<h2>D\u00e9marrez!<\/h2>\n<p class=\"text-oversize\">D\u00e9marrez! \u00c9pargnez temps et argent, et amassez plus de fonds lors de vos campagnes. Et tout cela, en profitant des plus faibles frais non commerciaux offerts sur le march\u00e9 : seulement 4,5 % \u2014 y compris les frais de carte de cr\u00e9dit!<\/p>\n<hr class=\"grey\" \/>\n<div class=\"row columns-with-lines\">\n<div class=\"col-sm-4\">\n<h4>Vous \u00eates un nouveau venu sur CanaDon?<\/h4>\n<p>Inscrivez-vous en ligne pour obtenir votre compte gratuit Collecte de fonds. Vous aurez acc\u00e8s \u00e0 tous nos outils non commerciaux pour la collecte de fonds en ligne.<\/p>\n<p style=\"text-align: left;\"><a class=\"btn btn-primary\" href=\"https:\/\/www.canadahelps.org\/fr\/pour-les-organismes\/comparez-les-solutions\/\">Inscrivez-vous aujourd\u2019hui<\/a><\/p>\n<\/div>\n<div class=\"col-sm-4\">\n<h4>Vous avez d\u00e9j\u00e0 un compte<\/h4>\n<h4>Collecte de fonds, chez CanaDon?<\/h4>\n<p>Si vous utilisez nos formulaires de don sur mesure, votre compte Collecte de fonds vous donne acc\u00e8s \u00e0 la nouvelle solution pour la gestion d\u2019\u00e9v\u00e9nements.<\/p>\n<p style=\"text-align: left;\"><a class=\"btn btn-primary\" href=\"https:\/\/www.canadahelps.org\/fr\/SignIn.aspx\">Ouvrez une session maintenant<\/a><\/p>\n<\/div>\n<div class=\"col-sm-4\">\n<h4>Vous ne savez pas si vous avez un compte Collecte de fonds?<\/h4>\n<p>Ouvrez une session sur le compte de votre organisme sur CanaDon et, si vous ne voyez pas l\u2019onglet \u00ab \u00c9v\u00e9nements \u00bb, revenez sur cette page pour mettre \u00e0 niveau votre compte.<\/p>\n<p style=\"text-align: left;\"><a class=\"btn btn-primary\" href=\"mailto:info@canadon.org\">Contactez-nous<\/a><\/p>\n<\/div>\n<\/div>\n<hr class=\"grey\" \/>\n<p><strong>Des questions? <a href=\"mailto:registrations@canadahelps.org\" target=\"_blank\">Contactez-nous<\/a>.<\/strong><\/p>\n<p><small>Depuis plus de 17 ans, les Canadiens font confiance \u00e0 CanaDon \u2014 la plateforme que pr\u00e9f\u00e8rent plus de 18 000 organismes de bienfaisance canadiens enregistr\u00e9s pour la collecte de fonds en ligne. CanaDon respecte le plus haut niveau de conformit\u00e9 aux normes de s\u00e9curit\u00e9 sur les donn\u00e9es de l\u2019industrie des cartes de paiement, et a re\u00e7u l\u2019agr\u00e9ment dans le cadre du Programme de normes d\u2019Imagine Canada.<\/small><\/p>\n","protected":false},"excerpt":{"rendered":"<p>\u00c9pargnez temps et argent, et faites que votre \u00e9v\u00e9nement-b\u00e9n\u00e9fice remporte un plus grand succ\u00e8s Gr\u00e2ce \u00e0 la plateforme \u00c9v\u00e9nements de CanaDon, il n\u2019a jamais \u00e9t\u00e9 &#8230; <a href=\"https:\/\/www.canadahelps.org\/fr\/gestion-devenements\/\" id=\"canadahelp-blog-meta\">Voir plus<\/a><\/p>\n","protected":false},"author":60,"featured_media":0,"parent":0,"menu_order":3,"comment_status":"open","ping_status":"open","template":"template-subpage-float.php","meta":{"footnotes":""},"class_list":["post-8068","page","type-page","status-publish","hentry"],"acf":{"meta_description":"","use_toc_layout":false,"insert_spotlight_boxes":false,"use_biography_grid":false,"hide_page_title":false},"yoast_head":"<!-- This site is optimized with the Yoast SEO plugin v26.0 - https:\/\/yoast.com\/wordpress\/plugins\/seo\/ -->\n<title>Gestion d&#039;\u00e9v\u00e9nements | CanaDon - Faites des dons \u00e0 un organisme de bienfaisance au Canada<\/title>\n<meta name=\"robots\" content=\"index, follow, max-snippet:-1, max-image-preview:large, max-video-preview:-1\" \/>\n<link rel=\"canonical\" href=\"https:\/\/www.canadahelps.org\/fr\/gestion-devenements\/\" \/>\n<meta property=\"og:locale\" content=\"fr_FR\" \/>\n<meta property=\"og:type\" content=\"article\" \/>\n<meta property=\"og:title\" content=\"Gestion d&#039;\u00e9v\u00e9nements | CanaDon - Faites des dons \u00e0 un organisme de bienfaisance au Canada\" \/>\n<meta property=\"og:description\" content=\"\u00c9pargnez temps et argent, et faites que votre \u00e9v\u00e9nement-b\u00e9n\u00e9fice remporte un plus grand succ\u00e8s Gr\u00e2ce \u00e0 la plateforme \u00c9v\u00e9nements de CanaDon, il n\u2019a jamais \u00e9t\u00e9 ... Voir plus\" \/>\n<meta property=\"og:url\" content=\"https:\/\/www.canadahelps.org\/fr\/gestion-devenements\/\" \/>\n<meta property=\"og:site_name\" content=\"CanaDon - Faites des dons \u00e0 un organisme de bienfaisance au Canada\" \/>\n<meta property=\"article:modified_time\" content=\"2018-01-09T17:04:47+00:00\" \/>\n<meta property=\"og:image\" content=\"https:\/\/www.canadahelps.org\/media\/Main-Graphic-for-Events-Landing-Page-.png\" \/>\n<meta name=\"twitter:card\" content=\"summary_large_image\" \/>\n<meta name=\"twitter:label1\" content=\"Est. reading time\" \/>\n\t<meta name=\"twitter:data1\" content=\"6 minutes\" \/>\n<script type=\"application\/ld+json\" class=\"yoast-schema-graph\">{\"@context\":\"https:\/\/schema.org\",\"@graph\":[{\"@type\":\"WebPage\",\"@id\":\"https:\/\/www.canadahelps.org\/fr\/gestion-devenements\/\",\"url\":\"https:\/\/www.canadahelps.org\/fr\/gestion-devenements\/\",\"name\":\"Gestion d'\u00e9v\u00e9nements | CanaDon - Faites des dons \u00e0 un organisme de bienfaisance au Canada\",\"isPartOf\":{\"@id\":\"https:\/\/www.canadahelps.org\/fr\/#website\"},\"primaryImageOfPage\":{\"@id\":\"https:\/\/www.canadahelps.org\/fr\/gestion-devenements\/#primaryimage\"},\"image\":{\"@id\":\"https:\/\/www.canadahelps.org\/fr\/gestion-devenements\/#primaryimage\"},\"thumbnailUrl\":\"https:\/\/www.canadahelps.org\/media\/Main-Graphic-for-Events-Landing-Page-.png\",\"datePublished\":\"2015-09-09T21:19:41+00:00\",\"dateModified\":\"2018-01-09T17:04:47+00:00\",\"breadcrumb\":{\"@id\":\"https:\/\/www.canadahelps.org\/fr\/gestion-devenements\/#breadcrumb\"},\"inLanguage\":\"fr\",\"potentialAction\":[{\"@type\":\"ReadAction\",\"target\":[\"https:\/\/www.canadahelps.org\/fr\/gestion-devenements\/\"]}]},{\"@type\":\"ImageObject\",\"inLanguage\":\"fr\",\"@id\":\"https:\/\/www.canadahelps.org\/fr\/gestion-devenements\/#primaryimage\",\"url\":\"https:\/\/www.canadahelps.org\/media\/Main-Graphic-for-Events-Landing-Page-.png\",\"contentUrl\":\"https:\/\/www.canadahelps.org\/media\/Main-Graphic-for-Events-Landing-Page-.png\"},{\"@type\":\"BreadcrumbList\",\"@id\":\"https:\/\/www.canadahelps.org\/fr\/gestion-devenements\/#breadcrumb\",\"itemListElement\":[{\"@type\":\"ListItem\",\"position\":1,\"name\":\"Home\",\"item\":\"https:\/\/www.canadahelps.org\/fr\/\"},{\"@type\":\"ListItem\",\"position\":2,\"name\":\"Gestion d&#8217;\u00e9v\u00e9nements\"}]},{\"@type\":\"WebSite\",\"@id\":\"https:\/\/www.canadahelps.org\/fr\/#website\",\"url\":\"https:\/\/www.canadahelps.org\/fr\/\",\"name\":\"CanadaHelps - Donate to any charity in Canada\",\"description\":\"Le don en toute simplicit\u00e9\",\"publisher\":{\"@id\":\"https:\/\/www.canadahelps.org\/fr\/#organization\"},\"potentialAction\":[{\"@type\":\"SearchAction\",\"target\":{\"@type\":\"EntryPoint\",\"urlTemplate\":\"https:\/\/www.canadahelps.org\/fr\/?s={search_term_string}\"},\"query-input\":{\"@type\":\"PropertyValueSpecification\",\"valueRequired\":true,\"valueName\":\"search_term_string\"}}],\"inLanguage\":\"fr\"},{\"@type\":\"Organization\",\"@id\":\"https:\/\/www.canadahelps.org\/fr\/#organization\",\"name\":\"CanadaHelps\",\"url\":\"https:\/\/www.canadahelps.org\/fr\/\",\"logo\":{\"@type\":\"ImageObject\",\"inLanguage\":\"fr\",\"@id\":\"https:\/\/www.canadahelps.org\/fr\/#\/schema\/logo\/image\/\",\"url\":\"https:\/\/www.canadahelps.org\/media\/canadahelps-en.jpg\",\"contentUrl\":\"https:\/\/www.canadahelps.org\/media\/canadahelps-en.jpg\",\"width\":131,\"height\":72,\"caption\":\"CanadaHelps\"},\"image\":{\"@id\":\"https:\/\/www.canadahelps.org\/fr\/#\/schema\/logo\/image\/\"}}]}<\/script>\n<!-- \/ Yoast SEO plugin. -->","yoast_head_json":{"title":"Gestion d'\u00e9v\u00e9nements | CanaDon - Faites des dons \u00e0 un organisme de bienfaisance au Canada","robots":{"index":"index","follow":"follow","max-snippet":"max-snippet:-1","max-image-preview":"max-image-preview:large","max-video-preview":"max-video-preview:-1"},"canonical":"https:\/\/www.canadahelps.org\/fr\/gestion-devenements\/","og_locale":"fr_FR","og_type":"article","og_title":"Gestion d'\u00e9v\u00e9nements | CanaDon - Faites des dons \u00e0 un organisme de bienfaisance au Canada","og_description":"\u00c9pargnez temps et argent, et faites que votre \u00e9v\u00e9nement-b\u00e9n\u00e9fice remporte un plus grand succ\u00e8s Gr\u00e2ce \u00e0 la plateforme \u00c9v\u00e9nements de CanaDon, il n\u2019a jamais \u00e9t\u00e9 ... Voir plus","og_url":"https:\/\/www.canadahelps.org\/fr\/gestion-devenements\/","og_site_name":"CanaDon - Faites des dons \u00e0 un organisme de bienfaisance au Canada","article_modified_time":"2018-01-09T17:04:47+00:00","og_image":[{"url":"https:\/\/www.canadahelps.org\/media\/Main-Graphic-for-Events-Landing-Page-.png","type":"","width":"","height":""}],"twitter_card":"summary_large_image","twitter_misc":{"Est. reading time":"6 minutes"},"schema":{"@context":"https:\/\/schema.org","@graph":[{"@type":"WebPage","@id":"https:\/\/www.canadahelps.org\/fr\/gestion-devenements\/","url":"https:\/\/www.canadahelps.org\/fr\/gestion-devenements\/","name":"Gestion d'\u00e9v\u00e9nements | CanaDon - Faites des dons \u00e0 un organisme de bienfaisance au Canada","isPartOf":{"@id":"https:\/\/www.canadahelps.org\/fr\/#website"},"primaryImageOfPage":{"@id":"https:\/\/www.canadahelps.org\/fr\/gestion-devenements\/#primaryimage"},"image":{"@id":"https:\/\/www.canadahelps.org\/fr\/gestion-devenements\/#primaryimage"},"thumbnailUrl":"https:\/\/www.canadahelps.org\/media\/Main-Graphic-for-Events-Landing-Page-.png","datePublished":"2015-09-09T21:19:41+00:00","dateModified":"2018-01-09T17:04:47+00:00","breadcrumb":{"@id":"https:\/\/www.canadahelps.org\/fr\/gestion-devenements\/#breadcrumb"},"inLanguage":"fr","potentialAction":[{"@type":"ReadAction","target":["https:\/\/www.canadahelps.org\/fr\/gestion-devenements\/"]}]},{"@type":"ImageObject","inLanguage":"fr","@id":"https:\/\/www.canadahelps.org\/fr\/gestion-devenements\/#primaryimage","url":"https:\/\/www.canadahelps.org\/media\/Main-Graphic-for-Events-Landing-Page-.png","contentUrl":"https:\/\/www.canadahelps.org\/media\/Main-Graphic-for-Events-Landing-Page-.png"},{"@type":"BreadcrumbList","@id":"https:\/\/www.canadahelps.org\/fr\/gestion-devenements\/#breadcrumb","itemListElement":[{"@type":"ListItem","position":1,"name":"Home","item":"https:\/\/www.canadahelps.org\/fr\/"},{"@type":"ListItem","position":2,"name":"Gestion d&#8217;\u00e9v\u00e9nements"}]},{"@type":"WebSite","@id":"https:\/\/www.canadahelps.org\/fr\/#website","url":"https:\/\/www.canadahelps.org\/fr\/","name":"CanadaHelps - Donate to any charity in Canada","description":"Le don en toute simplicit\u00e9","publisher":{"@id":"https:\/\/www.canadahelps.org\/fr\/#organization"},"potentialAction":[{"@type":"SearchAction","target":{"@type":"EntryPoint","urlTemplate":"https:\/\/www.canadahelps.org\/fr\/?s={search_term_string}"},"query-input":{"@type":"PropertyValueSpecification","valueRequired":true,"valueName":"search_term_string"}}],"inLanguage":"fr"},{"@type":"Organization","@id":"https:\/\/www.canadahelps.org\/fr\/#organization","name":"CanadaHelps","url":"https:\/\/www.canadahelps.org\/fr\/","logo":{"@type":"ImageObject","inLanguage":"fr","@id":"https:\/\/www.canadahelps.org\/fr\/#\/schema\/logo\/image\/","url":"https:\/\/www.canadahelps.org\/media\/canadahelps-en.jpg","contentUrl":"https:\/\/www.canadahelps.org\/media\/canadahelps-en.jpg","width":131,"height":72,"caption":"CanadaHelps"},"image":{"@id":"https:\/\/www.canadahelps.org\/fr\/#\/schema\/logo\/image\/"}}]}},"_links":{"self":[{"href":"https:\/\/www.canadahelps.org\/fr\/wp-json\/wp\/v2\/pages\/8068","targetHints":{"allow":["GET"]}}],"collection":[{"href":"https:\/\/www.canadahelps.org\/fr\/wp-json\/wp\/v2\/pages"}],"about":[{"href":"https:\/\/www.canadahelps.org\/fr\/wp-json\/wp\/v2\/types\/page"}],"author":[{"embeddable":true,"href":"https:\/\/www.canadahelps.org\/fr\/wp-json\/wp\/v2\/users\/60"}],"replies":[{"embeddable":true,"href":"https:\/\/www.canadahelps.org\/fr\/wp-json\/wp\/v2\/comments?post=8068"}],"version-history":[{"count":21,"href":"https:\/\/www.canadahelps.org\/fr\/wp-json\/wp\/v2\/pages\/8068\/revisions"}],"predecessor-version":[{"id":8103,"href":"https:\/\/www.canadahelps.org\/fr\/wp-json\/wp\/v2\/pages\/8068\/revisions\/8103"}],"wp:attachment":[{"href":"https:\/\/www.canadahelps.org\/fr\/wp-json\/wp\/v2\/media?parent=8068"}],"curies":[{"name":"wp","href":"https:\/\/api.w.org\/{rel}","templated":true}]}}