{"id":9032,"date":"2015-12-17T11:27:54","date_gmt":"2015-12-17T16:27:54","guid":{"rendered":"https:\/\/www.canadahelps.org\/?page_id=9032"},"modified":"2025-12-04T13:14:34","modified_gmt":"2025-12-04T18:14:34","slug":"evenements-faq-acheteurs-de-billets-et-participants","status":"publish","type":"page","link":"https:\/\/www.canadahelps.org\/fr\/evenements-faq-acheteurs-de-billets-et-participants\/","title":{"rendered":"\u00c9v\u00e9nements : FAQ pour les acheteurs de billets et les participants"},"content":{"rendered":"<section id=\"events-faq\" class=\"container-sm gift-guid-faq\">\n<h2 class=\"header-primary\">Foire aux questions pour les acheteurs de billets et les participants<\/h2>\n<h3>Commander des billets&nbsp;:<\/h3>\n<section class=\"events-faq-accordion\">\n<details class=\"faq-accordion ch-gray-section\">\n<summary>\n<p><strong>Est-ce que je peux acheter des billets pour des amis, des membres de ma famille et des coll\u00e8gues?<\/strong><\/p>\n<p>        <i class=\"fa-solid chevron-up-down\"><\/i><br \/>\n      <\/summary>\n<div class=\"faq-accordion-content\">Oui. Vous pouvez acheter des billets pour vos amis, pour des membres de votre famille et pour des coll\u00e8gues, jusqu\u2019\u00e0 concurrence du nombre maximum de billets autoris\u00e9 par l\u2019organisateur de l\u2019\u00e9v\u00e9nement.<\/div>\n<\/details>\n<details class=\"faq-accordion ch-gray-section\">\n<summary>\n<p><strong>Si j\u2019ach\u00e8te des billets pour d\u2019autres personnes, est-ce que je dois leur donner moi-m\u00eame leurs billets?<\/strong><\/p>\n<p>        <i class=\"fa-solid chevron-up-down\"><\/i><br \/>\n      <\/summary>\n<div class=\"faq-accordion-content\">L\u2019acheteur des billets re\u00e7oit toujours un fichier PDF contenant tous les billets qu\u2019il a achet\u00e9s, qu\u2019il peut distribuer aux participants. Si l\u2019organisme de bienfaisance qui pr\u00e9sente l\u2019\u00e9v\u00e9nement choisit de recueillir de l\u2019information sur les participants, le participant re\u00e7oit un courriel comportant : son billet, le nom de la personne qui a achet\u00e9 son billet, et un lien vers de l\u2019information sur l\u2019\u00e9v\u00e9nement.<\/div>\n<\/details>\n<details class=\"faq-accordion ch-gray-section\">\n<summary>\n<p><strong>Quels modes de paiement acceptez-vous?<\/strong><\/p>\n<p>        <i class=\"fa-solid chevron-up-down\"><\/i><br \/>\n      <\/summary>\n<div class=\"faq-accordion-content\">Vous pouvez payer vos billets et\/ou effectuer un don avec votre carte de cr\u00e9dit VISA, MasterCard ou American Express.<\/div>\n<\/details>\n<details class=\"faq-accordion ch-gray-section\">\n<summary>\n<p><strong>Est-ce que je peux acheter des billets et\/ou faire un don pour un \u00e9v\u00e9nement si je suis \u00e0 l\u2019ext\u00e9rieur du Canada?<\/strong><\/p>\n<p>        <i class=\"fa-solid chevron-up-down\"><\/i><br \/>\n      <\/summary>\n<div class=\"faq-accordion-content\">Oui, vous pouvez acheter des billets et\/ou faire un don pour un \u00e9v\u00e9nement si vous \u00eates \u00e0 l\u2019\u00e9tranger, pourvu que vous utilisiez un des modes de paiement accept\u00e9s. Tous les prix des billets et les dons sont en dollars canadiens. Si votre carte de cr\u00e9dit a \u00e9t\u00e9 \u00e9mise \u00e0 l\u2019ext\u00e9rieur du Canada, le relev\u00e9 de votre carte de cr\u00e9dit indiquera la valeur de votre don convertie en monnaie locale. Seuls sont produits (s\u2019il y a lieu) des re\u00e7us fiscaux canadiens. C\u2019est pourquoi vous voudrez peut-\u00eatre v\u00e9rifier les politiques de votre pays relatives \u00e0 l\u2019imp\u00f4t sur le revenu, pour savoir si vous pouvez utiliser un re\u00e7u fiscal canadien au moment de produire votre d\u00e9claration de revenus.<\/div>\n<\/details>\n<details class=\"faq-accordion ch-gray-section\">\n<summary>\n<p><strong>Est-ce que je peux faire un don de la part de mon entreprise?<\/strong><\/p>\n<p>        <i class=\"fa-solid chevron-up-down\"><\/i><br \/>\n      <\/summary>\n<div class=\"faq-accordion-content\">Oui, vous pouvez, en tant qu\u2019entreprise, acheter des billets ou faire un don pour un \u00e9v\u00e9nement. Il suffit de s\u00e9lectionner l\u2019option \u00ab Entreprise \u00bb, sous \u00ab Type d\u2019achat \u00bb, en passant \u00e0 la caisse.<\/div>\n<\/details>\n<\/section>\n<h3>Remplacer ou annuler des billets&nbsp;:<\/h3>\n<section class=\"events-faq-accordion\">\n<details class=\"faq-accordion ch-gray-section\">\n<summary>\n<p><strong>J\u2019ai perdu mon billet. Est-ce que je peux obtenir un billet de remplacement?<\/strong><\/p>\n<p>        <i class=\"fa-solid chevron-up-down\"><\/i><br \/>\n      <\/summary>\n<div class=\"faq-accordion-content\">\n<p>Avez-vous achet\u00e9 votre billet vous-m\u00eame? Ou avez-vous re\u00e7u un billet achet\u00e9 par quelqu\u2019un d\u2019autre, via un courriel g\u00e9n\u00e9r\u00e9 par un service d\u2019\u00e9v\u00e9nements (vous n\u2019avez pas re\u00e7u le billet directement de la personne qui l\u2019a achet\u00e9)?<\/p>\n<p>Si vous avez achet\u00e9 votre billet vous-m\u00eame, vous recevrez des courriels automatiques servant de rappel, 7 jours et 1 jour avant l\u2019\u00e9v\u00e9nement, qui incluront votre billet en format PDF. L\u2019organisme qui pr\u00e9sente l\u2019\u00e9v\u00e9nement peut aussi vous envoyer \u00e0 nouveau votre billet.<\/p>\n<p>Si vous n\u2019avez pas achet\u00e9 le billet vous-m\u00eame, contactez la personne qui l\u2019a achet\u00e9 pour vous. Cette personne a re\u00e7u une copie de tous les billets qu\u2019elle a achet\u00e9s et elle peut vous envoyer \u00e0 nouveau votre billet. Si cette personne ne trouve pas le billet, elle recevra des courriels automatiques servant de rappel, 7 jours et 1 jour avant l\u2019\u00e9v\u00e9nement, qui incluront en format PDF tous les billets qu\u2019elle a achet\u00e9s. L\u2019organisme qui pr\u00e9sente l\u2019\u00e9v\u00e9nement peut aussi lui envoyer \u00e0 nouveau ses billets.<\/p>\n<\/p><\/div>\n<\/details>\n<details class=\"faq-accordion ch-gray-section\">\n<summary>\n<p><strong>Je ne peux participer \u00e0 l\u2019\u00e9v\u00e9nement. Est-ce que je peux obtenir un remboursement?<\/strong><\/p>\n<p>        <i class=\"fa-solid chevron-up-down\"><\/i><br \/>\n      <\/summary>\n<div class=\"faq-accordion-content\">Non. Tous les billets achet\u00e9s et les dons effectu\u00e9s par l\u2019entremise de ce service d\u2019\u00e9v\u00e9nements caritatifs ne sont pas remboursables.<\/div>\n<\/details>\n<details class=\"faq-accordion ch-gray-section\">\n<summary>\n<p><strong>Je ne peux participer \u00e0 l\u2019\u00e9v\u00e9nement. Est-ce que je peux obtenir un remboursement?<\/strong><\/p>\n<p>        <i class=\"fa-solid chevron-up-down\"><\/i><br \/>\n      <\/summary>\n<div class=\"faq-accordion-content\">Contactez l\u2019organisme qui organise l\u2019\u00e9v\u00e9nement pour avoir son autorisation et pour vous assurer qu\u2019il a toute l\u2019information n\u00e9cessaire concernant le nouveau participant.<\/div>\n<\/details>\n<\/section>\n<h3>Re\u00e7us fiscaux pour dons de bienfaisance&nbsp;:<\/h3>\n<section class=\"events-faq-accordion\">\n<details class=\"faq-accordion ch-gray-section\">\n<summary>\n<p><strong>Si j\u2019ach\u00e8te des billets pour d\u2019autres personnes, est-ce que je re\u00e7ois le re\u00e7u fiscal pour don de bienfaisance, ou est-ce que ce re\u00e7u est \u00e9mis \u00e0 leur nom?<\/strong><\/p>\n<p>        <i class=\"fa-solid chevron-up-down\"><\/i><br \/>\n      <\/summary>\n<div class=\"faq-accordion-content\">Les re\u00e7us fiscaux (s\u2019il y a lieu) sont \u00e9mis uniquement au nom de l\u2019acheteur des billets..<\/div>\n<\/details>\n<details class=\"faq-accordion ch-gray-section\">\n<summary>\n<p><strong>Quand est-ce que je recevrai mon re\u00e7u fiscal pour don de bienfaisance?<\/strong><\/p>\n<p>        <i class=\"fa-solid chevron-up-down\"><\/i><br \/>\n      <\/summary>\n<div class=\"faq-accordion-content\">\n<p>L\u2019Agence du revenu du Canada (ARC) a \u00e9tabli des r\u00e8gles que les organismes de bienfaisance doivent respecter lorsqu\u2019ils d\u00e9livrent des re\u00e7us fiscaux pour don de bienfaisance. Les organismes de bienfaisance doivent \u00e9mettre les re\u00e7us au plus tard le 28 f\u00e9vrier de l\u2019ann\u00e9e civile suivant la date du don, si ce don est admissible \u00e0 un re\u00e7u fiscal. Cela \u00e9tant dit, dans certains cas l\u2019organisme conna\u00eet la portion du prix des billets qui est admissible \u00e0 un re\u00e7u fiscal, et les re\u00e7us fiscaux sont produits instantan\u00e9ment et joints au courriel de confirmation d\u2019achat des billets. La plupart du temps, l\u2019organisme \u00e9met des re\u00e7us fiscaux qui sont envoy\u00e9s par courriel quelques semaines avant l\u2019\u00e9v\u00e9nement. Les re\u00e7us fiscaux pour les dons effectu\u00e9s sur la page d\u2019\u00e9v\u00e9nement d\u2019un organisme sont produits imm\u00e9diatement.<\/p>\n<p>Veuillez noter&nbsp;: L\u2019Agence du revenu du Canada a d\u00e9fini des lignes directrices claires sur la fa\u00e7on de d\u00e9terminer si les billets pour un \u00e9v\u00e9nement caritatif sont admissibles \u00e0 un re\u00e7u fiscal. Ce ne sont pas tous les billets pour un \u00e9v\u00e9nement caritatif qui sont admissibles \u00e0 un re\u00e7u, et il n\u2019y a souvent qu\u2019une portion du prix des billets qui est admissible \u00e0 un re\u00e7u. Veuillez contacter l\u2019organisme qui pr\u00e9sente l\u2019\u00e9v\u00e9nement si vous avez d\u2019autres questions \u00e0 ce sujet.<\/p>\n<\/p><\/div>\n<\/details>\n<details class=\"faq-accordion ch-gray-section\">\n<summary>\n<p><strong>Est-ce que je recevrai des re\u00e7us fiscaux distincts pour mon don et pour chaque billet que j\u2019ach\u00e8te pour l\u2019\u00e9v\u00e9nement?<\/strong><\/p>\n<p>        <i class=\"fa-solid chevron-up-down\"><\/i><br \/>\n      <\/summary>\n<div class=\"faq-accordion-content\">\n<p>Les re\u00e7us pour les dons effectu\u00e9s sur la page d\u2019\u00e9v\u00e9nement d\u2019un organisme sont toujours envoy\u00e9s imm\u00e9diatement par courriel. Pour les billets achet\u00e9s, le moment o\u00f9 sont produits les re\u00e7us (s\u2019il y a lieu) peut varier.<\/p>\n<p>Si l\u2019organisme conna\u00eet tous les co\u00fbts d\u00e8s le d\u00e9part, il peut choisir d\u2019envoyer des re\u00e7us fiscaux instantan\u00e9s; dans ce cas, vous recevrez imm\u00e9diatement par courriel un seul re\u00e7u fiscal pour tous les billets achet\u00e9s et pour tout don effectu\u00e9.<\/p>\n<p>Si l\u2019organisme ne conna\u00eet pas tous les co\u00fbts d\u00e8s le d\u00e9part, il peut attendre au 28 f\u00e9vrier de l\u2019ann\u00e9e suivant l\u2019\u00e9v\u00e9nement afin de vous envoyer un re\u00e7u fiscal (s\u2019il y a lieu) pour les billets achet\u00e9s pour l\u2019\u00e9v\u00e9nement. De tels re\u00e7us seront envoy\u00e9s par la poste.<\/p>\n<\/p><\/div>\n<\/details>\n<details class=\"faq-accordion ch-gray-section\">\n<summary>\n<p><strong>Pourquoi n\u2019ai-je pas eu de re\u00e7u fiscal pour mon achat d\u2019un billet pour l\u2019\u00e9v\u00e9nement? Ou pourquoi mon re\u00e7u fiscal indique-t-il un montant moindre que le prix du billet que j\u2019ai pay\u00e9?<\/strong><\/p>\n<p>        <i class=\"fa-solid chevron-up-down\"><\/i><br \/>\n      <\/summary>\n<div class=\"faq-accordion-content\">Ce ne sont pas tous les billets pour un \u00e9v\u00e9nement caritatif qui sont admissibles \u00e0 un re\u00e7u pour le plein montant ou une partie du montant des billets achet\u00e9s. L\u2019Agence du revenu du Canada a \u00e9tabli des r\u00e8gles que les organismes de bienfaisance doivent respecter lorsqu\u2019ils d\u00e9livrent des re\u00e7us fiscaux pour don de bienfaisance. Afin de calculer le montant admissible \u00e0 un re\u00e7u fiscal, les organismes doivent calculer l\u2019\u00ab avantage \u00bb re\u00e7u par l\u2019acheteur du billet pour l\u2019\u00e9v\u00e9nement, et d\u00e9duire ce montant du prix du billet. Par exemple, vous pourriez avoir re\u00e7u comme avantage un repas ou une partie de golf. Si l\u2019avantage repr\u00e9sente plus de 20 % du montant pay\u00e9, la pratique habituelle est de ne pas d\u00e9livrer de re\u00e7u fiscal.<\/div>\n<\/details>\n<details class=\"faq-accordion ch-gray-section\">\n<summary>\n<p><strong>O\u00f9 puis-je trouver mon re\u00e7u fiscal pour mes billets pour l\u2019\u00e9v\u00e9nement?<\/strong><\/p>\n<p>        <i class=\"fa-solid chevron-up-down\"><\/i><br \/>\n      <\/summary>\n<div class=\"faq-accordion-content\">\n<p>Votre re\u00e7u fiscal (s\u2019il y a lieu) vous sera envoy\u00e9 par courriel.<\/p>\n<p>Veuillez noter&nbsp;:<\/p>\n<ul>\n<li><strong>Re\u00e7us fiscaux instantan\u00e9s :<\/strong> Pour certains \u00e9v\u00e9nements, l\u2019organisme peut calculer avant l\u2019\u00e9v\u00e9nement la portion du prix des billets qui est admissible \u00e0 un re\u00e7u fiscal. Dans ce cas, votre re\u00e7u fiscal sera joint au courriel de confirmation que vous recevrez pour votre billet.<\/li>\n<li><strong>Re\u00e7us post-\u00e9v\u00e9nement :<\/strong> Pour d\u2019autres \u00e9v\u00e9nements, l\u2019organisme ne peut calculer avant la fin de l\u2019\u00e9v\u00e9nement le montant admissible \u00e0 un re\u00e7u fiscal. Dans ce cas, votre re\u00e7u fiscal vous sera habituellement envoy\u00e9 par courriel 2 \u00e0 3 semaines avant l\u2019\u00e9v\u00e9nement, m\u00eame si, selon l\u2019Agence du revenu du Canada, l\u2019organisme de bienfaisance n\u2019est pas tenu de le faire avant le 28 f\u00e9vrier de l\u2019ann\u00e9e civile suivant la date du don.<\/li>\n<li><strong>Pas de re\u00e7u :<\/strong> L\u2019achat de billets pour certains \u00e9v\u00e9nements caritatifs ne donne pas droit \u00e0 un re\u00e7u fiscal, et aucun re\u00e7u ne sera donc envoy\u00e9.<\/li>\n<\/ul><\/div>\n<\/details>\n<details class=\"faq-accordion ch-gray-section\">\n<summary>\n<p><strong>J\u2019ai \u00e9gar\u00e9 mon re\u00e7u fiscal pour mes billets. Comment puis-je en avoir un nouveau?<\/strong><\/p>\n<p>        <i class=\"fa-solid chevron-up-down\"><\/i><br \/>\n      <\/summary>\n<div class=\"faq-accordion-content\">Veuillez contacter l\u2019organisme qui a organis\u00e9 l\u2019\u00e9v\u00e9nement.<\/div>\n<\/details>\n<\/section>\n<p>  <strong>Vous avez d\u2019autres questions au sujet de votre re\u00e7u fiscal pour vos billets?<\/strong> Veuillez contacter l\u2019organisme qui a organis\u00e9 l\u2019\u00e9v\u00e9nement.<\/p>\n<p>  <strong>\u00cates-vous un responsable de la gestion de compte de votre organisme? <a href=\"https:\/\/www.canadahelps.org\/fr\/evenementfaq\/\">Visitez notre FAQ pour les organismes de bienfaisance<\/a>.<\/strong><br \/>\n<\/section>\n","protected":false},"excerpt":{"rendered":"<p>Foire aux questions pour les acheteurs de billets et les participants Commander des billets&nbsp;: Est-ce que je peux acheter des billets pour des amis, des &#8230; <a href=\"https:\/\/www.canadahelps.org\/fr\/evenements-faq-acheteurs-de-billets-et-participants\/\" id=\"canadahelp-blog-meta\">Voir plus<\/a><\/p>\n","protected":false},"author":60,"featured_media":0,"parent":0,"menu_order":0,"comment_status":"open","ping_status":"open","template":"template-ch20-full-width-b2b.php","meta":{"footnotes":""},"class_list":["post-9032","page","type-page","status-publish","hentry"],"acf":{"meta_description":"","use_toc_layout":false,"insert_spotlight_boxes":false,"use_biography_grid":false,"additional_body_css_classes":"","blogs_posts_item":false,"row_settings":false,"hide_page_title":false},"yoast_head":"<!-- This site is optimized with the Yoast SEO plugin v26.0 - https:\/\/yoast.com\/wordpress\/plugins\/seo\/ -->\n<title>\u00c9v\u00e9nements : FAQ pour les acheteurs de billets et les participants | CanaDon - Faites des dons \u00e0 un organisme de bienfaisance au Canada<\/title>\n<meta name=\"robots\" content=\"index, follow, max-snippet:-1, max-image-preview:large, max-video-preview:-1\" \/>\n<link rel=\"canonical\" href=\"https:\/\/www.canadahelps.org\/fr\/evenements-faq-acheteurs-de-billets-et-participants\/\" \/>\n<meta property=\"og:locale\" content=\"fr_FR\" \/>\n<meta property=\"og:type\" content=\"article\" \/>\n<meta property=\"og:title\" content=\"\u00c9v\u00e9nements : FAQ pour les acheteurs de billets et les participants | CanaDon - Faites des dons \u00e0 un organisme de bienfaisance au Canada\" \/>\n<meta property=\"og:description\" content=\"Foire aux questions pour les acheteurs de billets et les participants Commander des billets&nbsp;: Est-ce que je peux acheter des billets pour des amis, des ... Voir plus\" \/>\n<meta property=\"og:url\" content=\"https:\/\/www.canadahelps.org\/fr\/evenements-faq-acheteurs-de-billets-et-participants\/\" \/>\n<meta property=\"og:site_name\" content=\"CanaDon - Faites des dons \u00e0 un organisme de bienfaisance au Canada\" \/>\n<meta property=\"article:modified_time\" content=\"2025-12-04T18:14:34+00:00\" \/>\n<meta name=\"twitter:card\" content=\"summary_large_image\" \/>\n<meta name=\"twitter:label1\" content=\"Est. reading time\" \/>\n\t<meta name=\"twitter:data1\" content=\"7 minutes\" \/>\n<script type=\"application\/ld+json\" class=\"yoast-schema-graph\">{\"@context\":\"https:\/\/schema.org\",\"@graph\":[{\"@type\":\"WebPage\",\"@id\":\"https:\/\/www.canadahelps.org\/fr\/evenements-faq-acheteurs-de-billets-et-participants\/\",\"url\":\"https:\/\/www.canadahelps.org\/fr\/evenements-faq-acheteurs-de-billets-et-participants\/\",\"name\":\"\u00c9v\u00e9nements : FAQ pour les acheteurs de billets et les participants | CanaDon - Faites des dons \u00e0 un organisme de bienfaisance au Canada\",\"isPartOf\":{\"@id\":\"https:\/\/www.canadahelps.org\/fr\/#website\"},\"datePublished\":\"2015-12-17T16:27:54+00:00\",\"dateModified\":\"2025-12-04T18:14:34+00:00\",\"breadcrumb\":{\"@id\":\"https:\/\/www.canadahelps.org\/fr\/evenements-faq-acheteurs-de-billets-et-participants\/#breadcrumb\"},\"inLanguage\":\"fr\",\"potentialAction\":[{\"@type\":\"ReadAction\",\"target\":[\"https:\/\/www.canadahelps.org\/fr\/evenements-faq-acheteurs-de-billets-et-participants\/\"]}]},{\"@type\":\"BreadcrumbList\",\"@id\":\"https:\/\/www.canadahelps.org\/fr\/evenements-faq-acheteurs-de-billets-et-participants\/#breadcrumb\",\"itemListElement\":[{\"@type\":\"ListItem\",\"position\":1,\"name\":\"Home\",\"item\":\"https:\/\/www.canadahelps.org\/fr\/\"},{\"@type\":\"ListItem\",\"position\":2,\"name\":\"\u00c9v\u00e9nements : FAQ pour les acheteurs de billets et les participants\"}]},{\"@type\":\"WebSite\",\"@id\":\"https:\/\/www.canadahelps.org\/fr\/#website\",\"url\":\"https:\/\/www.canadahelps.org\/fr\/\",\"name\":\"CanadaHelps - Donate to any charity in Canada\",\"description\":\"Le don en toute simplicit\u00e9\",\"publisher\":{\"@id\":\"https:\/\/www.canadahelps.org\/fr\/#organization\"},\"potentialAction\":[{\"@type\":\"SearchAction\",\"target\":{\"@type\":\"EntryPoint\",\"urlTemplate\":\"https:\/\/www.canadahelps.org\/fr\/?s={search_term_string}\"},\"query-input\":{\"@type\":\"PropertyValueSpecification\",\"valueRequired\":true,\"valueName\":\"search_term_string\"}}],\"inLanguage\":\"fr\"},{\"@type\":\"Organization\",\"@id\":\"https:\/\/www.canadahelps.org\/fr\/#organization\",\"name\":\"CanadaHelps\",\"url\":\"https:\/\/www.canadahelps.org\/fr\/\",\"logo\":{\"@type\":\"ImageObject\",\"inLanguage\":\"fr\",\"@id\":\"https:\/\/www.canadahelps.org\/fr\/#\/schema\/logo\/image\/\",\"url\":\"https:\/\/www.canadahelps.org\/media\/canadahelps-en.jpg\",\"contentUrl\":\"https:\/\/www.canadahelps.org\/media\/canadahelps-en.jpg\",\"width\":131,\"height\":72,\"caption\":\"CanadaHelps\"},\"image\":{\"@id\":\"https:\/\/www.canadahelps.org\/fr\/#\/schema\/logo\/image\/\"}}]}<\/script>\n<!-- \/ Yoast SEO plugin. -->","yoast_head_json":{"title":"\u00c9v\u00e9nements : FAQ pour les acheteurs de billets et les participants | CanaDon - Faites des dons \u00e0 un organisme de bienfaisance au Canada","robots":{"index":"index","follow":"follow","max-snippet":"max-snippet:-1","max-image-preview":"max-image-preview:large","max-video-preview":"max-video-preview:-1"},"canonical":"https:\/\/www.canadahelps.org\/fr\/evenements-faq-acheteurs-de-billets-et-participants\/","og_locale":"fr_FR","og_type":"article","og_title":"\u00c9v\u00e9nements : FAQ pour les acheteurs de billets et les participants | CanaDon - Faites des dons \u00e0 un organisme de bienfaisance au Canada","og_description":"Foire aux questions pour les acheteurs de billets et les participants Commander des billets&nbsp;: Est-ce que je peux acheter des billets pour des amis, des ... Voir plus","og_url":"https:\/\/www.canadahelps.org\/fr\/evenements-faq-acheteurs-de-billets-et-participants\/","og_site_name":"CanaDon - Faites des dons \u00e0 un organisme de bienfaisance au Canada","article_modified_time":"2025-12-04T18:14:34+00:00","twitter_card":"summary_large_image","twitter_misc":{"Est. reading time":"7 minutes"},"schema":{"@context":"https:\/\/schema.org","@graph":[{"@type":"WebPage","@id":"https:\/\/www.canadahelps.org\/fr\/evenements-faq-acheteurs-de-billets-et-participants\/","url":"https:\/\/www.canadahelps.org\/fr\/evenements-faq-acheteurs-de-billets-et-participants\/","name":"\u00c9v\u00e9nements : FAQ pour les acheteurs de billets et les participants | CanaDon - Faites des dons \u00e0 un organisme de bienfaisance au Canada","isPartOf":{"@id":"https:\/\/www.canadahelps.org\/fr\/#website"},"datePublished":"2015-12-17T16:27:54+00:00","dateModified":"2025-12-04T18:14:34+00:00","breadcrumb":{"@id":"https:\/\/www.canadahelps.org\/fr\/evenements-faq-acheteurs-de-billets-et-participants\/#breadcrumb"},"inLanguage":"fr","potentialAction":[{"@type":"ReadAction","target":["https:\/\/www.canadahelps.org\/fr\/evenements-faq-acheteurs-de-billets-et-participants\/"]}]},{"@type":"BreadcrumbList","@id":"https:\/\/www.canadahelps.org\/fr\/evenements-faq-acheteurs-de-billets-et-participants\/#breadcrumb","itemListElement":[{"@type":"ListItem","position":1,"name":"Home","item":"https:\/\/www.canadahelps.org\/fr\/"},{"@type":"ListItem","position":2,"name":"\u00c9v\u00e9nements : FAQ pour les acheteurs de billets et les participants"}]},{"@type":"WebSite","@id":"https:\/\/www.canadahelps.org\/fr\/#website","url":"https:\/\/www.canadahelps.org\/fr\/","name":"CanadaHelps - Donate to any charity in Canada","description":"Le don en toute simplicit\u00e9","publisher":{"@id":"https:\/\/www.canadahelps.org\/fr\/#organization"},"potentialAction":[{"@type":"SearchAction","target":{"@type":"EntryPoint","urlTemplate":"https:\/\/www.canadahelps.org\/fr\/?s={search_term_string}"},"query-input":{"@type":"PropertyValueSpecification","valueRequired":true,"valueName":"search_term_string"}}],"inLanguage":"fr"},{"@type":"Organization","@id":"https:\/\/www.canadahelps.org\/fr\/#organization","name":"CanadaHelps","url":"https:\/\/www.canadahelps.org\/fr\/","logo":{"@type":"ImageObject","inLanguage":"fr","@id":"https:\/\/www.canadahelps.org\/fr\/#\/schema\/logo\/image\/","url":"https:\/\/www.canadahelps.org\/media\/canadahelps-en.jpg","contentUrl":"https:\/\/www.canadahelps.org\/media\/canadahelps-en.jpg","width":131,"height":72,"caption":"CanadaHelps"},"image":{"@id":"https:\/\/www.canadahelps.org\/fr\/#\/schema\/logo\/image\/"}}]}},"_links":{"self":[{"href":"https:\/\/www.canadahelps.org\/fr\/wp-json\/wp\/v2\/pages\/9032","targetHints":{"allow":["GET"]}}],"collection":[{"href":"https:\/\/www.canadahelps.org\/fr\/wp-json\/wp\/v2\/pages"}],"about":[{"href":"https:\/\/www.canadahelps.org\/fr\/wp-json\/wp\/v2\/types\/page"}],"author":[{"embeddable":true,"href":"https:\/\/www.canadahelps.org\/fr\/wp-json\/wp\/v2\/users\/60"}],"replies":[{"embeddable":true,"href":"https:\/\/www.canadahelps.org\/fr\/wp-json\/wp\/v2\/comments?post=9032"}],"version-history":[{"count":8,"href":"https:\/\/www.canadahelps.org\/fr\/wp-json\/wp\/v2\/pages\/9032\/revisions"}],"predecessor-version":[{"id":57170,"href":"https:\/\/www.canadahelps.org\/fr\/wp-json\/wp\/v2\/pages\/9032\/revisions\/57170"}],"wp:attachment":[{"href":"https:\/\/www.canadahelps.org\/fr\/wp-json\/wp\/v2\/media?parent=9032"}],"curies":[{"name":"wp","href":"https:\/\/api.w.org\/{rel}","templated":true}]}}